{"id":5642,"date":"2026-01-14T09:55:40","date_gmt":"2026-01-14T08:55:40","guid":{"rendered":"https:\/\/crossin.pl\/technologie-crossin\/"},"modified":"2026-03-04T11:03:21","modified_gmt":"2026-03-04T10:03:21","slug":"technologie-crossin","status":"publish","type":"page","link":"https:\/\/crossin.pl\/sk\/technologie-crossin\/","title":{"rendered":"Technol\u00f3gie Crossin"},"content":{"rendered":"\n<div class=\"wp-block-columns is-layout-flex wp-container-core-columns-is-layout-9d6595d7 wp-block-columns-is-layout-flex\">\n<div class=\"wp-block-column is-layout-flow wp-block-column-is-layout-flow\">\n<div class=\"axionpure\">\n  <img decoding=\"async\" src=\"\/wp-content\/uploads\/2026\/01\/logo-AxionPure-01.webp\" alt=\"Axion Pure\" \/>\n<\/div>\n\n\n\n<p>Technol\u00f3gia AxionPure je v\u00fdsledkom pr\u00e1ce v\u00fdskumn\u00e9ho oddelenia a \u00fazkej spolupr\u00e1ce t\u00edmov kvality, n\u00e1kupu a v\u00fdroby.<\/p>\n\n\n\n<p>V\u010faka komplexnej kontrole procesu \u2013 od d\u00f4kladn\u00e9ho v\u00fdberu surov\u00edn, cez pr\u00edpravu komponentov a\u017e po detailn\u00e9 hodnotenie kvality \u2013 sme v\u00fdrazne zn\u00ed\u017eili obsah prchav\u00fdch organick\u00fdch zl\u00fa\u010den\u00edn v na\u0161ich polyuret\u00e1nov\u00fdch syst\u00e9moch.<\/p>\n\n\n\n<p>Sp\u013a\u0148ame vysok\u00e9 \u0161tandardy v oblasti emisi\u00ed VOC s prihliadnut\u00edm na po\u017eiadavky platn\u00e9 vo vybran\u00fdch eur\u00f3pskych krajin\u00e1ch, ktor\u00e9 s\u00fa pr\u00edsnej\u0161ie ako aktu\u00e1lne n\u00e1rodn\u00e9 normy.<\/p>\n\n\n\n<p>Ako zni\u017eujeme emisie VOC?<\/p>\n\n\n\n<p><strong>V\u00fdber surov\u00edn:<\/strong><\/p>\n\n\n\n<ul class=\"wp-block-list\">\n<li>komponenty s minim\u00e1lnym emisn\u00fdm potenci\u00e1lom,<\/li>\n\n\n\n<li>reakt\u00edvne pr\u00edsady (katalyz\u00e1tory, stabiliz\u00e1tory, spoma\u013eova\u010de horenia) trvalo zabudovan\u00e9 do polym\u00e9rnej \u0161trukt\u00fary po\u010das procesu zosie\u0165ovania,<\/li>\n\n\n\n<li>certifikovan\u00e9 suroviny od overen\u00fdch v\u00fdrobcov,<\/li>\n\n\n\n<li>pravideln\u00e9 audity dod\u00e1vate\u013eov.<\/li>\n<\/ul>\n\n\n\n<p><strong>Optimaliz\u00e1cia v\u00fdrobn\u00e9ho procesu:<\/strong><\/p>\n\n\n\n<ul class=\"wp-block-list\">\n<li>presn\u00e9 d\u00e1vkovanie surov\u00edn zabezpe\u010duj\u00face \u00fapln\u00fa reakciu zlo\u017eiek po\u010das penenia syst\u00e9mu,<\/li>\n\n\n\n<li>stabiln\u00e9 a kontrolovan\u00e9 podmienky mie\u0161ania,<\/li>\n\n\n\n<li>nepretr\u017eit\u00e9 monitorovanie v\u00fdrobn\u00fdch parametrov.<\/li>\n<\/ul>\n\n\n\n<p>AxionPure predstavuje komplexn\u00fd pr\u00edstup k n\u00e1vrhu a v\u00fdrobe polyuret\u00e1nov\u00fdch syst\u00e9mov so zn\u00ed\u017een\u00fdmi emisiami VOC \u2013 ako odpove\u010f na rast\u00face po\u017eiadavky trhu v oblasti kvality, bezpe\u010dnosti a udr\u017eate\u013en\u00e9ho rozvoja.<\/p>\n<\/div>\n<\/div>\n\n<div class=\"wp-block-columns is-layout-flex wp-container-core-columns-is-layout-9d6595d7 wp-block-columns-is-layout-flex\">\n<div class=\"wp-block-column is-layout-flow wp-block-column-is-layout-flow\">\n<div style=\"height:40px\" aria-hidden=\"true\" class=\"wp-block-spacer\"><\/div>\n\n\n\n<hr class=\"wp-block-separator has-alpha-channel-opacity\" \/>\n\n\n\n<div style=\"height:40px\" aria-hidden=\"true\" class=\"wp-block-spacer\"><\/div>\n<\/div>\n<\/div>\n\n<div class=\"wp-block-columns is-layout-flex wp-container-core-columns-is-layout-9d6595d7 wp-block-columns-is-layout-flex\">\n<div class=\"wp-block-column is-layout-flow wp-block-column-is-layout-flow\">\n<div class=\"moldexia\">\n  <img decoding=\"async\" src=\"\/wp-content\/uploads\/2026\/01\/logo-Moldexia-01.webp\" alt=\"Moldexia\" \/>\n<\/div>\n\n\n\n<p>Technol\u00f3gia Moldexia je v\u00fdsledkom dlhoro\u010dnej pr\u00e1ce n\u00e1\u0161ho v\u00fdskumn\u00e9ho t\u00edmu.<\/p>\n\n\n\n<p>V\u010faka pou\u017eitiu unik\u00e1tnej kombin\u00e1cie stabiliz\u00e1torov a \u0161pecializovan\u00fdch pr\u00edsad sme dosiahli polyuret\u00e1nov\u00fa penu s trval\u00fdm biostatick\u00fdm \u00fa\u010dinkom. Toto rie\u0161enie \u00fa\u010dinne obmedzuje usadzovanie a rast h\u00fab a plesn\u00ed. <\/p>\n\n\n\n<p><strong>Biostatick\u00fd \u00fa\u010dinok vypl\u00fdva z:<\/strong><\/p>\n\n\n\n<ul class=\"wp-block-list\">\n<li>povrchu s n\u00edzkou biologickou n\u00e1chylnos\u0165ou,<\/li>\n\n\n\n<li>absencie \u017eiv\u00edn pre mikroorganizmy,<\/li>\n\n\n\n<li>potla\u010denia schopnosti rozmno\u017eovania h\u00fab a plesn\u00ed.<\/li>\n<\/ul>\n\n\n\n<p>Technol\u00f3gia je trvalo viazan\u00e1 na polym\u00e9rnu matricu, v\u010faka \u010domu zost\u00e1va nerozpustn\u00e1 a stabiln\u00e1. Aj po mechanickom obr\u00fasen\u00ed povrchovej vrstvy si pena zachov\u00e1va svoje biostatick\u00e9 vlastnosti. <\/p>\n\n\n\n<p><strong>V\u00fdhody technol\u00f3gie Moldexia:<\/strong><\/p>\n\n\n\n<ul class=\"wp-block-list\">\n<li>trval\u00fd biostatick\u00fd \u00fa\u010dinok po\u010das celej \u017eivotnosti peny,<\/li>\n\n\n\n<li>\u0161irok\u00e9 spektrum \u00fa\u010dinnosti (huby, plesne, riasy),<\/li>\n\n\n\n<li>neuvo\u013e\u0148ovanie nebezpe\u010dn\u00fdch bioc\u00eddov do \u017eivotn\u00e9ho prostredia.<\/li>\n<\/ul>\n\n\n\n<p>\u00da\u010dinnos\u0165 technol\u00f3gie Moldexia bola potvrden\u00e1 testami vykonan\u00fdmi v nez\u00e1visl\u00fdch, akreditovan\u00fdch mikrobiologick\u00fdch laborat\u00f3ri\u00e1ch, \u010do potvrdzuje jej dlhodob\u00fa a stabiln\u00fa biostatick\u00fa aktivitu.<\/p>\n<\/div>\n<\/div>\n\n<p><\/p>\n","protected":false},"excerpt":{"rendered":"<p>Technol\u00f3gia AxionPure je v\u00fdsledkom pr\u00e1ce v\u00fdskumn\u00e9ho oddelenia a \u00fazkej spolupr\u00e1ce t\u00edmov kvality, n\u00e1kupu a v\u00fdroby. V\u010faka komplexnej kontrole procesu \u2013 od d\u00f4kladn\u00e9ho v\u00fdberu surov\u00edn, cez pr\u00edpravu komponentov a\u017e po detailn\u00e9 hodnotenie kvality \u2013 sme v\u00fdrazne zn\u00ed\u017eili obsah prchav\u00fdch organick\u00fdch zl\u00fa\u010den\u00edn v na\u0161ich polyuret\u00e1nov\u00fdch syst\u00e9moch. Sp\u013a\u0148ame vysok\u00e9 \u0161tandardy v oblasti emisi\u00ed VOC s prihliadnut\u00edm na po\u017eiadavky [&hellip;]<\/p>\n","protected":false},"author":1,"featured_media":0,"parent":0,"menu_order":160,"comment_status":"closed","ping_status":"closed","template":"page-fullwidth.php","meta":{"inline_featured_image":false,"footnotes":""},"class_list":["post-5642","page","type-page","status-publish","hentry"],"acf":[],"yoast_head":"<!-- This site is optimized with the Yoast SEO plugin v26.4 - https:\/\/yoast.com\/wordpress\/plugins\/seo\/ -->\n<title>Technol\u00f3gie Crossin - Crossin<\/title>\n<meta name=\"robots\" content=\"noindex, nofollow\" \/>\n<meta property=\"og:locale\" content=\"sk_SK\" \/>\n<meta property=\"og:type\" content=\"article\" \/>\n<meta property=\"og:title\" content=\"Technol\u00f3gie Crossin - Crossin\" \/>\n<meta property=\"og:description\" content=\"Technol\u00f3gia AxionPure je v\u00fdsledkom pr\u00e1ce v\u00fdskumn\u00e9ho oddelenia a \u00fazkej spolupr\u00e1ce t\u00edmov kvality, n\u00e1kupu a v\u00fdroby. V\u010faka komplexnej kontrole procesu \u2013 od d\u00f4kladn\u00e9ho v\u00fdberu surov\u00edn, cez pr\u00edpravu komponentov a\u017e po detailn\u00e9 hodnotenie kvality \u2013 sme v\u00fdrazne zn\u00ed\u017eili obsah prchav\u00fdch organick\u00fdch zl\u00fa\u010den\u00edn v na\u0161ich polyuret\u00e1nov\u00fdch syst\u00e9moch. Sp\u013a\u0148ame vysok\u00e9 \u0161tandardy v oblasti emisi\u00ed VOC s prihliadnut\u00edm na po\u017eiadavky [&hellip;]\" \/>\n<meta property=\"og:url\" content=\"https:\/\/crossin.pl\/sk\/technologie-crossin\/\" \/>\n<meta property=\"og:site_name\" content=\"Crossin\" \/>\n<meta property=\"article:modified_time\" content=\"2026-03-04T10:03:21+00:00\" \/>\n<meta property=\"og:image\" content=\"https:\/\/crossin.pl\/wp-content\/uploads\/2025\/05\/crossin-01.webp\" \/>\n\t<meta property=\"og:image:width\" content=\"1200\" \/>\n\t<meta property=\"og:image:height\" content=\"675\" \/>\n\t<meta property=\"og:image:type\" content=\"image\/webp\" \/>\n<meta name=\"twitter:card\" content=\"summary_large_image\" \/>\n<meta name=\"twitter:label1\" content=\"Predpokladan\u00fd \u010das \u010d\u00edtania\" \/>\n\t<meta name=\"twitter:data1\" content=\"2 min\u00faty\" \/>\n<script type=\"application\/ld+json\" class=\"yoast-schema-graph\">{\"@context\":\"https:\/\/schema.org\",\"@graph\":[{\"@type\":\"WebPage\",\"@id\":\"https:\/\/crossin.pl\/sk\/technologie-crossin\/\",\"url\":\"https:\/\/crossin.pl\/sk\/technologie-crossin\/\",\"name\":\"Technol\u00f3gie Crossin - Crossin\",\"isPartOf\":{\"@id\":\"https:\/\/crossin.pl\/#website\"},\"datePublished\":\"2026-01-14T08:55:40+00:00\",\"dateModified\":\"2026-03-04T10:03:21+00:00\",\"breadcrumb\":{\"@id\":\"https:\/\/crossin.pl\/sk\/technologie-crossin\/#breadcrumb\"},\"inLanguage\":\"sk-SK\",\"potentialAction\":[{\"@type\":\"ReadAction\",\"target\":[\"https:\/\/crossin.pl\/sk\/technologie-crossin\/\"]}]},{\"@type\":\"BreadcrumbList\",\"@id\":\"https:\/\/crossin.pl\/sk\/technologie-crossin\/#breadcrumb\",\"itemListElement\":[{\"@type\":\"ListItem\",\"position\":1,\"name\":\"Strona g\u0142\u00f3wna\",\"item\":\"https:\/\/crossin.pl\/sk\/\"},{\"@type\":\"ListItem\",\"position\":2,\"name\":\"Technol\u00f3gie Crossin\"}]},{\"@type\":\"WebSite\",\"@id\":\"https:\/\/crossin.pl\/#website\",\"url\":\"https:\/\/crossin.pl\/\",\"name\":\"Crossin\",\"description\":\"Izolacje Pian\u0105 PUR\",\"publisher\":{\"@id\":\"https:\/\/crossin.pl\/#organization\"},\"potentialAction\":[{\"@type\":\"SearchAction\",\"target\":{\"@type\":\"EntryPoint\",\"urlTemplate\":\"https:\/\/crossin.pl\/?s={search_term_string}\"},\"query-input\":{\"@type\":\"PropertyValueSpecification\",\"valueRequired\":true,\"valueName\":\"search_term_string\"}}],\"inLanguage\":\"sk-SK\"},{\"@type\":\"Organization\",\"@id\":\"https:\/\/crossin.pl\/#organization\",\"name\":\"Crossin Insulations\",\"alternateName\":\"Crossin\",\"url\":\"https:\/\/crossin.pl\/\",\"logo\":{\"@type\":\"ImageObject\",\"inLanguage\":\"sk-SK\",\"@id\":\"https:\/\/crossin.pl\/#\/schema\/logo\/image\/\",\"url\":\"https:\/\/crossin.pl\/wp-content\/uploads\/2026\/01\/crossin_logo.svg\",\"contentUrl\":\"https:\/\/crossin.pl\/wp-content\/uploads\/2026\/01\/crossin_logo.svg\",\"caption\":\"Crossin Insulations\"},\"image\":{\"@id\":\"https:\/\/crossin.pl\/#\/schema\/logo\/image\/\"}}]}<\/script>\n<!-- \/ Yoast SEO plugin. -->","yoast_head_json":{"title":"Technol\u00f3gie Crossin - Crossin","robots":{"index":"noindex","follow":"nofollow"},"og_locale":"sk_SK","og_type":"article","og_title":"Technol\u00f3gie Crossin - Crossin","og_description":"Technol\u00f3gia AxionPure je v\u00fdsledkom pr\u00e1ce v\u00fdskumn\u00e9ho oddelenia a \u00fazkej spolupr\u00e1ce t\u00edmov kvality, n\u00e1kupu a v\u00fdroby. V\u010faka komplexnej kontrole procesu \u2013 od d\u00f4kladn\u00e9ho v\u00fdberu surov\u00edn, cez pr\u00edpravu komponentov a\u017e po detailn\u00e9 hodnotenie kvality \u2013 sme v\u00fdrazne zn\u00ed\u017eili obsah prchav\u00fdch organick\u00fdch zl\u00fa\u010den\u00edn v na\u0161ich polyuret\u00e1nov\u00fdch syst\u00e9moch. Sp\u013a\u0148ame vysok\u00e9 \u0161tandardy v oblasti emisi\u00ed VOC s prihliadnut\u00edm na po\u017eiadavky [&hellip;]","og_url":"https:\/\/crossin.pl\/sk\/technologie-crossin\/","og_site_name":"Crossin","article_modified_time":"2026-03-04T10:03:21+00:00","og_image":[{"width":1200,"height":675,"url":"https:\/\/crossin.pl\/wp-content\/uploads\/2025\/05\/crossin-01.webp","type":"image\/webp"}],"twitter_card":"summary_large_image","twitter_misc":{"Predpokladan\u00fd \u010das \u010d\u00edtania":"2 min\u00faty"},"schema":{"@context":"https:\/\/schema.org","@graph":[{"@type":"WebPage","@id":"https:\/\/crossin.pl\/sk\/technologie-crossin\/","url":"https:\/\/crossin.pl\/sk\/technologie-crossin\/","name":"Technol\u00f3gie Crossin - Crossin","isPartOf":{"@id":"https:\/\/crossin.pl\/#website"},"datePublished":"2026-01-14T08:55:40+00:00","dateModified":"2026-03-04T10:03:21+00:00","breadcrumb":{"@id":"https:\/\/crossin.pl\/sk\/technologie-crossin\/#breadcrumb"},"inLanguage":"sk-SK","potentialAction":[{"@type":"ReadAction","target":["https:\/\/crossin.pl\/sk\/technologie-crossin\/"]}]},{"@type":"BreadcrumbList","@id":"https:\/\/crossin.pl\/sk\/technologie-crossin\/#breadcrumb","itemListElement":[{"@type":"ListItem","position":1,"name":"Strona g\u0142\u00f3wna","item":"https:\/\/crossin.pl\/sk\/"},{"@type":"ListItem","position":2,"name":"Technol\u00f3gie Crossin"}]},{"@type":"WebSite","@id":"https:\/\/crossin.pl\/#website","url":"https:\/\/crossin.pl\/","name":"Crossin","description":"Izolacje Pian\u0105 PUR","publisher":{"@id":"https:\/\/crossin.pl\/#organization"},"potentialAction":[{"@type":"SearchAction","target":{"@type":"EntryPoint","urlTemplate":"https:\/\/crossin.pl\/?s={search_term_string}"},"query-input":{"@type":"PropertyValueSpecification","valueRequired":true,"valueName":"search_term_string"}}],"inLanguage":"sk-SK"},{"@type":"Organization","@id":"https:\/\/crossin.pl\/#organization","name":"Crossin Insulations","alternateName":"Crossin","url":"https:\/\/crossin.pl\/","logo":{"@type":"ImageObject","inLanguage":"sk-SK","@id":"https:\/\/crossin.pl\/#\/schema\/logo\/image\/","url":"https:\/\/crossin.pl\/wp-content\/uploads\/2026\/01\/crossin_logo.svg","contentUrl":"https:\/\/crossin.pl\/wp-content\/uploads\/2026\/01\/crossin_logo.svg","caption":"Crossin Insulations"},"image":{"@id":"https:\/\/crossin.pl\/#\/schema\/logo\/image\/"}}]}},"_links":{"self":[{"href":"https:\/\/crossin.pl\/sk\/wp-json\/wp\/v2\/pages\/5642","targetHints":{"allow":["GET"]}}],"collection":[{"href":"https:\/\/crossin.pl\/sk\/wp-json\/wp\/v2\/pages"}],"about":[{"href":"https:\/\/crossin.pl\/sk\/wp-json\/wp\/v2\/types\/page"}],"author":[{"embeddable":true,"href":"https:\/\/crossin.pl\/sk\/wp-json\/wp\/v2\/users\/1"}],"replies":[{"embeddable":true,"href":"https:\/\/crossin.pl\/sk\/wp-json\/wp\/v2\/comments?post=5642"}],"version-history":[{"count":2,"href":"https:\/\/crossin.pl\/sk\/wp-json\/wp\/v2\/pages\/5642\/revisions"}],"predecessor-version":[{"id":5644,"href":"https:\/\/crossin.pl\/sk\/wp-json\/wp\/v2\/pages\/5642\/revisions\/5644"}],"wp:attachment":[{"href":"https:\/\/crossin.pl\/sk\/wp-json\/wp\/v2\/media?parent=5642"}],"curies":[{"name":"wp","href":"https:\/\/api.w.org\/{rel}","templated":true}]}}