{"id":3978,"date":"2023-08-14T17:01:22","date_gmt":"2023-08-14T15:01:22","guid":{"rendered":"https:\/\/crossin.pl\/zasady-ochrany-osobnych-udajov\/"},"modified":"2023-10-23T12:29:56","modified_gmt":"2023-10-23T10:29:56","slug":"zasady-ochrany-osobnych-udajov","status":"publish","type":"page","link":"https:\/\/crossin.pl\/sk\/zasady-ochrany-osobnych-udajov\/","title":{"rendered":"Z\u00e1sady ochrany osobn\u00fdch \u00fadajov"},"content":{"rendered":"\n<p><strong>I. SERVIS<\/strong><br\/>Tieto z\u00e1sady ochrany osobn\u00fdch \u00fadajov sa vz\u0165ahuj\u00fa na webov\u00e9 str\u00e1nky pod dom\u00e9nou crossin.pcc.eu.<br\/><\/p>\n\n<p><strong>II. SPR\u00c1VCA OSOBN\u00ddCH \u00daDAJOV<\/strong><br\/>Spr\u00e1vcom osobn\u00fdch \u00fadajov je spolo\u010dnos\u0165 PCC Prodex Sp. z o.o. so s\u00eddlom v Brzegu Dolnom (ul. Sienkiewicza 4, 56-120 Brzeg Dolny), \u010d\u00edslo KRS 0000024928 Okresn\u00fd s\u00fad pre Vroclav-Fabrycznu vo Vroclave, IX hospod\u00e1rske oddelenie N\u00e1rodn\u00e9ho s\u00fadneho registra, NIP 522-18-03-295, REGON 012290187, z\u00e1kladn\u00e9 imanie 50 000 PLN, splaten\u00e9 z\u00e1kladn\u00e9 imanie 50 000 PLN.<br\/><\/p>\n\n<p>N\u00e1\u0161ho \u00faradn\u00edka pre ochranu \u00fadajov m\u00f4\u017eete kontaktova\u0165 e-mailom: <a href=\"mailto:odo.prodex@pcc.eu\">odo.prodex@pcc.eu<\/a>.<\/p>\n\n<p>Prev\u00e1dzkovate\u013e vyhlasuje, \u017ee venuje osobitn\u00fa pozornos\u0165 ochrane z\u00e1ujmov dotknut\u00fdch os\u00f4b, a najm\u00e4 zabezpe\u010duje, aby:<\/p>\n\n<ol class=\"wp-block-list\">\n<li>sprac\u00fava osobn\u00e9 \u00fadaje z\u00e1konn\u00fdm, spravodliv\u00fdm a transparentn\u00fdm sp\u00f4sobom;<\/li>\n\n\n\n<li>zhroma\u017e\u010fuje osobn\u00e9 \u00fadaje na konkr\u00e9tne, v\u00fdslovne uveden\u00e9 a legit\u00edmne \u00fa\u010dely a \u010falej ich nesprac\u00fava sp\u00f4sobom, ktor\u00fd je s t\u00fdmito \u00fa\u010delmi nezlu\u010dite\u013en\u00fd;<\/li>\n\n\n\n<li>Osobn\u00e9 \u00fadaje s\u00fa primeran\u00e9, relevantn\u00e9 a obmedzen\u00e9 na to, \u010do je nevyhnutn\u00e9 na \u00fa\u010dely, na ktor\u00e9 sa sprac\u00favaj\u00fa;<\/li>\n\n\n\n<li>Osobn\u00e9 \u00fadaje s\u00fa spr\u00e1vne a pod\u013ea potreby aktualizovan\u00e9;<\/li>\n\n\n\n<li>uchov\u00e1va osobn\u00e9 \u00fadaje vo forme, ktor\u00e1 umo\u017e\u0148uje identifik\u00e1ciu dotknutej osoby, nie dlh\u0161ie, ako je potrebn\u00e9 na \u00fa\u010dely, na ktor\u00e9 sa sprac\u00favaj\u00fa;<\/li>\n\n\n\n<li>sprac\u00fava osobn\u00e9 \u00fadaje sp\u00f4sobom, ktor\u00fd zabezpe\u010duje primeran\u00fa bezpe\u010dnos\u0165 vr\u00e1tane ochrany pred neopr\u00e1vnen\u00fdm alebo nez\u00e1konn\u00fdm sprac\u00favan\u00edm a pred n\u00e1hodnou stratou, zni\u010den\u00edm alebo po\u0161koden\u00edm prostredn\u00edctvom vhodn\u00fdch technick\u00fdch alebo organiza\u010dn\u00fdch opatren\u00ed<\/li>\n<\/ol>\n\n<p><strong>III. \u00da\u010cEL SPRACOVANIA<br\/><\/strong>Spr\u00e1vca m\u00f4\u017ee sprac\u00fava\u0165 osobn\u00e9 \u00fadaje okrem in\u00e9ho na tieto \u00fa\u010dely:<\/p>\n\n<ol class=\"wp-block-list\">\n<li>komunik\u00e1ciu a odpove\u010f na spr\u00e1vu. Z\u00e1kladom spracovania osobn\u00fdch \u00fadajov je opr\u00e1vnen\u00fd z\u00e1ujem prev\u00e1dzkovate\u013ea alebo tretej strany, napr.: sp\u00e4tn\u00e9 kontaktovanie, n\u00e1\u0161 marketing alebo partneri vr\u00e1tane <a href=\"https:\/\/www.pcc.eu\/pl\/pcc-na-swiecie\/\" target=\"_blank\" rel=\"noreferrer noopener\">skupiny PCC<\/a>.<\/li>\n\n\n\n<li>uzatvorenie a plnenie zmluvy o poskytovan\u00ed slu\u017eieb alebo k\u00fapnej zmluvy &#8211; z\u00e1kladom pre spracovanie je tu potreba uzatvorenia zmluvy;<\/li>\n\n\n\n<li>priamy marketing produktov a slu\u017eieb spr\u00e1vcu a subjektov skupiny PCC &#8211; k\u00fdm nevznesiete n\u00e1mietku proti sprac\u00favaniu va\u0161ich \u00fadajov na tento \u00fa\u010del alebo neodvol\u00e1te svoj s\u00fahlas &#8211; z\u00e1kladom sprac\u00favania je tu plnenie opr\u00e1vnen\u00fdch z\u00e1ujmov spr\u00e1vcu alebo tretej strany alebo s\u00fahlas;<\/li>\n\n\n\n<li>na plnenie z\u00e1konn\u00fdch povinnost\u00ed Spr\u00e1vcu (napr. da\u0148ov\u00fdch, \u00fa\u010dtovn\u00fdch, pri vybavovan\u00ed s\u0165a\u017enost\u00ed) &#8211; po dobu trvania t\u00fdchto povinnost\u00ed alebo po dobu nevyhnutn\u00fa na preuk\u00e1zanie splnenia t\u00fdchto povinnost\u00ed org\u00e1nom opr\u00e1vnen\u00fdm na kontrolu v tejto oblasti &#8211; z\u00e1kladom spracovania je z\u00e1konn\u00e1 povinnos\u0165 Spr\u00e1vcu;<\/li>\n\n\n\n<li>vznik, obhajoba a uplatnenie n\u00e1rokov &#8211; po\u010das obdobia, po ktorom sa n\u00e1roky (napr. vypl\u00fdvaj\u00face zo zml\u00fav) preml\u010dia, alebo po\u010das trvania pr\u00edpadn\u00e9ho s\u00fadneho konania &#8211; z\u00e1kladom spracovania je tu opr\u00e1vnen\u00fd z\u00e1ujem alebo z\u00e1konn\u00e1 povinnos\u0165 prev\u00e1dzkovate\u013ea.<\/li>\n<\/ol>\n\n<p>Poskytnutie osobn\u00fdch \u00fadajov je dobrovo\u013en\u00e9, ale m\u00f4\u017ee by\u0165 nevyhnutn\u00e9 napr\u00edklad na uzavretie alebo plnenie zmluvy alebo na odpove\u010f na \u017eiados\u0165 alebo na kore\u0161pondenciu.<\/p>\n\n<p>Ak je sprac\u00favanie osobn\u00fdch \u00fadajov zalo\u017een\u00e9 na s\u00fahlase, m\u00e1te pr\u00e1vo ho kedyko\u013evek odvola\u0165 bez toho, aby to malo vplyv na z\u00e1konnos\u0165 sprac\u00favania, ktor\u00e9 bolo vykonan\u00e9 na z\u00e1klade s\u00fahlasu pred jeho odvolan\u00edm.<\/p>\n\n<p><strong>IV. PR\u00cdJEMCOVIA OSOBN\u00ddCH \u00daDAJOV<br\/><\/strong><\/p>\n\n<ol class=\"wp-block-list\">\n<li>Osobn\u00e9 \u00fadaje sa m\u00f4\u017eu poskytova\u0165 extern\u00fdm stran\u00e1m len v medziach z\u00e1kona, na \u00fa\u010dely a v rozsahu nevyhnutnom okrem in\u00e9ho na \u00fa\u010dely spracovania \u00fadajov. na riadne plnenie k\u00fapnej zmluvy alebo servisnej zmluvy.<\/li>\n\n\n\n<li>Spr\u00e1vca m\u00f4\u017ee poveri\u0165 spracovan\u00edm osobn\u00fdch \u00fadajov tretie strany na \u00fa\u010dely vykon\u00e1vania \u010dinnost\u00ed s\u00favisiacich s v\u00fdkonom svojej \u010dinnosti, ako aj na \u00fa\u010dely uplatnenia n\u00e1rokov alebo ochrany pred n\u00e1rokmi s\u00favisiacimi s pou\u017e\u00edvan\u00edm jeho slu\u017eieb alebo produktov. Tieto subjekty m\u00f4\u017eu by\u0165:<\/li>\n<\/ol>\n\n<ol class=\"wp-block-list\">\n<li>extern\u00e9 poradensk\u00e9 spolo\u010dnosti (vr\u00e1tane pr\u00e1vnych, aud\u00edtorsk\u00fdch, da\u0148ov\u00fdch, marketingov\u00fdch a \u00fa\u010dtovn\u00fdch);<\/li>\n\n\n\n<li>extern\u00fdch IT \u0161pecialistov;<\/li>\n\n\n\n<li>subjekty, ktor\u00e9 pom\u00e1haj\u00fa spr\u00e1vcovi pri vybavovan\u00ed kore\u0161pondencie;<\/li>\n\n\n\n<li>kuri\u00e9rom &#8211; v pr\u00edpade kore\u0161pondencie alebo kuri\u00e9rskych z\u00e1sielok;<\/li>\n\n\n\n<li>prev\u00e1dzkovatelia internetov\u00fdch platieb alebo banky &#8211; v pr\u00edpade finan\u010dn\u00e9ho vyrovnania;<\/li>\n\n\n\n<li>subjekty spolupracuj\u00face so spr\u00e1vcom v r\u00e1mci predajn\u00fdch slu\u017eieb;<\/li>\n\n\n\n<li>a \u010fal\u0161ie subjekty v skupine PCC, ktor\u00e9 pre spr\u00e1vcu vykon\u00e1vaj\u00fa niektor\u00e9 z uveden\u00fdch slu\u017eieb.<\/li>\n<\/ol>\n\n<p><strong>V. PR\u00c1VA DOTKNUT\u00ddCH OS\u00d4B<\/strong><\/p>\n\n<p>V ka\u017edom pr\u00edpade m\u00e1 dotknut\u00e1 osoba pr\u00e1vo na:<\/p>\n\n<ol class=\"wp-block-list\">\n<li>pr\u00edstup k osobn\u00fdm \u00fadajom (vr\u00e1tane napr\u00edklad z\u00edskania inform\u00e1ci\u00ed o tom, ak\u00e9 osobn\u00e9 \u00fadaje sa sprac\u00favaj\u00fa),<\/li>\n\n\n\n<li>po\u017eiada\u0165 o opravu a obmedzenie spracovania osobn\u00fdch \u00fadajov (napr. ak s\u00fa nespr\u00e1vne);<\/li>\n\n\n\n<li>vymazanie osobn\u00fdch \u00fadajov (napr. ak boli spracovan\u00e9 nez\u00e1konne);<\/li>\n\n\n\n<li>prenies\u0165 osobn\u00e9 \u00fadaje, ktor\u00e9 poskytol prev\u00e1dzkovate\u013eovi a ktor\u00e9 sa sprac\u00favaj\u00fa automatizovan\u00fdmi prostriedkami a sprac\u00favanie je zalo\u017een\u00e9 na s\u00fahlase alebo na zmluve, napr. in\u00e9mu prev\u00e1dzkovate\u013eovi;<\/li>\n\n\n\n<li>namieta\u0165 proti sprac\u00favaniu osobn\u00fdch \u00fadajov z d\u00f4vodu, \u017ee je to nevyhnutn\u00e9 na \u00fa\u010dely opr\u00e1vnen\u00fdch z\u00e1ujmov prev\u00e1dzkovate\u013ea alebo tretej strany, vr\u00e1tane najm\u00e4 sprac\u00favania na marketingov\u00e9 \u00fa\u010dely;<\/li>\n\n\n\n<li>poda\u0165 s\u0165a\u017enos\u0165 org\u00e1nu pr\u00edslu\u0161n\u00e9mu na ochranu osobn\u00fdch \u00fadajov.<\/li>\n<\/ol>\n\n<p><strong>VI. COOKIES<\/strong><br\/>Spr\u00e1vca pou\u017e\u00edva s\u00fabory cookie (mal\u00e9 textov\u00e9 s\u00fabory, tzv. &#8222;cookies&#8220;), ktor\u00e9 sa ukladaj\u00fa do koncov\u00fdch zariaden\u00ed pou\u017e\u00edvate\u013eov s cie\u013eom z\u00edska\u0165 \u00fadaje o pou\u017e\u00edvan\u00ed webovej str\u00e1nky pou\u017e\u00edvate\u013emi.<br\/><\/p>\n\n<p>Okrem in\u00e9ho to umo\u017e\u0148uj\u00fa s\u00fabory cookie:<\/p>\n\n<ol class=\"wp-block-list\">\n<li>zachovanie rel\u00e1cie pou\u017e\u00edvate\u013ea po prihl\u00e1sen\u00ed, aby nebolo potrebn\u00e9 samostatn\u00e9 prihl\u00e1senie na ka\u017edej podstr\u00e1nke webovej lokality;<\/li>\n\n\n\n<li>prisp\u00f4sobi\u0165 obsah webovej str\u00e1nky potreb\u00e1m a z\u00e1ujmom pou\u017e\u00edvate\u013eov;<\/li>\n\n\n\n<li>zostavovanie \u0161tatist\u00edk o n\u00e1v\u0161tev\u00e1ch webovej lokality;<\/li>\n\n\n\n<li>vytv\u00e1ranie online prieskumov a ich zabezpe\u010denie proti viacn\u00e1sobn\u00e9mu hlasovaniu t\u00fdch ist\u00fdch os\u00f4b.<\/li>\n<\/ol>\n\n<p>Inform\u00e1cie z\u00edskan\u00e9 prostredn\u00edctvom s\u00faborov cookie zah\u0155\u0148aj\u00fa okrem in\u00e9ho. n\u00e1zov poskytovate\u013ea internetov\u00fdch slu\u017eieb, IP adresu pou\u017e\u00edvate\u013eov, krajinu p\u00f4vodu, z ktorej sa pou\u017e\u00edvatelia prip\u00e1jaj\u00fa na str\u00e1nku.<\/p>\n\n<p>Webov\u00e1 lokalita pou\u017e\u00edva dva hlavn\u00e9 typy s\u00faborov cookie: &#8222;S\u00fabory cookie rel\u00e1cie&#8220; a &#8222;trval\u00e9 s\u00fabory cookie&#8220; (trval\u00e9 s\u00fabory cookie). &#8222;Rela\u010dn\u00e9&#8220; s\u00fabory cookie s\u00fa do\u010dasn\u00e9 s\u00fabory, ktor\u00e9 sa ukladaj\u00fa v koncovom zariaden\u00ed pou\u017e\u00edvate\u013ea, k\u00fdm sa pou\u017e\u00edvate\u013e neodhl\u00e1si, neopust\u00ed webov\u00fa str\u00e1nku alebo nevypne softv\u00e9r (webov\u00fd prehliada\u010d). &#8222;Trval\u00e9&#8220; s\u00fabory cookie sa ukladaj\u00fa v koncovom zariaden\u00ed pou\u017e\u00edvate\u013ea na dobu uveden\u00fa v parametroch s\u00faborov cookie alebo k\u00fdm ich pou\u017e\u00edvate\u013e nevyma\u017ee.<\/p>\n\n<p>V mnoh\u00fdch pr\u00edpadoch softv\u00e9r na prehliadanie webov\u00fdch str\u00e1nok (webov\u00fd prehliada\u010d) \u0161tandardne umo\u017e\u0148uje ukladanie s\u00faborov cookie na koncov\u00e9 zariadenie pou\u017e\u00edvate\u013ea. Pou\u017e\u00edvate\u013e m\u00f4\u017ee kedyko\u013evek vymaza\u0165 s\u00fabory cookie ulo\u017een\u00e9 v jeho koncovom zariaden\u00ed alebo zablokova\u0165 ich ukladanie v nastaveniach svojho internetov\u00e9ho prehliada\u010da (vr\u00e1tane mobiln\u00e9ho telef\u00f3nu alebo in\u00e9ho zariadenia, ktor\u00e9 umo\u017e\u0148uje pr\u00edstup na internet). Viac inform\u00e1ci\u00ed o s\u00faboroch cookie n\u00e1jdete v \u010dasti &#8222;Pomocn\u00edk&#8220; v ponuke prehliada\u010da.<\/p>\n\n<p>Spr\u00e1vca informuje, \u017ee obmedzenia pou\u017e\u00edvania s\u00faborov cookie m\u00f4\u017eu ovplyvni\u0165 niektor\u00e9 funkcie dostupn\u00e9 na webovej lokalite.<\/p>\n\n<p>Spr\u00e1vca pou\u017e\u00edva na svojej webovej str\u00e1nke slu\u017ebu od spolo\u010dnosti Google:<\/p>\n\n<p><strong>1. Google Analytics<\/strong> &#8211; slu\u017eba, ktor\u00e1 umo\u017e\u0148uje zhroma\u017e\u010fova\u0165 \u00fadaje na \u00fa\u010dely anal\u00fdzy \u0161tatist\u00edk n\u00e1v\u0161tevn\u00edkov webov\u00fdch str\u00e1nok. Podrobn\u00e9 inform\u00e1cie o tom, ako slu\u017eba Google Analytics sprac\u00fava va\u0161e \u00fadaje, n\u00e1jdete na adrese: <a href=\"https:\/\/support.google.com\/analytics\/answer\/6004245?hl=pl\">https:\/\/support.google.com\/analytics\/answer\/6004245?hl=pl<\/a>. Pou\u017e\u00edvate\u013e m\u00f4\u017ee zabr\u00e1ni\u0165 zhroma\u017e\u010fovaniu svojich \u00fadajov nain\u0161talovan\u00edm doplnku prehliada\u010da, ktor\u00fd blokuje prenos \u00fadajov do slu\u017eby Google Analytics: <a href=\"https:\/\/tools.google.com\/dlpage\/gaoptout?hl=pl\">https:\/\/tools.google.com\/dlpage\/gaoptout?hl=pl<\/a>.<\/p>\n\n<p><strong>2. Google reCAPTCHA<\/strong> &#8211; slu\u017eba, ktor\u00e1 umo\u017e\u0148uje po spr\u00e1van\u00ed pou\u017e\u00edvate\u013ea skontrolova\u0165, \u010di \u00fadaje na str\u00e1nke (napr. formul\u00e1r) zadal \u010dlovek alebo automat. Anal\u00fdza prebieha na pozad\u00ed automaticky pri otvoren\u00ed webovej lokality bez toho, aby o tom bol pou\u017e\u00edvate\u013e informovan\u00fd. V r\u00e1mci anal\u00fdzy mechanizmus zoh\u013ead\u0148uje r\u00f4zne typy inform\u00e1ci\u00ed (napr. IP adresu, vykonan\u00e9 pohyby my\u0161ou, \u010das str\u00e1ven\u00fd na str\u00e1nke) a zozbieran\u00e9 \u00fadaje sa odosielaj\u00fa spolo\u010dnosti Google. Viac inform\u00e1ci\u00ed o slu\u017ebe Google reCAPTCHA n\u00e1jdete na adrese: https: <a href=\"https:\/\/www.google.com\/recaptcha\/intro\/v3.html\">\/\/www.google.com\/recaptcha\/intro\/v3.html<\/a>.<\/p>\n\n<p>\u010eal\u0161ie inform\u00e1cie t\u00fdkaj\u00face sa z\u00e1sad ochrany osobn\u00fdch \u00fadajov a zhroma\u017e\u010fovania \u00fadajov spolo\u010dnosti Google n\u00e1jdete na tejto adrese: <a href=\"https:\/\/policies.google.com\/privacy?hl=pl\">https:\/\/policies.google.com\/privacy?hl=pl.<\/a><\/p>\n\n<p><strong>VII. ZMENA Z\u00c1SAD OCHRANY OSOBN\u00ddCH \u00daDAJOV<\/strong><\/p>\n\n<p>Tieto z\u00e1sady ochrany osobn\u00fdch \u00fadajov m\u00f4\u017ee spr\u00e1vca zmeni\u0165 a doplni\u0165 uverejnen\u00edm novej verzie na webovej str\u00e1nke.<\/p>\n\n<p>T\u00e1to verzia z\u00e1sad ochrany osobn\u00fdch \u00fadajov je \u00fa\u010dinn\u00e1 od 25.05.2018.<\/p>\n","protected":false},"excerpt":{"rendered":"<p>I. SERVISTieto z\u00e1sady ochrany osobn\u00fdch \u00fadajov sa vz\u0165ahuj\u00fa na webov\u00e9 str\u00e1nky pod dom\u00e9nou crossin.pcc.eu. II. SPR\u00c1VCA OSOBN\u00ddCH \u00daDAJOVSpr\u00e1vcom osobn\u00fdch \u00fadajov je spolo\u010dnos\u0165 PCC Prodex Sp. z o.o. so s\u00eddlom v Brzegu Dolnom (ul. Sienkiewicza 4, 56-120 Brzeg Dolny), \u010d\u00edslo KRS 0000024928 Okresn\u00fd s\u00fad pre Vroclav-Fabrycznu vo Vroclave, IX hospod\u00e1rske oddelenie N\u00e1rodn\u00e9ho s\u00fadneho registra, NIP 522-18-03-295, [&hellip;]<\/p>\n","protected":false},"author":1,"featured_media":0,"parent":0,"menu_order":905,"comment_status":"closed","ping_status":"open","template":"","meta":{"inline_featured_image":false,"footnotes":""},"class_list":["post-3978","page","type-page","status-publish","hentry"],"acf":[],"yoast_head":"<!-- This site is optimized with the Yoast SEO plugin v26.4 - https:\/\/yoast.com\/wordpress\/plugins\/seo\/ -->\n<title>Z\u00e1sady ochrany osobn\u00fdch \u00fadajov - Crossin<\/title>\n<meta name=\"robots\" content=\"noindex, nofollow\" \/>\n<meta property=\"og:locale\" content=\"sk_SK\" \/>\n<meta property=\"og:type\" content=\"article\" \/>\n<meta property=\"og:title\" content=\"Z\u00e1sady ochrany osobn\u00fdch \u00fadajov - Crossin\" \/>\n<meta property=\"og:description\" content=\"I. SERVISTieto z\u00e1sady ochrany osobn\u00fdch \u00fadajov sa vz\u0165ahuj\u00fa na webov\u00e9 str\u00e1nky pod dom\u00e9nou crossin.pcc.eu. II. SPR\u00c1VCA OSOBN\u00ddCH \u00daDAJOVSpr\u00e1vcom osobn\u00fdch \u00fadajov je spolo\u010dnos\u0165 PCC Prodex Sp. z o.o. so s\u00eddlom v Brzegu Dolnom (ul. Sienkiewicza 4, 56-120 Brzeg Dolny), \u010d\u00edslo KRS 0000024928 Okresn\u00fd s\u00fad pre Vroclav-Fabrycznu vo Vroclave, IX hospod\u00e1rske oddelenie N\u00e1rodn\u00e9ho s\u00fadneho registra, NIP 522-18-03-295, [&hellip;]\" \/>\n<meta property=\"og:url\" content=\"https:\/\/crossin.pl\/sk\/zasady-ochrany-osobnych-udajov\/\" \/>\n<meta property=\"og:site_name\" content=\"Crossin\" \/>\n<meta property=\"article:modified_time\" content=\"2023-10-23T10:29:56+00:00\" \/>\n<meta property=\"og:image\" content=\"https:\/\/crossin.pl\/wp-content\/uploads\/2025\/05\/crossin-01.webp\" \/>\n\t<meta property=\"og:image:width\" content=\"1200\" \/>\n\t<meta property=\"og:image:height\" content=\"675\" \/>\n\t<meta property=\"og:image:type\" content=\"image\/webp\" \/>\n<meta name=\"twitter:card\" content=\"summary_large_image\" \/>\n<meta name=\"twitter:label1\" content=\"Predpokladan\u00fd \u010das \u010d\u00edtania\" \/>\n\t<meta name=\"twitter:data1\" content=\"8 min\u00fat\" \/>\n<script type=\"application\/ld+json\" class=\"yoast-schema-graph\">{\"@context\":\"https:\/\/schema.org\",\"@graph\":[{\"@type\":\"WebPage\",\"@id\":\"https:\/\/crossin.pl\/sk\/zasady-ochrany-osobnych-udajov\/\",\"url\":\"https:\/\/crossin.pl\/sk\/zasady-ochrany-osobnych-udajov\/\",\"name\":\"Z\u00e1sady ochrany osobn\u00fdch \u00fadajov - Crossin\",\"isPartOf\":{\"@id\":\"https:\/\/crossin.pl\/#website\"},\"datePublished\":\"2023-08-14T15:01:22+00:00\",\"dateModified\":\"2023-10-23T10:29:56+00:00\",\"breadcrumb\":{\"@id\":\"https:\/\/crossin.pl\/sk\/zasady-ochrany-osobnych-udajov\/#breadcrumb\"},\"inLanguage\":\"sk-SK\",\"potentialAction\":[{\"@type\":\"ReadAction\",\"target\":[\"https:\/\/crossin.pl\/sk\/zasady-ochrany-osobnych-udajov\/\"]}]},{\"@type\":\"BreadcrumbList\",\"@id\":\"https:\/\/crossin.pl\/sk\/zasady-ochrany-osobnych-udajov\/#breadcrumb\",\"itemListElement\":[{\"@type\":\"ListItem\",\"position\":1,\"name\":\"Strona g\u0142\u00f3wna\",\"item\":\"https:\/\/crossin.pl\/sk\/\"},{\"@type\":\"ListItem\",\"position\":2,\"name\":\"Z\u00e1sady ochrany osobn\u00fdch \u00fadajov\"}]},{\"@type\":\"WebSite\",\"@id\":\"https:\/\/crossin.pl\/#website\",\"url\":\"https:\/\/crossin.pl\/\",\"name\":\"Crossin\",\"description\":\"Izolacje Pian\u0105 PUR\",\"publisher\":{\"@id\":\"https:\/\/crossin.pl\/#organization\"},\"potentialAction\":[{\"@type\":\"SearchAction\",\"target\":{\"@type\":\"EntryPoint\",\"urlTemplate\":\"https:\/\/crossin.pl\/?s={search_term_string}\"},\"query-input\":{\"@type\":\"PropertyValueSpecification\",\"valueRequired\":true,\"valueName\":\"search_term_string\"}}],\"inLanguage\":\"sk-SK\"},{\"@type\":\"Organization\",\"@id\":\"https:\/\/crossin.pl\/#organization\",\"name\":\"Crossin Insulations\",\"alternateName\":\"Crossin\",\"url\":\"https:\/\/crossin.pl\/\",\"logo\":{\"@type\":\"ImageObject\",\"inLanguage\":\"sk-SK\",\"@id\":\"https:\/\/crossin.pl\/#\/schema\/logo\/image\/\",\"url\":\"https:\/\/crossin.pl\/wp-content\/uploads\/2026\/01\/crossin_logo.svg\",\"contentUrl\":\"https:\/\/crossin.pl\/wp-content\/uploads\/2026\/01\/crossin_logo.svg\",\"caption\":\"Crossin Insulations\"},\"image\":{\"@id\":\"https:\/\/crossin.pl\/#\/schema\/logo\/image\/\"}}]}<\/script>\n<!-- \/ Yoast SEO plugin. -->","yoast_head_json":{"title":"Z\u00e1sady ochrany osobn\u00fdch \u00fadajov - Crossin","robots":{"index":"noindex","follow":"nofollow"},"og_locale":"sk_SK","og_type":"article","og_title":"Z\u00e1sady ochrany osobn\u00fdch \u00fadajov - Crossin","og_description":"I. SERVISTieto z\u00e1sady ochrany osobn\u00fdch \u00fadajov sa vz\u0165ahuj\u00fa na webov\u00e9 str\u00e1nky pod dom\u00e9nou crossin.pcc.eu. II. SPR\u00c1VCA OSOBN\u00ddCH \u00daDAJOVSpr\u00e1vcom osobn\u00fdch \u00fadajov je spolo\u010dnos\u0165 PCC Prodex Sp. z o.o. so s\u00eddlom v Brzegu Dolnom (ul. Sienkiewicza 4, 56-120 Brzeg Dolny), \u010d\u00edslo KRS 0000024928 Okresn\u00fd s\u00fad pre Vroclav-Fabrycznu vo Vroclave, IX hospod\u00e1rske oddelenie N\u00e1rodn\u00e9ho s\u00fadneho registra, NIP 522-18-03-295, [&hellip;]","og_url":"https:\/\/crossin.pl\/sk\/zasady-ochrany-osobnych-udajov\/","og_site_name":"Crossin","article_modified_time":"2023-10-23T10:29:56+00:00","og_image":[{"width":1200,"height":675,"url":"https:\/\/crossin.pl\/wp-content\/uploads\/2025\/05\/crossin-01.webp","type":"image\/webp"}],"twitter_card":"summary_large_image","twitter_misc":{"Predpokladan\u00fd \u010das \u010d\u00edtania":"8 min\u00fat"},"schema":{"@context":"https:\/\/schema.org","@graph":[{"@type":"WebPage","@id":"https:\/\/crossin.pl\/sk\/zasady-ochrany-osobnych-udajov\/","url":"https:\/\/crossin.pl\/sk\/zasady-ochrany-osobnych-udajov\/","name":"Z\u00e1sady ochrany osobn\u00fdch \u00fadajov - Crossin","isPartOf":{"@id":"https:\/\/crossin.pl\/#website"},"datePublished":"2023-08-14T15:01:22+00:00","dateModified":"2023-10-23T10:29:56+00:00","breadcrumb":{"@id":"https:\/\/crossin.pl\/sk\/zasady-ochrany-osobnych-udajov\/#breadcrumb"},"inLanguage":"sk-SK","potentialAction":[{"@type":"ReadAction","target":["https:\/\/crossin.pl\/sk\/zasady-ochrany-osobnych-udajov\/"]}]},{"@type":"BreadcrumbList","@id":"https:\/\/crossin.pl\/sk\/zasady-ochrany-osobnych-udajov\/#breadcrumb","itemListElement":[{"@type":"ListItem","position":1,"name":"Strona g\u0142\u00f3wna","item":"https:\/\/crossin.pl\/sk\/"},{"@type":"ListItem","position":2,"name":"Z\u00e1sady ochrany osobn\u00fdch \u00fadajov"}]},{"@type":"WebSite","@id":"https:\/\/crossin.pl\/#website","url":"https:\/\/crossin.pl\/","name":"Crossin","description":"Izolacje Pian\u0105 PUR","publisher":{"@id":"https:\/\/crossin.pl\/#organization"},"potentialAction":[{"@type":"SearchAction","target":{"@type":"EntryPoint","urlTemplate":"https:\/\/crossin.pl\/?s={search_term_string}"},"query-input":{"@type":"PropertyValueSpecification","valueRequired":true,"valueName":"search_term_string"}}],"inLanguage":"sk-SK"},{"@type":"Organization","@id":"https:\/\/crossin.pl\/#organization","name":"Crossin Insulations","alternateName":"Crossin","url":"https:\/\/crossin.pl\/","logo":{"@type":"ImageObject","inLanguage":"sk-SK","@id":"https:\/\/crossin.pl\/#\/schema\/logo\/image\/","url":"https:\/\/crossin.pl\/wp-content\/uploads\/2026\/01\/crossin_logo.svg","contentUrl":"https:\/\/crossin.pl\/wp-content\/uploads\/2026\/01\/crossin_logo.svg","caption":"Crossin Insulations"},"image":{"@id":"https:\/\/crossin.pl\/#\/schema\/logo\/image\/"}}]}},"_links":{"self":[{"href":"https:\/\/crossin.pl\/sk\/wp-json\/wp\/v2\/pages\/3978","targetHints":{"allow":["GET"]}}],"collection":[{"href":"https:\/\/crossin.pl\/sk\/wp-json\/wp\/v2\/pages"}],"about":[{"href":"https:\/\/crossin.pl\/sk\/wp-json\/wp\/v2\/types\/page"}],"author":[{"embeddable":true,"href":"https:\/\/crossin.pl\/sk\/wp-json\/wp\/v2\/users\/1"}],"replies":[{"embeddable":true,"href":"https:\/\/crossin.pl\/sk\/wp-json\/wp\/v2\/comments?post=3978"}],"version-history":[{"count":2,"href":"https:\/\/crossin.pl\/sk\/wp-json\/wp\/v2\/pages\/3978\/revisions"}],"predecessor-version":[{"id":3980,"href":"https:\/\/crossin.pl\/sk\/wp-json\/wp\/v2\/pages\/3978\/revisions\/3980"}],"wp:attachment":[{"href":"https:\/\/crossin.pl\/sk\/wp-json\/wp\/v2\/media?parent=3978"}],"curies":[{"name":"wp","href":"https:\/\/api.w.org\/{rel}","templated":true}]}}