{"id":3883,"date":"2023-08-14T18:12:14","date_gmt":"2023-08-14T16:12:14","guid":{"rendered":"https:\/\/crossin.pl\/ponuka\/izolacia-plochych-striech\/"},"modified":"2024-01-06T17:17:43","modified_gmt":"2024-01-06T16:17:43","slug":"izolacia-plochych-striech","status":"publish","type":"page","link":"https:\/\/crossin.pl\/sk\/ponuka\/izolacia-plochych-striech\/","title":{"rendered":"Izol\u00e1cia ploch\u00fdch striech"},"content":{"rendered":"\n<div style=\"height:20px\" aria-hidden=\"true\" class=\"wp-block-spacer\"><\/div>\n\n<div class=\"wp-block-columns is-layout-flex wp-container-core-columns-is-layout-9d6595d7 wp-block-columns-is-layout-flex\">\n<div class=\"wp-block-column is-layout-flow wp-block-column-is-layout-flow\">\n<div class=\"wp-block-columns is-layout-flex wp-container-core-columns-is-layout-9d6595d7 wp-block-columns-is-layout-flex\">\n<div class=\"wp-block-column is-layout-flow wp-block-column-is-layout-flow\" style=\"flex-basis:50%\">\n<div style=\"height:30px\" aria-hidden=\"true\" class=\"wp-block-spacer nomobile\"><\/div>\n\n\n\n<div class=\"pg__top__intro\">\n<div class=\"cr__head02\"><h2>Izol\u00e1cia ploch\u00fdch striech  <br\/><span>PUR pena<\/span><\/h2><\/div>\n<p>Vysokokvalitn\u00fd v\u00fdrobok a odborn\u00e1 realiz\u00e1cia autorizovan\u00fdm dod\u00e1vate\u013eom s\u00fa z\u00e1rukou \u0161pi\u010dkovej kvality izol\u00e1cie.<\/p>\n<a class=\"link02 linkserv\" href=\"https:\/\/crossin.pl\/sk\/dohodnite-si-termin-konzultacie\/\">Vy\u017eiadanie slu\u017eby<\/a>\n<\/div>\n\n\n\n<div style=\"height:30px\" aria-hidden=\"true\" class=\"wp-block-spacer nomobile\"><\/div>\n\n\n\n<div class=\"bar__hori__wrap\"><div class=\"bar__hori__left01\"><div class=\"pg__top__bar__hori\"><p>Produkt | Crossin Hard 50<\/p><p class=\"pg__top__bar__hori__sub\">pena s uzavret\u00fdmi bunkami<\/p><\/div><\/div><\/div>\n<\/div>\n\n\n\n<div class=\"wp-block-column is-layout-flow wp-block-column-is-layout-flow\" style=\"flex-basis:40%\">\n<img decoding=\"async\" class=\"pg__top__intro__img\" src=\"\/wp-content\/uploads\/2023\/09\/pg-srv-izolacja-dachu-plaskiego-02.webp\" alt=\"Izol\u00e1cia ploch\u00fdch striech\"\/>\n\n\n\n<div class=\"pg__top__bar__hori__mob onlymobile\"><p>Produkt | Crossin Hard 50<\/p><p class=\"pg__top__bar__hori__sub\">pena s uzavret\u00fdmi bunkami<\/p><\/div>\n<\/div>\n\n\n\n<div class=\"wp-block-column is-layout-flow wp-block-column-is-layout-flow\" style=\"flex-basis:10%\">\n<div style=\"height:30px\" aria-hidden=\"true\" class=\"wp-block-spacer nomobile\"><\/div>\n\n\n\n<div class=\"bar__hori__right01\"><\/div>\n<\/div>\n<\/div>\n<\/div>\n<\/div>\n\n<div class=\"wp-block-columns is-layout-flex wp-container-core-columns-is-layout-9d6595d7 wp-block-columns-is-layout-flex\">\n<div class=\"wp-block-column is-layout-flow wp-block-column-is-layout-flow\">\n<div style=\"height:20px\" aria-hidden=\"true\" class=\"wp-block-spacer nomobile\"><\/div>\n\n\n\n<p style=\"text-align: justify;\">Izol\u00e1cia plochej strechy pomocou PUR peny je jednou z naj\u00fa\u010dinnej\u0161\u00edch met\u00f3d izol\u00e1cie, ktor\u00e1 zlep\u0161uje tepeln\u00e9 vlastnosti a podporuje hydroizol\u00e1ciu strechy, \u010d\u00edm pom\u00e1ha chr\u00e1ni\u0165 pred vlhkos\u0165ou a poveternostn\u00fdmi vplyvmi.\nVhodne zvolen\u00e1 izola\u010dn\u00e1 vrstva zni\u017euje tepeln\u00e9 straty budovy a chr\u00e1ni ju pred prehrievan\u00edm v lete.\nAj mal\u00e1 hr\u00fabka Pur peny chr\u00e1ni pred kondenz\u00e1ciou vodnej pary pod sklonom strechy.  <\/p>\n<p style=\"text-align: justify;\">Izola\u010dn\u00e1 vrstva z PUR peny na plochej streche je \u013eahk\u00e1, trvalo sa sp\u00e1ja s podkladom a vytv\u00e1ra tesn\u00fa bari\u00e9ru bez tepeln\u00fdch mostov.\nJednou z v\u00fdhod tejto technol\u00f3gie je d\u00f4kladn\u00e9 utesnenie komponentov, ako s\u00fa kom\u00edny, protipo\u017eiarne steny a vetracia infra\u0161trukt\u00fara. <\/p>\n<p style=\"text-align: justify;\">V z\u00e1vislosti od po\u017eiadaviek na zatep\u013eovan\u00fa budovu sa pou\u017e\u00edva izol\u00e1cia ploch\u00fdch striech s hr\u00fabkou 3-12 cm.<\/p>\n<p style=\"text-align: justify;\">Izol\u00e1cia plochej strechy PUR penou si vy\u017eaduje ve\u013ek\u00e9 sk\u00fasenosti, preto by sa v\u00fdber zhotovite\u013ea mal riadi\u0165 najm\u00e4 jeho kompetenciami, a nie cenou.<\/p>\n\n\n\n<h3>Pre\u010do si vybra\u0165 izol\u00e1ciu z PUR peny Crossin pre va\u0161u ploch\u00fa strechu?<\/h3>\n<ul>\n<li>Bez\u0161vov\u00e1, s\u00favisl\u00e1 izola\u010dn\u00e1 vrstva &#8211; bez tepeln\u00fdch mostov<\/li>\n<li>V\u00fdnimo\u010dn\u00e9 izola\u010dn\u00e9 vlastnosti<\/li>\n<li>Zn\u00ed\u017een\u00e1 hr\u00fabka izola\u010dnej vrstvy<\/li>\n<li>Pri\u013enavos\u0165 k ak\u00e9muko\u013evek povrchu<\/li>\n<li>Kr\u00e1tke dodacie lehoty<\/li>\n<li>Odoln\u00e9 a \u00fa\u010dinn\u00e9<\/li>\n<li>N\u00edzka hmotnos\u0165<\/li>\n<\/ul>\n<\/div>\n<\/div>\n\n<div class=\"wp-block-columns is-layout-flex wp-container-core-columns-is-layout-9d6595d7 wp-block-columns-is-layout-flex\">\n<div class=\"wp-block-column is-layout-flow wp-block-column-is-layout-flow\">\n<div style=\"height:60px\" aria-hidden=\"true\" class=\"wp-block-spacer nomobile\"><\/div>\n\n\n\n<div class=\"wp-block-columns nogap is-layout-flex wp-container-core-columns-is-layout-9d6595d7 wp-block-columns-is-layout-flex\">\n<div class=\"wp-block-column is-layout-flow wp-block-column-is-layout-flow\" style=\"flex-basis:2.5%\"><\/div>\n\n\n\n<div class=\"wp-block-column cta__aw01__video__sec is-layout-flow wp-block-column-is-layout-flow\" style=\"flex-basis:95%\">    <div id=\"bv-conspectusblock_d7dce7c7bb7abb5e222d422e6188cc21\" class=\"acf-html-block acf-html-desktop\">\r\n        <div class=\"cta__aw01__video__wrap\"><video class=\"cta__aw01__video\" autoplay=\"\" loop=\"\" muted=\"\" playsinline=\"\"><source src=\"\/wp-content\/uploads\/2023\/08\/cta-aw-desktop-01.webm\" type=\"video\/webm\"><\/source><\/video><\/div>\r\n    <\/div>\r\n\n\n\n<div class=\"wp-block-columns is-layout-flex wp-container-core-columns-is-layout-9d6595d7 wp-block-columns-is-layout-flex\">\n<div class=\"wp-block-column is-layout-flow wp-block-column-is-layout-flow\">    <div id=\"bv-conspectusblock_427f4679b86a70b2f83bd101b70e437d\" class=\"acf-html-block acf-html-desktop\">\r\n        <div class=\"cta__aw01__bus\"><img decoding=\"async\" src=\"\/wp-content\/uploads\/2023\/10\/bus-crossin-04-sk.webp\" alt=\"Crossin Autorizovan\u00fd dod\u00e1vate\u013e Autobus\"><\/div>\r\n    <\/div>\r\n<\/div>\n\n\n\n<div class=\"wp-block-column is-layout-flow wp-block-column-is-layout-flow\">    <div id=\"bv-conspectusblock_4bbe0dac8084a265a0dfeb38f4b4b774\" class=\"acf-html-block acf-html-desktop\">\r\n        <div class=\"cta__aw01__txt\"><div><div class=\"cr__head03 bright\"><h3>Sie\u0165 autorizovan\u00fdch  <br><span>dod\u00e1vate\u013eov Crossin<\/span><\/h3><\/div><p>K\u013e\u00fa\u010dom k \u00fa\u010dinnej izol\u00e1cii je spr\u00e1vne pou\u017e\u00edvanie a\u00a0spracovanie v\u00fdrobku. Autorizovan\u00ed dod\u00e1vatelia zaru\u010duj\u00fa realiz\u00e1ciu na najvy\u0161\u0161ej \u00farovni.<\/p><a class=\"link02\" href=\"https:\/\/crossin.pl\/sk\/autorizovani-dodavatelia\/\">Vyh\u013eadanie dod\u00e1vate\u013ea<\/a><\/div><\/div>\r\n    <\/div>\r\n<\/div>\n<\/div>\n<\/div>\n\n\n\n<div class=\"wp-block-column is-layout-flow wp-block-column-is-layout-flow\" style=\"flex-basis:2.5%\"><\/div>\n<\/div>\n\n\n\n<div style=\"height:200px\" aria-hidden=\"true\" class=\"wp-block-spacer nomobile\"><\/div>\n<\/div>\n<\/div>\n\n<div class=\"wp-block-columns is-layout-flex wp-container-core-columns-is-layout-9d6595d7 wp-block-columns-is-layout-flex\">\n<div class=\"wp-block-column is-layout-flow wp-block-column-is-layout-flow\">\n<h3 class=\"prod__used\">Pou\u017eit\u00e9 produkty<\/h3>\n\n<p style=\"text-align: justify;\">PUR pena s uzavret\u00fdmi bunkami Crossin Hard 50 je ur\u010den\u00e1 na izol\u00e1ciu ploch\u00fdch striech. Pena Crossin Hard 50 sa pon\u00faka len prostredn\u00edctvom autorizovan\u00fdch dod\u00e1vate\u013eov. Izol\u00e1cia Crossin Hard 50 je ur\u010den\u00e1 na vonkaj\u0161iu tepeln\u00fa izol\u00e1ciu ve\u013ek\u00fdch pl\u00f4ch ploch\u00fdch a viac\u0161ikm\u00fdch striech n\u00e1strekom. Je obzvl\u00e1\u0161\u0165 vhodn\u00e1 na izol\u00e1ciu striech priemyseln\u00fdch, po\u013enohospod\u00e1rskych a hospod\u00e1rskych budov, ako aj striech obytn\u00fdch budov.<\/p>\n<\/div>\n<\/div>\n\n<div style=\"height:60px\" aria-hidden=\"true\" class=\"wp-block-spacer nomobile\"><\/div>\n\n<div class=\"wp-block-columns is-layout-flex wp-container-core-columns-is-layout-9d6595d7 wp-block-columns-is-layout-flex\">\n<div class=\"wp-block-column is-layout-flow wp-block-column-is-layout-flow\">\n<div class=\"cr__head03\"><h3>Realiz\u00e1cie  <br\/><span>Crossin<\/span><\/h3><\/div>\n\n\n\n<div style=\"height:20px\" aria-hidden=\"true\" class=\"wp-block-spacer nomobile\"><\/div>\n\n\n<\/div>\n<\/div>\n\n<div style=\"height:100px\" aria-hidden=\"true\" class=\"wp-block-spacer nomobile\"><\/div>\n\n<div class=\"wp-block-columns alignwide cta__global__sec is-layout-flex wp-container-core-columns-is-layout-9d6595d7 wp-block-columns-is-layout-flex\">\n<div class=\"wp-block-column is-layout-flow wp-block-column-is-layout-flow\">\n<div class=\"wp-block-columns is-layout-flex wp-container-core-columns-is-layout-9d6595d7 wp-block-columns-is-layout-flex\">\n<div class=\"wp-block-column is-layout-flow wp-block-column-is-layout-flow\" style=\"flex-basis:16%\"><\/div>\n\n\n\n<div class=\"wp-block-column is-layout-flow wp-block-column-is-layout-flow\" style=\"flex-basis:39%\">\n<div class=\"cta__global__txt\"><div>\n<div class=\"cr__head03 bright\"><h3>Zavolajte, dohodnite si sch\u00f4dzku  <br\/><span>bezplatn\u00e9 ocenenie<\/span><\/h3><\/div>\n<div class=\"cta__global__tel\"><p>linka pomoci<\/p><a href=\"tel:+48665000888\"><span style=\"font-weight: lighter;font-size: 40px;\">+48<\/span> 665 000 888<\/a><\/div>\n<a class=\"link02\" href=\"https:\/\/crossin.pl\/sk\/dohodnite-si-termin-konzultacie\/\">Bezplatn\u00e1 cenov\u00e1 ponuka<\/a>\n<\/div><\/div>\n<\/div>\n\n\n\n<div class=\"wp-block-column is-layout-flow wp-block-column-is-layout-flow\" style=\"flex-basis:45%\">\n<div style=\"height:30px\" aria-hidden=\"true\" class=\"wp-block-spacer\"><\/div>\n\n\n\n<div class=\"cta__global__inz\"><img decoding=\"async\" src=\"\/wp-content\/uploads\/2023\/08\/inzynier-01.webp\" alt=\"Stavebn\u00fd in\u017einier\"\/><\/div>\n<\/div>\n<\/div>\n<\/div>\n<\/div>\n\n<div style=\"height:100px\" aria-hidden=\"true\" class=\"wp-block-spacer nomobile\"><\/div>\n\n<div style=\"height:30px\" aria-hidden=\"true\" class=\"wp-block-spacer onlymobile\"><\/div>\n\n<div class=\"wp-block-columns is-layout-flex wp-container-core-columns-is-layout-9d6595d7 wp-block-columns-is-layout-flex\">\n<div class=\"wp-block-column is-layout-flow wp-block-column-is-layout-flow\">\n<div class=\"cr__head03\"><h3>In\u00e9  <br\/><span>izola\u010dn\u00e9 slu\u017eby<\/span><\/h3><\/div>\n\n\n\n<div style=\"height:20px\" aria-hidden=\"true\" class=\"wp-block-spacer\"><\/div>\n\n\n\n<div class=\"home__service__wrap\">\n   <div class=\"home__service\">\n      <a href=\"https:\/\/crossin.pl\/sk\/ponuka\/izolacia-stropu\/\"><div class=\"home__service__item\">\n         <img decoding=\"async\" src=\"\/wp-content\/uploads\/2023\/08\/iko-domek-stropy-01.svg\" alt=\"Izol\u00e1cia stropu\"\/>\n         <h3>Stropy<\/h3>\n      <\/div><\/a>\n      <a href=\"https:\/\/crossin.pl\/sk\/ponuka\/izolacia-stien-a-ramovych-domov\/\"><div class=\"home__service__item\">\n         <img decoding=\"async\" src=\"\/wp-content\/uploads\/2023\/08\/iko-domek-sciany-01.svg\" alt=\"Izol\u00e1cia stien\"\/>\n         <h3>Steny<\/h3>\n      <\/div><\/a>\n      <a href=\"https:\/\/crossin.pl\/sk\/ponuka\/izolacia-podlahy\/\"><div class=\"home__service__item\">\n         <img decoding=\"async\" src=\"\/wp-content\/uploads\/2023\/08\/iko-domek-posadzki-01.svg\" alt=\"Izol\u00e1cia podlahy\"\/>\n         <h3>Podlahy<\/h3>\n      <\/div><\/a>\n      <a href=\"https:\/\/crossin.pl\/sk\/ponuka\/izolacia-zakladov\/\"><div class=\"home__service__item\">\n         <img decoding=\"async\" src=\"\/wp-content\/uploads\/2023\/08\/iko-domek-fundamenty-01.svg\" alt=\"Izol\u00e1cia z\u00e1kladov\"\/>\n         <h3>Z\u00e1klady<\/h3>\n      <\/div><\/a>\n      <a href=\"https:\/\/crossin.pl\/sk\/ponuka\/izolacia-terasy\/\"><div class=\"home__service__item\">\n         <img decoding=\"async\" src=\"\/wp-content\/uploads\/2023\/08\/iko-domek-tarasy-02.svg\" alt=\"Izol\u00e1cia terasy\"\/>\n         <h3>Terasy<\/h3>\n      <\/div><\/a>\n   <\/div>\n<\/div>\n<\/div>\n<\/div>\n\n<div style=\"height:100px\" aria-hidden=\"true\" class=\"wp-block-spacer nomobile\"><\/div>\n\n<div style=\"height:30px\" aria-hidden=\"true\" class=\"wp-block-spacer onlymobile\"><\/div>\n\n<div class=\"wp-block-columns alignwide pg__downloads__sec is-layout-flex wp-container-core-columns-is-layout-9d6595d7 wp-block-columns-is-layout-flex\">\n<div class=\"wp-block-column is-layout-flow wp-block-column-is-layout-flow\">\n<div style=\"height:80px\" aria-hidden=\"true\" class=\"wp-block-spacer\"><\/div>\n\n\n\n<div class=\"cr__head03\"><h3>S\u00fabory  <br\/><span>na stiahnutie<\/span><\/h3><\/div>\n\n\n\n\r\n\r\n    <div class=\"download__pdf__wrap\">\r\n\r\n                        <div class=\"download__pdf__item\">\r\n                    <a href=\"\/wp-content\/uploads\/2023\/10\/izolacia-strechy-na-betonovu-strop-hard-50.pdf\" target=\"_blank\" rel=\"noopener noreferrer\">\r\n                        <img decoding=\"async\" src=\"\/wp-content\/uploads\/2023\/08\/iko-pdf-01.svg\" alt=\"Plik Izol\u00e1cia strechy pre bet\u00f3nov\u00e9 podlahy\" title=\"Izol\u00e1cia ploch\u00fdch striech - Izol\u00e1cia strechy pre bet\u00f3nov\u00e9 podlahy\">\r\n                        <h5>Izol\u00e1cia strechy pre bet\u00f3nov\u00e9 podlahy<\/h5>\r\n                    <\/a>\r\n                <\/div>\r\n                        <div class=\"download__pdf__item\">\r\n                    <a href=\"\/wp-content\/uploads\/2023\/10\/dop-crossin-hard-50-sk-v3.pdf\" target=\"_blank\" rel=\"noopener noreferrer\">\r\n                        <img decoding=\"async\" src=\"\/wp-content\/uploads\/2023\/08\/iko-pdf-01.svg\" alt=\"Plik Vyhl\u00e1senie o parametroch - Crossin Hard 50\" title=\"Izol\u00e1cia ploch\u00fdch striech - Vyhl\u00e1senie o parametroch - Crossin Hard 50\">\r\n                        <h5>Vyhl\u00e1senie o parametroch - Crossin Hard 50<\/h5>\r\n                    <\/a>\r\n                <\/div>\r\n                        <div class=\"download__pdf__item\">\r\n                    <a href=\"\/wp-content\/uploads\/2024\/01\/TDS_CROSSIN_HARD_50_SK_v2.pdf\" target=\"_blank\" rel=\"noopener noreferrer\">\r\n                        <img decoding=\"async\" src=\"\/wp-content\/uploads\/2023\/08\/iko-pdf-01.svg\" alt=\"Plik Technick\u00fd list - Crossin Hard 50\" title=\"Izol\u00e1cia ploch\u00fdch striech - Technick\u00fd list - Crossin Hard 50\">\r\n                        <h5>Technick\u00fd list - Crossin Hard 50<\/h5>\r\n                    <\/a>\r\n                <\/div>\r\n        \r\n    <\/div>\r\n\r\n\n\n\n\n<div style=\"height:40px\" aria-hidden=\"true\" class=\"wp-block-spacer\"><\/div>\n<\/div>\n<\/div>\n","protected":false},"excerpt":{"rendered":"<p>Izol\u00e1cia ploch\u00fdch striech PUR pena Vysokokvalitn\u00fd v\u00fdrobok a odborn\u00e1 realiz\u00e1cia autorizovan\u00fdm dod\u00e1vate\u013eom s\u00fa z\u00e1rukou \u0161pi\u010dkovej kvality izol\u00e1cie. Vy\u017eiadanie slu\u017eby Produkt | Crossin Hard 50 pena s uzavret\u00fdmi bunkami Produkt | Crossin Hard 50 pena s uzavret\u00fdmi bunkami Izol\u00e1cia plochej strechy pomocou PUR peny je jednou z naj\u00fa\u010dinnej\u0161\u00edch met\u00f3d izol\u00e1cie, ktor\u00e1 zlep\u0161uje tepeln\u00e9 vlastnosti a podporuje [&hellip;]<\/p>\n","protected":false},"author":1,"featured_media":0,"parent":3486,"menu_order":70,"comment_status":"closed","ping_status":"closed","template":"page-fullwidth.php","meta":{"inline_featured_image":false,"footnotes":""},"class_list":["post-3883","page","type-page","status-publish","hentry"],"acf":[],"yoast_head":"<!-- This site is optimized with the Yoast SEO plugin v26.4 - https:\/\/yoast.com\/wordpress\/plugins\/seo\/ -->\n<title>Izol\u00e1cia ploch\u00fdch striech s PUR penou - Crossin<\/title>\n<meta name=\"description\" content=\"Izol\u00e1cia plochej strechy pomocou PUR peny je jednou z naj\u00fa\u010dinnej\u0161\u00edch met\u00f3d izol\u00e1cie ploch\u00fdch striech. Podporuje hydroizol\u00e1ciu strechy!\" \/>\n<meta name=\"robots\" content=\"index, follow, max-snippet:-1, max-image-preview:large, max-video-preview:-1\" \/>\n<link rel=\"canonical\" href=\"https:\/\/crossin.pl\/sk\/ponuka\/izolacia-plochych-striech\/\" \/>\n<meta property=\"og:locale\" content=\"sk_SK\" \/>\n<meta property=\"og:type\" content=\"article\" \/>\n<meta property=\"og:title\" content=\"Izol\u00e1cia ploch\u00fdch striech s PUR penou - Crossin\" \/>\n<meta property=\"og:description\" content=\"Izol\u00e1cia plochej strechy pomocou PUR peny je jednou z naj\u00fa\u010dinnej\u0161\u00edch met\u00f3d izol\u00e1cie ploch\u00fdch striech. Podporuje hydroizol\u00e1ciu strechy!\" \/>\n<meta property=\"og:url\" content=\"https:\/\/crossin.pl\/sk\/ponuka\/izolacia-plochych-striech\/\" \/>\n<meta property=\"og:site_name\" content=\"Crossin\" \/>\n<meta property=\"article:modified_time\" content=\"2024-01-06T16:17:43+00:00\" \/>\n<meta property=\"og:image\" content=\"https:\/\/crossin.pl\/wp-content\/uploads\/2025\/05\/crossin-01.webp\" \/>\n\t<meta property=\"og:image:width\" content=\"1200\" \/>\n\t<meta property=\"og:image:height\" content=\"675\" \/>\n\t<meta property=\"og:image:type\" content=\"image\/webp\" \/>\n<meta name=\"twitter:card\" content=\"summary_large_image\" \/>\n<meta name=\"twitter:label1\" content=\"Predpokladan\u00fd \u010das \u010d\u00edtania\" \/>\n\t<meta name=\"twitter:data1\" content=\"2 min\u00faty\" \/>\n<script type=\"application\/ld+json\" class=\"yoast-schema-graph\">{\"@context\":\"https:\/\/schema.org\",\"@graph\":[{\"@type\":\"WebPage\",\"@id\":\"https:\/\/crossin.pl\/sk\/ponuka\/izolacia-plochych-striech\/\",\"url\":\"https:\/\/crossin.pl\/sk\/ponuka\/izolacia-plochych-striech\/\",\"name\":\"Izol\u00e1cia ploch\u00fdch striech s PUR penou - Crossin\",\"isPartOf\":{\"@id\":\"https:\/\/crossin.pl\/#website\"},\"datePublished\":\"2023-08-14T16:12:14+00:00\",\"dateModified\":\"2024-01-06T16:17:43+00:00\",\"description\":\"Izol\u00e1cia plochej strechy pomocou PUR peny je jednou z naj\u00fa\u010dinnej\u0161\u00edch met\u00f3d izol\u00e1cie ploch\u00fdch striech. Podporuje hydroizol\u00e1ciu strechy!\",\"breadcrumb\":{\"@id\":\"https:\/\/crossin.pl\/sk\/ponuka\/izolacia-plochych-striech\/#breadcrumb\"},\"inLanguage\":\"sk-SK\",\"potentialAction\":[{\"@type\":\"ReadAction\",\"target\":[\"https:\/\/crossin.pl\/sk\/ponuka\/izolacia-plochych-striech\/\"]}]},{\"@type\":\"BreadcrumbList\",\"@id\":\"https:\/\/crossin.pl\/sk\/ponuka\/izolacia-plochych-striech\/#breadcrumb\",\"itemListElement\":[{\"@type\":\"ListItem\",\"position\":1,\"name\":\"Strona g\u0142\u00f3wna\",\"item\":\"https:\/\/crossin.pl\/sk\/\"},{\"@type\":\"ListItem\",\"position\":2,\"name\":\"Ponuka\",\"item\":\"https:\/\/crossin.pl\/sk\/ponuka\/\"},{\"@type\":\"ListItem\",\"position\":3,\"name\":\"Izol\u00e1cia ploch\u00fdch striech\"}]},{\"@type\":\"WebSite\",\"@id\":\"https:\/\/crossin.pl\/#website\",\"url\":\"https:\/\/crossin.pl\/\",\"name\":\"Crossin\",\"description\":\"Izolacje Pian\u0105 PUR\",\"publisher\":{\"@id\":\"https:\/\/crossin.pl\/#organization\"},\"potentialAction\":[{\"@type\":\"SearchAction\",\"target\":{\"@type\":\"EntryPoint\",\"urlTemplate\":\"https:\/\/crossin.pl\/?s={search_term_string}\"},\"query-input\":{\"@type\":\"PropertyValueSpecification\",\"valueRequired\":true,\"valueName\":\"search_term_string\"}}],\"inLanguage\":\"sk-SK\"},{\"@type\":\"Organization\",\"@id\":\"https:\/\/crossin.pl\/#organization\",\"name\":\"Crossin Insulations\",\"alternateName\":\"Crossin\",\"url\":\"https:\/\/crossin.pl\/\",\"logo\":{\"@type\":\"ImageObject\",\"inLanguage\":\"sk-SK\",\"@id\":\"https:\/\/crossin.pl\/#\/schema\/logo\/image\/\",\"url\":\"https:\/\/crossin.pl\/wp-content\/uploads\/2026\/01\/crossin_logo.svg\",\"contentUrl\":\"https:\/\/crossin.pl\/wp-content\/uploads\/2026\/01\/crossin_logo.svg\",\"caption\":\"Crossin Insulations\"},\"image\":{\"@id\":\"https:\/\/crossin.pl\/#\/schema\/logo\/image\/\"}}]}<\/script>\n<!-- \/ Yoast SEO plugin. -->","yoast_head_json":{"title":"Izol\u00e1cia ploch\u00fdch striech s PUR penou - Crossin","description":"Izol\u00e1cia plochej strechy pomocou PUR peny je jednou z naj\u00fa\u010dinnej\u0161\u00edch met\u00f3d izol\u00e1cie ploch\u00fdch striech. Podporuje hydroizol\u00e1ciu strechy!","robots":{"index":"index","follow":"follow","max-snippet":"max-snippet:-1","max-image-preview":"max-image-preview:large","max-video-preview":"max-video-preview:-1"},"canonical":"https:\/\/crossin.pl\/sk\/ponuka\/izolacia-plochych-striech\/","og_locale":"sk_SK","og_type":"article","og_title":"Izol\u00e1cia ploch\u00fdch striech s PUR penou - Crossin","og_description":"Izol\u00e1cia plochej strechy pomocou PUR peny je jednou z naj\u00fa\u010dinnej\u0161\u00edch met\u00f3d izol\u00e1cie ploch\u00fdch striech. Podporuje hydroizol\u00e1ciu strechy!","og_url":"https:\/\/crossin.pl\/sk\/ponuka\/izolacia-plochych-striech\/","og_site_name":"Crossin","article_modified_time":"2024-01-06T16:17:43+00:00","og_image":[{"width":1200,"height":675,"url":"https:\/\/crossin.pl\/wp-content\/uploads\/2025\/05\/crossin-01.webp","type":"image\/webp"}],"twitter_card":"summary_large_image","twitter_misc":{"Predpokladan\u00fd \u010das \u010d\u00edtania":"2 min\u00faty"},"schema":{"@context":"https:\/\/schema.org","@graph":[{"@type":"WebPage","@id":"https:\/\/crossin.pl\/sk\/ponuka\/izolacia-plochych-striech\/","url":"https:\/\/crossin.pl\/sk\/ponuka\/izolacia-plochych-striech\/","name":"Izol\u00e1cia ploch\u00fdch striech s PUR penou - Crossin","isPartOf":{"@id":"https:\/\/crossin.pl\/#website"},"datePublished":"2023-08-14T16:12:14+00:00","dateModified":"2024-01-06T16:17:43+00:00","description":"Izol\u00e1cia plochej strechy pomocou PUR peny je jednou z naj\u00fa\u010dinnej\u0161\u00edch met\u00f3d izol\u00e1cie ploch\u00fdch striech. Podporuje hydroizol\u00e1ciu strechy!","breadcrumb":{"@id":"https:\/\/crossin.pl\/sk\/ponuka\/izolacia-plochych-striech\/#breadcrumb"},"inLanguage":"sk-SK","potentialAction":[{"@type":"ReadAction","target":["https:\/\/crossin.pl\/sk\/ponuka\/izolacia-plochych-striech\/"]}]},{"@type":"BreadcrumbList","@id":"https:\/\/crossin.pl\/sk\/ponuka\/izolacia-plochych-striech\/#breadcrumb","itemListElement":[{"@type":"ListItem","position":1,"name":"Strona g\u0142\u00f3wna","item":"https:\/\/crossin.pl\/sk\/"},{"@type":"ListItem","position":2,"name":"Ponuka","item":"https:\/\/crossin.pl\/sk\/ponuka\/"},{"@type":"ListItem","position":3,"name":"Izol\u00e1cia ploch\u00fdch striech"}]},{"@type":"WebSite","@id":"https:\/\/crossin.pl\/#website","url":"https:\/\/crossin.pl\/","name":"Crossin","description":"Izolacje Pian\u0105 PUR","publisher":{"@id":"https:\/\/crossin.pl\/#organization"},"potentialAction":[{"@type":"SearchAction","target":{"@type":"EntryPoint","urlTemplate":"https:\/\/crossin.pl\/?s={search_term_string}"},"query-input":{"@type":"PropertyValueSpecification","valueRequired":true,"valueName":"search_term_string"}}],"inLanguage":"sk-SK"},{"@type":"Organization","@id":"https:\/\/crossin.pl\/#organization","name":"Crossin Insulations","alternateName":"Crossin","url":"https:\/\/crossin.pl\/","logo":{"@type":"ImageObject","inLanguage":"sk-SK","@id":"https:\/\/crossin.pl\/#\/schema\/logo\/image\/","url":"https:\/\/crossin.pl\/wp-content\/uploads\/2026\/01\/crossin_logo.svg","contentUrl":"https:\/\/crossin.pl\/wp-content\/uploads\/2026\/01\/crossin_logo.svg","caption":"Crossin Insulations"},"image":{"@id":"https:\/\/crossin.pl\/#\/schema\/logo\/image\/"}}]}},"_links":{"self":[{"href":"https:\/\/crossin.pl\/sk\/wp-json\/wp\/v2\/pages\/3883","targetHints":{"allow":["GET"]}}],"collection":[{"href":"https:\/\/crossin.pl\/sk\/wp-json\/wp\/v2\/pages"}],"about":[{"href":"https:\/\/crossin.pl\/sk\/wp-json\/wp\/v2\/types\/page"}],"author":[{"embeddable":true,"href":"https:\/\/crossin.pl\/sk\/wp-json\/wp\/v2\/users\/1"}],"replies":[{"embeddable":true,"href":"https:\/\/crossin.pl\/sk\/wp-json\/wp\/v2\/comments?post=3883"}],"version-history":[{"count":5,"href":"https:\/\/crossin.pl\/sk\/wp-json\/wp\/v2\/pages\/3883\/revisions"}],"predecessor-version":[{"id":3911,"href":"https:\/\/crossin.pl\/sk\/wp-json\/wp\/v2\/pages\/3883\/revisions\/3911"}],"up":[{"embeddable":true,"href":"https:\/\/crossin.pl\/sk\/wp-json\/wp\/v2\/pages\/3486"}],"wp:attachment":[{"href":"https:\/\/crossin.pl\/sk\/wp-json\/wp\/v2\/media?parent=3883"}],"curies":[{"name":"wp","href":"https:\/\/api.w.org\/{rel}","templated":true}]}}