{"id":3865,"date":"2023-08-14T18:03:00","date_gmt":"2023-08-14T16:03:00","guid":{"rendered":"https:\/\/crossin.pl\/ponuka\/izolacia-stropu\/"},"modified":"2024-01-06T17:11:30","modified_gmt":"2024-01-06T16:11:30","slug":"izolacia-stropu","status":"publish","type":"page","link":"https:\/\/crossin.pl\/sk\/ponuka\/izolacia-stropu\/","title":{"rendered":"Izol\u00e1cia stropu"},"content":{"rendered":"\n<div style=\"height:20px\" aria-hidden=\"true\" class=\"wp-block-spacer\"><\/div>\n\n<div class=\"wp-block-columns is-layout-flex wp-container-core-columns-is-layout-9d6595d7 wp-block-columns-is-layout-flex\">\n<div class=\"wp-block-column is-layout-flow wp-block-column-is-layout-flow\">\n<div class=\"wp-block-columns is-layout-flex wp-container-core-columns-is-layout-9d6595d7 wp-block-columns-is-layout-flex\">\n<div class=\"wp-block-column is-layout-flow wp-block-column-is-layout-flow\" style=\"flex-basis:50%\">\n<div style=\"height:30px\" aria-hidden=\"true\" class=\"wp-block-spacer nomobile\"><\/div>\n\n\n\n<div class=\"pg__top__intro\">\n<div class=\"cr__head02\"><h2>Izol\u00e1cia stropu  <br\/><span>PUR pena<\/span><\/h2><\/div>\n<p>Odborn\u00e1 realiz\u00e1cia autorizovan\u00fdm dod\u00e1vate\u013eom a pou\u017eitie vysokokvalitn\u00e9ho v\u00fdrobku znamen\u00e1 \u00fa\u010dinn\u00fa izol\u00e1ciu!<\/p>\n<a class=\"link02 linkserv\" href=\"https:\/\/crossin.pl\/sk\/dohodnite-si-termin-konzultacie\/\">Vy\u017eiadanie slu\u017eby<\/a>\n<\/div>\n\n\n\n<div style=\"height:30px\" aria-hidden=\"true\" class=\"wp-block-spacer nomobile\"><\/div>\n\n\n\n<div class=\"bar__hori__wrap\"><div class=\"bar__hori__left01\"><div class=\"pg__top__bar__hori\"><p>Produkt | Crossin Attic Soft<\/p><p class=\"pg__top__bar__hori__sub\">pena s otvoren\u00fdmi bunkami<\/p><\/div><\/div><\/div>\n<\/div>\n\n\n\n<div class=\"wp-block-column is-layout-flow wp-block-column-is-layout-flow\" style=\"flex-basis:40%\">\n<img decoding=\"async\" class=\"pg__top__intro__img\" src=\"\/wp-content\/uploads\/2023\/08\/pg-srv-izolacja-stropu-01.webp\" alt=\"Penov\u00e1 izol\u00e1cia stropu\"\/>\n\n\n\n<div class=\"pg__top__bar__hori__mob onlymobile\"><p>Produkt | Crossin Attic Soft<\/p><p class=\"pg__top__bar__hori__sub\">pena s otvoren\u00fdmi bunkami<\/p><\/div>\n<\/div>\n\n\n\n<div class=\"wp-block-column is-layout-flow wp-block-column-is-layout-flow\" style=\"flex-basis:10%\">\n<div style=\"height:30px\" aria-hidden=\"true\" class=\"wp-block-spacer nomobile\"><\/div>\n\n\n\n<div class=\"bar__hori__right01\"><\/div>\n<\/div>\n<\/div>\n<\/div>\n<\/div>\n\n<div class=\"wp-block-columns is-layout-flex wp-container-core-columns-is-layout-9d6595d7 wp-block-columns-is-layout-flex\">\n<div class=\"wp-block-column is-layout-flow wp-block-column-is-layout-flow\">\n<div style=\"height:20px\" aria-hidden=\"true\" class=\"wp-block-spacer nomobile\"><\/div>\n\n\n\n<p style=\"text-align: justify;\">Izol\u00e1ciu stropu pomocou PUR peny Crossin vykon\u00e1vaj\u00fa autorizovan\u00ed dod\u00e1vatelia certifikovan\u00ed v\u00fdrobcom.\nZhotovitelia Crossin zaru\u010duj\u00fa odborn\u00fa aplik\u00e1ciu a spracovanie v\u00fdrobku v s\u00falade s technick\u00fdm listom. <\/p>\n<p style=\"text-align: justify;\">Izol\u00e1cia stropu pomocou PUR peny vytv\u00e1ra tesn\u00fa izola\u010dn\u00fa vrstvu.\nTechnol\u00f3gia striekania PUR peny umo\u017e\u0148uje aplik\u00e1ciu na horn\u00fa aj spodn\u00fa \u010das\u0165 stropu.\nIzola\u010dn\u00e1 vrstva bez tepeln\u00fdch mostov dosahuje vysok\u00e9 izola\u010dn\u00e9 parametre, ktor\u00e9 sa zachov\u00e1vaj\u00fa po\u010das celej \u017eivotnosti domu.\nPUR pena je odoln\u00e1 vo\u010di vzniku plesn\u00ed a h\u00fab a predstavuje prostredie, v ktorom sa neusadzuj\u00fa hlodavce a kuny.   <\/p>\n\n\n\n<h3>Pre\u010do si vybra\u0165 stropn\u00fa izol\u00e1ciu z PUR peny Crossin?<\/h3>\n<ul>\n<li>V\u00fdkon sk\u00fasen\u00e9ho autorizovan\u00e9ho dod\u00e1vate\u013ea<\/li>\n<li>Mo\u017eno strieka\u0165 z hornej aj spodnej \u010dasti stropu<\/li>\n<li>Odoln\u00fd vo\u010di vetru a z\u00e1rove\u0148 priedu\u0161n\u00fd<\/li>\n<li>Vysok\u00e1 a \u00fa\u010dinn\u00e1 tepeln\u00e1 izol\u00e1cia<\/li>\n<li>Odstr\u00e1nenie tepeln\u00fdch mostov<\/li>\n<li>N\u00edzka tepeln\u00e1 vodivos\u0165 \u03bbD = 0,037 W\/(m-K)<\/li>\n<li>Efekt\u00edvne vyplnenie \u0165a\u017eko pr\u00edstupn\u00fdch oblast\u00ed<\/li>\n<li>Mo\u017eno aplikova\u0165 priamo na r\u00f4zne druhy materi\u00e1lov (napr. drevo, f\u00f3lie, plech, bet\u00f3n)<\/li>\n<li>Odolnos\u0165 vo\u010di rastu plesn\u00ed a huby<\/li>\n<li>Vynikaj\u00faca zvukov\u00e1 izol\u00e1cia<\/li>\n<li>N\u00edzka nasiakavos\u0165 a vynikaj\u00faci odvod vlhkosti<\/li>\n<li>Kr\u00e1tkodob\u00e1 absorpcia vody pri \u010diasto\u010dnom ponoren\u00ed Wp\u22640,85 kg\/m2<\/li>\n<\/ul>\n<\/div>\n<\/div>\n\n<div class=\"wp-block-columns is-layout-flex wp-container-core-columns-is-layout-9d6595d7 wp-block-columns-is-layout-flex\">\n<div class=\"wp-block-column is-layout-flow wp-block-column-is-layout-flow\">\n<div style=\"height:60px\" aria-hidden=\"true\" class=\"wp-block-spacer nomobile\"><\/div>\n\n\n\n<div class=\"wp-block-columns nogap is-layout-flex wp-container-core-columns-is-layout-9d6595d7 wp-block-columns-is-layout-flex\">\n<div class=\"wp-block-column is-layout-flow wp-block-column-is-layout-flow\" style=\"flex-basis:2.5%\"><\/div>\n\n\n\n<div class=\"wp-block-column cta__aw01__video__sec is-layout-flow wp-block-column-is-layout-flow\" style=\"flex-basis:95%\">    <div id=\"bv-conspectusblock_938daeb98a88dd524c0df25b41514a50\" class=\"acf-html-block acf-html-desktop\">\r\n        <div class=\"cta__aw01__video__wrap\"><video class=\"cta__aw01__video\" autoplay=\"\" loop=\"\" muted=\"\" playsinline=\"\"><source src=\"\/wp-content\/uploads\/2023\/08\/cta-aw-desktop-01.webm\" type=\"video\/webm\"><\/source><\/video><\/div>\r\n    <\/div>\r\n\n\n\n<div class=\"wp-block-columns is-layout-flex wp-container-core-columns-is-layout-9d6595d7 wp-block-columns-is-layout-flex\">\n<div class=\"wp-block-column is-layout-flow wp-block-column-is-layout-flow\">    <div id=\"bv-conspectusblock_6414ef872911d63e292c1e5769475ff7\" class=\"acf-html-block acf-html-desktop\">\r\n        <div class=\"cta__aw01__bus\"><img decoding=\"async\" src=\"\/wp-content\/uploads\/2023\/10\/bus-crossin-04-sk.webp\" alt=\"Crossin Autorizovan\u00fd dod\u00e1vate\u013e Autobus\"><\/div>\r\n    <\/div>\r\n<\/div>\n\n\n\n<div class=\"wp-block-column is-layout-flow wp-block-column-is-layout-flow\">    <div id=\"bv-conspectusblock_3cf8de956c19c66d29e547a9e8822cf1\" class=\"acf-html-block acf-html-desktop\">\r\n        <div class=\"cta__aw01__txt\"><div><div class=\"cr__head03 bright\"><h3>Sie\u0165 autorizovan\u00fdch  <br><span>dod\u00e1vate\u013eov Crossin<\/span><\/h3><\/div><p>K\u013e\u00fa\u010dom k \u00fa\u010dinnej izol\u00e1cii je spr\u00e1vne pou\u017e\u00edvanie a\u00a0spracovanie v\u00fdrobku. Autorizovan\u00ed dod\u00e1vatelia zaru\u010duj\u00fa realiz\u00e1ciu na najvy\u0161\u0161ej \u00farovni.<\/p><a class=\"link02\" href=\"https:\/\/crossin.pl\/sk\/autorizovani-dodavatelia\/\">Vyh\u013eadanie dod\u00e1vate\u013ea<\/a><\/div><\/div>\r\n    <\/div>\r\n<\/div>\n<\/div>\n<\/div>\n\n\n\n<div class=\"wp-block-column is-layout-flow wp-block-column-is-layout-flow\" style=\"flex-basis:2.5%\"><\/div>\n<\/div>\n\n\n\n<div style=\"height:200px\" aria-hidden=\"true\" class=\"wp-block-spacer nomobile\"><\/div>\n<\/div>\n<\/div>\n\n<div class=\"wp-block-columns is-layout-flex wp-container-core-columns-is-layout-9d6595d7 wp-block-columns-is-layout-flex\">\n<div class=\"wp-block-column is-layout-flow wp-block-column-is-layout-flow\">\n<h3 class=\"prod__used\">Pou\u017eit\u00e9 produkty<\/h3>\n\n<p style=\"text-align: justify;\">Na izol\u00e1ciu stropu sa pou\u017e\u00edva otvoren\u00e1 PUR pena Crossin Attic Soft. M\u00e4kk\u00e1 pena Crossin Attic je ur\u010den\u00e1 na vn\u00fatorn\u00fa tepeln\u00fa a akustick\u00fa izol\u00e1ciu striekan\u00edm. Pou\u017e\u00edva sa na \u00fa\u010dinn\u00fa izol\u00e1ciu podkrovia, r\u00f4znych typov stre\u0161n\u00fdch kryt\u00edn, stropov a vn\u00fatorn\u00fdch stien. Je ide\u00e1lny pre dreven\u00e9, murovan\u00e9, oce\u013eov\u00e9 a r\u00e1mov\u00e9 kon\u0161trukcie.<\/p>\n<\/div>\n<\/div>\n\n<div style=\"height:60px\" aria-hidden=\"true\" class=\"wp-block-spacer nomobile\"><\/div>\n\n<div class=\"wp-block-columns is-layout-flex wp-container-core-columns-is-layout-9d6595d7 wp-block-columns-is-layout-flex\">\n<div class=\"wp-block-column is-layout-flow wp-block-column-is-layout-flow\">\n<div class=\"cr__head03\"><h3>Realiz\u00e1cie  <br\/><span>Crossin<\/span><\/h3><\/div>\n\n\n\n<div style=\"height:20px\" aria-hidden=\"true\" class=\"wp-block-spacer nomobile\"><\/div>\n\n\n<\/div>\n<\/div>\n\n<div style=\"height:100px\" aria-hidden=\"true\" class=\"wp-block-spacer nomobile\"><\/div>\n\n<div class=\"wp-block-columns alignwide cta__global__sec is-layout-flex wp-container-core-columns-is-layout-9d6595d7 wp-block-columns-is-layout-flex\">\n<div class=\"wp-block-column is-layout-flow wp-block-column-is-layout-flow\">\n<div class=\"wp-block-columns is-layout-flex wp-container-core-columns-is-layout-9d6595d7 wp-block-columns-is-layout-flex\">\n<div class=\"wp-block-column is-layout-flow wp-block-column-is-layout-flow\" style=\"flex-basis:16%\"><\/div>\n\n\n\n<div class=\"wp-block-column is-layout-flow wp-block-column-is-layout-flow\" style=\"flex-basis:39%\">\n<div class=\"cta__global__txt\"><div>\n<div class=\"cr__head03 bright\"><h3>Zavolajte, dohodnite si sch\u00f4dzku  <br\/><span>bezplatn\u00e9 ocenenie<\/span><\/h3><\/div>\n<div class=\"cta__global__tel\"><p>linka pomoci<\/p><a href=\"tel:+48665000888\"><span style=\"font-weight: lighter;font-size: 40px;\">+48<\/span> 665 000 888<\/a><\/div>\n<a class=\"link02\" href=\"https:\/\/crossin.pl\/sk\/dohodnite-si-termin-konzultacie\/\">Bezplatn\u00e1 cenov\u00e1 ponuka<\/a>\n<\/div><\/div>\n<\/div>\n\n\n\n<div class=\"wp-block-column is-layout-flow wp-block-column-is-layout-flow\" style=\"flex-basis:45%\">\n<div style=\"height:30px\" aria-hidden=\"true\" class=\"wp-block-spacer\"><\/div>\n\n\n\n<div class=\"cta__global__inz\"><img decoding=\"async\" src=\"\/wp-content\/uploads\/2023\/08\/inzynier-01.webp\" alt=\"Stavebn\u00fd in\u017einier\"\/><\/div>\n<\/div>\n<\/div>\n<\/div>\n<\/div>\n\n<div style=\"height:100px\" aria-hidden=\"true\" class=\"wp-block-spacer nomobile\"><\/div>\n\n<div style=\"height:30px\" aria-hidden=\"true\" class=\"wp-block-spacer onlymobile\"><\/div>\n\n<div class=\"wp-block-columns is-layout-flex wp-container-core-columns-is-layout-9d6595d7 wp-block-columns-is-layout-flex\">\n<div class=\"wp-block-column is-layout-flow wp-block-column-is-layout-flow\">\n<div class=\"cr__head03\"><h3>In\u00e9  <br\/><span>izola\u010dn\u00e9 slu\u017eby<\/span><\/h3><\/div>\n\n\n\n<div style=\"height:20px\" aria-hidden=\"true\" class=\"wp-block-spacer\"><\/div>\n\n\n\n<div class=\"home__service__wrap\">\n   <div class=\"home__service\">\n      <a href=\"https:\/\/crossin.pl\/sk\/ponuka\/izolacia-podkrovia\/\"><div class=\"home__service__item\">\n         <img decoding=\"async\" src=\"\/wp-content\/uploads\/2023\/08\/iko-domek-poddasza-01.svg\" alt=\"Izol\u00e1cia podkrovia\"\/>\n         <h3>Podkrovia<\/h3>\n      <\/div><\/a>\n      <a href=\"https:\/\/crossin.pl\/sk\/ponuka\/izolacia-stien-a-ramovych-domov\/\"><div class=\"home__service__item\">\n         <img decoding=\"async\" src=\"\/wp-content\/uploads\/2023\/08\/iko-domek-sciany-01.svg\" alt=\"Izol\u00e1cia stien\"\/>\n         <h3>Steny<\/h3>\n      <\/div><\/a>\n      <a href=\"https:\/\/crossin.pl\/sk\/ponuka\/izolacia-podlahy\/\"><div class=\"home__service__item\">\n         <img decoding=\"async\" src=\"\/wp-content\/uploads\/2023\/08\/iko-domek-posadzki-01.svg\" alt=\"Izol\u00e1cia podlahy\"\/>\n         <h3>Podlahy<\/h3>\n      <\/div><\/a>\n      <a href=\"https:\/\/crossin.pl\/sk\/ponuka\/izolacia-zakladov\/\"><div class=\"home__service__item\">\n         <img decoding=\"async\" src=\"\/wp-content\/uploads\/2023\/08\/iko-domek-fundamenty-01.svg\" alt=\"Izol\u00e1cia z\u00e1kladov\"\/>\n         <h3>Z\u00e1klady<\/h3>\n      <\/div><\/a>\n      <a href=\"https:\/\/crossin.pl\/sk\/ponuka\/izolacia-terasy\/\"><div class=\"home__service__item\">\n         <img decoding=\"async\" src=\"\/wp-content\/uploads\/2023\/08\/iko-domek-tarasy-02.svg\" alt=\"Izol\u00e1cia terasy\"\/>\n         <h3>Terasy<\/h3>\n      <\/div><\/a>\n   <\/div>\n<\/div>\n<\/div>\n<\/div>\n\n<div style=\"height:100px\" aria-hidden=\"true\" class=\"wp-block-spacer nomobile\"><\/div>\n\n<div style=\"height:30px\" aria-hidden=\"true\" class=\"wp-block-spacer onlymobile\"><\/div>\n\n<div class=\"wp-block-columns alignwide pg__downloads__sec is-layout-flex wp-container-core-columns-is-layout-9d6595d7 wp-block-columns-is-layout-flex\">\n<div class=\"wp-block-column is-layout-flow wp-block-column-is-layout-flow\">\n<div style=\"height:80px\" aria-hidden=\"true\" class=\"wp-block-spacer\"><\/div>\n\n\n\n<div class=\"cr__head03\"><h3>S\u00fabory  <br\/><span>na stiahnutie<\/span><\/h3><\/div>\n\n\n\n\r\n\r\n    <div class=\"download__pdf__wrap\">\r\n\r\n                        <div class=\"download__pdf__item\">\r\n                    <a href=\"\/wp-content\/uploads\/2023\/10\/izolacia-stropu.pdf\" target=\"_blank\" rel=\"noopener noreferrer\">\r\n                        <img decoding=\"async\" src=\"\/wp-content\/uploads\/2023\/08\/iko-pdf-01.svg\" alt=\"Plik Izol\u00e1cia stropu\" title=\"Izol\u00e1cia stropu - Izol\u00e1cia stropu\">\r\n                        <h5>Izol\u00e1cia stropu<\/h5>\r\n                    <\/a>\r\n                <\/div>\r\n                        <div class=\"download__pdf__item\">\r\n                    <a href=\"\/wp-content\/uploads\/2023\/11\/DOP_Crossin_Attic_Soft_SK_v2-3.pdf\" target=\"_blank\" rel=\"noopener noreferrer\">\r\n                        <img decoding=\"async\" src=\"\/wp-content\/uploads\/2023\/08\/iko-pdf-01.svg\" alt=\"Plik Vyhl\u00e1senie o parametroch - Crossin Attic Soft\" title=\"Izol\u00e1cia stropu - Vyhl\u00e1senie o parametroch - Crossin Attic Soft\">\r\n                        <h5>Vyhl\u00e1senie o parametroch - Crossin Attic Soft<\/h5>\r\n                    <\/a>\r\n                <\/div>\r\n                        <div class=\"download__pdf__item\">\r\n                    <a href=\"\/wp-content\/uploads\/2024\/01\/STW_Crossin_Attic_Soft_SK_v8.pdf\" target=\"_blank\" rel=\"noopener noreferrer\">\r\n                        <img decoding=\"async\" src=\"\/wp-content\/uploads\/2023\/08\/iko-pdf-01.svg\" alt=\"Plik Technick\u00fd list - Crossin Attic Soft\" title=\"Izol\u00e1cia stropu - Technick\u00fd list - Crossin Attic Soft\">\r\n                        <h5>Technick\u00fd list - Crossin Attic Soft<\/h5>\r\n                    <\/a>\r\n                <\/div>\r\n        \r\n    <\/div>\r\n\r\n\n\n\n\n<div style=\"height:40px\" aria-hidden=\"true\" class=\"wp-block-spacer\"><\/div>\n<\/div>\n<\/div>\n","protected":false},"excerpt":{"rendered":"<p>Izol\u00e1cia stropu PUR pena Odborn\u00e1 realiz\u00e1cia autorizovan\u00fdm dod\u00e1vate\u013eom a pou\u017eitie vysokokvalitn\u00e9ho v\u00fdrobku znamen\u00e1 \u00fa\u010dinn\u00fa izol\u00e1ciu! Vy\u017eiadanie slu\u017eby Produkt | Crossin Attic Soft pena s otvoren\u00fdmi bunkami Produkt | Crossin Attic Soft pena s otvoren\u00fdmi bunkami Izol\u00e1ciu stropu pomocou PUR peny Crossin vykon\u00e1vaj\u00fa autorizovan\u00ed dod\u00e1vatelia certifikovan\u00ed v\u00fdrobcom. Zhotovitelia Crossin zaru\u010duj\u00fa odborn\u00fa aplik\u00e1ciu a spracovanie v\u00fdrobku v [&hellip;]<\/p>\n","protected":false},"author":1,"featured_media":0,"parent":3486,"menu_order":45,"comment_status":"closed","ping_status":"closed","template":"page-fullwidth.php","meta":{"inline_featured_image":false,"footnotes":""},"class_list":["post-3865","page","type-page","status-publish","hentry"],"acf":[],"yoast_head":"<!-- This site is optimized with the Yoast SEO plugin v26.4 - https:\/\/yoast.com\/wordpress\/plugins\/seo\/ -->\n<title>Izol\u00e1cia stropu z PUR peny - Crossin<\/title>\n<meta name=\"description\" content=\"Izol\u00e1cia stropu pomocou PUR peny umo\u017e\u0148uje vytvori\u0165 vzduchotesn\u00fa izola\u010dn\u00fa vrstvu zhora aj zdola. Pr\u00ed\u010fte sa pozrie\u0165!\" \/>\n<meta name=\"robots\" content=\"index, follow, max-snippet:-1, max-image-preview:large, max-video-preview:-1\" \/>\n<link rel=\"canonical\" href=\"https:\/\/crossin.pl\/sk\/ponuka\/izolacia-stropu\/\" \/>\n<meta property=\"og:locale\" content=\"sk_SK\" \/>\n<meta property=\"og:type\" content=\"article\" \/>\n<meta property=\"og:title\" content=\"Izol\u00e1cia stropu z PUR peny - Crossin\" \/>\n<meta property=\"og:description\" content=\"Izol\u00e1cia stropu pomocou PUR peny umo\u017e\u0148uje vytvori\u0165 vzduchotesn\u00fa izola\u010dn\u00fa vrstvu zhora aj zdola. Pr\u00ed\u010fte sa pozrie\u0165!\" \/>\n<meta property=\"og:url\" content=\"https:\/\/crossin.pl\/sk\/ponuka\/izolacia-stropu\/\" \/>\n<meta property=\"og:site_name\" content=\"Crossin\" \/>\n<meta property=\"article:modified_time\" content=\"2024-01-06T16:11:30+00:00\" \/>\n<meta property=\"og:image\" content=\"https:\/\/crossin.pl\/wp-content\/uploads\/2025\/05\/crossin-01.webp\" \/>\n\t<meta property=\"og:image:width\" content=\"1200\" \/>\n\t<meta property=\"og:image:height\" content=\"675\" \/>\n\t<meta property=\"og:image:type\" content=\"image\/webp\" \/>\n<meta name=\"twitter:card\" content=\"summary_large_image\" \/>\n<meta name=\"twitter:label1\" content=\"Predpokladan\u00fd \u010das \u010d\u00edtania\" \/>\n\t<meta name=\"twitter:data1\" content=\"2 min\u00faty\" \/>\n<script type=\"application\/ld+json\" class=\"yoast-schema-graph\">{\"@context\":\"https:\/\/schema.org\",\"@graph\":[{\"@type\":\"WebPage\",\"@id\":\"https:\/\/crossin.pl\/sk\/ponuka\/izolacia-stropu\/\",\"url\":\"https:\/\/crossin.pl\/sk\/ponuka\/izolacia-stropu\/\",\"name\":\"Izol\u00e1cia stropu z PUR peny - Crossin\",\"isPartOf\":{\"@id\":\"https:\/\/crossin.pl\/#website\"},\"datePublished\":\"2023-08-14T16:03:00+00:00\",\"dateModified\":\"2024-01-06T16:11:30+00:00\",\"description\":\"Izol\u00e1cia stropu pomocou PUR peny umo\u017e\u0148uje vytvori\u0165 vzduchotesn\u00fa izola\u010dn\u00fa vrstvu zhora aj zdola. Pr\u00ed\u010fte sa pozrie\u0165!\",\"breadcrumb\":{\"@id\":\"https:\/\/crossin.pl\/sk\/ponuka\/izolacia-stropu\/#breadcrumb\"},\"inLanguage\":\"sk-SK\",\"potentialAction\":[{\"@type\":\"ReadAction\",\"target\":[\"https:\/\/crossin.pl\/sk\/ponuka\/izolacia-stropu\/\"]}]},{\"@type\":\"BreadcrumbList\",\"@id\":\"https:\/\/crossin.pl\/sk\/ponuka\/izolacia-stropu\/#breadcrumb\",\"itemListElement\":[{\"@type\":\"ListItem\",\"position\":1,\"name\":\"Strona g\u0142\u00f3wna\",\"item\":\"https:\/\/crossin.pl\/sk\/\"},{\"@type\":\"ListItem\",\"position\":2,\"name\":\"Ponuka\",\"item\":\"https:\/\/crossin.pl\/sk\/ponuka\/\"},{\"@type\":\"ListItem\",\"position\":3,\"name\":\"Izol\u00e1cia stropu\"}]},{\"@type\":\"WebSite\",\"@id\":\"https:\/\/crossin.pl\/#website\",\"url\":\"https:\/\/crossin.pl\/\",\"name\":\"Crossin\",\"description\":\"Izolacje Pian\u0105 PUR\",\"publisher\":{\"@id\":\"https:\/\/crossin.pl\/#organization\"},\"potentialAction\":[{\"@type\":\"SearchAction\",\"target\":{\"@type\":\"EntryPoint\",\"urlTemplate\":\"https:\/\/crossin.pl\/?s={search_term_string}\"},\"query-input\":{\"@type\":\"PropertyValueSpecification\",\"valueRequired\":true,\"valueName\":\"search_term_string\"}}],\"inLanguage\":\"sk-SK\"},{\"@type\":\"Organization\",\"@id\":\"https:\/\/crossin.pl\/#organization\",\"name\":\"Crossin Insulations\",\"alternateName\":\"Crossin\",\"url\":\"https:\/\/crossin.pl\/\",\"logo\":{\"@type\":\"ImageObject\",\"inLanguage\":\"sk-SK\",\"@id\":\"https:\/\/crossin.pl\/#\/schema\/logo\/image\/\",\"url\":\"https:\/\/crossin.pl\/wp-content\/uploads\/2026\/01\/crossin_logo.svg\",\"contentUrl\":\"https:\/\/crossin.pl\/wp-content\/uploads\/2026\/01\/crossin_logo.svg\",\"caption\":\"Crossin Insulations\"},\"image\":{\"@id\":\"https:\/\/crossin.pl\/#\/schema\/logo\/image\/\"}}]}<\/script>\n<!-- \/ Yoast SEO plugin. -->","yoast_head_json":{"title":"Izol\u00e1cia stropu z PUR peny - Crossin","description":"Izol\u00e1cia stropu pomocou PUR peny umo\u017e\u0148uje vytvori\u0165 vzduchotesn\u00fa izola\u010dn\u00fa vrstvu zhora aj zdola. Pr\u00ed\u010fte sa pozrie\u0165!","robots":{"index":"index","follow":"follow","max-snippet":"max-snippet:-1","max-image-preview":"max-image-preview:large","max-video-preview":"max-video-preview:-1"},"canonical":"https:\/\/crossin.pl\/sk\/ponuka\/izolacia-stropu\/","og_locale":"sk_SK","og_type":"article","og_title":"Izol\u00e1cia stropu z PUR peny - Crossin","og_description":"Izol\u00e1cia stropu pomocou PUR peny umo\u017e\u0148uje vytvori\u0165 vzduchotesn\u00fa izola\u010dn\u00fa vrstvu zhora aj zdola. Pr\u00ed\u010fte sa pozrie\u0165!","og_url":"https:\/\/crossin.pl\/sk\/ponuka\/izolacia-stropu\/","og_site_name":"Crossin","article_modified_time":"2024-01-06T16:11:30+00:00","og_image":[{"width":1200,"height":675,"url":"https:\/\/crossin.pl\/wp-content\/uploads\/2025\/05\/crossin-01.webp","type":"image\/webp"}],"twitter_card":"summary_large_image","twitter_misc":{"Predpokladan\u00fd \u010das \u010d\u00edtania":"2 min\u00faty"},"schema":{"@context":"https:\/\/schema.org","@graph":[{"@type":"WebPage","@id":"https:\/\/crossin.pl\/sk\/ponuka\/izolacia-stropu\/","url":"https:\/\/crossin.pl\/sk\/ponuka\/izolacia-stropu\/","name":"Izol\u00e1cia stropu z PUR peny - Crossin","isPartOf":{"@id":"https:\/\/crossin.pl\/#website"},"datePublished":"2023-08-14T16:03:00+00:00","dateModified":"2024-01-06T16:11:30+00:00","description":"Izol\u00e1cia stropu pomocou PUR peny umo\u017e\u0148uje vytvori\u0165 vzduchotesn\u00fa izola\u010dn\u00fa vrstvu zhora aj zdola. Pr\u00ed\u010fte sa pozrie\u0165!","breadcrumb":{"@id":"https:\/\/crossin.pl\/sk\/ponuka\/izolacia-stropu\/#breadcrumb"},"inLanguage":"sk-SK","potentialAction":[{"@type":"ReadAction","target":["https:\/\/crossin.pl\/sk\/ponuka\/izolacia-stropu\/"]}]},{"@type":"BreadcrumbList","@id":"https:\/\/crossin.pl\/sk\/ponuka\/izolacia-stropu\/#breadcrumb","itemListElement":[{"@type":"ListItem","position":1,"name":"Strona g\u0142\u00f3wna","item":"https:\/\/crossin.pl\/sk\/"},{"@type":"ListItem","position":2,"name":"Ponuka","item":"https:\/\/crossin.pl\/sk\/ponuka\/"},{"@type":"ListItem","position":3,"name":"Izol\u00e1cia stropu"}]},{"@type":"WebSite","@id":"https:\/\/crossin.pl\/#website","url":"https:\/\/crossin.pl\/","name":"Crossin","description":"Izolacje Pian\u0105 PUR","publisher":{"@id":"https:\/\/crossin.pl\/#organization"},"potentialAction":[{"@type":"SearchAction","target":{"@type":"EntryPoint","urlTemplate":"https:\/\/crossin.pl\/?s={search_term_string}"},"query-input":{"@type":"PropertyValueSpecification","valueRequired":true,"valueName":"search_term_string"}}],"inLanguage":"sk-SK"},{"@type":"Organization","@id":"https:\/\/crossin.pl\/#organization","name":"Crossin Insulations","alternateName":"Crossin","url":"https:\/\/crossin.pl\/","logo":{"@type":"ImageObject","inLanguage":"sk-SK","@id":"https:\/\/crossin.pl\/#\/schema\/logo\/image\/","url":"https:\/\/crossin.pl\/wp-content\/uploads\/2026\/01\/crossin_logo.svg","contentUrl":"https:\/\/crossin.pl\/wp-content\/uploads\/2026\/01\/crossin_logo.svg","caption":"Crossin Insulations"},"image":{"@id":"https:\/\/crossin.pl\/#\/schema\/logo\/image\/"}}]}},"_links":{"self":[{"href":"https:\/\/crossin.pl\/sk\/wp-json\/wp\/v2\/pages\/3865","targetHints":{"allow":["GET"]}}],"collection":[{"href":"https:\/\/crossin.pl\/sk\/wp-json\/wp\/v2\/pages"}],"about":[{"href":"https:\/\/crossin.pl\/sk\/wp-json\/wp\/v2\/types\/page"}],"author":[{"embeddable":true,"href":"https:\/\/crossin.pl\/sk\/wp-json\/wp\/v2\/users\/1"}],"replies":[{"embeddable":true,"href":"https:\/\/crossin.pl\/sk\/wp-json\/wp\/v2\/comments?post=3865"}],"version-history":[{"count":5,"href":"https:\/\/crossin.pl\/sk\/wp-json\/wp\/v2\/pages\/3865\/revisions"}],"predecessor-version":[{"id":3897,"href":"https:\/\/crossin.pl\/sk\/wp-json\/wp\/v2\/pages\/3865\/revisions\/3897"}],"up":[{"embeddable":true,"href":"https:\/\/crossin.pl\/sk\/wp-json\/wp\/v2\/pages\/3486"}],"wp:attachment":[{"href":"https:\/\/crossin.pl\/sk\/wp-json\/wp\/v2\/media?parent=3865"}],"curies":[{"name":"wp","href":"https:\/\/api.w.org\/{rel}","templated":true}]}}