{"id":3793,"date":"2023-08-14T17:59:42","date_gmt":"2023-08-14T15:59:42","guid":{"rendered":"https:\/\/crossin.pl\/o-spolocnosti-crossin\/"},"modified":"2024-12-05T10:36:34","modified_gmt":"2024-12-05T09:36:34","slug":"o-spolocnosti-crossin","status":"publish","type":"page","link":"https:\/\/crossin.pl\/sk\/o-spolocnosti-crossin\/","title":{"rendered":"O Crossin"},"content":{"rendered":"\n<div class=\"wp-block-columns is-layout-flex wp-container-core-columns-is-layout-9d6595d7 wp-block-columns-is-layout-flex\">\n<div class=\"wp-block-column is-layout-flow wp-block-column-is-layout-flow\">\n<div class=\"wp-block-columns is-layout-flex wp-container-core-columns-is-layout-9d6595d7 wp-block-columns-is-layout-flex\">\n<div class=\"wp-block-column justifaj is-layout-flow wp-block-column-is-layout-flow\">\n<p>Crossin je inovat\u00edvny rad polyuret\u00e1nov\u00fdch izol\u00e1ci\u00ed <a class=\"colo1\" href=\"https:\/\/www.products.pcc.eu\/sk\/striekana-izolacia\/\">skupiny PCC<\/a>. Striekan\u00e1 izol\u00e1cia Crossin PUR sa pou\u017e\u00edva ako profesion\u00e1lna izol\u00e1cia podkrov\u00ed, stien, stropov, striech a z\u00e1kladov.\n\u00da\u010dinnos\u0165 v\u00fdrobkov Crossin je v\u00fdsledkom vysokej kvalifik\u00e1cie zamestnancov a vych\u00e1dza z viac ako 40 rokov sk\u00fasenost\u00ed a znalost\u00ed v oblasti polyuret\u00e1nov\u00fdch izol\u00e1ci\u00ed. <\/p>\n\n\n\n<p>Vzh\u013eadom na to, ak\u00e9 d\u00f4le\u017eit\u00e9 je spr\u00e1vne spracovanie v\u00fdrobku a presn\u00e1 aplik\u00e1cia v procese izol\u00e1cie striekanou PUR penou, sa v\u00fdrobca v\u00fdrobkov Crossin rozhodol spolupracova\u0165 len s vybran\u00fdmi sk\u00fasen\u00fdmi dod\u00e1vate\u013emi.<\/p>\n\n\n\n<p>Autorizovan\u00ed dod\u00e1vatelia spolo\u010dnosti Crossin zaru\u010duj\u00fa, \u017ee v\u00fdrobok je spracovan\u00fd v s\u00falade s odpor\u00fa\u010daniami uveden\u00fdmi v technickom liste a \u017ee izol\u00e1cia je vykonan\u00e1 pod\u013ea najvy\u0161\u0161\u00edch \u0161tandardov, ktor\u00e9 sa o\u010dak\u00e1vaj\u00fa v modernom stavebn\u00edctve.<\/p>\n<\/div>\n<\/div>\n<\/div>\n<\/div>\n\n<div style=\"height:60px\" aria-hidden=\"true\" class=\"wp-block-spacer nomobile\"><\/div>\n\n<div class=\"wp-block-columns ocr__testim__sec is-layout-flex wp-container-core-columns-is-layout-9d6595d7 wp-block-columns-is-layout-flex\">\n<div class=\"wp-block-column is-layout-flow wp-block-column-is-layout-flow\" style=\"flex-basis:10%\"><\/div>\n\n\n\n<div class=\"wp-block-column is-layout-flow wp-block-column-is-layout-flow\" style=\"flex-basis:80%\">\n<div class=\"ocr__testim__wrap\">\n<h3>Crossin Insulations &#8211; profesionalita, \u00fa\u010dinnos\u0165, trvanlivos\u0165 a bezpe\u010dnos\u0165 na dlh\u00e9 roky.<\/h3>\n<\/div>\n<\/div>\n\n\n\n<div class=\"wp-block-column is-layout-flow wp-block-column-is-layout-flow\" style=\"flex-basis:10%\"><\/div>\n<\/div>\n\n<div style=\"height:90px\" aria-hidden=\"true\" class=\"wp-block-spacer nomobile\"><\/div>\n\n<div style=\"height:40px\" aria-hidden=\"true\" class=\"wp-block-spacer onlymobile\"><\/div>\n\n<div class=\"wp-block-columns is-layout-flex wp-container-core-columns-is-layout-9d6595d7 wp-block-columns-is-layout-flex\">\n<div class=\"wp-block-column is-layout-flow wp-block-column-is-layout-flow\">\n<div class=\"cr__head03\"><h3><br\/>Inteligentn\u00e9<span>technol\u00f3gie<\/span><\/h3><\/div>\n\n\n\n<div class=\"wp-block-columns is-layout-flex wp-container-core-columns-is-layout-9d6595d7 wp-block-columns-is-layout-flex\">\n<div class=\"wp-block-column is-layout-flow wp-block-column-is-layout-flow\" style=\"flex-basis:50%\">\n<p>V\u00fdrobky zna\u010dky Crossin Insulations s\u00fa technicky vyspel\u00e9 izol\u00e1cie vo forme striekan\u00fdch PUR pien.\nV\u00fdrobky Crossin sa vyzna\u010duj\u00fa vynikaj\u00facimi izola\u010dn\u00fdmi vlastnos\u0165ami.\nN\u00edzka lambda a nasiakavos\u0165 s\u00fa k\u013e\u00fa\u010dov\u00e9 parametre, ktor\u00e9 v\u00fdrobky Crossin stavaj\u00fa do poz\u00edcie pr\u00e9miov\u00e9ho v\u00fdrobku.\nPUR peny sa aplikuj\u00fa striekan\u00edm.\nPo\u010das aplik\u00e1cie pena zv\u00e4\u010d\u0161uje svoj objem a vyp\u013a\u0148a v\u0161etky dutiny a v\u00fdsledkom je odoln\u00e1, bez\u0161vov\u00e1 izola\u010dn\u00e1 vrstva, ktor\u00e1 eliminuje tepeln\u00e9 mosty.    <\/p>\n\n\n\n<div style=\"height:20px\" aria-hidden=\"true\" class=\"wp-block-spacer nomobile\"><\/div>\n\n\n\n<div class=\"bar__hori__wrap\"><div class=\"bar__hori__left01 bar__hori__ofi\"><div class=\"home__prod__link\"><a href=\"\/produkt\/attic-soft\">Attic Soft<\/a> | <a href=\"\/produkt\/hard-36\">Hard 36<\/a> | <a href=\"\/produkt\/hard-40\">Hard 40<\/a> | Hard <a href=\"\/produkt\/hard-50\">50<\/a><\/div><\/div><\/div>\n<\/div>\n\n\n\n<div class=\"wp-block-column is-layout-flow wp-block-column-is-layout-flow\" style=\"flex-basis:44%\">\n<div class=\"ocr__tech__iko__wrap\">\n<div class=\"ocr__tech__iko__item\"><img decoding=\"async\" src=\"\/wp-content\/uploads\/2023\/08\/iko-ocr-doswiadczenie-02.webp\" alt=\"Sk\u00fasenosti\"\/><h4>Sk\u00fasenosti<\/h4><\/div>\n<div class=\"ocr__tech__iko__item\"><img decoding=\"async\" src=\"\/wp-content\/uploads\/2023\/08\/iko-ocr-skutecznosc-02.webp\" alt=\"\u00da\u010dinnos\u0165\"\/><h4>\u00da\u010dinnos\u0165<\/h4><\/div>\n<div class=\"ocr__tech__iko__item\"><img decoding=\"async\" src=\"\/wp-content\/uploads\/2023\/08\/iko-ocr-bezpieczenstwo-02.webp\" alt=\"Zabezpe\u010denie\"\/><h4>Zabezpe\u010denie<\/h4><\/div>\n<div class=\"ocr__tech__iko__item\"><img decoding=\"async\" src=\"\/wp-content\/uploads\/2023\/08\/iko-ocr-innowacje-02.webp\" alt=\"Inovat\u00edvny pr\u00edstup\"\/><h4>Inovat\u00edvny pr\u00edstup<\/h4><\/div>\n<\/div>\n<\/div>\n\n\n\n<div class=\"wp-block-column is-layout-flow wp-block-column-is-layout-flow\" style=\"flex-basis:6%\">\n<div style=\"height:48px\" aria-hidden=\"true\" class=\"wp-block-spacer nomobile\"><\/div>\n\n\n\n<div class=\"bar__hori__right01\"><\/div>\n<\/div>\n<\/div>\n<\/div>\n<\/div>\n\n<div style=\"height:70px\" aria-hidden=\"true\" class=\"wp-block-spacer nomobile\"><\/div>\n\n<div class=\"wp-block-columns is-layout-flex wp-container-core-columns-is-layout-9d6595d7 wp-block-columns-is-layout-flex\">\n<div class=\"wp-block-column is-layout-flow wp-block-column-is-layout-flow\">\n<div class=\"wp-block-columns is-layout-flex wp-container-core-columns-is-layout-9d6595d7 wp-block-columns-is-layout-flex\">\n<div class=\"wp-block-column justifaj is-layout-flow wp-block-column-is-layout-flow\">\n<div class=\"cr__head03\"><h3><br\/>Izola\u010dn\u00e9 peny<span>PUR<\/span><\/h3><\/div>\n\n\n\n<p>PUR peny Crossin s\u00fa modern\u00e9 striekan\u00e9 izola\u010dn\u00e9 syst\u00e9my, ktor\u00e9 s\u00fa ide\u00e1lne na \u00fa\u010dinn\u00fa izol\u00e1ciu podkrov\u00ed, stien, striech, z\u00e1kladov a podl\u00e1h.\nTieto inovat\u00edvne rie\u0161enia sa pou\u017e\u00edvaj\u00fa tak v obytn\u00fdch, ako aj priemyseln\u00fdch alebo po\u013enohospod\u00e1rskych budov\u00e1ch. <\/p>\n\n\n\n<p>Modern\u00fd rad izol\u00e1ci\u00ed Crossin zah\u0155\u0148a syst\u00e9my z tuhej peny s uzavret\u00fdmi bunkami s r\u00f4znou hustotou a syst\u00e9my z polotuhej peny s otvoren\u00fdmi bunkami.<\/p>\n\n\n\n<p>Aby boli PUR peny plne \u00fa\u010dinn\u00e9, musia by\u0165 spr\u00e1vne spracovan\u00e9 v s\u00falade s odpor\u00fa\u010daniami v\u00fdrobcu.\nV\u00fdrobky Crossin s\u00fa dostupn\u00e9 len prostredn\u00edctvom dod\u00e1vate\u013eov odpor\u00fa\u010dan\u00fdch v\u00fdrobcom.\nAutorizovan\u00ed dod\u00e1vatelia Crossin zabezpe\u010duj\u00fa odborn\u00fa aplik\u00e1ciu pod\u013ea pokynov v technickom liste, \u010do zaru\u010duje \u00fa\u010dinnos\u0165 a trvanlivos\u0165 izol\u00e1cie.\nPri v\u00fdbere v\u00fdrobkov Crossin na zateplenie sa oplat\u00ed stavi\u0165 na kvalitu a d\u00f4veryhodn\u00fdch partnerov.   <\/p>\n<\/div>\n<\/div>\n<\/div>\n<\/div>\n\n<div style=\"height:100px\" aria-hidden=\"true\" class=\"wp-block-spacer nomobile\"><\/div>\n\n<div class=\"wp-block-columns alignfull ocr__ofirmie__sec is-layout-flex wp-container-core-columns-is-layout-9d6595d7 wp-block-columns-is-layout-flex\">\n<div class=\"wp-block-column is-layout-flow wp-block-column-is-layout-flow\">\n<div class=\"wp-block-columns is-layout-flex wp-container-core-columns-is-layout-9d6595d7 wp-block-columns-is-layout-flex\">\n<div class=\"wp-block-column flexoplexo is-layout-flow wp-block-column-is-layout-flow\" style=\"flex-basis:70%\">\n<div class=\"ocr__ofi__pcc\">\n<div class=\"cr__head03 bright\"><h3><br\/>O spolo\u010dnosti<span>PCC Group<\/span><\/h3><\/div>\n<div class=\"ocr__ofi__iko__wrap\">\n<div class=\"ocr__ofi__iko__item\"><img decoding=\"async\" src=\"\/wp-content\/uploads\/2023\/09\/iko-ofi-spolki-02.svg\" alt=\"Spolo\u010dnos\u0165\"\/><h3>82<\/h3><h4>Spolo\u010dnosti<\/h4><\/div>\n<div class=\"ocr__ofi__iko__item\"><img decoding=\"async\" src=\"\/wp-content\/uploads\/2023\/09\/iko-ofi-lokalizacje-01.svg\" alt=\"Lokality\"\/><h3>41<\/h3><h4>Lokality<\/h4><\/div>\n<div class=\"ocr__ofi__iko__item\"><img decoding=\"async\" src=\"\/wp-content\/uploads\/2023\/09\/iko-ofi-kraje-01.svg\" alt=\"Krajiny\"\/><h3>18<\/h3><h4>Krajiny<\/h4><\/div>\n<div class=\"ocr__ofi__iko__item\"><img decoding=\"async\" src=\"\/wp-content\/uploads\/2023\/09\/iko-ofi-pracownicy-02.svg\" alt=\"Zamestnanci\"\/><h3>3500<\/h3><h4>Zamestnanci<\/h4><\/div>\n<\/div>\n<\/div>\n<\/div>\n\n\n\n<div class=\"wp-block-column is-layout-flow wp-block-column-is-layout-flow\" style=\"flex-basis:30%\"><\/div>\n<\/div>\n<\/div>\n<\/div>\n\n<div style=\"height:60px\" aria-hidden=\"true\" class=\"wp-block-spacer nomobile\"><\/div>\n\n<div class=\"wp-block-columns is-layout-flex wp-container-core-columns-is-layout-9d6595d7 wp-block-columns-is-layout-flex\">\n<div class=\"wp-block-column is-layout-flow wp-block-column-is-layout-flow\">\n<div class=\"wp-block-columns is-layout-flex wp-container-core-columns-is-layout-9d6595d7 wp-block-columns-is-layout-flex\">\n<div class=\"wp-block-column is-layout-flow wp-block-column-is-layout-flow\">\n<p>V\u00fdrobca peny Crossin<br\/><strong>PCC Prodex Sp.\nz o.o <\/strong><br\/><br\/>4 Sienkiewicza St. 56-120 Brzeg Dolny <\/p>\n<\/div>\n\n\n\n<div class=\"wp-block-column is-layout-flow wp-block-column-is-layout-flow\">\n<p><br\/><br\/><br\/>Z<strong>\u00e1kazn\u00edcky servis<\/strong> +48 71 794 34 11 +48 665 000 888 e-mail:<a href=\"mailto:crossin@pcc.eu\">crossin@pcc.eu<\/a><\/p>\n\n\n\n<p><br\/>S<strong>ekretari\u00e1t<\/strong> +48 71 794 34 10<\/p>\n<\/div>\n\n\n\n<div class=\"wp-block-column is-layout-flow wp-block-column-is-layout-flow\">\n<p><br\/><br\/><br\/><br\/>KRS 0000024928 Okresn\u00fd s\u00fad pre Wroc\u0142aw-Fabryczna, IX. hospod\u00e1rske oddelenie N\u00e1rodn\u00e9ho s\u00fadneho registra. NIP 522-18-03-295 REGON 012290187, Z\u00e1kladn\u00e9 imanie 50 000 PLN Splaten\u00e9 z\u00e1kladn\u00e9 imanie 50 000 PL<\/p>\n<\/div>\n<\/div>\n<\/div>\n<\/div>\n\n<div style=\"height:60px\" aria-hidden=\"true\" class=\"wp-block-spacer nomobile\"><\/div>\n","protected":false},"excerpt":{"rendered":"<p>Crossin je inovat\u00edvny rad polyuret\u00e1nov\u00fdch izol\u00e1ci\u00ed skupiny PCC. Striekan\u00e1 izol\u00e1cia Crossin PUR sa pou\u017e\u00edva ako profesion\u00e1lna izol\u00e1cia podkrov\u00ed, stien, stropov, striech a z\u00e1kladov. \u00da\u010dinnos\u0165 v\u00fdrobkov Crossin je v\u00fdsledkom vysokej kvalifik\u00e1cie zamestnancov a vych\u00e1dza z viac ako 40 rokov sk\u00fasenost\u00ed a znalost\u00ed v oblasti polyuret\u00e1nov\u00fdch izol\u00e1ci\u00ed. Vzh\u013eadom na to, ak\u00e9 d\u00f4le\u017eit\u00e9 je spr\u00e1vne spracovanie v\u00fdrobku a [&hellip;]<\/p>\n","protected":false},"author":1,"featured_media":3471,"parent":0,"menu_order":420,"comment_status":"closed","ping_status":"closed","template":"page-fullwidth.php","meta":{"inline_featured_image":false,"footnotes":""},"class_list":["post-3793","page","type-page","status-publish","has-post-thumbnail","hentry"],"acf":[],"yoast_head":"<!-- This site is optimized with the Yoast SEO plugin v26.4 - https:\/\/yoast.com\/wordpress\/plugins\/seo\/ -->\n<title>V\u00fdrobca PUR peny - Crossin<\/title>\n<meta name=\"description\" content=\"PUR peny Crossin s\u00fa modern\u00e9 striekan\u00e9 izola\u010dn\u00e9 syst\u00e9my. \u00da\u010dinn\u00e1 izol\u00e1cia podkrovia, stien, strechy, z\u00e1kladov a podl\u00e1h.\" \/>\n<meta name=\"robots\" content=\"index, follow, max-snippet:-1, max-image-preview:large, max-video-preview:-1\" \/>\n<link rel=\"canonical\" href=\"https:\/\/crossin.pl\/sk\/o-spolocnosti-crossin\/\" \/>\n<meta property=\"og:locale\" content=\"sk_SK\" \/>\n<meta property=\"og:type\" content=\"article\" \/>\n<meta property=\"og:title\" content=\"V\u00fdrobca PUR peny - Crossin\" \/>\n<meta property=\"og:description\" content=\"PUR peny Crossin s\u00fa modern\u00e9 striekan\u00e9 izola\u010dn\u00e9 syst\u00e9my. \u00da\u010dinn\u00e1 izol\u00e1cia podkrovia, stien, strechy, z\u00e1kladov a podl\u00e1h.\" \/>\n<meta property=\"og:url\" content=\"https:\/\/crossin.pl\/sk\/o-spolocnosti-crossin\/\" \/>\n<meta property=\"og:site_name\" content=\"Crossin\" \/>\n<meta property=\"article:modified_time\" content=\"2024-12-05T09:36:34+00:00\" \/>\n<meta property=\"og:image\" content=\"https:\/\/crossin.pl\/wp-content\/uploads\/2023\/10\/cr-page-onas-01.webp\" \/>\n\t<meta property=\"og:image:width\" content=\"990\" \/>\n\t<meta property=\"og:image:height\" content=\"660\" \/>\n\t<meta property=\"og:image:type\" content=\"image\/webp\" \/>\n<meta name=\"twitter:card\" content=\"summary_large_image\" \/>\n<meta name=\"twitter:label1\" content=\"Predpokladan\u00fd \u010das \u010d\u00edtania\" \/>\n\t<meta name=\"twitter:data1\" content=\"4 min\u00faty\" \/>\n<script type=\"application\/ld+json\" class=\"yoast-schema-graph\">{\"@context\":\"https:\/\/schema.org\",\"@graph\":[{\"@type\":\"WebPage\",\"@id\":\"https:\/\/crossin.pl\/sk\/o-spolocnosti-crossin\/\",\"url\":\"https:\/\/crossin.pl\/sk\/o-spolocnosti-crossin\/\",\"name\":\"V\u00fdrobca PUR peny - Crossin\",\"isPartOf\":{\"@id\":\"https:\/\/crossin.pl\/#website\"},\"primaryImageOfPage\":{\"@id\":\"https:\/\/crossin.pl\/sk\/o-spolocnosti-crossin\/#primaryimage\"},\"image\":{\"@id\":\"https:\/\/crossin.pl\/sk\/o-spolocnosti-crossin\/#primaryimage\"},\"thumbnailUrl\":\"https:\/\/crossin.pl\/wp-content\/uploads\/2023\/10\/cr-page-onas-01.webp\",\"datePublished\":\"2023-08-14T15:59:42+00:00\",\"dateModified\":\"2024-12-05T09:36:34+00:00\",\"description\":\"PUR peny Crossin s\u00fa modern\u00e9 striekan\u00e9 izola\u010dn\u00e9 syst\u00e9my. \u00da\u010dinn\u00e1 izol\u00e1cia podkrovia, stien, strechy, z\u00e1kladov a podl\u00e1h.\",\"breadcrumb\":{\"@id\":\"https:\/\/crossin.pl\/sk\/o-spolocnosti-crossin\/#breadcrumb\"},\"inLanguage\":\"sk-SK\",\"potentialAction\":[{\"@type\":\"ReadAction\",\"target\":[\"https:\/\/crossin.pl\/sk\/o-spolocnosti-crossin\/\"]}]},{\"@type\":\"ImageObject\",\"inLanguage\":\"sk-SK\",\"@id\":\"https:\/\/crossin.pl\/sk\/o-spolocnosti-crossin\/#primaryimage\",\"url\":\"https:\/\/crossin.pl\/wp-content\/uploads\/2023\/10\/cr-page-onas-01.webp\",\"contentUrl\":\"https:\/\/crossin.pl\/wp-content\/uploads\/2023\/10\/cr-page-onas-01.webp\",\"width\":990,\"height\":660},{\"@type\":\"BreadcrumbList\",\"@id\":\"https:\/\/crossin.pl\/sk\/o-spolocnosti-crossin\/#breadcrumb\",\"itemListElement\":[{\"@type\":\"ListItem\",\"position\":1,\"name\":\"Strona g\u0142\u00f3wna\",\"item\":\"https:\/\/crossin.pl\/sk\/\"},{\"@type\":\"ListItem\",\"position\":2,\"name\":\"O Crossin\"}]},{\"@type\":\"WebSite\",\"@id\":\"https:\/\/crossin.pl\/#website\",\"url\":\"https:\/\/crossin.pl\/\",\"name\":\"Crossin\",\"description\":\"Izolacje Pian\u0105 PUR\",\"publisher\":{\"@id\":\"https:\/\/crossin.pl\/#organization\"},\"potentialAction\":[{\"@type\":\"SearchAction\",\"target\":{\"@type\":\"EntryPoint\",\"urlTemplate\":\"https:\/\/crossin.pl\/?s={search_term_string}\"},\"query-input\":{\"@type\":\"PropertyValueSpecification\",\"valueRequired\":true,\"valueName\":\"search_term_string\"}}],\"inLanguage\":\"sk-SK\"},{\"@type\":\"Organization\",\"@id\":\"https:\/\/crossin.pl\/#organization\",\"name\":\"Crossin Insulations\",\"alternateName\":\"Crossin\",\"url\":\"https:\/\/crossin.pl\/\",\"logo\":{\"@type\":\"ImageObject\",\"inLanguage\":\"sk-SK\",\"@id\":\"https:\/\/crossin.pl\/#\/schema\/logo\/image\/\",\"url\":\"https:\/\/crossin.pl\/wp-content\/uploads\/2026\/01\/crossin_logo.svg\",\"contentUrl\":\"https:\/\/crossin.pl\/wp-content\/uploads\/2026\/01\/crossin_logo.svg\",\"caption\":\"Crossin Insulations\"},\"image\":{\"@id\":\"https:\/\/crossin.pl\/#\/schema\/logo\/image\/\"}}]}<\/script>\n<!-- \/ Yoast SEO plugin. -->","yoast_head_json":{"title":"V\u00fdrobca PUR peny - Crossin","description":"PUR peny Crossin s\u00fa modern\u00e9 striekan\u00e9 izola\u010dn\u00e9 syst\u00e9my. \u00da\u010dinn\u00e1 izol\u00e1cia podkrovia, stien, strechy, z\u00e1kladov a podl\u00e1h.","robots":{"index":"index","follow":"follow","max-snippet":"max-snippet:-1","max-image-preview":"max-image-preview:large","max-video-preview":"max-video-preview:-1"},"canonical":"https:\/\/crossin.pl\/sk\/o-spolocnosti-crossin\/","og_locale":"sk_SK","og_type":"article","og_title":"V\u00fdrobca PUR peny - Crossin","og_description":"PUR peny Crossin s\u00fa modern\u00e9 striekan\u00e9 izola\u010dn\u00e9 syst\u00e9my. \u00da\u010dinn\u00e1 izol\u00e1cia podkrovia, stien, strechy, z\u00e1kladov a podl\u00e1h.","og_url":"https:\/\/crossin.pl\/sk\/o-spolocnosti-crossin\/","og_site_name":"Crossin","article_modified_time":"2024-12-05T09:36:34+00:00","og_image":[{"width":990,"height":660,"url":"https:\/\/crossin.pl\/wp-content\/uploads\/2023\/10\/cr-page-onas-01.webp","type":"image\/webp"}],"twitter_card":"summary_large_image","twitter_misc":{"Predpokladan\u00fd \u010das \u010d\u00edtania":"4 min\u00faty"},"schema":{"@context":"https:\/\/schema.org","@graph":[{"@type":"WebPage","@id":"https:\/\/crossin.pl\/sk\/o-spolocnosti-crossin\/","url":"https:\/\/crossin.pl\/sk\/o-spolocnosti-crossin\/","name":"V\u00fdrobca PUR peny - Crossin","isPartOf":{"@id":"https:\/\/crossin.pl\/#website"},"primaryImageOfPage":{"@id":"https:\/\/crossin.pl\/sk\/o-spolocnosti-crossin\/#primaryimage"},"image":{"@id":"https:\/\/crossin.pl\/sk\/o-spolocnosti-crossin\/#primaryimage"},"thumbnailUrl":"https:\/\/crossin.pl\/wp-content\/uploads\/2023\/10\/cr-page-onas-01.webp","datePublished":"2023-08-14T15:59:42+00:00","dateModified":"2024-12-05T09:36:34+00:00","description":"PUR peny Crossin s\u00fa modern\u00e9 striekan\u00e9 izola\u010dn\u00e9 syst\u00e9my. \u00da\u010dinn\u00e1 izol\u00e1cia podkrovia, stien, strechy, z\u00e1kladov a podl\u00e1h.","breadcrumb":{"@id":"https:\/\/crossin.pl\/sk\/o-spolocnosti-crossin\/#breadcrumb"},"inLanguage":"sk-SK","potentialAction":[{"@type":"ReadAction","target":["https:\/\/crossin.pl\/sk\/o-spolocnosti-crossin\/"]}]},{"@type":"ImageObject","inLanguage":"sk-SK","@id":"https:\/\/crossin.pl\/sk\/o-spolocnosti-crossin\/#primaryimage","url":"https:\/\/crossin.pl\/wp-content\/uploads\/2023\/10\/cr-page-onas-01.webp","contentUrl":"https:\/\/crossin.pl\/wp-content\/uploads\/2023\/10\/cr-page-onas-01.webp","width":990,"height":660},{"@type":"BreadcrumbList","@id":"https:\/\/crossin.pl\/sk\/o-spolocnosti-crossin\/#breadcrumb","itemListElement":[{"@type":"ListItem","position":1,"name":"Strona g\u0142\u00f3wna","item":"https:\/\/crossin.pl\/sk\/"},{"@type":"ListItem","position":2,"name":"O Crossin"}]},{"@type":"WebSite","@id":"https:\/\/crossin.pl\/#website","url":"https:\/\/crossin.pl\/","name":"Crossin","description":"Izolacje Pian\u0105 PUR","publisher":{"@id":"https:\/\/crossin.pl\/#organization"},"potentialAction":[{"@type":"SearchAction","target":{"@type":"EntryPoint","urlTemplate":"https:\/\/crossin.pl\/?s={search_term_string}"},"query-input":{"@type":"PropertyValueSpecification","valueRequired":true,"valueName":"search_term_string"}}],"inLanguage":"sk-SK"},{"@type":"Organization","@id":"https:\/\/crossin.pl\/#organization","name":"Crossin Insulations","alternateName":"Crossin","url":"https:\/\/crossin.pl\/","logo":{"@type":"ImageObject","inLanguage":"sk-SK","@id":"https:\/\/crossin.pl\/#\/schema\/logo\/image\/","url":"https:\/\/crossin.pl\/wp-content\/uploads\/2026\/01\/crossin_logo.svg","contentUrl":"https:\/\/crossin.pl\/wp-content\/uploads\/2026\/01\/crossin_logo.svg","caption":"Crossin Insulations"},"image":{"@id":"https:\/\/crossin.pl\/#\/schema\/logo\/image\/"}}]}},"_links":{"self":[{"href":"https:\/\/crossin.pl\/sk\/wp-json\/wp\/v2\/pages\/3793","targetHints":{"allow":["GET"]}}],"collection":[{"href":"https:\/\/crossin.pl\/sk\/wp-json\/wp\/v2\/pages"}],"about":[{"href":"https:\/\/crossin.pl\/sk\/wp-json\/wp\/v2\/types\/page"}],"author":[{"embeddable":true,"href":"https:\/\/crossin.pl\/sk\/wp-json\/wp\/v2\/users\/1"}],"replies":[{"embeddable":true,"href":"https:\/\/crossin.pl\/sk\/wp-json\/wp\/v2\/comments?post=3793"}],"version-history":[{"count":8,"href":"https:\/\/crossin.pl\/sk\/wp-json\/wp\/v2\/pages\/3793\/revisions"}],"predecessor-version":[{"id":4941,"href":"https:\/\/crossin.pl\/sk\/wp-json\/wp\/v2\/pages\/3793\/revisions\/4941"}],"wp:featuredmedia":[{"embeddable":true,"href":"https:\/\/crossin.pl\/sk\/wp-json\/wp\/v2\/media\/3471"}],"wp:attachment":[{"href":"https:\/\/crossin.pl\/sk\/wp-json\/wp\/v2\/media?parent=3793"}],"curies":[{"name":"wp","href":"https:\/\/api.w.org\/{rel}","templated":true}]}}