{"id":3783,"date":"2023-08-14T18:00:08","date_gmt":"2023-08-14T16:00:08","guid":{"rendered":"https:\/\/crossin.pl\/autorizovani-dodavatelia\/"},"modified":"2023-10-23T09:51:50","modified_gmt":"2023-10-23T07:51:50","slug":"autorizovani-dodavatelia","status":"publish","type":"page","link":"https:\/\/crossin.pl\/sk\/autorizovani-dodavatelia\/","title":{"rendered":"Dod\u00e1vatelia"},"content":{"rendered":"\n<div class=\"page__aw__list__txt\">\n<div class=\"cr__head03\"><h3>Zoznam  <br\/><span>Dod\u00e1vatelia<\/span><\/h3><\/div>\n\n<p><strong>Ak chcete zobrazi\u0165 kontaktn\u00e9 \u00fadaje autorizovan\u00e9ho dod\u00e1vate\u013ea striekanej izol\u00e1cie, vyberte na mape regi\u00f3n.<\/strong><\/p>\n\n<p>Aj ten najlep\u0161\u00ed materi\u00e1l si vy\u017eaduje spr\u00e1vny pr\u00edstup.\nTomu dokonale rozumieme &#8211; preto zverujeme na\u0161e izol\u00e1cie len odborn\u00edkom. <\/p>\n\n<p>Na\u0161e izola\u010dn\u00e9 syst\u00e9my s\u00fa dostupn\u00e9 len prostredn\u00edctvom siete autorizovan\u00fdch dod\u00e1vate\u013eov.\nV\u010faka svojim znalostiam a sk\u00fasenostiam s\u00fa na\u0161i partneri z\u00e1rukou kvalitn\u00e9ho zhotovenia izol\u00e1ci\u00ed na najvy\u0161\u0161ej \u00farovni. <\/p>\n\n<p>Okrem bezplatnej cenovej ponuky poskytuj\u00fa na\u0161i certifikovan\u00ed partneri aj odborn\u00fa podporu t\u00fdkaj\u00facu sa v\u0161etk\u00fdch aspektov in\u0161tal\u00e1cie a pou\u017e\u00edvania tepelnej izol\u00e1cie.<\/p>\n\n<p><strong>Vyberte si z mapy a kontaktujte svojho autorizovan\u00e9ho dod\u00e1vate\u013ea Crossin.<\/strong><\/p>\n<\/div>\n","protected":false},"excerpt":{"rendered":"<p>Zoznam Dod\u00e1vatelia Ak chcete zobrazi\u0165 kontaktn\u00e9 \u00fadaje autorizovan\u00e9ho dod\u00e1vate\u013ea striekanej izol\u00e1cie, vyberte na mape regi\u00f3n. Aj ten najlep\u0161\u00ed materi\u00e1l si vy\u017eaduje spr\u00e1vny pr\u00edstup. Tomu dokonale rozumieme &#8211; preto zverujeme na\u0161e izol\u00e1cie len odborn\u00edkom. Na\u0161e izola\u010dn\u00e9 syst\u00e9my s\u00fa dostupn\u00e9 len prostredn\u00edctvom siete autorizovan\u00fdch dod\u00e1vate\u013eov. V\u010faka svojim znalostiam a sk\u00fasenostiam s\u00fa na\u0161i partneri z\u00e1rukou kvalitn\u00e9ho zhotovenia izol\u00e1ci\u00ed [&hellip;]<\/p>\n","protected":false},"author":1,"featured_media":0,"parent":0,"menu_order":520,"comment_status":"closed","ping_status":"closed","template":"","meta":{"inline_featured_image":false,"footnotes":""},"class_list":["post-3783","page","type-page","status-publish","hentry"],"acf":[],"yoast_head":"<!-- This site is optimized with the Yoast SEO plugin v26.4 - https:\/\/yoast.com\/wordpress\/plugins\/seo\/ -->\n<title>Autorizovan\u00ed dod\u00e1vatelia Crossin - izol\u00e1cia z PUR peny<\/title>\n<meta name=\"description\" content=\"Na\u0161i certifikovan\u00ed partneri poskytuj\u00fa nielen bezplatn\u00fa cenov\u00fa ponuku, ale aj odborn\u00fa podporu t\u00fdkaj\u00facu sa ka\u017ed\u00e9ho aspektu pou\u017e\u00edvania izol\u00e1cie.\" \/>\n<meta name=\"robots\" content=\"index, follow, max-snippet:-1, max-image-preview:large, max-video-preview:-1\" \/>\n<link rel=\"canonical\" href=\"https:\/\/crossin.pl\/sk\/autorizovani-dodavatelia\/\" \/>\n<meta property=\"og:locale\" content=\"sk_SK\" \/>\n<meta property=\"og:type\" content=\"article\" \/>\n<meta property=\"og:title\" content=\"Autorizovan\u00ed dod\u00e1vatelia Crossin - izol\u00e1cia z PUR peny\" \/>\n<meta property=\"og:description\" content=\"Na\u0161i certifikovan\u00ed partneri poskytuj\u00fa nielen bezplatn\u00fa cenov\u00fa ponuku, ale aj odborn\u00fa podporu t\u00fdkaj\u00facu sa ka\u017ed\u00e9ho aspektu pou\u017e\u00edvania izol\u00e1cie.\" \/>\n<meta property=\"og:url\" content=\"https:\/\/crossin.pl\/sk\/autorizovani-dodavatelia\/\" \/>\n<meta property=\"og:site_name\" content=\"Crossin\" \/>\n<meta property=\"article:modified_time\" content=\"2023-10-23T07:51:50+00:00\" \/>\n<meta property=\"og:image\" content=\"https:\/\/crossin.pl\/wp-content\/uploads\/2025\/05\/crossin-01.webp\" \/>\n\t<meta property=\"og:image:width\" content=\"1200\" \/>\n\t<meta property=\"og:image:height\" content=\"675\" \/>\n\t<meta property=\"og:image:type\" content=\"image\/webp\" \/>\n<meta name=\"twitter:card\" content=\"summary_large_image\" \/>\n<meta name=\"twitter:label1\" content=\"Predpokladan\u00fd \u010das \u010d\u00edtania\" \/>\n\t<meta name=\"twitter:data1\" content=\"1 min\u00fata\" \/>\n<script type=\"application\/ld+json\" class=\"yoast-schema-graph\">{\"@context\":\"https:\/\/schema.org\",\"@graph\":[{\"@type\":\"WebPage\",\"@id\":\"https:\/\/crossin.pl\/sk\/autorizovani-dodavatelia\/\",\"url\":\"https:\/\/crossin.pl\/sk\/autorizovani-dodavatelia\/\",\"name\":\"Autorizovan\u00ed dod\u00e1vatelia Crossin - izol\u00e1cia z PUR peny\",\"isPartOf\":{\"@id\":\"https:\/\/crossin.pl\/#website\"},\"datePublished\":\"2023-08-14T16:00:08+00:00\",\"dateModified\":\"2023-10-23T07:51:50+00:00\",\"description\":\"Na\u0161i certifikovan\u00ed partneri poskytuj\u00fa nielen bezplatn\u00fa cenov\u00fa ponuku, ale aj odborn\u00fa podporu t\u00fdkaj\u00facu sa ka\u017ed\u00e9ho aspektu pou\u017e\u00edvania izol\u00e1cie.\",\"breadcrumb\":{\"@id\":\"https:\/\/crossin.pl\/sk\/autorizovani-dodavatelia\/#breadcrumb\"},\"inLanguage\":\"sk-SK\",\"potentialAction\":[{\"@type\":\"ReadAction\",\"target\":[\"https:\/\/crossin.pl\/sk\/autorizovani-dodavatelia\/\"]}]},{\"@type\":\"BreadcrumbList\",\"@id\":\"https:\/\/crossin.pl\/sk\/autorizovani-dodavatelia\/#breadcrumb\",\"itemListElement\":[{\"@type\":\"ListItem\",\"position\":1,\"name\":\"Strona g\u0142\u00f3wna\",\"item\":\"https:\/\/crossin.pl\/sk\/\"},{\"@type\":\"ListItem\",\"position\":2,\"name\":\"Dod\u00e1vatelia\"}]},{\"@type\":\"WebSite\",\"@id\":\"https:\/\/crossin.pl\/#website\",\"url\":\"https:\/\/crossin.pl\/\",\"name\":\"Crossin\",\"description\":\"Izolacje Pian\u0105 PUR\",\"publisher\":{\"@id\":\"https:\/\/crossin.pl\/#organization\"},\"potentialAction\":[{\"@type\":\"SearchAction\",\"target\":{\"@type\":\"EntryPoint\",\"urlTemplate\":\"https:\/\/crossin.pl\/?s={search_term_string}\"},\"query-input\":{\"@type\":\"PropertyValueSpecification\",\"valueRequired\":true,\"valueName\":\"search_term_string\"}}],\"inLanguage\":\"sk-SK\"},{\"@type\":\"Organization\",\"@id\":\"https:\/\/crossin.pl\/#organization\",\"name\":\"Crossin Insulations\",\"alternateName\":\"Crossin\",\"url\":\"https:\/\/crossin.pl\/\",\"logo\":{\"@type\":\"ImageObject\",\"inLanguage\":\"sk-SK\",\"@id\":\"https:\/\/crossin.pl\/#\/schema\/logo\/image\/\",\"url\":\"https:\/\/crossin.pl\/wp-content\/uploads\/2026\/01\/crossin_logo.svg\",\"contentUrl\":\"https:\/\/crossin.pl\/wp-content\/uploads\/2026\/01\/crossin_logo.svg\",\"caption\":\"Crossin Insulations\"},\"image\":{\"@id\":\"https:\/\/crossin.pl\/#\/schema\/logo\/image\/\"}}]}<\/script>\n<!-- \/ Yoast SEO plugin. -->","yoast_head_json":{"title":"Autorizovan\u00ed dod\u00e1vatelia Crossin - izol\u00e1cia z PUR peny","description":"Na\u0161i certifikovan\u00ed partneri poskytuj\u00fa nielen bezplatn\u00fa cenov\u00fa ponuku, ale aj odborn\u00fa podporu t\u00fdkaj\u00facu sa ka\u017ed\u00e9ho aspektu pou\u017e\u00edvania izol\u00e1cie.","robots":{"index":"index","follow":"follow","max-snippet":"max-snippet:-1","max-image-preview":"max-image-preview:large","max-video-preview":"max-video-preview:-1"},"canonical":"https:\/\/crossin.pl\/sk\/autorizovani-dodavatelia\/","og_locale":"sk_SK","og_type":"article","og_title":"Autorizovan\u00ed dod\u00e1vatelia Crossin - izol\u00e1cia z PUR peny","og_description":"Na\u0161i certifikovan\u00ed partneri poskytuj\u00fa nielen bezplatn\u00fa cenov\u00fa ponuku, ale aj odborn\u00fa podporu t\u00fdkaj\u00facu sa ka\u017ed\u00e9ho aspektu pou\u017e\u00edvania izol\u00e1cie.","og_url":"https:\/\/crossin.pl\/sk\/autorizovani-dodavatelia\/","og_site_name":"Crossin","article_modified_time":"2023-10-23T07:51:50+00:00","og_image":[{"width":1200,"height":675,"url":"https:\/\/crossin.pl\/wp-content\/uploads\/2025\/05\/crossin-01.webp","type":"image\/webp"}],"twitter_card":"summary_large_image","twitter_misc":{"Predpokladan\u00fd \u010das \u010d\u00edtania":"1 min\u00fata"},"schema":{"@context":"https:\/\/schema.org","@graph":[{"@type":"WebPage","@id":"https:\/\/crossin.pl\/sk\/autorizovani-dodavatelia\/","url":"https:\/\/crossin.pl\/sk\/autorizovani-dodavatelia\/","name":"Autorizovan\u00ed dod\u00e1vatelia Crossin - izol\u00e1cia z PUR peny","isPartOf":{"@id":"https:\/\/crossin.pl\/#website"},"datePublished":"2023-08-14T16:00:08+00:00","dateModified":"2023-10-23T07:51:50+00:00","description":"Na\u0161i certifikovan\u00ed partneri poskytuj\u00fa nielen bezplatn\u00fa cenov\u00fa ponuku, ale aj odborn\u00fa podporu t\u00fdkaj\u00facu sa ka\u017ed\u00e9ho aspektu pou\u017e\u00edvania izol\u00e1cie.","breadcrumb":{"@id":"https:\/\/crossin.pl\/sk\/autorizovani-dodavatelia\/#breadcrumb"},"inLanguage":"sk-SK","potentialAction":[{"@type":"ReadAction","target":["https:\/\/crossin.pl\/sk\/autorizovani-dodavatelia\/"]}]},{"@type":"BreadcrumbList","@id":"https:\/\/crossin.pl\/sk\/autorizovani-dodavatelia\/#breadcrumb","itemListElement":[{"@type":"ListItem","position":1,"name":"Strona g\u0142\u00f3wna","item":"https:\/\/crossin.pl\/sk\/"},{"@type":"ListItem","position":2,"name":"Dod\u00e1vatelia"}]},{"@type":"WebSite","@id":"https:\/\/crossin.pl\/#website","url":"https:\/\/crossin.pl\/","name":"Crossin","description":"Izolacje Pian\u0105 PUR","publisher":{"@id":"https:\/\/crossin.pl\/#organization"},"potentialAction":[{"@type":"SearchAction","target":{"@type":"EntryPoint","urlTemplate":"https:\/\/crossin.pl\/?s={search_term_string}"},"query-input":{"@type":"PropertyValueSpecification","valueRequired":true,"valueName":"search_term_string"}}],"inLanguage":"sk-SK"},{"@type":"Organization","@id":"https:\/\/crossin.pl\/#organization","name":"Crossin Insulations","alternateName":"Crossin","url":"https:\/\/crossin.pl\/","logo":{"@type":"ImageObject","inLanguage":"sk-SK","@id":"https:\/\/crossin.pl\/#\/schema\/logo\/image\/","url":"https:\/\/crossin.pl\/wp-content\/uploads\/2026\/01\/crossin_logo.svg","contentUrl":"https:\/\/crossin.pl\/wp-content\/uploads\/2026\/01\/crossin_logo.svg","caption":"Crossin Insulations"},"image":{"@id":"https:\/\/crossin.pl\/#\/schema\/logo\/image\/"}}]}},"_links":{"self":[{"href":"https:\/\/crossin.pl\/sk\/wp-json\/wp\/v2\/pages\/3783","targetHints":{"allow":["GET"]}}],"collection":[{"href":"https:\/\/crossin.pl\/sk\/wp-json\/wp\/v2\/pages"}],"about":[{"href":"https:\/\/crossin.pl\/sk\/wp-json\/wp\/v2\/types\/page"}],"author":[{"embeddable":true,"href":"https:\/\/crossin.pl\/sk\/wp-json\/wp\/v2\/users\/1"}],"replies":[{"embeddable":true,"href":"https:\/\/crossin.pl\/sk\/wp-json\/wp\/v2\/comments?post=3783"}],"version-history":[{"count":4,"href":"https:\/\/crossin.pl\/sk\/wp-json\/wp\/v2\/pages\/3783\/revisions"}],"predecessor-version":[{"id":3787,"href":"https:\/\/crossin.pl\/sk\/wp-json\/wp\/v2\/pages\/3783\/revisions\/3787"}],"wp:attachment":[{"href":"https:\/\/crossin.pl\/sk\/wp-json\/wp\/v2\/media?parent=3783"}],"curies":[{"name":"wp","href":"https:\/\/api.w.org\/{rel}","templated":true}]}}