{"id":3775,"date":"2023-08-14T18:00:20","date_gmt":"2023-08-14T16:00:20","guid":{"rendered":"https:\/\/crossin.pl\/kontakt\/"},"modified":"2023-10-23T09:50:04","modified_gmt":"2023-10-23T07:50:04","slug":"kontakt","status":"publish","type":"page","link":"https:\/\/crossin.pl\/sk\/kontakt\/","title":{"rendered":"Kontakt"},"content":{"rendered":"\n<div class=\"wp-block-columns is-layout-flex wp-container-core-columns-is-layout-9d6595d7 wp-block-columns-is-layout-flex\">\n<div class=\"wp-block-column is-layout-flow wp-block-column-is-layout-flow\">\n<div class=\"wp-block-columns is-layout-flex wp-container-core-columns-is-layout-9d6595d7 wp-block-columns-is-layout-flex\">\n<div class=\"wp-block-column is-layout-flow wp-block-column-is-layout-flow\">\n<p>V\u00fdrobca striekan\u00fdch izola\u010dn\u00fdch syst\u00e9mov Crossin<br\/><strong>PCC Prodex Sp.\nz o.o <\/strong><br\/>ul.\nSienkiewicza 4 <br\/>56-120 Brzeg Dolny<\/p>\n\n\n\n<p><strong>Oddelenie slu\u017eieb z\u00e1kazn\u00edkom<\/strong><br\/>+48 71 794 34 11<br\/>+48 665 000 888<br\/>e-mail: <a href=\"mailto:crossin@pcc.eu\">crossin@pcc.eu<\/a><\/p>\n\n\n\n<p><strong>Sekretari\u00e1t<\/strong><br\/>+48 71 794 34 10<\/p>\n\n\n\n<p>KRS 0000024928 Okresn\u00fd s\u00fad pre Vroclav-Fabrycznu,<br\/>IX Obchodn\u00e9 oddelenie N\u00e1rodn\u00e9ho s\u00fadneho registra.<br\/>NIP 522-18-03-295<br\/>REGON 012290187<\/p>\n<\/div>\n\n\n\n<div class=\"wp-block-column is-layout-flow wp-block-column-is-layout-flow\">\n\n<div class=\"wpcf7 no-js\" id=\"wpcf7-f3833-o1\" lang=\"sk-SK\" dir=\"ltr\" data-wpcf7-id=\"3833\">\n<div class=\"screen-reader-response\"><p role=\"status\" aria-live=\"polite\" aria-atomic=\"true\"><\/p> <ul><\/ul><\/div>\n<form action=\"\/sk\/wp-json\/wp\/v2\/pages\/3775#wpcf7-f3833-o1\" method=\"post\" class=\"wpcf7-form init\" aria-label=\"Kontaktn\u00fd formul\u00e1r\" novalidate=\"novalidate\" data-status=\"init\">\n<fieldset class=\"hidden-fields-container\"><input type=\"hidden\" name=\"_wpcf7\" value=\"3833\" \/><input type=\"hidden\" name=\"_wpcf7_version\" value=\"6.1.3\" \/><input type=\"hidden\" name=\"_wpcf7_locale\" value=\"sk_SK\" \/><input type=\"hidden\" name=\"_wpcf7_unit_tag\" value=\"wpcf7-f3833-o1\" \/><input type=\"hidden\" name=\"_wpcf7_container_post\" value=\"0\" \/><input type=\"hidden\" name=\"_wpcf7_posted_data_hash\" value=\"\" \/><input type=\"hidden\" name=\"_wpcf7_recaptcha_response\" value=\"\" \/>\n<\/fieldset>\n<div id=\"form-consult\">\n<div class=\"cr__head03\"><h3>Nap\u00ed\u0161te na<br><span>k n\u00e1m<\/span><\/h3><\/div>\n\n<p><label> <span class=\"wpcf7-form-control-wrap\" data-name=\"your-name\"><input size=\"40\" maxlength=\"400\" class=\"wpcf7-form-control wpcf7-text wpcf7-validates-as-required\" autocomplete=\"name\" aria-required=\"true\" aria-invalid=\"false\" placeholder=\"Va\u0161e meno*\" value=\"\" type=\"text\" name=\"your-name\" \/><\/span><\/label><\/p>\n\n    <div class=\"phone-box\">\n        <div class=\"phone-prefix-pl\">\n            <span id=\"flag-sk\" class=\"flag\"><\/span><span class=\"prefix\">+421<\/span>\n        <\/div>\n            <label><span class=\"wpcf7-form-control-wrap\" data-name=\"telefon\"><input class=\"wpcf7-form-control wpcf7-number wpcf7-validates-as-required wpcf7-validates-as-number\" min=\"100000000\" max=\"999999999\" aria-required=\"true\" aria-invalid=\"false\" placeholder=\"Mobiln\u00fd telef\u00f3n*\" value=\"\" type=\"number\" name=\"telefon\" \/><\/span><\/label>\n    <\/div>\n\n<p><label><span class=\"wpcf7-form-control-wrap\" data-name=\"your-email\"><input size=\"40\" maxlength=\"400\" class=\"wpcf7-form-control wpcf7-email wpcf7-validates-as-required wpcf7-text wpcf7-validates-as-email\" autocomplete=\"email\" aria-required=\"true\" aria-invalid=\"false\" placeholder=\"Va\u0161a e-mailov\u00e1 adresa\" value=\"\" type=\"email\" name=\"your-email\" \/><\/span><\/label><\/p>\n\n<label><span class=\"wpcf7-form-control-wrap\" data-name=\"your-message\"><textarea cols=\"40\" rows=\"10\" maxlength=\"2000\" class=\"wpcf7-form-control wpcf7-textarea\" aria-invalid=\"false\" placeholder=\"Zadajte svoju spr\u00e1vu\" name=\"your-message\"><\/textarea><\/span> <\/label>\n    <div class=\"zgoda\">\n        <label>\n            <div class=\"zgoda-checkbox\"><span class=\"wpcf7-form-control-wrap\" data-name=\"zgoda\"><span class=\"wpcf7-form-control wpcf7-acceptance\"><span class=\"wpcf7-list-item\"><input type=\"checkbox\" name=\"zgoda\" value=\"1\" aria-invalid=\"false\" \/><\/span><\/span><\/span><\/div>\n            <div class=\"zgoda-text\">\n                <p>Ak n\u00e1s chcete kontaktova\u0165 pomocou vy\u0161\u0161ie uveden\u00e9ho formul\u00e1ra - zadajte \u00fadaje\n uveden\u00e9 v \u0148om.\nPoskytnutie \u00fadajov je dobrovo\u013en\u00e9, ale ak tak neurob\u00edte, zaslan\u00edm spr\u00e1vy v\n t\u00fdmto sp\u00f4sobom nebude mo\u017en\u00e9.\n  \n <\/p>\n                <p>Spr\u00e1vcom va\u0161ich osobn\u00fdch \u00fadajov je spolo\u010dnos\u0165 PCC Prodex Sp.\nz o.o. so s\u00eddlom v Brzegu Dolnom\n (ul. Sienkiewicza 4, 56-120 Brzeg Dolny).\nV s\u00favislosti s va\u0161imi osobn\u00fdmi \u00fadajmi n\u00e1s m\u00f4\u017eete kontaktova\u0165\n e-mailom: <a href=\"mailto:iodo@pcc.eu\">iodo@pcc.eu<\/a> \n  \n <\/p>\n                <p class=\"hidden\">Va\u0161e \u00fadaje sprac\u00favame, aby sme s vami mohli komunikova\u0165 a reagova\u0165 na va\u0161e\n spr\u00e1vu.\nZ\u00e1kladom spracovania va\u0161ich \u00fadajov je opr\u00e1vnen\u00fd z\u00e1ujem prev\u00e1dzkovate\u013ea alebo\n tretej strany (na sp\u00e4tn\u00e9 kontaktovanie v\u00e1s, n\u00e1\u0161 marketing alebo partnerov vr\u00e1tane <a href=\"https:\/\/www.pcc.eu\/pcc-na-swiecie\/?lang=pl\" target=\"\u201d_blank\u201d\" rel=\"noopener noreferrer\">skupiny PCC<\/a>, vo\u010di \u010domu m\u00f4\u017eete vznies\u0165 n\u00e1mietku) alebo na prijatie opatren\u00ed na\n  \n \n  Va\u0161a \u017eiados\u0165 pred uzavret\u00edm mo\u017en\u00e9ho\nzmluvy - v z\u00e1vislosti od obsahu va\u0161ej spr\u00e1vy.\nVa\u0161e \u00fadaje bud\u00fa spravidla\n spravidla sprac\u00fava\u0165 a\u017e do ukon\u010denia na\u0161ej komunik\u00e1cie s vami alebo do vznesenia\n n\u00e1mietku, pokia\u013e n\u00e1m z\u00e1kon neuklad\u00e1 povinnos\u0165 sprac\u00fava\u0165 tieto \u00fadaje dlh\u0161ie.\n \u00fadajov alebo ich budeme uchov\u00e1va\u0165 dlh\u0161ie v pr\u00edpade pr\u00edpadn\u00fdch reklam\u00e1ci\u00ed, a to po dobu ich\n preml\u010dacej doby stanovenej z\u00e1konom, najm\u00e4 Ob\u010dianskym z\u00e1konn\u00edkom.  \n \n \n \n <\/p>\n                <div class=\"hidden\">\n                    <strong>Kedyko\u013evek m\u00e1te pr\u00e1vo:<\/strong>\n                    <ul>\n                        <li>namieta\u0165 proti spracovaniu va\u0161ich \u00fadajov;<\/li>\n                        <li>pr\u00edstup k svojim osobn\u00fdm \u00fadajom vr\u00e1tane \u017eiadosti o k\u00f3piu;<\/li>\n                        <li>po\u017eiada\u0165 o opravu, obmedzenie spracovania alebo vymazanie va\u0161ich \u00fadajov;<\/li>\n                        <li>prenosnos\u0165 va\u0161ich osobn\u00fdch \u00fadajov, napr. k in\u00e9mu prev\u00e1dzkovate\u013eovi (pokia\u013e z\u00e1kladom ich\n sprac\u00favania je zalo\u017een\u00fd na opr\u00e1vnenom z\u00e1ujme prev\u00e1dzkovate\u013ea);\n <\/li>\n                        <li>poda\u0165 s\u0165a\u017enos\u0165 predsedovi \u00faradu na ochranu \u00fadajov.<\/li>\n                    <\/ul>\n                <\/div>\n                <p class=\"hidden\">Pr\u00edjemcami va\u0161ich \u00fadajov m\u00f4\u017eu by\u0165 spolo\u010dnosti, ktor\u00e9 n\u00e1s podporuj\u00fa pri komunik\u00e1cii s vami a\n n\u00e1m pom\u00e1haj\u00fa prev\u00e1dzkova\u0165 obchod, extern\u00e9 poradensk\u00e9 spolo\u010dnosti (vr\u00e1tane pr\u00e1vnych, marketingov\u00fdch a \u00fa\u010dtovn\u00fdch)\n alebo extern\u00ed IT \u0161pecialisti vr\u00e1tane subjektov v r\u00e1mci <a href=\"https:\/\/www.pcc.eu\/pcc-na-swiecie\/?lang=pl\" target=\"\u201d_blank\u201d\" rel=\"noopener noreferrer\">skupiny PCC.<\/a>\n \n <\/p>\n                <p class=\"hidden\">Viac inform\u00e1ci\u00ed o tom, ako sprac\u00favame va\u0161e \u00fadaje, n\u00e1jdete v na\u0161ich <a href=\"\/polityka-prywatnosci\" target=\"\u201d_blank\u201d\" rel=\"noopener noreferrer\">Z\u00e1sad\u00e1ch ochrany osobn\u00fdch \u00fadajov<\/a>.\n                <\/p>\n            <\/div>\n        <\/label>\n        <span class=\"show-more-acceptance\">Pre\u010d\u00edtajte si viac<\/span>\n    <\/div>\n    <p class=\"addnotation\">* - povinn\u00e9 polia<\/p>\n<input class=\"wpcf7-form-control wpcf7-submit has-spinner\" type=\"submit\" value=\"Wy\u015blij\" \/>\n<\/div><div class=\"wpcf7-response-output\" aria-hidden=\"true\"><\/div>\n<\/form>\n<\/div>\n\n<\/div>\n<\/div>\n<\/div>\n<\/div>\n\n<div style=\"height:40px\" aria-hidden=\"true\" class=\"wp-block-spacer\"><\/div>\n","protected":false},"excerpt":{"rendered":"<p>V\u00fdrobca striekan\u00fdch izola\u010dn\u00fdch syst\u00e9mov CrossinPCC Prodex Sp. z o.o ul. Sienkiewicza 4 56-120 Brzeg Dolny Oddelenie slu\u017eieb z\u00e1kazn\u00edkom+48 71 794 34 11+48 665 000 888e-mail: crossin@pcc.eu Sekretari\u00e1t+48 71 794 34 10 KRS 0000024928 Okresn\u00fd s\u00fad pre Vroclav-Fabrycznu,IX Obchodn\u00e9 oddelenie N\u00e1rodn\u00e9ho s\u00fadneho registra.NIP 522-18-03-295REGON 012290187<\/p>\n","protected":false},"author":1,"featured_media":3487,"parent":0,"menu_order":820,"comment_status":"closed","ping_status":"closed","template":"page-fullwidth.php","meta":{"inline_featured_image":false,"footnotes":""},"class_list":["post-3775","page","type-page","status-publish","has-post-thumbnail","hentry"],"acf":[],"yoast_head":"<!-- This site is optimized with the Yoast SEO plugin v26.4 - https:\/\/yoast.com\/wordpress\/plugins\/seo\/ -->\n<title>Kontakt - Crossin<\/title>\n<meta name=\"description\" content=\"Zaujala v\u00e1s na\u0161a ponuka? Chcete sa dozvedie\u0165 viac o na\u0161ich produktoch a slu\u017eb\u00e1ch? Nav\u0161t\u00edvte kontaktn\u00fa str\u00e1nku teraz!\" \/>\n<meta name=\"robots\" content=\"index, follow, max-snippet:-1, max-image-preview:large, max-video-preview:-1\" \/>\n<link rel=\"canonical\" href=\"https:\/\/crossin.pl\/sk\/kontakt\/\" \/>\n<meta property=\"og:locale\" content=\"sk_SK\" \/>\n<meta property=\"og:type\" content=\"article\" \/>\n<meta property=\"og:title\" content=\"Kontakt - Crossin\" \/>\n<meta property=\"og:description\" content=\"Zaujala v\u00e1s na\u0161a ponuka? Chcete sa dozvedie\u0165 viac o na\u0161ich produktoch a slu\u017eb\u00e1ch? Nav\u0161t\u00edvte kontaktn\u00fa str\u00e1nku teraz!\" \/>\n<meta property=\"og:url\" content=\"https:\/\/crossin.pl\/sk\/kontakt\/\" \/>\n<meta property=\"og:site_name\" content=\"Crossin\" \/>\n<meta property=\"article:modified_time\" content=\"2023-10-23T07:50:04+00:00\" \/>\n<meta property=\"og:image\" content=\"https:\/\/crossin.pl\/wp-content\/uploads\/2023\/10\/cr-post-ogolny-izolacja-pianka-pur-01.webp\" \/>\n\t<meta property=\"og:image:width\" content=\"1200\" \/>\n\t<meta property=\"og:image:height\" content=\"800\" \/>\n\t<meta property=\"og:image:type\" content=\"image\/webp\" \/>\n<meta name=\"twitter:card\" content=\"summary_large_image\" \/>\n<script type=\"application\/ld+json\" class=\"yoast-schema-graph\">{\"@context\":\"https:\/\/schema.org\",\"@graph\":[{\"@type\":\"WebPage\",\"@id\":\"https:\/\/crossin.pl\/sk\/kontakt\/\",\"url\":\"https:\/\/crossin.pl\/sk\/kontakt\/\",\"name\":\"Kontakt - Crossin\",\"isPartOf\":{\"@id\":\"https:\/\/crossin.pl\/#website\"},\"primaryImageOfPage\":{\"@id\":\"https:\/\/crossin.pl\/sk\/kontakt\/#primaryimage\"},\"image\":{\"@id\":\"https:\/\/crossin.pl\/sk\/kontakt\/#primaryimage\"},\"thumbnailUrl\":\"https:\/\/crossin.pl\/wp-content\/uploads\/2023\/10\/cr-post-ogolny-izolacja-pianka-pur-01.webp\",\"datePublished\":\"2023-08-14T16:00:20+00:00\",\"dateModified\":\"2023-10-23T07:50:04+00:00\",\"description\":\"Zaujala v\u00e1s na\u0161a ponuka? Chcete sa dozvedie\u0165 viac o na\u0161ich produktoch a slu\u017eb\u00e1ch? Nav\u0161t\u00edvte kontaktn\u00fa str\u00e1nku teraz!\",\"breadcrumb\":{\"@id\":\"https:\/\/crossin.pl\/sk\/kontakt\/#breadcrumb\"},\"inLanguage\":\"sk-SK\",\"potentialAction\":[{\"@type\":\"ReadAction\",\"target\":[\"https:\/\/crossin.pl\/sk\/kontakt\/\"]}]},{\"@type\":\"ImageObject\",\"inLanguage\":\"sk-SK\",\"@id\":\"https:\/\/crossin.pl\/sk\/kontakt\/#primaryimage\",\"url\":\"https:\/\/crossin.pl\/wp-content\/uploads\/2023\/10\/cr-post-ogolny-izolacja-pianka-pur-01.webp\",\"contentUrl\":\"https:\/\/crossin.pl\/wp-content\/uploads\/2023\/10\/cr-post-ogolny-izolacja-pianka-pur-01.webp\",\"width\":1200,\"height\":800},{\"@type\":\"BreadcrumbList\",\"@id\":\"https:\/\/crossin.pl\/sk\/kontakt\/#breadcrumb\",\"itemListElement\":[{\"@type\":\"ListItem\",\"position\":1,\"name\":\"Strona g\u0142\u00f3wna\",\"item\":\"https:\/\/crossin.pl\/sk\/\"},{\"@type\":\"ListItem\",\"position\":2,\"name\":\"Kontakt\"}]},{\"@type\":\"WebSite\",\"@id\":\"https:\/\/crossin.pl\/#website\",\"url\":\"https:\/\/crossin.pl\/\",\"name\":\"Crossin\",\"description\":\"Izolacje Pian\u0105 PUR\",\"publisher\":{\"@id\":\"https:\/\/crossin.pl\/#organization\"},\"potentialAction\":[{\"@type\":\"SearchAction\",\"target\":{\"@type\":\"EntryPoint\",\"urlTemplate\":\"https:\/\/crossin.pl\/?s={search_term_string}\"},\"query-input\":{\"@type\":\"PropertyValueSpecification\",\"valueRequired\":true,\"valueName\":\"search_term_string\"}}],\"inLanguage\":\"sk-SK\"},{\"@type\":\"Organization\",\"@id\":\"https:\/\/crossin.pl\/#organization\",\"name\":\"Crossin Insulations\",\"alternateName\":\"Crossin\",\"url\":\"https:\/\/crossin.pl\/\",\"logo\":{\"@type\":\"ImageObject\",\"inLanguage\":\"sk-SK\",\"@id\":\"https:\/\/crossin.pl\/#\/schema\/logo\/image\/\",\"url\":\"https:\/\/crossin.pl\/wp-content\/uploads\/2026\/01\/crossin_logo.svg\",\"contentUrl\":\"https:\/\/crossin.pl\/wp-content\/uploads\/2026\/01\/crossin_logo.svg\",\"caption\":\"Crossin Insulations\"},\"image\":{\"@id\":\"https:\/\/crossin.pl\/#\/schema\/logo\/image\/\"}}]}<\/script>\n<!-- \/ Yoast SEO plugin. -->","yoast_head_json":{"title":"Kontakt - Crossin","description":"Zaujala v\u00e1s na\u0161a ponuka? Chcete sa dozvedie\u0165 viac o na\u0161ich produktoch a slu\u017eb\u00e1ch? Nav\u0161t\u00edvte kontaktn\u00fa str\u00e1nku teraz!","robots":{"index":"index","follow":"follow","max-snippet":"max-snippet:-1","max-image-preview":"max-image-preview:large","max-video-preview":"max-video-preview:-1"},"canonical":"https:\/\/crossin.pl\/sk\/kontakt\/","og_locale":"sk_SK","og_type":"article","og_title":"Kontakt - Crossin","og_description":"Zaujala v\u00e1s na\u0161a ponuka? Chcete sa dozvedie\u0165 viac o na\u0161ich produktoch a slu\u017eb\u00e1ch? Nav\u0161t\u00edvte kontaktn\u00fa str\u00e1nku teraz!","og_url":"https:\/\/crossin.pl\/sk\/kontakt\/","og_site_name":"Crossin","article_modified_time":"2023-10-23T07:50:04+00:00","og_image":[{"width":1200,"height":800,"url":"https:\/\/crossin.pl\/wp-content\/uploads\/2023\/10\/cr-post-ogolny-izolacja-pianka-pur-01.webp","type":"image\/webp"}],"twitter_card":"summary_large_image","schema":{"@context":"https:\/\/schema.org","@graph":[{"@type":"WebPage","@id":"https:\/\/crossin.pl\/sk\/kontakt\/","url":"https:\/\/crossin.pl\/sk\/kontakt\/","name":"Kontakt - Crossin","isPartOf":{"@id":"https:\/\/crossin.pl\/#website"},"primaryImageOfPage":{"@id":"https:\/\/crossin.pl\/sk\/kontakt\/#primaryimage"},"image":{"@id":"https:\/\/crossin.pl\/sk\/kontakt\/#primaryimage"},"thumbnailUrl":"https:\/\/crossin.pl\/wp-content\/uploads\/2023\/10\/cr-post-ogolny-izolacja-pianka-pur-01.webp","datePublished":"2023-08-14T16:00:20+00:00","dateModified":"2023-10-23T07:50:04+00:00","description":"Zaujala v\u00e1s na\u0161a ponuka? Chcete sa dozvedie\u0165 viac o na\u0161ich produktoch a slu\u017eb\u00e1ch? Nav\u0161t\u00edvte kontaktn\u00fa str\u00e1nku teraz!","breadcrumb":{"@id":"https:\/\/crossin.pl\/sk\/kontakt\/#breadcrumb"},"inLanguage":"sk-SK","potentialAction":[{"@type":"ReadAction","target":["https:\/\/crossin.pl\/sk\/kontakt\/"]}]},{"@type":"ImageObject","inLanguage":"sk-SK","@id":"https:\/\/crossin.pl\/sk\/kontakt\/#primaryimage","url":"https:\/\/crossin.pl\/wp-content\/uploads\/2023\/10\/cr-post-ogolny-izolacja-pianka-pur-01.webp","contentUrl":"https:\/\/crossin.pl\/wp-content\/uploads\/2023\/10\/cr-post-ogolny-izolacja-pianka-pur-01.webp","width":1200,"height":800},{"@type":"BreadcrumbList","@id":"https:\/\/crossin.pl\/sk\/kontakt\/#breadcrumb","itemListElement":[{"@type":"ListItem","position":1,"name":"Strona g\u0142\u00f3wna","item":"https:\/\/crossin.pl\/sk\/"},{"@type":"ListItem","position":2,"name":"Kontakt"}]},{"@type":"WebSite","@id":"https:\/\/crossin.pl\/#website","url":"https:\/\/crossin.pl\/","name":"Crossin","description":"Izolacje Pian\u0105 PUR","publisher":{"@id":"https:\/\/crossin.pl\/#organization"},"potentialAction":[{"@type":"SearchAction","target":{"@type":"EntryPoint","urlTemplate":"https:\/\/crossin.pl\/?s={search_term_string}"},"query-input":{"@type":"PropertyValueSpecification","valueRequired":true,"valueName":"search_term_string"}}],"inLanguage":"sk-SK"},{"@type":"Organization","@id":"https:\/\/crossin.pl\/#organization","name":"Crossin Insulations","alternateName":"Crossin","url":"https:\/\/crossin.pl\/","logo":{"@type":"ImageObject","inLanguage":"sk-SK","@id":"https:\/\/crossin.pl\/#\/schema\/logo\/image\/","url":"https:\/\/crossin.pl\/wp-content\/uploads\/2026\/01\/crossin_logo.svg","contentUrl":"https:\/\/crossin.pl\/wp-content\/uploads\/2026\/01\/crossin_logo.svg","caption":"Crossin Insulations"},"image":{"@id":"https:\/\/crossin.pl\/#\/schema\/logo\/image\/"}}]}},"_links":{"self":[{"href":"https:\/\/crossin.pl\/sk\/wp-json\/wp\/v2\/pages\/3775","targetHints":{"allow":["GET"]}}],"collection":[{"href":"https:\/\/crossin.pl\/sk\/wp-json\/wp\/v2\/pages"}],"about":[{"href":"https:\/\/crossin.pl\/sk\/wp-json\/wp\/v2\/types\/page"}],"author":[{"embeddable":true,"href":"https:\/\/crossin.pl\/sk\/wp-json\/wp\/v2\/users\/1"}],"replies":[{"embeddable":true,"href":"https:\/\/crossin.pl\/sk\/wp-json\/wp\/v2\/comments?post=3775"}],"version-history":[{"count":3,"href":"https:\/\/crossin.pl\/sk\/wp-json\/wp\/v2\/pages\/3775\/revisions"}],"predecessor-version":[{"id":3778,"href":"https:\/\/crossin.pl\/sk\/wp-json\/wp\/v2\/pages\/3775\/revisions\/3778"}],"wp:featuredmedia":[{"embeddable":true,"href":"https:\/\/crossin.pl\/sk\/wp-json\/wp\/v2\/media\/3487"}],"wp:attachment":[{"href":"https:\/\/crossin.pl\/sk\/wp-json\/wp\/v2\/media?parent=3775"}],"curies":[{"name":"wp","href":"https:\/\/api.w.org\/{rel}","templated":true}]}}