{"id":3731,"date":"2023-08-14T17:55:54","date_gmt":"2023-08-14T15:55:54","guid":{"rendered":"https:\/\/crossin.pl\/produkty\/"},"modified":"2023-10-20T21:32:27","modified_gmt":"2023-10-20T19:32:27","slug":"produkty","status":"publish","type":"page","link":"https:\/\/crossin.pl\/sk\/produkty\/","title":{"rendered":"Produkty"},"content":{"rendered":"\n<div style=\"height:40px\" aria-hidden=\"true\" class=\"wp-block-spacer\"><\/div>\n\n<div class=\"wp-block-columns is-layout-flex wp-container-core-columns-is-layout-9d6595d7 wp-block-columns-is-layout-flex\">\n<div class=\"wp-block-column is-layout-flow wp-block-column-is-layout-flow\">\n<div class=\"wp-block-columns is-layout-flex wp-container-core-columns-is-layout-9d6595d7 wp-block-columns-is-layout-flex\">\n<div class=\"wp-block-column is-layout-flow wp-block-column-is-layout-flow\">\n<div class=\"pg__prodlist__wrap\">\n  <div class=\"pg__prodlist__item\">\n    <a href=\"https:\/\/crossin.pl\/sk\/produkt\/crossin-attic-soft\/\">\n      <div class=\"pg__prodlist__item__a\">\n        <h2>Crossin Attic Soft<\/h2><h3>Pena s otvoren\u00fdmi bunkami<\/h3><p class=\"pg__prodlist__zas\">Izol\u00e1cia podkrovia alebo stropu<\/p><p>Otvoren\u00e1 pena Crossin Attic Soft je ur\u010den\u00e1 na vn\u00fatorn\u00fa tepeln\u00fa a zvukov\u00fa izol\u00e1ciu. M\u00e4kk\u00e1 striekan\u00e1 izol\u00e1cia Crossin Attic je \u00fa\u010dinn\u00e1 izol\u00e1cia pre podkrovie, strop aj vn\u00fatorn\u00e9 steny. Je ide\u00e1lny na izol\u00e1ciu drevostavieb.<\/p><div class=\"link03\">Pre\u010d\u00edtajte si viac<\/div>\n      <\/div>\n    <\/a>\n  <\/div>\n<\/div>\n<\/div>\n<\/div>\n\n\n\n<div class=\"wp-block-columns is-layout-flex wp-container-core-columns-is-layout-9d6595d7 wp-block-columns-is-layout-flex\">\n<div class=\"wp-block-column is-layout-flow wp-block-column-is-layout-flow\">\n<div class=\"pg__prodlist__wrap\">\n  <div class=\"pg__prodlist__item\">\n    <a href=\"https:\/\/crossin.pl\/sk\/produkt\/crossin-hard-36\/\">\n      <div class=\"pg__prodlist__item__a\">\n        <h2>Crossin Hard 36<\/h2><h3>Pena s uzavret\u00fdmi bunkami<\/h3><p class=\"pg__prodlist__zas\">Izol\u00e1cia haly alebo skladu<\/p><p>Izol\u00e1cia Crossin Hard 36 je tvrd\u00e1 pena s uzavret\u00fdmi bunkami ur\u010den\u00e1 na tepeln\u00fa izol\u00e1ciu stien, striech, stropov a podkrov\u00ed v interi\u00e9ri aj exteri\u00e9ri budovy. Tento typ peny sa pou\u017e\u00edva v po\u013enohospod\u00e1rstve, priemysle, ako aj v bytov\u00fdch a verejn\u00fdch budov\u00e1ch. V\u00fdrobok sa naj\u010dastej\u0161ie pou\u017e\u00edva ako izol\u00e1cia skladu, priemyselnej haly alebo po\u013enohospod\u00e1rskeho objektu.<\/p><div class=\"link03\">Pre\u010d\u00edtajte si viac<\/div>\n      <\/div>\n    <\/a>\n  <\/div>\n<\/div>\n<\/div>\n<\/div>\n\n\n\n<div class=\"wp-block-columns is-layout-flex wp-container-core-columns-is-layout-9d6595d7 wp-block-columns-is-layout-flex\">\n<div class=\"wp-block-column is-layout-flow wp-block-column-is-layout-flow\">\n<div class=\"pg__prodlist__wrap\">\n  <div class=\"pg__prodlist__item\">\n    <a href=\"https:\/\/crossin.pl\/sk\/produkt\/crossin-hard-40\/\">\n      <div class=\"pg__prodlist__item__a\">\n        <h2>Crossin Hard 40<\/h2><h3>Pena s uzavret\u00fdmi bunkami<\/h3><p class=\"pg__prodlist__zas\">Izol\u00e1cia z\u00e1kladov a podlahy<\/p><p>Izol\u00e1cia Crossin Hard 40 je tvrd\u00e1 pena s uzavret\u00fdmi bunkami, ur\u010den\u00e1 predov\u0161etk\u00fdm na tepeln\u00fa izol\u00e1ciu podl\u00e1h (aj nesuter\u00e9nnych a zapusten\u00fdch do zeme), podl\u00e1h a z\u00e1kladov vo v\u0161etk\u00fdch typoch stavebn\u00fdch kon\u0161trukci\u00ed. Vhodn\u00e9 najm\u00e4 na izol\u00e1ciu povrchov vystaven\u00fdch zv\u00fd\u0161en\u00e9mu vonkaj\u0161iemu za\u0165a\u017eeniu.<\/p><div class=\"link03\">Pre\u010d\u00edtajte si viac<\/div>\n      <\/div>\n    <\/a>\n  <\/div>\n<\/div>\n<\/div>\n<\/div>\n\n\n\n<div class=\"wp-block-columns is-layout-flex wp-container-core-columns-is-layout-9d6595d7 wp-block-columns-is-layout-flex\">\n<div class=\"wp-block-column is-layout-flow wp-block-column-is-layout-flow\">\n<div class=\"pg__prodlist__wrap\">\n  <div class=\"pg__prodlist__item\">\n    <a href=\"https:\/\/crossin.pl\/sk\/produkt\/crossin-hard-50\/\">\n      <div class=\"pg__prodlist__item__a\">\n        <h2>Crossin Hard 50<\/h2><h3>Pena s uzavret\u00fdmi bunkami<\/h3><p class=\"pg__prodlist__zas\">Izol\u00e1cia ploch\u00fdch striech<\/p><p>Izol\u00e1cia Crossin Hard 50 je tvrd\u00e1 pena s uzavret\u00fdmi bunkami ur\u010den\u00e1 na vonkaj\u0161iu tepeln\u00fa izol\u00e1ciu ve\u013ek\u00fdch pl\u00f4ch ploch\u00fdch striech a viacpl\u00e1\u0161\u0165ov\u00fdch striech. Ide\u00e1lne ako izol\u00e1cia striech priemyseln\u00fdch, po\u013enohospod\u00e1rskych a hospod\u00e1rskych budov, ako aj obytn\u00fdch budov.<\/p><div class=\"link03\">Pre\u010d\u00edtajte si viac<\/div>\n      <\/div>\n    <\/a>\n  <\/div>\n<\/div>\n<\/div>\n<\/div>\n<\/div>\n<\/div>\n","protected":false},"excerpt":{"rendered":"<p>Crossin Attic Soft Pena s otvoren\u00fdmi bunkami Izol\u00e1cia podkrovia alebo stropu Otvoren\u00e1 pena Crossin Attic Soft je ur\u010den\u00e1 na vn\u00fatorn\u00fa tepeln\u00fa a zvukov\u00fa izol\u00e1ciu. M\u00e4kk\u00e1 striekan\u00e1 izol\u00e1cia Crossin Attic je \u00fa\u010dinn\u00e1 izol\u00e1cia pre podkrovie, strop aj vn\u00fatorn\u00e9 steny. Je ide\u00e1lny na izol\u00e1ciu drevostavieb. Pre\u010d\u00edtajte si viac Crossin Hard 36 Pena s uzavret\u00fdmi bunkami Izol\u00e1cia haly [&hellip;]<\/p>\n","protected":false},"author":1,"featured_media":3487,"parent":0,"menu_order":120,"comment_status":"closed","ping_status":"closed","template":"page-fullwidth.php","meta":{"inline_featured_image":false,"footnotes":""},"class_list":["post-3731","page","type-page","status-publish","has-post-thumbnail","hentry"],"acf":[],"yoast_head":"<!-- This site is optimized with the Yoast SEO plugin v26.4 - https:\/\/yoast.com\/wordpress\/plugins\/seo\/ -->\n<title>PUR peny s otvoren\u00fdmi a uzavret\u00fdmi bunkami - Crossin<\/title>\n<meta name=\"description\" content=\"Zna\u010dka Crossin je inovat\u00edvny rad polyuret\u00e1nov\u00fdch izol\u00e1ci\u00ed pre komplexn\u00fa, \u00fa\u010dinn\u00fa a \u00fasporn\u00fa izol\u00e1ciu budov!\" \/>\n<meta name=\"robots\" content=\"index, follow, max-snippet:-1, max-image-preview:large, max-video-preview:-1\" \/>\n<link rel=\"canonical\" href=\"https:\/\/crossin.pl\/sk\/produkty\/\" \/>\n<meta property=\"og:locale\" content=\"sk_SK\" \/>\n<meta property=\"og:type\" content=\"article\" \/>\n<meta property=\"og:title\" content=\"PUR peny s otvoren\u00fdmi a uzavret\u00fdmi bunkami - Crossin\" \/>\n<meta property=\"og:description\" content=\"Zna\u010dka Crossin je inovat\u00edvny rad polyuret\u00e1nov\u00fdch izol\u00e1ci\u00ed pre komplexn\u00fa, \u00fa\u010dinn\u00fa a \u00fasporn\u00fa izol\u00e1ciu budov!\" \/>\n<meta property=\"og:url\" content=\"https:\/\/crossin.pl\/sk\/produkty\/\" \/>\n<meta property=\"og:site_name\" content=\"Crossin\" \/>\n<meta property=\"article:modified_time\" content=\"2023-10-20T19:32:27+00:00\" \/>\n<meta property=\"og:image\" content=\"https:\/\/crossin.pl\/wp-content\/uploads\/2023\/10\/cr-post-ogolny-izolacja-pianka-pur-01.webp\" \/>\n\t<meta property=\"og:image:width\" content=\"1200\" \/>\n\t<meta property=\"og:image:height\" content=\"800\" \/>\n\t<meta property=\"og:image:type\" content=\"image\/webp\" \/>\n<meta name=\"twitter:card\" content=\"summary_large_image\" \/>\n<meta name=\"twitter:label1\" content=\"Predpokladan\u00fd \u010das \u010d\u00edtania\" \/>\n\t<meta name=\"twitter:data1\" content=\"1 min\u00fata\" \/>\n<script type=\"application\/ld+json\" class=\"yoast-schema-graph\">{\"@context\":\"https:\/\/schema.org\",\"@graph\":[{\"@type\":\"WebPage\",\"@id\":\"https:\/\/crossin.pl\/sk\/produkty\/\",\"url\":\"https:\/\/crossin.pl\/sk\/produkty\/\",\"name\":\"PUR peny s otvoren\u00fdmi a uzavret\u00fdmi bunkami - Crossin\",\"isPartOf\":{\"@id\":\"https:\/\/crossin.pl\/#website\"},\"primaryImageOfPage\":{\"@id\":\"https:\/\/crossin.pl\/sk\/produkty\/#primaryimage\"},\"image\":{\"@id\":\"https:\/\/crossin.pl\/sk\/produkty\/#primaryimage\"},\"thumbnailUrl\":\"https:\/\/crossin.pl\/wp-content\/uploads\/2023\/10\/cr-post-ogolny-izolacja-pianka-pur-01.webp\",\"datePublished\":\"2023-08-14T15:55:54+00:00\",\"dateModified\":\"2023-10-20T19:32:27+00:00\",\"description\":\"Zna\u010dka Crossin je inovat\u00edvny rad polyuret\u00e1nov\u00fdch izol\u00e1ci\u00ed pre komplexn\u00fa, \u00fa\u010dinn\u00fa a \u00fasporn\u00fa izol\u00e1ciu budov!\",\"breadcrumb\":{\"@id\":\"https:\/\/crossin.pl\/sk\/produkty\/#breadcrumb\"},\"inLanguage\":\"sk-SK\",\"potentialAction\":[{\"@type\":\"ReadAction\",\"target\":[\"https:\/\/crossin.pl\/sk\/produkty\/\"]}]},{\"@type\":\"ImageObject\",\"inLanguage\":\"sk-SK\",\"@id\":\"https:\/\/crossin.pl\/sk\/produkty\/#primaryimage\",\"url\":\"https:\/\/crossin.pl\/wp-content\/uploads\/2023\/10\/cr-post-ogolny-izolacja-pianka-pur-01.webp\",\"contentUrl\":\"https:\/\/crossin.pl\/wp-content\/uploads\/2023\/10\/cr-post-ogolny-izolacja-pianka-pur-01.webp\",\"width\":1200,\"height\":800},{\"@type\":\"BreadcrumbList\",\"@id\":\"https:\/\/crossin.pl\/sk\/produkty\/#breadcrumb\",\"itemListElement\":[{\"@type\":\"ListItem\",\"position\":1,\"name\":\"Strona g\u0142\u00f3wna\",\"item\":\"https:\/\/crossin.pl\/sk\/\"},{\"@type\":\"ListItem\",\"position\":2,\"name\":\"Produkty\"}]},{\"@type\":\"WebSite\",\"@id\":\"https:\/\/crossin.pl\/#website\",\"url\":\"https:\/\/crossin.pl\/\",\"name\":\"Crossin\",\"description\":\"Izolacje Pian\u0105 PUR\",\"publisher\":{\"@id\":\"https:\/\/crossin.pl\/#organization\"},\"potentialAction\":[{\"@type\":\"SearchAction\",\"target\":{\"@type\":\"EntryPoint\",\"urlTemplate\":\"https:\/\/crossin.pl\/?s={search_term_string}\"},\"query-input\":{\"@type\":\"PropertyValueSpecification\",\"valueRequired\":true,\"valueName\":\"search_term_string\"}}],\"inLanguage\":\"sk-SK\"},{\"@type\":\"Organization\",\"@id\":\"https:\/\/crossin.pl\/#organization\",\"name\":\"Crossin Insulations\",\"alternateName\":\"Crossin\",\"url\":\"https:\/\/crossin.pl\/\",\"logo\":{\"@type\":\"ImageObject\",\"inLanguage\":\"sk-SK\",\"@id\":\"https:\/\/crossin.pl\/#\/schema\/logo\/image\/\",\"url\":\"https:\/\/crossin.pl\/wp-content\/uploads\/2026\/01\/crossin_logo.svg\",\"contentUrl\":\"https:\/\/crossin.pl\/wp-content\/uploads\/2026\/01\/crossin_logo.svg\",\"caption\":\"Crossin Insulations\"},\"image\":{\"@id\":\"https:\/\/crossin.pl\/#\/schema\/logo\/image\/\"}}]}<\/script>\n<!-- \/ Yoast SEO plugin. -->","yoast_head_json":{"title":"PUR peny s otvoren\u00fdmi a uzavret\u00fdmi bunkami - Crossin","description":"Zna\u010dka Crossin je inovat\u00edvny rad polyuret\u00e1nov\u00fdch izol\u00e1ci\u00ed pre komplexn\u00fa, \u00fa\u010dinn\u00fa a \u00fasporn\u00fa izol\u00e1ciu budov!","robots":{"index":"index","follow":"follow","max-snippet":"max-snippet:-1","max-image-preview":"max-image-preview:large","max-video-preview":"max-video-preview:-1"},"canonical":"https:\/\/crossin.pl\/sk\/produkty\/","og_locale":"sk_SK","og_type":"article","og_title":"PUR peny s otvoren\u00fdmi a uzavret\u00fdmi bunkami - Crossin","og_description":"Zna\u010dka Crossin je inovat\u00edvny rad polyuret\u00e1nov\u00fdch izol\u00e1ci\u00ed pre komplexn\u00fa, \u00fa\u010dinn\u00fa a \u00fasporn\u00fa izol\u00e1ciu budov!","og_url":"https:\/\/crossin.pl\/sk\/produkty\/","og_site_name":"Crossin","article_modified_time":"2023-10-20T19:32:27+00:00","og_image":[{"width":1200,"height":800,"url":"https:\/\/crossin.pl\/wp-content\/uploads\/2023\/10\/cr-post-ogolny-izolacja-pianka-pur-01.webp","type":"image\/webp"}],"twitter_card":"summary_large_image","twitter_misc":{"Predpokladan\u00fd \u010das \u010d\u00edtania":"1 min\u00fata"},"schema":{"@context":"https:\/\/schema.org","@graph":[{"@type":"WebPage","@id":"https:\/\/crossin.pl\/sk\/produkty\/","url":"https:\/\/crossin.pl\/sk\/produkty\/","name":"PUR peny s otvoren\u00fdmi a uzavret\u00fdmi bunkami - Crossin","isPartOf":{"@id":"https:\/\/crossin.pl\/#website"},"primaryImageOfPage":{"@id":"https:\/\/crossin.pl\/sk\/produkty\/#primaryimage"},"image":{"@id":"https:\/\/crossin.pl\/sk\/produkty\/#primaryimage"},"thumbnailUrl":"https:\/\/crossin.pl\/wp-content\/uploads\/2023\/10\/cr-post-ogolny-izolacja-pianka-pur-01.webp","datePublished":"2023-08-14T15:55:54+00:00","dateModified":"2023-10-20T19:32:27+00:00","description":"Zna\u010dka Crossin je inovat\u00edvny rad polyuret\u00e1nov\u00fdch izol\u00e1ci\u00ed pre komplexn\u00fa, \u00fa\u010dinn\u00fa a \u00fasporn\u00fa izol\u00e1ciu budov!","breadcrumb":{"@id":"https:\/\/crossin.pl\/sk\/produkty\/#breadcrumb"},"inLanguage":"sk-SK","potentialAction":[{"@type":"ReadAction","target":["https:\/\/crossin.pl\/sk\/produkty\/"]}]},{"@type":"ImageObject","inLanguage":"sk-SK","@id":"https:\/\/crossin.pl\/sk\/produkty\/#primaryimage","url":"https:\/\/crossin.pl\/wp-content\/uploads\/2023\/10\/cr-post-ogolny-izolacja-pianka-pur-01.webp","contentUrl":"https:\/\/crossin.pl\/wp-content\/uploads\/2023\/10\/cr-post-ogolny-izolacja-pianka-pur-01.webp","width":1200,"height":800},{"@type":"BreadcrumbList","@id":"https:\/\/crossin.pl\/sk\/produkty\/#breadcrumb","itemListElement":[{"@type":"ListItem","position":1,"name":"Strona g\u0142\u00f3wna","item":"https:\/\/crossin.pl\/sk\/"},{"@type":"ListItem","position":2,"name":"Produkty"}]},{"@type":"WebSite","@id":"https:\/\/crossin.pl\/#website","url":"https:\/\/crossin.pl\/","name":"Crossin","description":"Izolacje Pian\u0105 PUR","publisher":{"@id":"https:\/\/crossin.pl\/#organization"},"potentialAction":[{"@type":"SearchAction","target":{"@type":"EntryPoint","urlTemplate":"https:\/\/crossin.pl\/?s={search_term_string}"},"query-input":{"@type":"PropertyValueSpecification","valueRequired":true,"valueName":"search_term_string"}}],"inLanguage":"sk-SK"},{"@type":"Organization","@id":"https:\/\/crossin.pl\/#organization","name":"Crossin Insulations","alternateName":"Crossin","url":"https:\/\/crossin.pl\/","logo":{"@type":"ImageObject","inLanguage":"sk-SK","@id":"https:\/\/crossin.pl\/#\/schema\/logo\/image\/","url":"https:\/\/crossin.pl\/wp-content\/uploads\/2026\/01\/crossin_logo.svg","contentUrl":"https:\/\/crossin.pl\/wp-content\/uploads\/2026\/01\/crossin_logo.svg","caption":"Crossin Insulations"},"image":{"@id":"https:\/\/crossin.pl\/#\/schema\/logo\/image\/"}}]}},"_links":{"self":[{"href":"https:\/\/crossin.pl\/sk\/wp-json\/wp\/v2\/pages\/3731","targetHints":{"allow":["GET"]}}],"collection":[{"href":"https:\/\/crossin.pl\/sk\/wp-json\/wp\/v2\/pages"}],"about":[{"href":"https:\/\/crossin.pl\/sk\/wp-json\/wp\/v2\/types\/page"}],"author":[{"embeddable":true,"href":"https:\/\/crossin.pl\/sk\/wp-json\/wp\/v2\/users\/1"}],"replies":[{"embeddable":true,"href":"https:\/\/crossin.pl\/sk\/wp-json\/wp\/v2\/comments?post=3731"}],"version-history":[{"count":3,"href":"https:\/\/crossin.pl\/sk\/wp-json\/wp\/v2\/pages\/3731\/revisions"}],"predecessor-version":[{"id":3734,"href":"https:\/\/crossin.pl\/sk\/wp-json\/wp\/v2\/pages\/3731\/revisions\/3734"}],"wp:featuredmedia":[{"embeddable":true,"href":"https:\/\/crossin.pl\/sk\/wp-json\/wp\/v2\/media\/3487"}],"wp:attachment":[{"href":"https:\/\/crossin.pl\/sk\/wp-json\/wp\/v2\/media?parent=3731"}],"curies":[{"name":"wp","href":"https:\/\/api.w.org\/{rel}","templated":true}]}}