{"id":3486,"date":"2023-08-14T17:55:24","date_gmt":"2023-08-14T15:55:24","guid":{"rendered":"https:\/\/crossin.pl\/ponuka\/"},"modified":"2023-10-19T16:04:57","modified_gmt":"2023-10-19T14:04:57","slug":"ponuka","status":"publish","type":"page","link":"https:\/\/crossin.pl\/sk\/ponuka\/","title":{"rendered":"Ponuka"},"content":{"rendered":"\n<div class=\"wp-block-columns is-layout-flex wp-container-core-columns-is-layout-9d6595d7 wp-block-columns-is-layout-flex\">\n<div class=\"wp-block-column is-layout-flow wp-block-column-is-layout-flow\" style=\"flex-basis:10%\"><\/div>\n\n\n\n<div class=\"wp-block-column is-layout-flow wp-block-column-is-layout-flow\" style=\"flex-basis:80%\">\n<p style=\"text-align: center;\">Sie\u0165 Crossin pon\u00faka izol\u00e1cie z PUR peny prostredn\u00edctvom autorizovan\u00fdch dod\u00e1vate\u013eov.  <br\/>Vysokokvalitn\u00e1 PUR pena Crossin a realiz\u00e1cia sk\u00fasenou, v\u00fdrobcom preverenou spolo\u010dnos\u0165ou zaru\u010duj\u00fa izol\u00e1ciu najvy\u0161\u0161ieho \u0161tandardu.<\/p>\n<\/div>\n\n\n\n<div class=\"wp-block-column is-layout-flow wp-block-column-is-layout-flow\" style=\"flex-basis:10%\"><\/div>\n<\/div>\n\n<div class=\"wp-block-columns is-layout-flex wp-container-core-columns-is-layout-9d6595d7 wp-block-columns-is-layout-flex\">\n<div class=\"wp-block-column is-layout-flow wp-block-column-is-layout-flow\">\n<div class=\"wp-block-columns is-layout-flex wp-container-core-columns-is-layout-9d6595d7 wp-block-columns-is-layout-flex\">\n<div class=\"wp-block-column is-layout-flow wp-block-column-is-layout-flow\">\n<div class=\"pg__offerlist__wrap\">\n  <div class=\"pg__offerlist__item\">\n      <div class=\"pg__offerlist__item__a\">\n        <h2>Izol\u00e1cia obytn\u00fdch budov<\/h2><h4>Peny s otvoren\u00fdmi a uzavret\u00fdmi bunkami<\/h4>\n<div class=\"offer__service__wrap\">\n   <div class=\"offer__service\">\n      <a href=\"https:\/\/crossin.pl\/oferta\/izolacja-poddasza\/\"><div class=\"offer__service__item\">\n         <img decoding=\"async\" src=\"\/wp-content\/uploads\/2023\/08\/iko-domek-poddasza-01.svg\" alt=\"Izol\u00e1cia podkrovia\"\/>\n         <h3>Izol\u00e1cia  <br\/>Podkrovia<\/h3>\n      <\/div><\/a>\n      <a href=\"https:\/\/crossin.pl\/oferta\/izolacja-stropu\/\"><div class=\"offer__service__item\">\n         <img decoding=\"async\" src=\"\/wp-content\/uploads\/2023\/08\/iko-domek-stropy-01.svg\" alt=\"Izol\u00e1cia stropu\"\/>\n         <h3>Izol\u00e1cia  <br\/>Strop<\/h3>\n      <\/div><\/a>\n      <a href=\"https:\/\/crossin.pl\/oferta\/izolacja-scian-i-domow-szkieletowych\/\"><div class=\"offer__service__item\">\n         <img decoding=\"async\" src=\"\/wp-content\/uploads\/2023\/09\/iko-domek-sciany-05.svg\" alt=\"Izol\u00e1cia stien\"\/>\n         <h3>Izol\u00e1cia  <br\/>Steny<\/h3>\n      <\/div><\/a>\n      <a href=\"https:\/\/crossin.pl\/oferta\/izolacja-posadzki\/\"><div class=\"offer__service__item\">\n         <img decoding=\"async\" src=\"\/wp-content\/uploads\/2023\/08\/iko-domek-posadzki-01.svg\" alt=\"Izol\u00e1cia podlahy\"\/>\n         <h3>Izol\u00e1cia  <br\/>Podlahy<\/h3>\n      <\/div><\/a>\n      <a href=\"https:\/\/crossin.pl\/oferta\/izolacja-fundamentow\/\"><div class=\"offer__service__item\">\n         <img decoding=\"async\" src=\"\/wp-content\/uploads\/2023\/08\/iko-domek-fundamenty-01.svg\" alt=\"Izol\u00e1cia z\u00e1kladov\"\/>\n         <h3>Izol\u00e1cia  <br\/>Nad\u00e1cia<\/h3>\n      <\/div><\/a>\n      <a href=\"https:\/\/crossin.pl\/oferta\/izolacja-tarasu\/\"><div class=\"offer__service__item\">\n         <img decoding=\"async\" src=\"\/wp-content\/uploads\/2023\/08\/iko-domek-tarasy-02.svg\" alt=\"Izol\u00e1cia terasy\"\/>\n         <h3>Izol\u00e1cia  <br\/>Terasa<\/h3>\n      <\/div><\/a>\n   <\/div>\n<\/div>\n      <\/div>\n  <\/div>\n<\/div>\n<\/div>\n<\/div>\n\n\n\n<div class=\"wp-block-columns is-layout-flex wp-container-core-columns-is-layout-9d6595d7 wp-block-columns-is-layout-flex\">\n<div class=\"wp-block-column is-layout-flow wp-block-column-is-layout-flow\">\n<div class=\"pg__offerlist__wrap\">\n  <div class=\"pg__offerlist__item\">\n    <a href=\"https:\/\/crossin.pl\/oferta\/izolacja-dachu-plaskiego\/\">\n      <div class=\"pg__offerlist__item__a\">\n        <h2>Izol\u00e1cia ploch\u00fdch striech<\/h2><h4>Pena s uzavret\u00fdmi bunkami<\/h4><p class=\"pg__offerlist__zas\">izol\u00e1cia ve\u013ekoplo\u0161n\u00fdch striech, izol\u00e1cia plsten\u00fdch striech, izol\u00e1cia bet\u00f3nov\u00fdch striech<\/p><p>Izol\u00e1cia plochej strechy pomocou PUR peny je jednou z naj\u00fa\u010dinnej\u0161\u00edch met\u00f3d izol\u00e1cie na zlep\u0161enie tepeln\u00fdch vlastnost\u00ed a podporuje hydroizol\u00e1ciu strechy, \u010d\u00edm pom\u00e1ha chr\u00e1ni\u0165 pred vlhkos\u0165ou a poveternostn\u00fdmi vplyvmi.<\/p><div class=\"link03\">Pre\u010d\u00edtajte si viac<\/div>\n      <\/div>\n    <\/a>\n  <\/div>\n<\/div>\n<\/div>\n<\/div>\n\n\n\n<div class=\"wp-block-columns is-layout-flex wp-container-core-columns-is-layout-9d6595d7 wp-block-columns-is-layout-flex\">\n<div class=\"wp-block-column is-layout-flow wp-block-column-is-layout-flow\">\n<div class=\"pg__offerlist__wrap\">\n  <div class=\"pg__offerlist__item\">\n    <a href=\"https:\/\/crossin.pl\/oferta\/izolacje-dla-przemyslu\/\">\n      <div class=\"pg__offerlist__item__a\">\n        <h2>Izol\u00e1cia pre priemysel<\/h2><h4>Pena s uzavret\u00fdmi bunkami<\/h4><p class=\"pg__offerlist__zas\">izol\u00e1cia ve\u013ekoplo\u0161n\u00fdch striech, izol\u00e1cia plsten\u00fdch striech, izol\u00e1cia bet\u00f3nov\u00fdch striech<\/p><p>V priemysle sa PUR pena be\u017ene pou\u017e\u00edva ako izol\u00e1cia skladov, v\u00fdrobn\u00fdch h\u00e1l, skladovac\u00edch zariaden\u00ed a n\u00e1dr\u017e\u00ed.\nIzol\u00e1cia s PUR penou pon\u00faka mno\u017estvo v\u00fdhod, zlep\u0161uje energetick\u00fa \u00fa\u010dinnos\u0165 a poskytuje ochranu proti extr\u00e9mnym poveternostn\u00fdm podmienkam, vlhkosti a hluku. <\/p><div class=\"link03\">Pre\u010d\u00edtajte si viac<\/div>\n      <\/div>\n    <\/a>\n  <\/div>\n<\/div>\n<\/div>\n<\/div>\n\n\n\n<div class=\"wp-block-columns is-layout-flex wp-container-core-columns-is-layout-9d6595d7 wp-block-columns-is-layout-flex\">\n<div class=\"wp-block-column is-layout-flow wp-block-column-is-layout-flow\">\n<div class=\"pg__offerlist__wrap\">\n  <div class=\"pg__offerlist__item\">\n    <a href=\"https:\/\/crossin.pl\/oferta\/izolacje-dla-rolnictwa\/\">\n      <div class=\"pg__offerlist__item__a\">\n        <h2>Izol\u00e1cia pre po\u013enohospod\u00e1rstvo<\/h2><h4>Pena s uzavret\u00fdmi bunkami<\/h4><p class=\"pg__offerlist__zas\">izol\u00e1cie pre sklady a sil\u00e1, izol\u00e1cie pre chladiarne, izol\u00e1cie pre hydin\u00e1rne a chlievy<\/p><p>V po\u013enohospod\u00e1rstve sa PUR pena be\u017ene pou\u017e\u00edva ako izol\u00e1cia stod\u00f4l, skladov, ako aj chladiarn\u00ed a skladov ovocia, zeleniny a kvetov.\n\u010casto sa pou\u017e\u00edva ako izol\u00e1cia pre hydin\u00e1rne alebo stodoly. <\/p><div class=\"link03\">Pre\u010d\u00edtajte si viac<\/div>\n      <\/div>\n    <\/a>\n  <\/div>\n<\/div>\n<\/div>\n<\/div>\n<\/div>\n<\/div>\n","protected":false},"excerpt":{"rendered":"<p>Sie\u0165 Crossin pon\u00faka izol\u00e1cie z PUR peny prostredn\u00edctvom autorizovan\u00fdch dod\u00e1vate\u013eov. Vysokokvalitn\u00e1 PUR pena Crossin a realiz\u00e1cia sk\u00fasenou, v\u00fdrobcom preverenou spolo\u010dnos\u0165ou zaru\u010duj\u00fa izol\u00e1ciu najvy\u0161\u0161ieho \u0161tandardu. Izol\u00e1cia obytn\u00fdch budov Peny s otvoren\u00fdmi a uzavret\u00fdmi bunkami Izol\u00e1cia Podkrovia Izol\u00e1cia Strop Izol\u00e1cia Steny Izol\u00e1cia Podlahy Izol\u00e1cia Nad\u00e1cia Izol\u00e1cia Terasa Izol\u00e1cia ploch\u00fdch striech Pena s uzavret\u00fdmi bunkami izol\u00e1cia ve\u013ekoplo\u0161n\u00fdch striech, [&hellip;]<\/p>\n","protected":false},"author":1,"featured_media":3487,"parent":0,"menu_order":20,"comment_status":"closed","ping_status":"closed","template":"page-fullwidth.php","meta":{"inline_featured_image":false,"footnotes":""},"class_list":["post-3486","page","type-page","status-publish","has-post-thumbnail","hentry"],"acf":[],"yoast_head":"<!-- This site is optimized with the Yoast SEO plugin v26.4 - https:\/\/yoast.com\/wordpress\/plugins\/seo\/ -->\n<title>Ponuka | Izola\u010dn\u00e9 slu\u017eby na b\u00e1ze PUR peny - Crossin<\/title>\n<meta name=\"description\" content=\"Profesion\u00e1lna striekan\u00e1 penov\u00e1 izol\u00e1cia PUR. Vynikaj\u00faca kvalita, trvanlivos\u0165 a tepeln\u00e1 \u00fa\u010dinnos\u0165. Pozrite si na\u0161u ponuku!\" \/>\n<meta name=\"robots\" content=\"index, follow, max-snippet:-1, max-image-preview:large, max-video-preview:-1\" \/>\n<link rel=\"canonical\" href=\"https:\/\/crossin.pl\/sk\/ponuka\/\" \/>\n<meta property=\"og:locale\" content=\"sk_SK\" \/>\n<meta property=\"og:type\" content=\"article\" \/>\n<meta property=\"og:title\" content=\"Ponuka | Izola\u010dn\u00e9 slu\u017eby na b\u00e1ze PUR peny - Crossin\" \/>\n<meta property=\"og:description\" content=\"Profesion\u00e1lna striekan\u00e1 penov\u00e1 izol\u00e1cia PUR. Vynikaj\u00faca kvalita, trvanlivos\u0165 a tepeln\u00e1 \u00fa\u010dinnos\u0165. Pozrite si na\u0161u ponuku!\" \/>\n<meta property=\"og:url\" content=\"https:\/\/crossin.pl\/sk\/ponuka\/\" \/>\n<meta property=\"og:site_name\" content=\"Crossin\" \/>\n<meta property=\"article:modified_time\" content=\"2023-10-19T14:04:57+00:00\" \/>\n<meta property=\"og:image\" content=\"https:\/\/crossin.pl\/wp-content\/uploads\/2023\/10\/cr-post-ogolny-izolacja-pianka-pur-01.webp\" \/>\n\t<meta property=\"og:image:width\" content=\"1200\" \/>\n\t<meta property=\"og:image:height\" content=\"800\" \/>\n\t<meta property=\"og:image:type\" content=\"image\/webp\" \/>\n<meta name=\"twitter:card\" content=\"summary_large_image\" \/>\n<meta name=\"twitter:label1\" content=\"Predpokladan\u00fd \u010das \u010d\u00edtania\" \/>\n\t<meta name=\"twitter:data1\" content=\"1 min\u00fata\" \/>\n<script type=\"application\/ld+json\" class=\"yoast-schema-graph\">{\"@context\":\"https:\/\/schema.org\",\"@graph\":[{\"@type\":\"WebPage\",\"@id\":\"https:\/\/crossin.pl\/sk\/ponuka\/\",\"url\":\"https:\/\/crossin.pl\/sk\/ponuka\/\",\"name\":\"Ponuka | Izola\u010dn\u00e9 slu\u017eby na b\u00e1ze PUR peny - Crossin\",\"isPartOf\":{\"@id\":\"https:\/\/crossin.pl\/#website\"},\"primaryImageOfPage\":{\"@id\":\"https:\/\/crossin.pl\/sk\/ponuka\/#primaryimage\"},\"image\":{\"@id\":\"https:\/\/crossin.pl\/sk\/ponuka\/#primaryimage\"},\"thumbnailUrl\":\"https:\/\/crossin.pl\/wp-content\/uploads\/2023\/10\/cr-post-ogolny-izolacja-pianka-pur-01.webp\",\"datePublished\":\"2023-08-14T15:55:24+00:00\",\"dateModified\":\"2023-10-19T14:04:57+00:00\",\"description\":\"Profesion\u00e1lna striekan\u00e1 penov\u00e1 izol\u00e1cia PUR. Vynikaj\u00faca kvalita, trvanlivos\u0165 a tepeln\u00e1 \u00fa\u010dinnos\u0165. Pozrite si na\u0161u ponuku!\",\"breadcrumb\":{\"@id\":\"https:\/\/crossin.pl\/sk\/ponuka\/#breadcrumb\"},\"inLanguage\":\"sk-SK\",\"potentialAction\":[{\"@type\":\"ReadAction\",\"target\":[\"https:\/\/crossin.pl\/sk\/ponuka\/\"]}]},{\"@type\":\"ImageObject\",\"inLanguage\":\"sk-SK\",\"@id\":\"https:\/\/crossin.pl\/sk\/ponuka\/#primaryimage\",\"url\":\"https:\/\/crossin.pl\/wp-content\/uploads\/2023\/10\/cr-post-ogolny-izolacja-pianka-pur-01.webp\",\"contentUrl\":\"https:\/\/crossin.pl\/wp-content\/uploads\/2023\/10\/cr-post-ogolny-izolacja-pianka-pur-01.webp\",\"width\":1200,\"height\":800},{\"@type\":\"BreadcrumbList\",\"@id\":\"https:\/\/crossin.pl\/sk\/ponuka\/#breadcrumb\",\"itemListElement\":[{\"@type\":\"ListItem\",\"position\":1,\"name\":\"Strona g\u0142\u00f3wna\",\"item\":\"https:\/\/crossin.pl\/sk\/\"},{\"@type\":\"ListItem\",\"position\":2,\"name\":\"Ponuka\"}]},{\"@type\":\"WebSite\",\"@id\":\"https:\/\/crossin.pl\/#website\",\"url\":\"https:\/\/crossin.pl\/\",\"name\":\"Crossin\",\"description\":\"Izolacje Pian\u0105 PUR\",\"publisher\":{\"@id\":\"https:\/\/crossin.pl\/#organization\"},\"potentialAction\":[{\"@type\":\"SearchAction\",\"target\":{\"@type\":\"EntryPoint\",\"urlTemplate\":\"https:\/\/crossin.pl\/?s={search_term_string}\"},\"query-input\":{\"@type\":\"PropertyValueSpecification\",\"valueRequired\":true,\"valueName\":\"search_term_string\"}}],\"inLanguage\":\"sk-SK\"},{\"@type\":\"Organization\",\"@id\":\"https:\/\/crossin.pl\/#organization\",\"name\":\"Crossin Insulations\",\"alternateName\":\"Crossin\",\"url\":\"https:\/\/crossin.pl\/\",\"logo\":{\"@type\":\"ImageObject\",\"inLanguage\":\"sk-SK\",\"@id\":\"https:\/\/crossin.pl\/#\/schema\/logo\/image\/\",\"url\":\"https:\/\/crossin.pl\/wp-content\/uploads\/2026\/01\/crossin_logo.svg\",\"contentUrl\":\"https:\/\/crossin.pl\/wp-content\/uploads\/2026\/01\/crossin_logo.svg\",\"caption\":\"Crossin Insulations\"},\"image\":{\"@id\":\"https:\/\/crossin.pl\/#\/schema\/logo\/image\/\"}}]}<\/script>\n<!-- \/ Yoast SEO plugin. -->","yoast_head_json":{"title":"Ponuka | Izola\u010dn\u00e9 slu\u017eby na b\u00e1ze PUR peny - Crossin","description":"Profesion\u00e1lna striekan\u00e1 penov\u00e1 izol\u00e1cia PUR. Vynikaj\u00faca kvalita, trvanlivos\u0165 a tepeln\u00e1 \u00fa\u010dinnos\u0165. Pozrite si na\u0161u ponuku!","robots":{"index":"index","follow":"follow","max-snippet":"max-snippet:-1","max-image-preview":"max-image-preview:large","max-video-preview":"max-video-preview:-1"},"canonical":"https:\/\/crossin.pl\/sk\/ponuka\/","og_locale":"sk_SK","og_type":"article","og_title":"Ponuka | Izola\u010dn\u00e9 slu\u017eby na b\u00e1ze PUR peny - Crossin","og_description":"Profesion\u00e1lna striekan\u00e1 penov\u00e1 izol\u00e1cia PUR. Vynikaj\u00faca kvalita, trvanlivos\u0165 a tepeln\u00e1 \u00fa\u010dinnos\u0165. Pozrite si na\u0161u ponuku!","og_url":"https:\/\/crossin.pl\/sk\/ponuka\/","og_site_name":"Crossin","article_modified_time":"2023-10-19T14:04:57+00:00","og_image":[{"width":1200,"height":800,"url":"https:\/\/crossin.pl\/wp-content\/uploads\/2023\/10\/cr-post-ogolny-izolacja-pianka-pur-01.webp","type":"image\/webp"}],"twitter_card":"summary_large_image","twitter_misc":{"Predpokladan\u00fd \u010das \u010d\u00edtania":"1 min\u00fata"},"schema":{"@context":"https:\/\/schema.org","@graph":[{"@type":"WebPage","@id":"https:\/\/crossin.pl\/sk\/ponuka\/","url":"https:\/\/crossin.pl\/sk\/ponuka\/","name":"Ponuka | Izola\u010dn\u00e9 slu\u017eby na b\u00e1ze PUR peny - Crossin","isPartOf":{"@id":"https:\/\/crossin.pl\/#website"},"primaryImageOfPage":{"@id":"https:\/\/crossin.pl\/sk\/ponuka\/#primaryimage"},"image":{"@id":"https:\/\/crossin.pl\/sk\/ponuka\/#primaryimage"},"thumbnailUrl":"https:\/\/crossin.pl\/wp-content\/uploads\/2023\/10\/cr-post-ogolny-izolacja-pianka-pur-01.webp","datePublished":"2023-08-14T15:55:24+00:00","dateModified":"2023-10-19T14:04:57+00:00","description":"Profesion\u00e1lna striekan\u00e1 penov\u00e1 izol\u00e1cia PUR. Vynikaj\u00faca kvalita, trvanlivos\u0165 a tepeln\u00e1 \u00fa\u010dinnos\u0165. Pozrite si na\u0161u ponuku!","breadcrumb":{"@id":"https:\/\/crossin.pl\/sk\/ponuka\/#breadcrumb"},"inLanguage":"sk-SK","potentialAction":[{"@type":"ReadAction","target":["https:\/\/crossin.pl\/sk\/ponuka\/"]}]},{"@type":"ImageObject","inLanguage":"sk-SK","@id":"https:\/\/crossin.pl\/sk\/ponuka\/#primaryimage","url":"https:\/\/crossin.pl\/wp-content\/uploads\/2023\/10\/cr-post-ogolny-izolacja-pianka-pur-01.webp","contentUrl":"https:\/\/crossin.pl\/wp-content\/uploads\/2023\/10\/cr-post-ogolny-izolacja-pianka-pur-01.webp","width":1200,"height":800},{"@type":"BreadcrumbList","@id":"https:\/\/crossin.pl\/sk\/ponuka\/#breadcrumb","itemListElement":[{"@type":"ListItem","position":1,"name":"Strona g\u0142\u00f3wna","item":"https:\/\/crossin.pl\/sk\/"},{"@type":"ListItem","position":2,"name":"Ponuka"}]},{"@type":"WebSite","@id":"https:\/\/crossin.pl\/#website","url":"https:\/\/crossin.pl\/","name":"Crossin","description":"Izolacje Pian\u0105 PUR","publisher":{"@id":"https:\/\/crossin.pl\/#organization"},"potentialAction":[{"@type":"SearchAction","target":{"@type":"EntryPoint","urlTemplate":"https:\/\/crossin.pl\/?s={search_term_string}"},"query-input":{"@type":"PropertyValueSpecification","valueRequired":true,"valueName":"search_term_string"}}],"inLanguage":"sk-SK"},{"@type":"Organization","@id":"https:\/\/crossin.pl\/#organization","name":"Crossin Insulations","alternateName":"Crossin","url":"https:\/\/crossin.pl\/","logo":{"@type":"ImageObject","inLanguage":"sk-SK","@id":"https:\/\/crossin.pl\/#\/schema\/logo\/image\/","url":"https:\/\/crossin.pl\/wp-content\/uploads\/2026\/01\/crossin_logo.svg","contentUrl":"https:\/\/crossin.pl\/wp-content\/uploads\/2026\/01\/crossin_logo.svg","caption":"Crossin Insulations"},"image":{"@id":"https:\/\/crossin.pl\/#\/schema\/logo\/image\/"}}]}},"_links":{"self":[{"href":"https:\/\/crossin.pl\/sk\/wp-json\/wp\/v2\/pages\/3486","targetHints":{"allow":["GET"]}}],"collection":[{"href":"https:\/\/crossin.pl\/sk\/wp-json\/wp\/v2\/pages"}],"about":[{"href":"https:\/\/crossin.pl\/sk\/wp-json\/wp\/v2\/types\/page"}],"author":[{"embeddable":true,"href":"https:\/\/crossin.pl\/sk\/wp-json\/wp\/v2\/users\/1"}],"replies":[{"embeddable":true,"href":"https:\/\/crossin.pl\/sk\/wp-json\/wp\/v2\/comments?post=3486"}],"version-history":[{"count":3,"href":"https:\/\/crossin.pl\/sk\/wp-json\/wp\/v2\/pages\/3486\/revisions"}],"predecessor-version":[{"id":3490,"href":"https:\/\/crossin.pl\/sk\/wp-json\/wp\/v2\/pages\/3486\/revisions\/3490"}],"wp:featuredmedia":[{"embeddable":true,"href":"https:\/\/crossin.pl\/sk\/wp-json\/wp\/v2\/media\/3487"}],"wp:attachment":[{"href":"https:\/\/crossin.pl\/sk\/wp-json\/wp\/v2\/media?parent=3486"}],"curies":[{"name":"wp","href":"https:\/\/api.w.org\/{rel}","templated":true}]}}