{"id":5646,"date":"2026-01-14T09:55:40","date_gmt":"2026-01-14T08:55:40","guid":{"rendered":"https:\/\/crossin.pl\/crossin-technologijos\/"},"modified":"2026-03-04T11:08:48","modified_gmt":"2026-03-04T10:08:48","slug":"crossin-technologijos","status":"publish","type":"page","link":"https:\/\/crossin.pl\/lt\/crossin-technologijos\/","title":{"rendered":"Crossin technologijos"},"content":{"rendered":"\n<div class=\"wp-block-columns is-layout-flex wp-container-core-columns-is-layout-9d6595d7 wp-block-columns-is-layout-flex\">\n<div class=\"wp-block-column is-layout-flow wp-block-column-is-layout-flow\">\n<div class=\"axionpure\">\n  <img decoding=\"async\" src=\"\/wp-content\/uploads\/2026\/01\/logo-AxionPure-01.webp\" alt=\"Axion Pure\" \/>\n<\/div>\n\n\n\n<p>Technologija AxionPure yra Tyrim\u0173 skyriaus darbo ir glaudaus kokyb\u0117s, pirkim\u0173 bei gamybos komand\u0173 bendradarbiavimo rezultatas.<\/p>\n\n\n\n<p>D\u0117l visapusi\u0161kos proceso kontrol\u0117s \u2013 nuo kruop\u0161\u010dios \u017ealiav\u0173 atrankos, komponent\u0173 paruo\u0161imo iki detalaus kokyb\u0117s vertinimo \u2013 mums pavyko reik\u0161mingai suma\u017einti laki\u0173j\u0173 organini\u0173 jungini\u0173 kiek\u012f m\u016bs\u0173 poliuretano sistemose.<\/p>\n\n\n\n<p>Mes atitinkame auk\u0161tus VOC emisijos standartus, atsi\u017evelgdami \u012f reikalavimus, taikomus pasirinktose Europos \u0161alyse, kurie yra grie\u017etesni nei \u0161iuo metu galiojantys nacionaliniai reglamentai.<\/p>\n\n\n\n<p>Kaip ma\u017einame VOC emisij\u0105?<\/p>\n\n\n\n<p><strong>\u017daliav\u0173 atranka:<\/strong><\/p>\n\n\n\n<ul class=\"wp-block-list\">\n<li>komponentai su minimaliu emisijos potencialu,<\/li>\n\n\n\n<li>reaktyv\u016bs priedai (katalizatoriai, stabilizatoriai, antipirenai), visam laikui integruojami \u012f polimero strukt\u016br\u0105 tinklinimo proceso metu,<\/li>\n\n\n\n<li>sertifikuotos \u017ealiavos i\u0161 patikim\u0173 gamintoj\u0173,<\/li>\n\n\n\n<li>reguliar\u016bs tiek\u0117j\u0173 auditai.<\/li>\n<\/ul>\n\n\n\n<p><strong>Gamybos proceso optimizavimas:<\/strong><\/p>\n\n\n\n<ul class=\"wp-block-list\">\n<li>tikslus \u017ealiav\u0173 dozavimas, u\u017etikrinantis piln\u0105 komponent\u0173 reakcij\u0105 putojimo metu,<\/li>\n\n\n\n<li>stabilios ir kontroliuojamos mai\u0161ymo s\u0105lygos,<\/li>\n\n\n\n<li>nuolatin\u0117 gamybos parametr\u0173 steb\u0117sena.<\/li>\n<\/ul>\n\n\n\n<p>AxionPure \u2013 tai visapusi\u0161kas po\u017ei\u016bris \u012f poliuretano sistem\u0173 su suma\u017einta VOC emisija projektavim\u0105 ir gamyb\u0105, atliepiantis augan\u010dius rinkos reikalavimus kokyb\u0117s, saugumo ir tvarumo srityse.<\/p>\n<\/div>\n<\/div>\n\n<div class=\"wp-block-columns is-layout-flex wp-container-core-columns-is-layout-9d6595d7 wp-block-columns-is-layout-flex\">\n<div class=\"wp-block-column is-layout-flow wp-block-column-is-layout-flow\">\n<div style=\"height:40px\" aria-hidden=\"true\" class=\"wp-block-spacer\"><\/div>\n\n\n\n<hr class=\"wp-block-separator has-alpha-channel-opacity\" \/>\n\n\n\n<div style=\"height:40px\" aria-hidden=\"true\" class=\"wp-block-spacer\"><\/div>\n<\/div>\n<\/div>\n\n<div class=\"wp-block-columns is-layout-flex wp-container-core-columns-is-layout-9d6595d7 wp-block-columns-is-layout-flex\">\n<div class=\"wp-block-column is-layout-flow wp-block-column-is-layout-flow\">\n<div class=\"moldexia\">\n  <img decoding=\"async\" src=\"\/wp-content\/uploads\/2026\/01\/logo-Moldexia-01.webp\" alt=\"Moldexia\" \/>\n<\/div>\n\n\n\n<p>Technologija Moldexia yra daugelio met\u0173 m\u016bs\u0173 tyrim\u0173 komandos darbo rezultatas.<\/p>\n\n\n\n<p>Naudodami unikal\u0173 stabilizatori\u0173 ir specializuot\u0173 pried\u0173 rinkin\u012f, suk\u016br\u0117me poliuretano putas su ilgalaikiu biostatiniu poveikiu. \u0160is sprendimas efektyviai riboja gryb\u0173 ir pel\u0117si\u0173 prisitvirtinim\u0105 bei augim\u0105. <\/p>\n\n\n\n<p><strong>Biostatinis poveikis atsiranda d\u0117l:<\/strong><\/p>\n\n\n\n<ul class=\"wp-block-list\">\n<li>pavir\u0161iaus su ma\u017eu biologiniu jautrumu,<\/li>\n\n\n\n<li>maistini\u0173 med\u017eiag\u0173 mikroorganizmams nebuvimo,<\/li>\n\n\n\n<li>gryb\u0173 ir pel\u0117si\u0173 dauginimosi slopinimo.<\/li>\n<\/ul>\n\n\n\n<p>Technologija yra nuolat susieta su polimero matrica, tod\u0117l i\u0161lieka netirpi ir stabili. Net ir mechani\u0161kai pa\u0161alinus pavir\u0161in\u012f sluoksn\u012f, putos i\u0161laiko savo biostatines savybes. <\/p>\n\n\n\n<p><strong>Moldexia technologijos privalumai:<\/strong><\/p>\n\n\n\n<ul class=\"wp-block-list\">\n<li>ilgalaikis biostatinis poveikis vis\u0105 put\u0173 naudojimo laikotarp\u012f,<\/li>\n\n\n\n<li>platus veikimo spektras (grybai, pel\u0117siai, dumbliai),<\/li>\n\n\n\n<li>pavojing\u0173 biocid\u0173 nei\u0161skyrimas \u012f aplink\u0105.<\/li>\n<\/ul>\n\n\n\n<p>Moldexia technologijos veiksmingumas patvirtintas bandymais, atliktais nepriklausomose, akredituotose mikrobiologin\u0117se laboratorijose, kurie patvirtina jos ilgalaik\u012f ir stabil\u0173 biostatin\u012f aktyvum\u0105.<\/p>\n<\/div>\n<\/div>\n\n<p><\/p>\n","protected":false},"excerpt":{"rendered":"<p>Technologija AxionPure yra Tyrim\u0173 skyriaus darbo ir glaudaus kokyb\u0117s, pirkim\u0173 bei gamybos komand\u0173 bendradarbiavimo rezultatas. D\u0117l visapusi\u0161kos proceso kontrol\u0117s \u2013 nuo kruop\u0161\u010dios \u017ealiav\u0173 atrankos, komponent\u0173 paruo\u0161imo iki detalaus kokyb\u0117s vertinimo \u2013 mums pavyko reik\u0161mingai suma\u017einti laki\u0173j\u0173 organini\u0173 jungini\u0173 kiek\u012f m\u016bs\u0173 poliuretano sistemose. Mes atitinkame auk\u0161tus VOC emisijos standartus, atsi\u017evelgdami \u012f reikalavimus, taikomus pasirinktose Europos \u0161alyse, [&hellip;]<\/p>\n","protected":false},"author":1,"featured_media":0,"parent":0,"menu_order":160,"comment_status":"closed","ping_status":"closed","template":"page-fullwidth.php","meta":{"inline_featured_image":false,"footnotes":""},"class_list":["post-5646","page","type-page","status-publish","hentry"],"acf":[],"yoast_head":"<!-- This site is optimized with the Yoast SEO plugin v26.4 - https:\/\/yoast.com\/wordpress\/plugins\/seo\/ -->\n<title>Crossin technologijos - Crossin<\/title>\n<meta name=\"robots\" content=\"noindex, nofollow\" \/>\n<meta property=\"og:locale\" content=\"lt_LT\" \/>\n<meta property=\"og:type\" content=\"article\" \/>\n<meta property=\"og:title\" content=\"Crossin technologijos - Crossin\" \/>\n<meta property=\"og:description\" content=\"Technologija AxionPure yra Tyrim\u0173 skyriaus darbo ir glaudaus kokyb\u0117s, pirkim\u0173 bei gamybos komand\u0173 bendradarbiavimo rezultatas. D\u0117l visapusi\u0161kos proceso kontrol\u0117s \u2013 nuo kruop\u0161\u010dios \u017ealiav\u0173 atrankos, komponent\u0173 paruo\u0161imo iki detalaus kokyb\u0117s vertinimo \u2013 mums pavyko reik\u0161mingai suma\u017einti laki\u0173j\u0173 organini\u0173 jungini\u0173 kiek\u012f m\u016bs\u0173 poliuretano sistemose. Mes atitinkame auk\u0161tus VOC emisijos standartus, atsi\u017evelgdami \u012f reikalavimus, taikomus pasirinktose Europos \u0161alyse, [&hellip;]\" \/>\n<meta property=\"og:url\" content=\"https:\/\/crossin.pl\/lt\/crossin-technologijos\/\" \/>\n<meta property=\"og:site_name\" content=\"Crossin\" \/>\n<meta property=\"article:modified_time\" content=\"2026-03-04T10:08:48+00:00\" \/>\n<meta property=\"og:image\" content=\"https:\/\/crossin.pl\/wp-content\/uploads\/2025\/05\/crossin-01.webp\" \/>\n\t<meta property=\"og:image:width\" content=\"1200\" \/>\n\t<meta property=\"og:image:height\" content=\"675\" \/>\n\t<meta property=\"og:image:type\" content=\"image\/webp\" \/>\n<meta name=\"twitter:card\" content=\"summary_large_image\" \/>\n<meta name=\"twitter:label1\" content=\"Est. reading time\" \/>\n\t<meta name=\"twitter:data1\" content=\"1 minut\u0117\" \/>\n<script type=\"application\/ld+json\" class=\"yoast-schema-graph\">{\"@context\":\"https:\/\/schema.org\",\"@graph\":[{\"@type\":\"WebPage\",\"@id\":\"https:\/\/crossin.pl\/lt\/crossin-technologijos\/\",\"url\":\"https:\/\/crossin.pl\/lt\/crossin-technologijos\/\",\"name\":\"Crossin technologijos - Crossin\",\"isPartOf\":{\"@id\":\"https:\/\/crossin.pl\/#website\"},\"datePublished\":\"2026-01-14T08:55:40+00:00\",\"dateModified\":\"2026-03-04T10:08:48+00:00\",\"breadcrumb\":{\"@id\":\"https:\/\/crossin.pl\/lt\/crossin-technologijos\/#breadcrumb\"},\"inLanguage\":\"lt-LT\",\"potentialAction\":[{\"@type\":\"ReadAction\",\"target\":[\"https:\/\/crossin.pl\/lt\/crossin-technologijos\/\"]}]},{\"@type\":\"BreadcrumbList\",\"@id\":\"https:\/\/crossin.pl\/lt\/crossin-technologijos\/#breadcrumb\",\"itemListElement\":[{\"@type\":\"ListItem\",\"position\":1,\"name\":\"Strona g\u0142\u00f3wna\",\"item\":\"https:\/\/crossin.pl\/lt\/\"},{\"@type\":\"ListItem\",\"position\":2,\"name\":\"Crossin technologijos\"}]},{\"@type\":\"WebSite\",\"@id\":\"https:\/\/crossin.pl\/#website\",\"url\":\"https:\/\/crossin.pl\/\",\"name\":\"Crossin\",\"description\":\"Izolacje Pian\u0105 PUR\",\"publisher\":{\"@id\":\"https:\/\/crossin.pl\/#organization\"},\"potentialAction\":[{\"@type\":\"SearchAction\",\"target\":{\"@type\":\"EntryPoint\",\"urlTemplate\":\"https:\/\/crossin.pl\/?s={search_term_string}\"},\"query-input\":{\"@type\":\"PropertyValueSpecification\",\"valueRequired\":true,\"valueName\":\"search_term_string\"}}],\"inLanguage\":\"lt-LT\"},{\"@type\":\"Organization\",\"@id\":\"https:\/\/crossin.pl\/#organization\",\"name\":\"Crossin Insulations\",\"alternateName\":\"Crossin\",\"url\":\"https:\/\/crossin.pl\/\",\"logo\":{\"@type\":\"ImageObject\",\"inLanguage\":\"lt-LT\",\"@id\":\"https:\/\/crossin.pl\/#\/schema\/logo\/image\/\",\"url\":\"https:\/\/crossin.pl\/wp-content\/uploads\/2026\/01\/crossin_logo.svg\",\"contentUrl\":\"https:\/\/crossin.pl\/wp-content\/uploads\/2026\/01\/crossin_logo.svg\",\"caption\":\"Crossin Insulations\"},\"image\":{\"@id\":\"https:\/\/crossin.pl\/#\/schema\/logo\/image\/\"}}]}<\/script>\n<!-- \/ Yoast SEO plugin. -->","yoast_head_json":{"title":"Crossin technologijos - Crossin","robots":{"index":"noindex","follow":"nofollow"},"og_locale":"lt_LT","og_type":"article","og_title":"Crossin technologijos - Crossin","og_description":"Technologija AxionPure yra Tyrim\u0173 skyriaus darbo ir glaudaus kokyb\u0117s, pirkim\u0173 bei gamybos komand\u0173 bendradarbiavimo rezultatas. D\u0117l visapusi\u0161kos proceso kontrol\u0117s \u2013 nuo kruop\u0161\u010dios \u017ealiav\u0173 atrankos, komponent\u0173 paruo\u0161imo iki detalaus kokyb\u0117s vertinimo \u2013 mums pavyko reik\u0161mingai suma\u017einti laki\u0173j\u0173 organini\u0173 jungini\u0173 kiek\u012f m\u016bs\u0173 poliuretano sistemose. Mes atitinkame auk\u0161tus VOC emisijos standartus, atsi\u017evelgdami \u012f reikalavimus, taikomus pasirinktose Europos \u0161alyse, [&hellip;]","og_url":"https:\/\/crossin.pl\/lt\/crossin-technologijos\/","og_site_name":"Crossin","article_modified_time":"2026-03-04T10:08:48+00:00","og_image":[{"width":1200,"height":675,"url":"https:\/\/crossin.pl\/wp-content\/uploads\/2025\/05\/crossin-01.webp","type":"image\/webp"}],"twitter_card":"summary_large_image","twitter_misc":{"Est. reading time":"1 minut\u0117"},"schema":{"@context":"https:\/\/schema.org","@graph":[{"@type":"WebPage","@id":"https:\/\/crossin.pl\/lt\/crossin-technologijos\/","url":"https:\/\/crossin.pl\/lt\/crossin-technologijos\/","name":"Crossin technologijos - Crossin","isPartOf":{"@id":"https:\/\/crossin.pl\/#website"},"datePublished":"2026-01-14T08:55:40+00:00","dateModified":"2026-03-04T10:08:48+00:00","breadcrumb":{"@id":"https:\/\/crossin.pl\/lt\/crossin-technologijos\/#breadcrumb"},"inLanguage":"lt-LT","potentialAction":[{"@type":"ReadAction","target":["https:\/\/crossin.pl\/lt\/crossin-technologijos\/"]}]},{"@type":"BreadcrumbList","@id":"https:\/\/crossin.pl\/lt\/crossin-technologijos\/#breadcrumb","itemListElement":[{"@type":"ListItem","position":1,"name":"Strona g\u0142\u00f3wna","item":"https:\/\/crossin.pl\/lt\/"},{"@type":"ListItem","position":2,"name":"Crossin technologijos"}]},{"@type":"WebSite","@id":"https:\/\/crossin.pl\/#website","url":"https:\/\/crossin.pl\/","name":"Crossin","description":"Izolacje Pian\u0105 PUR","publisher":{"@id":"https:\/\/crossin.pl\/#organization"},"potentialAction":[{"@type":"SearchAction","target":{"@type":"EntryPoint","urlTemplate":"https:\/\/crossin.pl\/?s={search_term_string}"},"query-input":{"@type":"PropertyValueSpecification","valueRequired":true,"valueName":"search_term_string"}}],"inLanguage":"lt-LT"},{"@type":"Organization","@id":"https:\/\/crossin.pl\/#organization","name":"Crossin Insulations","alternateName":"Crossin","url":"https:\/\/crossin.pl\/","logo":{"@type":"ImageObject","inLanguage":"lt-LT","@id":"https:\/\/crossin.pl\/#\/schema\/logo\/image\/","url":"https:\/\/crossin.pl\/wp-content\/uploads\/2026\/01\/crossin_logo.svg","contentUrl":"https:\/\/crossin.pl\/wp-content\/uploads\/2026\/01\/crossin_logo.svg","caption":"Crossin Insulations"},"image":{"@id":"https:\/\/crossin.pl\/#\/schema\/logo\/image\/"}}]}},"_links":{"self":[{"href":"https:\/\/crossin.pl\/lt\/wp-json\/wp\/v2\/pages\/5646","targetHints":{"allow":["GET"]}}],"collection":[{"href":"https:\/\/crossin.pl\/lt\/wp-json\/wp\/v2\/pages"}],"about":[{"href":"https:\/\/crossin.pl\/lt\/wp-json\/wp\/v2\/types\/page"}],"author":[{"embeddable":true,"href":"https:\/\/crossin.pl\/lt\/wp-json\/wp\/v2\/users\/1"}],"replies":[{"embeddable":true,"href":"https:\/\/crossin.pl\/lt\/wp-json\/wp\/v2\/comments?post=5646"}],"version-history":[{"count":2,"href":"https:\/\/crossin.pl\/lt\/wp-json\/wp\/v2\/pages\/5646\/revisions"}],"predecessor-version":[{"id":5648,"href":"https:\/\/crossin.pl\/lt\/wp-json\/wp\/v2\/pages\/5646\/revisions\/5648"}],"wp:attachment":[{"href":"https:\/\/crossin.pl\/lt\/wp-json\/wp\/v2\/media?parent=5646"}],"curies":[{"name":"wp","href":"https:\/\/api.w.org\/{rel}","templated":true}]}}