{"id":3981,"date":"2023-08-14T17:01:22","date_gmt":"2023-08-14T15:01:22","guid":{"rendered":"https:\/\/crossin.pl\/privatumo-politika\/"},"modified":"2023-10-23T12:31:59","modified_gmt":"2023-10-23T10:31:59","slug":"privatumo-politika","status":"publish","type":"page","link":"https:\/\/crossin.pl\/lt\/privatumo-politika\/","title":{"rendered":"Privatumo politika"},"content":{"rendered":"\n<p><strong>I. PASLAUGOS<\/strong><br\/>\u0160i privatumo politika taikoma interneto svetainei, kurios domenas yra crossin.pcc.eu.<br\/><\/p>\n\n<p><strong>II. ASMENS DUOMEN\u0172 VALDYTOJAS<\/strong><br\/>Asmens duomen\u0173 valdytojas yra PCC Prodex Sp. z o.o., kurios registruota buvein\u0117 yra Brzeg Dolny (ul. Sienkiewicza 4, 56-120 Brzeg Dolny), KRS numeris 0000024928 Vroclavo-Fabryczna apylink\u0117s teismas Vroclave, Nacionalinio teism\u0173 registro IX \u016bkio skyrius, NIP 522-18-03-295, REGON 012290187, \u012fstatinis kapitalas 50 000 PLN, apmok\u0117tas kapitalas 50 000 PLN.<br\/><\/p>\n\n<p>Su m\u016bs\u0173 duomen\u0173 apsaugos pareig\u016bnu galite susisiekti el. pa\u0161tu: <a href=\"mailto:odo.prodex@pcc.eu\">odo.prodex@pcc.eu<\/a>.<\/p>\n\n<p>Duomen\u0173 valdytojas parei\u0161kia, kad jis ypatingai r\u016bpinasi duomen\u0173 subjekt\u0173 interes\u0173 apsauga, ir vis\u0173 pirma u\u017etikrina, kad:<\/p>\n\n<ol class=\"wp-block-list\">\n<li>teis\u0117tai, s\u0105\u017einingai ir skaidriai tvarko Asmens duomenis;<\/li>\n\n\n\n<li>renka Asmens duomenis konkre\u010diais, ai\u0161kiai apibr\u0117\u017etais ir teis\u0117tais tikslais ir toliau j\u0173 netvarko su tais tikslais nesuderinamu b\u016bdu;<\/li>\n\n\n\n<li>Asmens duomenys yra adekvat\u016bs, tinkami ir tik tokie, koki\u0173 reikia tikslams, d\u0117l kuri\u0173 jie tvarkomi;<\/li>\n\n\n\n<li>Asmens duomenys yra teisingi ir prireikus atnaujinami;<\/li>\n\n\n\n<li>saugo asmens duomenis tokia forma, kad duomen\u0173 subjekt\u0105 b\u016bt\u0173 galima identifikuoti ne ilgiau, nei to reikia tikslams, d\u0117l kuri\u0173 jie tvarkomi;<\/li>\n\n\n\n<li>tvarko asmens duomenis taip, kad b\u016bt\u0173 u\u017etikrintas tinkamas saugumas, \u012fskaitant apsaug\u0105 nuo neleistino ar neteis\u0117to tvarkymo ir nuo atsitiktinio praradimo, sunaikinimo ar sugadinimo, taikant tinkamas technines ar organizacines priemones.<\/li>\n<\/ol>\n\n<p><strong>III. TVARKYMO TIKSLAS<br\/><\/strong>Asmens duomenis Administratorius gali tvarkyti, be kita ko, \u0161iais tikslais:<\/p>\n\n<ol class=\"wp-block-list\">\n<li>bendravim\u0105 ir atsakyti \u012f \u017einut\u0119. J\u016bs\u0173 asmens duomen\u0173 tvarkymo pagrindas yra teis\u0117tas duomen\u0173 valdytojo arba tre\u010diosios \u0161alies interesas, pvz., susisiekti su jumis, m\u016bs\u0173 rinkodara arba partneriais, \u012fskaitant <a href=\"https:\/\/www.pcc.eu\/pl\/pcc-na-swiecie\/\" target=\"_blank\" rel=\"noreferrer noopener\">PCC grup\u0119<\/a>.<\/li>\n\n\n\n<li>paslaug\u0173 ar pirkimo-pardavimo sutarties sudarymas ir vykdymas &#8211; \u0161iuo atveju duomen\u0173 tvarkymo pagrindas yra b\u016btinyb\u0117 sudaryti sutart\u012f;<\/li>\n\n\n\n<li>tiesiogin\u0117 rinkodara, susijusi su Administratoriaus ir PCC grup\u0117s subjekt\u0173 produktais ir paslaugomis &#8211; kol neprie\u0161taraujate, kad j\u016bs\u0173 duomenys b\u016bt\u0173 tvarkomi \u0161iuo tikslu, arba neat\u0161auk\u0117te savo sutikimo &#8211; duomen\u0173 tvarkymo pagrindas yra Administratoriaus arba tre\u010diosios \u0161alies teis\u0117t\u0173 interes\u0173 tenkinimas arba sutikimas;<\/li>\n\n\n\n<li>siekiant \u012fvykdyti Administratoriaus teisines prievoles (pvz., mokes\u010di\u0173, apskaitos, skund\u0173 nagrin\u0117jimo) &#8211; \u0161i\u0173 prievoli\u0173 vykdymo laikotarpiu arba laikotarpiu, b\u016btinu siekiant \u012frodyti \u0161i\u0173 prievoli\u0173 \u012fvykdym\u0105 institucijoms, turin\u010dioms teis\u0119 atlikti kontrol\u0119 \u0161iuo at\u017evilgiu &#8211; duomen\u0173 tvarkymo pagrindas yra teisin\u0117 prievol\u0117, tenkanti Administratoriui;<\/li>\n\n\n\n<li>pretenzij\u0173 parei\u0161kimas, gynyba ir tvirtinimas &#8211; laikotarpiu, kuriam sueina pretenzij\u0173 (pvz., kylan\u010di\u0173 i\u0161 sutar\u010di\u0173) senaties terminas, arba galimos bylos nagrin\u0117jimo laikotarpiu &#8211; duomen\u0173 tvarkymo pagrindas yra teis\u0117tas interesas arba teisin\u0117 prievol\u0117, tenkanti duomen\u0173 valdytojui.<\/li>\n<\/ol>\n\n<p>Asmens duomenys teikiami savanori\u0161kai, ta\u010diau j\u0173 gali prireikti, pavyzd\u017eiui, norint sudaryti ar vykdyti sutart\u012f, atsakyti \u012f u\u017eklaus\u0105 arba susira\u0161in\u0117ti.<\/p>\n\n<p>Jei Asmens duomenys tvarkomi remiantis sutikimu, turite teis\u0119 bet kada j\u012f at\u0161aukti, nedarant poveikio duomen\u0173 tvarkymo, kuris buvo atliktas remiantis sutikimu iki jo at\u0161aukimo, teis\u0117tumui.<\/p>\n\n<p><strong>IV. ASMENS DUOMEN\u0172 GAV\u0116JAI<br\/><\/strong><\/p>\n\n<ol class=\"wp-block-list\">\n<li>Asmens duomenys i\u0161or\u0117s \u0161alims gali b\u016bti atskleid\u017eiami tik laikantis teis\u0117s aktuose nustatyt\u0173 apribojim\u0173, tik tuo tikslu ir tiek, kiek tai b\u016btina, inter alia, duomen\u0173 tvarkymo tikslais. tinkamai vykdyti Pardavimo sutart\u012f arba Paslaug\u0173 sutart\u012f.<\/li>\n\n\n\n<li>Administratorius gali patik\u0117ti tvarkyti Asmens duomenis tre\u010diosioms \u0161alims, kad jos gal\u0117t\u0173 vykdyti veikl\u0105, susijusi\u0105 su jo verslo vykdymu, taip pat kad gal\u0117t\u0173 pareik\u0161ti pretenzijas, susijusias su naudojimusi jo paslaugomis ar produktais, arba apsisaugoti nuo j\u0173. \u0160ie subjektai gali b\u016bti:<\/li>\n<\/ol>\n\n<ol class=\"wp-block-list\">\n<li>i\u0161or\u0117s konsultacin\u0117s \u012fmon\u0117s (\u012fskaitant teisines, audito, mokes\u010di\u0173, rinkodaros ir apskaitos paslaugas);<\/li>\n\n\n\n<li>i\u0161or\u0117s IT specialistai;<\/li>\n\n\n\n<li>subjektai, padedantys administratoriui tvarkyti korespondencij\u0105;<\/li>\n\n\n\n<li>kurjeriai &#8211; korespondencijos ar kurjeri\u0173 siunt\u0173 atveju;<\/li>\n\n\n\n<li>internetini\u0173 mok\u0117jim\u0173 operatoriai arba bankai &#8211; finansini\u0173 atsiskaitym\u0173 atveju;<\/li>\n\n\n\n<li>subjektai, bendradarbiaujantys su administratoriumi teikiant pardavimo paslaugas;<\/li>\n\n\n\n<li>ir kiti PCC grupei priklausantys subjektai, kurie administratoriui teikia kai kurias i\u0161 pirmiau nurodyt\u0173 paslaug\u0173.<\/li>\n<\/ol>\n\n<p><strong>V. DUOMEN\u0172 SUBJEKT\u0172 TEIS\u0116S<\/strong><\/p>\n\n<p>Bet kuriuo atveju duomen\u0173 subjektas turi teis\u0119:<\/p>\n\n<ol class=\"wp-block-list\">\n<li>susipa\u017einti su Asmens duomenimis (\u012fskaitant, pavyzd\u017eiui, informacijos apie tai, kokie Asmens duomenys tvarkomi, gavim\u0105),<\/li>\n\n\n\n<li>pra\u0161yti i\u0161taisyti ir apriboti Asmens duomen\u0173 tvarkym\u0105 (pvz., jei jie neteisingi);<\/li>\n\n\n\n<li>i\u0161trinti Asmens duomenis (pvz., jei jie buvo tvarkomi neteis\u0117tai);<\/li>\n\n\n\n<li>perduoti asmens duomenis, kuriuos jis pateik\u0117 duomen\u0173 valdytojui ir kurie yra tvarkomi automatizuotomis priemon\u0117mis, o tvarkymas grind\u017eiamas sutikimu arba sutartimi, pvz., kitam duomen\u0173 valdytojui;<\/li>\n\n\n\n<li>nesutikti su Asmens duomen\u0173 tvarkymu, nes tai b\u016btina duomen\u0173 valdytojo arba tre\u010diosios \u0161alies teis\u0117t\u0173 interes\u0173 tikslais, \u012fskaitant vis\u0173 pirma duomen\u0173 tvarkym\u0105 rinkodaros tikslais;<\/li>\n\n\n\n<li>pateikti skund\u0105 u\u017e asmens duomen\u0173 apsaug\u0105 atsakingai institucijai.<\/li>\n<\/ol>\n\n<p><strong>VI. COOKIES<\/strong><br\/>Administratorius naudoja slapukus (ma\u017eus tekstinius failus, vadinamuosius &#8222;slapukus&#8221;), kurie saugomi Vartotoj\u0173 galin\u0117je \u012frangoje, kad gaut\u0173 duomenis apie Vartotoj\u0173 naudojim\u0105si Svetaine.<br\/><\/p>\n\n<p>Be kita ko, tai leid\u017eia slapukai:<\/p>\n\n<ol class=\"wp-block-list\">\n<li>i\u0161laikyti Vartotojo sesij\u0105 po prisijungimo, kad nereik\u0117t\u0173 atskirai prisijungti kiekviename Svetain\u0117s tinklalapyje;<\/li>\n\n\n\n<li>pritaikyti Svetain\u0117s turin\u012f prie Vartotoj\u0173 poreiki\u0173 ir interes\u0173;<\/li>\n\n\n\n<li>rinkti statistinius duomenis apie apsilankymus Svetain\u0117je;<\/li>\n\n\n\n<li>kurti internetines apklausas ir apsaugoti jas nuo daugkartinio t\u0173 pa\u010di\u0173 \u017emoni\u0173 balsavimo.<\/li>\n<\/ol>\n\n<p>Slapuk\u0173 pagalba gaunama informacija, be kita ko, apima. interneto paslaug\u0173 teik\u0117jo pavadinim\u0105, naudotoj\u0173 IP adres\u0105, kilm\u0117s \u0161al\u012f, i\u0161 kurios naudotojai jungiasi prie svetain\u0117s.<\/p>\n\n<p>Svetain\u0117je naudojami dviej\u0173 pagrindini\u0173 tip\u0173 slapukai: &#8222;sesijos slapukai&#8221; ir &#8222;nuolatiniai slapukai&#8221; (nuolatiniai slapukai). &#8222;Sesijos&#8221; slapukai &#8211; tai laikini failai, kurie saugomi Vartotojo galin\u0117je \u012frangoje tol, kol Vartotojas atsijungia, i\u0161eina i\u0161 svetain\u0117s arba i\u0161jungia programin\u0119 \u012frang\u0105 (interneto nar\u0161ykl\u0119). &#8222;Nuolatiniai&#8221; slapukai saugomi Vartotojo galin\u0117je \u012frangoje slapuk\u0173 parametruose nurodyt\u0105 laik\u0105 arba tol, kol Vartotojas juos i\u0161trina.<\/p>\n\n<p>Daugeliu atvej\u0173 interneto nar\u0161ymo programin\u0117 \u012franga (interneto nar\u0161ykl\u0117) pagal nutyl\u0117jim\u0105 leid\u017eia saugoti slapukus Vartotojo galiniame \u012frenginyje. Vartotojas gali bet kada i\u0161trinti savo galiniame \u012frenginyje saugomus slapukus arba u\u017eblokuoti j\u0173 talpinim\u0105 savo interneto nar\u0161ykl\u0117s nustatymuose (\u012fskaitant mobil\u0173j\u012f telefon\u0105 ar kit\u0105 \u012frengin\u012f, leid\u017eiant\u012f naudotis internetu). Daugiau informacijos apie slapukus rasite nar\u0161ykl\u0117s meniu skyriuje &#8222;Pagalba&#8221;.<\/p>\n\n<p>Administratorius informuoja, kad slapuk\u0173 naudojimo apribojimai gali tur\u0117ti \u012ftakos kai kurioms Svetain\u0117s funkcijoms.<\/p>\n\n<p>Administratorius savo svetain\u0117je naudoja &#8222;Google&#8221; paslaug\u0105:<\/p>\n\n<p><strong>1. &#8222;Google Analytics&#8221;<\/strong> &#8211; paslauga, leid\u017eianti rinkti duomenis svetain\u0117s lankytoj\u0173 statistikos analizei. I\u0161sami\u0105 informacij\u0105 apie tai, kaip &#8222;Google Analytics&#8221; apdoroja j\u016bs\u0173 duomenis, rasite adresu: <a href=\"https:\/\/support.google.com\/analytics\/answer\/6004245?hl=pl\">https:\/\/support.google.com\/analytics\/answer\/6004245?hl=pl<\/a>. Vartotojas gali u\u017ekirsti keli\u0105 savo duomen\u0173 rinkimui \u012fdiegdamas nar\u0161ykl\u0117s pried\u0105, kuris blokuoja duomen\u0173 perdavim\u0105 &#8222;Google Analytics&#8221;: <a href=\"https:\/\/tools.google.com\/dlpage\/gaoptout?hl=pl\">https:\/\/tools.google.com\/dlpage\/gaoptout?hl=pl<\/a>.<\/p>\n\n<p><strong>2. &#8222;Google reCAPTCHA&#8221;<\/strong> &#8211; paslauga, leid\u017eianti patikrinti, ar duomenis puslapyje (pvz., formoje) \u012fved\u0117 \u017emogus, ar automatas. Analiz\u0117 atliekama fone automati\u0161kai, kai atidaroma svetain\u0117, neinformuojant naudotojo. Atliekant analiz\u0119 mechanizmas atsi\u017evelgia \u012f \u012fvairi\u0173 tip\u0173 informacij\u0105 (pvz., IP adres\u0105, pel\u0117s judesius, svetain\u0117je praleist\u0105 laik\u0105), o surinkti duomenys siun\u010diami &#8222;Google&#8221;. Daugiau informacijos apie &#8222;Google reCAPTCHA&#8221; rasite adresu: https: <a href=\"https:\/\/www.google.com\/recaptcha\/intro\/v3.html\">\/\/www.google.com\/recaptcha\/intro\/v3.html<\/a>.<\/p>\n\n<p>Daugiau informacijos apie &#8222;Google&#8221; privatumo politik\u0105 ir duomen\u0173 rinkim\u0105 rasite adresu: <a href=\"https:\/\/policies.google.com\/privacy?hl=pl\">https:\/\/policies.google.com\/privacy?hl=pl<\/a>.<\/p>\n\n<p><strong>VII. PRIVATUMO POLITIKOS PER\u017dI\u016aRA<\/strong><\/p>\n\n<p>Administratorius gali i\u0161 dalies pakeisti \u0161i\u0105 privatumo politik\u0105, paskelbdamas nauj\u0105 jos versij\u0105 Svetain\u0117je.<\/p>\n\n<p>\u0160i privatumo politikos versija galioja nuo 2018 05 25.<\/p>\n","protected":false},"excerpt":{"rendered":"<p>I. PASLAUGOS\u0160i privatumo politika taikoma interneto svetainei, kurios domenas yra crossin.pcc.eu. II. ASMENS DUOMEN\u0172 VALDYTOJASAsmens duomen\u0173 valdytojas yra PCC Prodex Sp. z o.o., kurios registruota buvein\u0117 yra Brzeg Dolny (ul. Sienkiewicza 4, 56-120 Brzeg Dolny), KRS numeris 0000024928 Vroclavo-Fabryczna apylink\u0117s teismas Vroclave, Nacionalinio teism\u0173 registro IX \u016bkio skyrius, NIP 522-18-03-295, REGON 012290187, \u012fstatinis kapitalas 50 [&hellip;]<\/p>\n","protected":false},"author":1,"featured_media":0,"parent":0,"menu_order":905,"comment_status":"closed","ping_status":"open","template":"","meta":{"inline_featured_image":false,"footnotes":""},"class_list":["post-3981","page","type-page","status-publish","hentry"],"acf":[],"yoast_head":"<!-- This site is optimized with the Yoast SEO plugin v26.4 - https:\/\/yoast.com\/wordpress\/plugins\/seo\/ -->\n<title>Privatumo politika - Crossin<\/title>\n<meta name=\"robots\" content=\"noindex, nofollow\" \/>\n<meta property=\"og:locale\" content=\"lt_LT\" \/>\n<meta property=\"og:type\" content=\"article\" \/>\n<meta property=\"og:title\" content=\"Privatumo politika - Crossin\" \/>\n<meta property=\"og:description\" content=\"I. PASLAUGOS\u0160i privatumo politika taikoma interneto svetainei, kurios domenas yra crossin.pcc.eu. II. ASMENS DUOMEN\u0172 VALDYTOJASAsmens duomen\u0173 valdytojas yra PCC Prodex Sp. z o.o., kurios registruota buvein\u0117 yra Brzeg Dolny (ul. Sienkiewicza 4, 56-120 Brzeg Dolny), KRS numeris 0000024928 Vroclavo-Fabryczna apylink\u0117s teismas Vroclave, Nacionalinio teism\u0173 registro IX \u016bkio skyrius, NIP 522-18-03-295, REGON 012290187, \u012fstatinis kapitalas 50 [&hellip;]\" \/>\n<meta property=\"og:url\" content=\"https:\/\/crossin.pl\/lt\/privatumo-politika\/\" \/>\n<meta property=\"og:site_name\" content=\"Crossin\" \/>\n<meta property=\"article:modified_time\" content=\"2023-10-23T10:31:59+00:00\" \/>\n<meta property=\"og:image\" content=\"https:\/\/crossin.pl\/wp-content\/uploads\/2025\/05\/crossin-01.webp\" \/>\n\t<meta property=\"og:image:width\" content=\"1200\" \/>\n\t<meta property=\"og:image:height\" content=\"675\" \/>\n\t<meta property=\"og:image:type\" content=\"image\/webp\" \/>\n<meta name=\"twitter:card\" content=\"summary_large_image\" \/>\n<meta name=\"twitter:label1\" content=\"Est. reading time\" \/>\n\t<meta name=\"twitter:data1\" content=\"6 minut\u0117s\" \/>\n<script type=\"application\/ld+json\" class=\"yoast-schema-graph\">{\"@context\":\"https:\/\/schema.org\",\"@graph\":[{\"@type\":\"WebPage\",\"@id\":\"https:\/\/crossin.pl\/lt\/privatumo-politika\/\",\"url\":\"https:\/\/crossin.pl\/lt\/privatumo-politika\/\",\"name\":\"Privatumo politika - Crossin\",\"isPartOf\":{\"@id\":\"https:\/\/crossin.pl\/#website\"},\"datePublished\":\"2023-08-14T15:01:22+00:00\",\"dateModified\":\"2023-10-23T10:31:59+00:00\",\"breadcrumb\":{\"@id\":\"https:\/\/crossin.pl\/lt\/privatumo-politika\/#breadcrumb\"},\"inLanguage\":\"lt-LT\",\"potentialAction\":[{\"@type\":\"ReadAction\",\"target\":[\"https:\/\/crossin.pl\/lt\/privatumo-politika\/\"]}]},{\"@type\":\"BreadcrumbList\",\"@id\":\"https:\/\/crossin.pl\/lt\/privatumo-politika\/#breadcrumb\",\"itemListElement\":[{\"@type\":\"ListItem\",\"position\":1,\"name\":\"Strona g\u0142\u00f3wna\",\"item\":\"https:\/\/crossin.pl\/lt\/\"},{\"@type\":\"ListItem\",\"position\":2,\"name\":\"Privatumo politika\"}]},{\"@type\":\"WebSite\",\"@id\":\"https:\/\/crossin.pl\/#website\",\"url\":\"https:\/\/crossin.pl\/\",\"name\":\"Crossin\",\"description\":\"Izolacje Pian\u0105 PUR\",\"publisher\":{\"@id\":\"https:\/\/crossin.pl\/#organization\"},\"potentialAction\":[{\"@type\":\"SearchAction\",\"target\":{\"@type\":\"EntryPoint\",\"urlTemplate\":\"https:\/\/crossin.pl\/?s={search_term_string}\"},\"query-input\":{\"@type\":\"PropertyValueSpecification\",\"valueRequired\":true,\"valueName\":\"search_term_string\"}}],\"inLanguage\":\"lt-LT\"},{\"@type\":\"Organization\",\"@id\":\"https:\/\/crossin.pl\/#organization\",\"name\":\"Crossin Insulations\",\"alternateName\":\"Crossin\",\"url\":\"https:\/\/crossin.pl\/\",\"logo\":{\"@type\":\"ImageObject\",\"inLanguage\":\"lt-LT\",\"@id\":\"https:\/\/crossin.pl\/#\/schema\/logo\/image\/\",\"url\":\"https:\/\/crossin.pl\/wp-content\/uploads\/2026\/01\/crossin_logo.svg\",\"contentUrl\":\"https:\/\/crossin.pl\/wp-content\/uploads\/2026\/01\/crossin_logo.svg\",\"caption\":\"Crossin Insulations\"},\"image\":{\"@id\":\"https:\/\/crossin.pl\/#\/schema\/logo\/image\/\"}}]}<\/script>\n<!-- \/ Yoast SEO plugin. -->","yoast_head_json":{"title":"Privatumo politika - Crossin","robots":{"index":"noindex","follow":"nofollow"},"og_locale":"lt_LT","og_type":"article","og_title":"Privatumo politika - Crossin","og_description":"I. PASLAUGOS\u0160i privatumo politika taikoma interneto svetainei, kurios domenas yra crossin.pcc.eu. II. ASMENS DUOMEN\u0172 VALDYTOJASAsmens duomen\u0173 valdytojas yra PCC Prodex Sp. z o.o., kurios registruota buvein\u0117 yra Brzeg Dolny (ul. Sienkiewicza 4, 56-120 Brzeg Dolny), KRS numeris 0000024928 Vroclavo-Fabryczna apylink\u0117s teismas Vroclave, Nacionalinio teism\u0173 registro IX \u016bkio skyrius, NIP 522-18-03-295, REGON 012290187, \u012fstatinis kapitalas 50 [&hellip;]","og_url":"https:\/\/crossin.pl\/lt\/privatumo-politika\/","og_site_name":"Crossin","article_modified_time":"2023-10-23T10:31:59+00:00","og_image":[{"width":1200,"height":675,"url":"https:\/\/crossin.pl\/wp-content\/uploads\/2025\/05\/crossin-01.webp","type":"image\/webp"}],"twitter_card":"summary_large_image","twitter_misc":{"Est. reading time":"6 minut\u0117s"},"schema":{"@context":"https:\/\/schema.org","@graph":[{"@type":"WebPage","@id":"https:\/\/crossin.pl\/lt\/privatumo-politika\/","url":"https:\/\/crossin.pl\/lt\/privatumo-politika\/","name":"Privatumo politika - Crossin","isPartOf":{"@id":"https:\/\/crossin.pl\/#website"},"datePublished":"2023-08-14T15:01:22+00:00","dateModified":"2023-10-23T10:31:59+00:00","breadcrumb":{"@id":"https:\/\/crossin.pl\/lt\/privatumo-politika\/#breadcrumb"},"inLanguage":"lt-LT","potentialAction":[{"@type":"ReadAction","target":["https:\/\/crossin.pl\/lt\/privatumo-politika\/"]}]},{"@type":"BreadcrumbList","@id":"https:\/\/crossin.pl\/lt\/privatumo-politika\/#breadcrumb","itemListElement":[{"@type":"ListItem","position":1,"name":"Strona g\u0142\u00f3wna","item":"https:\/\/crossin.pl\/lt\/"},{"@type":"ListItem","position":2,"name":"Privatumo politika"}]},{"@type":"WebSite","@id":"https:\/\/crossin.pl\/#website","url":"https:\/\/crossin.pl\/","name":"Crossin","description":"Izolacje Pian\u0105 PUR","publisher":{"@id":"https:\/\/crossin.pl\/#organization"},"potentialAction":[{"@type":"SearchAction","target":{"@type":"EntryPoint","urlTemplate":"https:\/\/crossin.pl\/?s={search_term_string}"},"query-input":{"@type":"PropertyValueSpecification","valueRequired":true,"valueName":"search_term_string"}}],"inLanguage":"lt-LT"},{"@type":"Organization","@id":"https:\/\/crossin.pl\/#organization","name":"Crossin Insulations","alternateName":"Crossin","url":"https:\/\/crossin.pl\/","logo":{"@type":"ImageObject","inLanguage":"lt-LT","@id":"https:\/\/crossin.pl\/#\/schema\/logo\/image\/","url":"https:\/\/crossin.pl\/wp-content\/uploads\/2026\/01\/crossin_logo.svg","contentUrl":"https:\/\/crossin.pl\/wp-content\/uploads\/2026\/01\/crossin_logo.svg","caption":"Crossin Insulations"},"image":{"@id":"https:\/\/crossin.pl\/#\/schema\/logo\/image\/"}}]}},"_links":{"self":[{"href":"https:\/\/crossin.pl\/lt\/wp-json\/wp\/v2\/pages\/3981","targetHints":{"allow":["GET"]}}],"collection":[{"href":"https:\/\/crossin.pl\/lt\/wp-json\/wp\/v2\/pages"}],"about":[{"href":"https:\/\/crossin.pl\/lt\/wp-json\/wp\/v2\/types\/page"}],"author":[{"embeddable":true,"href":"https:\/\/crossin.pl\/lt\/wp-json\/wp\/v2\/users\/1"}],"replies":[{"embeddable":true,"href":"https:\/\/crossin.pl\/lt\/wp-json\/wp\/v2\/comments?post=3981"}],"version-history":[{"count":1,"href":"https:\/\/crossin.pl\/lt\/wp-json\/wp\/v2\/pages\/3981\/revisions"}],"predecessor-version":[{"id":3982,"href":"https:\/\/crossin.pl\/lt\/wp-json\/wp\/v2\/pages\/3981\/revisions\/3982"}],"wp:attachment":[{"href":"https:\/\/crossin.pl\/lt\/wp-json\/wp\/v2\/media?parent=3981"}],"curies":[{"name":"wp","href":"https:\/\/api.w.org\/{rel}","templated":true}]}}