{"id":3928,"date":"2023-08-14T18:08:38","date_gmt":"2023-08-14T16:08:38","guid":{"rendered":"https:\/\/crossin.pl\/pasiulymas\/grindu-izoliacija\/"},"modified":"2024-01-06T17:13:13","modified_gmt":"2024-01-06T16:13:13","slug":"grindu-izoliacija","status":"publish","type":"page","link":"https:\/\/crossin.pl\/lt\/pasiulymas\/grindu-izoliacija\/","title":{"rendered":"Grind\u0173 izoliacija"},"content":{"rendered":"\n<div style=\"height:20px\" aria-hidden=\"true\" class=\"wp-block-spacer\"><\/div>\n\n<div class=\"wp-block-columns is-layout-flex wp-container-core-columns-is-layout-9d6595d7 wp-block-columns-is-layout-flex\">\n<div class=\"wp-block-column is-layout-flow wp-block-column-is-layout-flow\">\n<div class=\"wp-block-columns is-layout-flex wp-container-core-columns-is-layout-9d6595d7 wp-block-columns-is-layout-flex\">\n<div class=\"wp-block-column is-layout-flow wp-block-column-is-layout-flow\" style=\"flex-basis:50%\">\n<div style=\"height:30px\" aria-hidden=\"true\" class=\"wp-block-spacer nomobile\"><\/div>\n\n\n\n<div class=\"pg__top__intro\">\n<div class=\"cr__head02\"><h2>Grind\u0173 izoliacija  <br\/><span>PUR putos<\/span><\/h2><\/div>\n<p>Auk\u0161tos kokyb\u0117s gaminys ir profesionalus \u012fgaliotojo rangovo \u012fgyvendinimas &#8211; tai auk\u0161\u010diausios kokyb\u0117s izoliacijos garantija.<\/p>\n<a class=\"link02 linkserv\" href=\"https:\/\/crossin.pl\/lt\/uzsisakykite-konsultacija\/\">U\u017esisakyti paslaug\u0105<\/a>\n<\/div>\n\n\n\n<div style=\"height:30px\" aria-hidden=\"true\" class=\"wp-block-spacer nomobile\"><\/div>\n\n\n\n<div class=\"bar__hori__wrap\"><div class=\"bar__hori__left01\"><div class=\"pg__top__bar__hori\"><p>Produktas | Crossin Hard 40<\/p><p class=\"pg__top__bar__hori__sub\">u\u017edar\u0173 celi\u0173 putos<\/p><\/div><\/div><\/div>\n<\/div>\n\n\n\n<div class=\"wp-block-column is-layout-flow wp-block-column-is-layout-flow\" style=\"flex-basis:40%\">\n<img decoding=\"async\" class=\"pg__top__intro__img\" src=\"\/wp-content\/uploads\/2023\/08\/pg-srv-izolacja-posadzki-01.webp\" alt=\"Grind\u0173 izoliacija\"\/>\n\n\n\n<div class=\"pg__top__bar__hori__mob onlymobile\"><p>Produktas | Crossin Hard 40<\/p><p class=\"pg__top__bar__hori__sub\">u\u017edar\u0173 celi\u0173 putos<\/p><\/div>\n<\/div>\n\n\n\n<div class=\"wp-block-column is-layout-flow wp-block-column-is-layout-flow\" style=\"flex-basis:10%\">\n<div style=\"height:30px\" aria-hidden=\"true\" class=\"wp-block-spacer nomobile\"><\/div>\n\n\n\n<div class=\"bar__hori__right01\"><\/div>\n<\/div>\n<\/div>\n<\/div>\n<\/div>\n\n<div class=\"wp-block-columns is-layout-flex wp-container-core-columns-is-layout-9d6595d7 wp-block-columns-is-layout-flex\">\n<div class=\"wp-block-column is-layout-flow wp-block-column-is-layout-flow\">\n<div style=\"height:20px\" aria-hidden=\"true\" class=\"wp-block-spacer nomobile\"><\/div>\n\n\n\n<p style=\"text-align: justify;\">Grind\u0173 \u0161iltinim\u0105 &#8222;Crossin PUR&#8221; putomis atlieka gamintojo sertifikuoti \u012fgaliotieji rangovai.\n&#8222;Crossin&#8221; rangovai garantuoja profesional\u0173 taikym\u0105 ir gaminio apdorojim\u0105 pagal technin\u012f lap\u0105. <\/p>\n<p style=\"text-align: justify;\">Grind\u0173 izoliacija PUR putomis yra modernus izoliacijos b\u016bdas, vis da\u017eniau naudojamas \u0161iuolaikin\u0117je statyboje.\nGrind\u0173 izoliacijos sluoksnis yra sandarus, be \u0161ilumos tilteli\u0173 ir atsparus dr\u0117gmei.\nPuik\u016bs med\u017eiagos izoliaciniai parametrai leid\u017eia perpus suma\u017einti izoliacinio sluoksnio stor\u012f, palyginti su tradici\u0161kai naudojamomis med\u017eiagomis.  <\/p>\n<p style=\"text-align: justify;\">Izoliacinis PUR put\u0173 grind\u0173 sluoksnis sandariai u\u017edengia visus \u012frenginius ir vamzd\u017eius.\nTai izoliacin\u0117 med\u017eiaga, puikiai tinkanti naudoti su grindiniu \u0161ildymu. <\/p>\n\n\n\n<h3>Kod\u0117l verta rinktis &#8222;Crossin PUR&#8221; pal\u0117pi\u0173 izoliacij\u0105?<\/h3>\n<ul>\n<li>Puiki izoliacija d\u0117l ma\u017eo storio<\/li>\n<li>Grind\u0173 nus\u0117dimo eliminavimas d\u0117l didelio atsparumo gniu\u017edymui<\/li>\n<li>Didelis sandarumas be \u0161ilumini\u0173 tilteli\u0173<\/li>\n<li>Labai ma\u017eas vandens \u012fgeriamumas<\/li>\n<\/ul>\n<\/div>\n<\/div>\n\n<div class=\"wp-block-columns is-layout-flex wp-container-core-columns-is-layout-9d6595d7 wp-block-columns-is-layout-flex\">\n<div class=\"wp-block-column is-layout-flow wp-block-column-is-layout-flow\">\n<div style=\"height:60px\" aria-hidden=\"true\" class=\"wp-block-spacer nomobile\"><\/div>\n\n\n\n<div class=\"wp-block-columns nogap is-layout-flex wp-container-core-columns-is-layout-9d6595d7 wp-block-columns-is-layout-flex\">\n<div class=\"wp-block-column is-layout-flow wp-block-column-is-layout-flow\" style=\"flex-basis:2.5%\"><\/div>\n\n\n\n<div class=\"wp-block-column cta__aw01__video__sec is-layout-flow wp-block-column-is-layout-flow\" style=\"flex-basis:95%\">    <div id=\"bv-conspectusblock_cfb2185c390594e939d8856597225e49\" class=\"acf-html-block acf-html-desktop\">\r\n        <div class=\"cta__aw01__video__wrap\"><video class=\"cta__aw01__video\" autoplay=\"\" loop=\"\" muted=\"\" playsinline=\"\"><source src=\"\/wp-content\/uploads\/2023\/08\/cta-aw-desktop-01.webm\" type=\"video\/webm\"><\/source><\/video><\/div>\r\n    <\/div>\r\n\n\n\n<div class=\"wp-block-columns is-layout-flex wp-container-core-columns-is-layout-9d6595d7 wp-block-columns-is-layout-flex\">\n<div class=\"wp-block-column is-layout-flow wp-block-column-is-layout-flow\">    <div id=\"bv-conspectusblock_f35656a9d4b001e80b0902836f492ad7\" class=\"acf-html-block acf-html-desktop\">\r\n        <div class=\"cta__aw01__bus\"><img decoding=\"async\" src=\"\/wp-content\/uploads\/2023\/10\/bus-crossin-04-lt.webp\" alt=\"Crossin \u012egaliotasis rangovas Autobusas\"><\/div>\r\n    <\/div>\r\n<\/div>\n\n\n\n<div class=\"wp-block-column is-layout-flow wp-block-column-is-layout-flow\">    <div id=\"bv-conspectusblock_b5aae82160e34cc51d508f74779d7450\" class=\"acf-html-block acf-html-desktop\">\r\n        <div class=\"cta__aw01__txt\"><div><div class=\"cr__head03 bright\"><h3>\u012egaliot\u0173j\u0173 asmen\u0173 tinklas  <br><span>Crossin atlik\u0117jai<\/span><\/h3><\/div><p>Veiksmingos izoliacijos pagrindas &#8211; tinkamas produkto naudojimas ir&nbsp;apdorojimas. \u012egaliotieji rangovai garantuoja auk\u0161\u010diausio lygio \u012fgyvendinim\u0105.<\/p><a class=\"link02\" href=\"https:\/\/crossin.pl\/lt\/igaliotieji-rangovai\/\">Rasti rangov\u0105<\/a><\/div><\/div>\r\n    <\/div>\r\n<\/div>\n<\/div>\n<\/div>\n\n\n\n<div class=\"wp-block-column is-layout-flow wp-block-column-is-layout-flow\" style=\"flex-basis:2.5%\"><\/div>\n<\/div>\n\n\n\n<div style=\"height:200px\" aria-hidden=\"true\" class=\"wp-block-spacer nomobile\"><\/div>\n<\/div>\n<\/div>\n\n<div class=\"wp-block-columns is-layout-flex wp-container-core-columns-is-layout-9d6595d7 wp-block-columns-is-layout-flex\">\n<div class=\"wp-block-column is-layout-flow wp-block-column-is-layout-flow\">\n<h3 class=\"prod__used\">Naudojami produktai<\/h3>\n\n<p style=\"text-align: justify;\">U\u017edaro tipo PUR putos &#8222;Crossin Hard 40&#8221; skirtos grindims izoliuoti. &#8222;Crossin Hard 40&#8221; putos skirtos \u012fvairi\u0173 pastat\u0173 konstrukcij\u0173 grind\u0173 (\u012fskaitant ne r\u016bsio ir grunto grindis), perdang\u0173 ir pamat\u0173 \u0161iluminei izoliacijai. Jis ypa\u010d rekomenduojamas izoliaciniams pavir\u0161iams, kuriems reikia didesnio atsparumo i\u0161orin\u0117ms apkrovoms. Produktas s\u0117kmingai naudojamas gyvenam\u0173j\u0173 nam\u0173 statyboje, ypa\u010d vienbu\u010di\u0173 ir daugiabu\u010di\u0173 nam\u0173 bei daugiabu\u010di\u0173 nam\u0173 statybai.<\/p>\n<\/div>\n<\/div>\n\n<div style=\"height:60px\" aria-hidden=\"true\" class=\"wp-block-spacer nomobile\"><\/div>\n\n<div class=\"wp-block-columns is-layout-flex wp-container-core-columns-is-layout-9d6595d7 wp-block-columns-is-layout-flex\">\n<div class=\"wp-block-column is-layout-flow wp-block-column-is-layout-flow\">\n<div class=\"cr__head03\"><h3>Realizacijos <br\/><span>Crossin<\/span><\/h3><\/div>\n\n\n\n<div style=\"height:20px\" aria-hidden=\"true\" class=\"wp-block-spacer nomobile\"><\/div>\n\n\n<\/div>\n<\/div>\n\n<div style=\"height:100px\" aria-hidden=\"true\" class=\"wp-block-spacer nomobile\"><\/div>\n\n<div class=\"wp-block-columns alignwide cta__global__sec is-layout-flex wp-container-core-columns-is-layout-9d6595d7 wp-block-columns-is-layout-flex\">\n<div class=\"wp-block-column is-layout-flow wp-block-column-is-layout-flow\">\n<div class=\"wp-block-columns is-layout-flex wp-container-core-columns-is-layout-9d6595d7 wp-block-columns-is-layout-flex\">\n<div class=\"wp-block-column is-layout-flow wp-block-column-is-layout-flow\" style=\"flex-basis:16%\"><\/div>\n\n\n\n<div class=\"wp-block-column is-layout-flow wp-block-column-is-layout-flow\" style=\"flex-basis:39%\">\n<div class=\"cta__global__txt\"><div>\n<div class=\"cr__head03 bright\"><h3>Skambinkite, susitarkite d\u0117l susitikimo  <br\/><span>nemokamas vertinimas<\/span><\/h3><\/div>\n<div class=\"cta__global__tel\"><p>pagalbos linija<\/p><a href=\"tel:+48665000888\"><span style=\"font-weight: lighter;font-size: 40px;\">+48<\/span> 665 000 888<\/a><\/div>\n<a class=\"link02\" href=\"https:\/\/crossin.pl\/lt\/uzsisakykite-konsultacija\/\">Nemokama citata<\/a>\n<\/div><\/div>\n<\/div>\n\n\n\n<div class=\"wp-block-column is-layout-flow wp-block-column-is-layout-flow\" style=\"flex-basis:45%\">\n<div style=\"height:30px\" aria-hidden=\"true\" class=\"wp-block-spacer\"><\/div>\n\n\n\n<div class=\"cta__global__inz\"><img decoding=\"async\" src=\"\/wp-content\/uploads\/2023\/08\/inzynier-01.webp\" alt=\"Statybos in\u017einierius\"\/><\/div>\n<\/div>\n<\/div>\n<\/div>\n<\/div>\n\n<div style=\"height:100px\" aria-hidden=\"true\" class=\"wp-block-spacer nomobile\"><\/div>\n\n<div style=\"height:30px\" aria-hidden=\"true\" class=\"wp-block-spacer onlymobile\"><\/div>\n\n<div class=\"wp-block-columns is-layout-flex wp-container-core-columns-is-layout-9d6595d7 wp-block-columns-is-layout-flex\">\n<div class=\"wp-block-column is-layout-flow wp-block-column-is-layout-flow\">\n<div class=\"cr__head03\"><h3>Kita  <br\/><span>izoliacijos paslaugos<\/span><\/h3><\/div>\n\n\n\n<div style=\"height:20px\" aria-hidden=\"true\" class=\"wp-block-spacer\"><\/div>\n\n\n\n<div class=\"home__service__wrap\">\n   <div class=\"home__service\">\n      <a href=\"https:\/\/crossin.pl\/lt\/pasiulymas\/palepes-izoliacija\/\"><div class=\"home__service__item\">\n         <img decoding=\"async\" src=\"\/wp-content\/uploads\/2023\/08\/iko-domek-poddasza-01.svg\" alt=\"Pal\u0117p\u0117s izoliacija\"\/>\n         <h3>Pal\u0117p\u0117s<\/h3>\n      <\/div><\/a>\n      <a href=\"https:\/\/crossin.pl\/lt\/pasiulymas\/lubu-izoliacija\/\"><div class=\"home__service__item\">\n         <img decoding=\"async\" src=\"\/wp-content\/uploads\/2023\/08\/iko-domek-stropy-01.svg\" alt=\"Lub\u0173 izoliacija\"\/>\n         <h3>Lubos<\/h3>\n      <\/div><\/a>\n      <a href=\"https:\/\/crossin.pl\/lt\/pasiulymas\/sienu-ir-karkasiniu-namu-siltinimas\/\"><div class=\"home__service__item\">\n         <img decoding=\"async\" src=\"\/wp-content\/uploads\/2023\/08\/iko-domek-sciany-01.svg\" alt=\"Sien\u0173 izoliacija\"\/>\n         <h3>Sienos<\/h3>\n      <\/div><\/a>\n      <a href=\"https:\/\/crossin.pl\/lt\/pasiulymas\/pamatu-izoliavimas\/\"><div class=\"home__service__item\">\n         <img decoding=\"async\" src=\"\/wp-content\/uploads\/2023\/08\/iko-domek-fundamenty-01.svg\" alt=\"Pamat\u0173 izoliavimas\"\/>\n         <h3>Pamatai<\/h3>\n      <\/div><\/a>\n      <a href=\"https:\/\/crossin.pl\/lt\/pasiulymas\/terasu-izoliacija\/\"><div class=\"home__service__item\">\n         <img decoding=\"async\" src=\"\/wp-content\/uploads\/2023\/08\/iko-domek-tarasy-02.svg\" alt=\"Teras\u0173 izoliacija\"\/>\n         <h3>Terasos<\/h3>\n      <\/div><\/a>\n   <\/div>\n<\/div>\n<\/div>\n<\/div>\n\n<div style=\"height:100px\" aria-hidden=\"true\" class=\"wp-block-spacer nomobile\"><\/div>\n\n<div style=\"height:30px\" aria-hidden=\"true\" class=\"wp-block-spacer onlymobile\"><\/div>\n\n<div class=\"wp-block-columns alignwide pg__downloads__sec is-layout-flex wp-container-core-columns-is-layout-9d6595d7 wp-block-columns-is-layout-flex\">\n<div class=\"wp-block-column is-layout-flow wp-block-column-is-layout-flow\">\n<div style=\"height:80px\" aria-hidden=\"true\" class=\"wp-block-spacer\"><\/div>\n\n\n\n<div class=\"cr__head03\"><h3>Failai  <br\/><span>parsisiun\u010diama<\/span><\/h3><\/div>\n\n\n\n\r\n\r\n    <div class=\"download__pdf__wrap\">\r\n\r\n                        <div class=\"download__pdf__item\">\r\n                    <a href=\"\/wp-content\/uploads\/2023\/10\/grindu-dangos-izoliacija-hard-40.pdf\" target=\"_blank\" rel=\"noopener noreferrer\">\r\n                        <img decoding=\"async\" src=\"\/wp-content\/uploads\/2023\/08\/iko-pdf-01.svg\" alt=\"Plik Grind\u0173 izoliacija\" title=\"Grind\u0173 izoliacija - Grind\u0173 izoliacija\">\r\n                        <h5>Grind\u0173 izoliacija<\/h5>\r\n                    <\/a>\r\n                <\/div>\r\n                        <div class=\"download__pdf__item\">\r\n                    <a href=\"\/wp-content\/uploads\/2023\/10\/dop-crossin-hard-40-lt-v2.pdf\" target=\"_blank\" rel=\"noopener noreferrer\">\r\n                        <img decoding=\"async\" src=\"\/wp-content\/uploads\/2023\/08\/iko-pdf-01.svg\" alt=\"Plik Eksploatacini\u0173 savybi\u0173 deklaracija - Crossin Hard 40\" title=\"Grind\u0173 izoliacija - Eksploatacini\u0173 savybi\u0173 deklaracija - Crossin Hard 40\">\r\n                        <h5>Eksploatacini\u0173 savybi\u0173 deklaracija - Crossin Hard 40<\/h5>\r\n                    <\/a>\r\n                <\/div>\r\n                        <div class=\"download__pdf__item\">\r\n                    <a href=\"\/wp-content\/uploads\/2024\/01\/TDS_CROSSIN_HARD_40_LT_v3.pdf\" target=\"_blank\" rel=\"noopener noreferrer\">\r\n                        <img decoding=\"async\" src=\"\/wp-content\/uploads\/2023\/08\/iko-pdf-01.svg\" alt=\"Plik Techninis lapas - Crossin Hard 40\" title=\"Grind\u0173 izoliacija - Techninis lapas - Crossin Hard 40\">\r\n                        <h5>Techninis lapas - Crossin Hard 40<\/h5>\r\n                    <\/a>\r\n                <\/div>\r\n        \r\n    <\/div>\r\n\r\n\n\n\n\n<div style=\"height:40px\" aria-hidden=\"true\" class=\"wp-block-spacer\"><\/div>\n<\/div>\n<\/div>\n","protected":false},"excerpt":{"rendered":"<p>Grind\u0173 izoliacija PUR putos Auk\u0161tos kokyb\u0117s gaminys ir profesionalus \u012fgaliotojo rangovo \u012fgyvendinimas &#8211; tai auk\u0161\u010diausios kokyb\u0117s izoliacijos garantija. U\u017esisakyti paslaug\u0105 Produktas | Crossin Hard 40 u\u017edar\u0173 celi\u0173 putos Produktas | Crossin Hard 40 u\u017edar\u0173 celi\u0173 putos Grind\u0173 \u0161iltinim\u0105 &#8222;Crossin PUR&#8221; putomis atlieka gamintojo sertifikuoti \u012fgaliotieji rangovai. &#8222;Crossin&#8221; rangovai garantuoja profesional\u0173 taikym\u0105 ir gaminio apdorojim\u0105 pagal [&hellip;]<\/p>\n","protected":false},"author":1,"featured_media":0,"parent":3491,"menu_order":55,"comment_status":"closed","ping_status":"closed","template":"page-fullwidth.php","meta":{"inline_featured_image":false,"footnotes":""},"class_list":["post-3928","page","type-page","status-publish","hentry"],"acf":[],"yoast_head":"<!-- This site is optimized with the Yoast SEO plugin v26.4 - https:\/\/yoast.com\/wordpress\/plugins\/seo\/ -->\n<title>PUR put\u0173 grind\u0173 izoliacija - Crossin<\/title>\n<meta name=\"description\" content=\"Grind\u0173 izoliacija PUR putomis yra modernus izoliacijos b\u016bdas, vis da\u017eniau naudojamas \u0161iuolaikin\u0117je statyboje.\" \/>\n<meta name=\"robots\" content=\"index, follow, max-snippet:-1, max-image-preview:large, max-video-preview:-1\" \/>\n<link rel=\"canonical\" href=\"https:\/\/crossin.pl\/lt\/pasiulymas\/grindu-izoliacija\/\" \/>\n<meta property=\"og:locale\" content=\"lt_LT\" \/>\n<meta property=\"og:type\" content=\"article\" \/>\n<meta property=\"og:title\" content=\"PUR put\u0173 grind\u0173 izoliacija - Crossin\" \/>\n<meta property=\"og:description\" content=\"Grind\u0173 izoliacija PUR putomis yra modernus izoliacijos b\u016bdas, vis da\u017eniau naudojamas \u0161iuolaikin\u0117je statyboje.\" \/>\n<meta property=\"og:url\" content=\"https:\/\/crossin.pl\/lt\/pasiulymas\/grindu-izoliacija\/\" \/>\n<meta property=\"og:site_name\" content=\"Crossin\" \/>\n<meta property=\"article:modified_time\" content=\"2024-01-06T16:13:13+00:00\" \/>\n<meta property=\"og:image\" content=\"https:\/\/crossin.pl\/wp-content\/uploads\/2025\/05\/crossin-01.webp\" \/>\n\t<meta property=\"og:image:width\" content=\"1200\" \/>\n\t<meta property=\"og:image:height\" content=\"675\" \/>\n\t<meta property=\"og:image:type\" content=\"image\/webp\" \/>\n<meta name=\"twitter:card\" content=\"summary_large_image\" \/>\n<meta name=\"twitter:label1\" content=\"Est. reading time\" \/>\n\t<meta name=\"twitter:data1\" content=\"1 minut\u0117\" \/>\n<script type=\"application\/ld+json\" class=\"yoast-schema-graph\">{\"@context\":\"https:\/\/schema.org\",\"@graph\":[{\"@type\":\"WebPage\",\"@id\":\"https:\/\/crossin.pl\/lt\/pasiulymas\/grindu-izoliacija\/\",\"url\":\"https:\/\/crossin.pl\/lt\/pasiulymas\/grindu-izoliacija\/\",\"name\":\"PUR put\u0173 grind\u0173 izoliacija - Crossin\",\"isPartOf\":{\"@id\":\"https:\/\/crossin.pl\/#website\"},\"datePublished\":\"2023-08-14T16:08:38+00:00\",\"dateModified\":\"2024-01-06T16:13:13+00:00\",\"description\":\"Grind\u0173 izoliacija PUR putomis yra modernus izoliacijos b\u016bdas, vis da\u017eniau naudojamas \u0161iuolaikin\u0117je statyboje.\",\"breadcrumb\":{\"@id\":\"https:\/\/crossin.pl\/lt\/pasiulymas\/grindu-izoliacija\/#breadcrumb\"},\"inLanguage\":\"lt-LT\",\"potentialAction\":[{\"@type\":\"ReadAction\",\"target\":[\"https:\/\/crossin.pl\/lt\/pasiulymas\/grindu-izoliacija\/\"]}]},{\"@type\":\"BreadcrumbList\",\"@id\":\"https:\/\/crossin.pl\/lt\/pasiulymas\/grindu-izoliacija\/#breadcrumb\",\"itemListElement\":[{\"@type\":\"ListItem\",\"position\":1,\"name\":\"Strona g\u0142\u00f3wna\",\"item\":\"https:\/\/crossin.pl\/lt\/\"},{\"@type\":\"ListItem\",\"position\":2,\"name\":\"Pasi\u016blymas\",\"item\":\"https:\/\/crossin.pl\/lt\/pasiulymas\/\"},{\"@type\":\"ListItem\",\"position\":3,\"name\":\"Grind\u0173 izoliacija\"}]},{\"@type\":\"WebSite\",\"@id\":\"https:\/\/crossin.pl\/#website\",\"url\":\"https:\/\/crossin.pl\/\",\"name\":\"Crossin\",\"description\":\"Izolacje Pian\u0105 PUR\",\"publisher\":{\"@id\":\"https:\/\/crossin.pl\/#organization\"},\"potentialAction\":[{\"@type\":\"SearchAction\",\"target\":{\"@type\":\"EntryPoint\",\"urlTemplate\":\"https:\/\/crossin.pl\/?s={search_term_string}\"},\"query-input\":{\"@type\":\"PropertyValueSpecification\",\"valueRequired\":true,\"valueName\":\"search_term_string\"}}],\"inLanguage\":\"lt-LT\"},{\"@type\":\"Organization\",\"@id\":\"https:\/\/crossin.pl\/#organization\",\"name\":\"Crossin Insulations\",\"alternateName\":\"Crossin\",\"url\":\"https:\/\/crossin.pl\/\",\"logo\":{\"@type\":\"ImageObject\",\"inLanguage\":\"lt-LT\",\"@id\":\"https:\/\/crossin.pl\/#\/schema\/logo\/image\/\",\"url\":\"https:\/\/crossin.pl\/wp-content\/uploads\/2026\/01\/crossin_logo.svg\",\"contentUrl\":\"https:\/\/crossin.pl\/wp-content\/uploads\/2026\/01\/crossin_logo.svg\",\"caption\":\"Crossin Insulations\"},\"image\":{\"@id\":\"https:\/\/crossin.pl\/#\/schema\/logo\/image\/\"}}]}<\/script>\n<!-- \/ Yoast SEO plugin. -->","yoast_head_json":{"title":"PUR put\u0173 grind\u0173 izoliacija - Crossin","description":"Grind\u0173 izoliacija PUR putomis yra modernus izoliacijos b\u016bdas, vis da\u017eniau naudojamas \u0161iuolaikin\u0117je statyboje.","robots":{"index":"index","follow":"follow","max-snippet":"max-snippet:-1","max-image-preview":"max-image-preview:large","max-video-preview":"max-video-preview:-1"},"canonical":"https:\/\/crossin.pl\/lt\/pasiulymas\/grindu-izoliacija\/","og_locale":"lt_LT","og_type":"article","og_title":"PUR put\u0173 grind\u0173 izoliacija - Crossin","og_description":"Grind\u0173 izoliacija PUR putomis yra modernus izoliacijos b\u016bdas, vis da\u017eniau naudojamas \u0161iuolaikin\u0117je statyboje.","og_url":"https:\/\/crossin.pl\/lt\/pasiulymas\/grindu-izoliacija\/","og_site_name":"Crossin","article_modified_time":"2024-01-06T16:13:13+00:00","og_image":[{"width":1200,"height":675,"url":"https:\/\/crossin.pl\/wp-content\/uploads\/2025\/05\/crossin-01.webp","type":"image\/webp"}],"twitter_card":"summary_large_image","twitter_misc":{"Est. reading time":"1 minut\u0117"},"schema":{"@context":"https:\/\/schema.org","@graph":[{"@type":"WebPage","@id":"https:\/\/crossin.pl\/lt\/pasiulymas\/grindu-izoliacija\/","url":"https:\/\/crossin.pl\/lt\/pasiulymas\/grindu-izoliacija\/","name":"PUR put\u0173 grind\u0173 izoliacija - Crossin","isPartOf":{"@id":"https:\/\/crossin.pl\/#website"},"datePublished":"2023-08-14T16:08:38+00:00","dateModified":"2024-01-06T16:13:13+00:00","description":"Grind\u0173 izoliacija PUR putomis yra modernus izoliacijos b\u016bdas, vis da\u017eniau naudojamas \u0161iuolaikin\u0117je statyboje.","breadcrumb":{"@id":"https:\/\/crossin.pl\/lt\/pasiulymas\/grindu-izoliacija\/#breadcrumb"},"inLanguage":"lt-LT","potentialAction":[{"@type":"ReadAction","target":["https:\/\/crossin.pl\/lt\/pasiulymas\/grindu-izoliacija\/"]}]},{"@type":"BreadcrumbList","@id":"https:\/\/crossin.pl\/lt\/pasiulymas\/grindu-izoliacija\/#breadcrumb","itemListElement":[{"@type":"ListItem","position":1,"name":"Strona g\u0142\u00f3wna","item":"https:\/\/crossin.pl\/lt\/"},{"@type":"ListItem","position":2,"name":"Pasi\u016blymas","item":"https:\/\/crossin.pl\/lt\/pasiulymas\/"},{"@type":"ListItem","position":3,"name":"Grind\u0173 izoliacija"}]},{"@type":"WebSite","@id":"https:\/\/crossin.pl\/#website","url":"https:\/\/crossin.pl\/","name":"Crossin","description":"Izolacje Pian\u0105 PUR","publisher":{"@id":"https:\/\/crossin.pl\/#organization"},"potentialAction":[{"@type":"SearchAction","target":{"@type":"EntryPoint","urlTemplate":"https:\/\/crossin.pl\/?s={search_term_string}"},"query-input":{"@type":"PropertyValueSpecification","valueRequired":true,"valueName":"search_term_string"}}],"inLanguage":"lt-LT"},{"@type":"Organization","@id":"https:\/\/crossin.pl\/#organization","name":"Crossin Insulations","alternateName":"Crossin","url":"https:\/\/crossin.pl\/","logo":{"@type":"ImageObject","inLanguage":"lt-LT","@id":"https:\/\/crossin.pl\/#\/schema\/logo\/image\/","url":"https:\/\/crossin.pl\/wp-content\/uploads\/2026\/01\/crossin_logo.svg","contentUrl":"https:\/\/crossin.pl\/wp-content\/uploads\/2026\/01\/crossin_logo.svg","caption":"Crossin Insulations"},"image":{"@id":"https:\/\/crossin.pl\/#\/schema\/logo\/image\/"}}]}},"_links":{"self":[{"href":"https:\/\/crossin.pl\/lt\/wp-json\/wp\/v2\/pages\/3928","targetHints":{"allow":["GET"]}}],"collection":[{"href":"https:\/\/crossin.pl\/lt\/wp-json\/wp\/v2\/pages"}],"about":[{"href":"https:\/\/crossin.pl\/lt\/wp-json\/wp\/v2\/types\/page"}],"author":[{"embeddable":true,"href":"https:\/\/crossin.pl\/lt\/wp-json\/wp\/v2\/users\/1"}],"replies":[{"embeddable":true,"href":"https:\/\/crossin.pl\/lt\/wp-json\/wp\/v2\/comments?post=3928"}],"version-history":[{"count":4,"href":"https:\/\/crossin.pl\/lt\/wp-json\/wp\/v2\/pages\/3928\/revisions"}],"predecessor-version":[{"id":3964,"href":"https:\/\/crossin.pl\/lt\/wp-json\/wp\/v2\/pages\/3928\/revisions\/3964"}],"up":[{"embeddable":true,"href":"https:\/\/crossin.pl\/lt\/wp-json\/wp\/v2\/pages\/3491"}],"wp:attachment":[{"href":"https:\/\/crossin.pl\/lt\/wp-json\/wp\/v2\/media?parent=3928"}],"curies":[{"name":"wp","href":"https:\/\/api.w.org\/{rel}","templated":true}]}}