{"id":3918,"date":"2023-08-14T18:02:08","date_gmt":"2023-08-14T16:02:08","guid":{"rendered":"https:\/\/crossin.pl\/pasiulymas\/palepes-izoliacija\/"},"modified":"2024-01-06T17:05:20","modified_gmt":"2024-01-06T16:05:20","slug":"palepes-izoliacija","status":"publish","type":"page","link":"https:\/\/crossin.pl\/lt\/pasiulymas\/palepes-izoliacija\/","title":{"rendered":"Pal\u0117p\u0117s izoliacija"},"content":{"rendered":"\n<div style=\"height:20px\" aria-hidden=\"true\" class=\"wp-block-spacer\"><\/div>\n\n<div class=\"wp-block-columns is-layout-flex wp-container-core-columns-is-layout-9d6595d7 wp-block-columns-is-layout-flex\">\n<div class=\"wp-block-column is-layout-flow wp-block-column-is-layout-flow\">\n<div class=\"wp-block-columns is-layout-flex wp-container-core-columns-is-layout-9d6595d7 wp-block-columns-is-layout-flex\">\n<div class=\"wp-block-column is-layout-flow wp-block-column-is-layout-flow\" style=\"flex-basis:50%\">\n<div style=\"height:30px\" aria-hidden=\"true\" class=\"wp-block-spacer nomobile\"><\/div>\n\n\n\n<div class=\"pg__top__intro\">\n<div class=\"cr__head02\"><h2>Pal\u0117p\u0117s izoliacija  <br\/><span>PUR putos<\/span><\/h2><\/div>\n<p>Auk\u0161tos kokyb\u0117s gaminys ir profesionalus \u012fgaliotojo rangovo \u012fgyvendinimas &#8211; tai auk\u0161\u010diausios kokyb\u0117s izoliacijos garantija.<\/p>\n<a class=\"link02 linkserv\" href=\"https:\/\/crossin.pl\/lt\/uzsisakykite-konsultacija\/\">U\u017esisakyti paslaug\u0105<\/a>\n<\/div>\n\n\n\n<div style=\"height:30px\" aria-hidden=\"true\" class=\"wp-block-spacer nomobile\"><\/div>\n\n\n\n<div class=\"bar__hori__wrap\"><div class=\"bar__hori__left01\"><div class=\"pg__top__bar__hori\"><p>Produktas | Crossin Attic Soft<\/p><p class=\"pg__top__bar__hori__sub\">atvir\u0173 l\u0105steli\u0173 putos<\/p><\/div><\/div><\/div>\n<\/div>\n\n\n\n<div class=\"wp-block-column is-layout-flow wp-block-column-is-layout-flow\" style=\"flex-basis:40%\">\n<img decoding=\"async\" class=\"pg__top__intro__img\" src=\"\/wp-content\/uploads\/2023\/08\/pg-srv-izolacja-poddasza-01.webp\" alt=\"Pal\u0117p\u0117s izoliacija\"\/>\n\n\n\n<div class=\"pg__top__bar__hori__mob onlymobile\"><p>Produktas | Crossin Attic Soft<\/p><p class=\"pg__top__bar__hori__sub\">atvir\u0173 l\u0105steli\u0173 putos<\/p><\/div>\n<\/div>\n\n\n\n<div class=\"wp-block-column is-layout-flow wp-block-column-is-layout-flow\" style=\"flex-basis:10%\">\n<div style=\"height:30px\" aria-hidden=\"true\" class=\"wp-block-spacer nomobile\"><\/div>\n\n\n\n<div class=\"bar__hori__right01\"><\/div>\n<\/div>\n<\/div>\n<\/div>\n<\/div>\n\n<div class=\"wp-block-columns is-layout-flex wp-container-core-columns-is-layout-9d6595d7 wp-block-columns-is-layout-flex\">\n<div class=\"wp-block-column is-layout-flow wp-block-column-is-layout-flow\">\n<div style=\"height:20px\" aria-hidden=\"true\" class=\"wp-block-spacer nomobile\"><\/div>\n\n\n\n<div style=\"height:40px\" aria-hidden=\"true\" class=\"wp-block-spacer nomobile only-ipad\"><\/div>\n\n\n\n<p style=\"text-align: justify;\">Pal\u0117p\u0117s \u0161iltinim\u0105 Crossin PUR putomis atlieka gamintojo sertifikuoti \u012fgaliotieji rangovai.\n&#8222;Crossin&#8221; rangovai garantuoja profesional\u0173 taikym\u0105 ir gaminio apdorojim\u0105 pagal technin\u012f lap\u0105. <\/p>\n<p style=\"text-align: justify;\">PUR put\u0173 izoliacija yra vienas veiksmingiausi\u0173 pal\u0117p\u0117s izoliavimo b\u016bd\u0173.\nNepriklausomai nuo stogo sud\u0117tingumo, pur\u0161kiamos PUR putos sukuria sandar\u0173 izoliacijos sluoksn\u012f, kuriame beveik n\u0117ra \u0161ilumos tilteli\u0173.\nPut\u0173 izoliacija visam laikui prilimpa prie pagrindo ir laikui b\u0117gant nekei\u010dia savo pad\u0117ties ar izoliacijos parametr\u0173.\nPUR putos yra atsparios pel\u0117sio ir grybelio augimui, tai aplinka, kurioje neapsigyvena grau\u017eikai ir kurmiai.   <\/p>\n<p style=\"text-align: justify;\"><strong>Naudojamos med\u017eiagos parametrai leid\u017eia pasiekti reikiam\u0105 \u0161ilumos perdavimo koeficient\u0105 U = 0,15 W\/(m2K) net ir esant 25 cm storiui.<\/strong><\/p>\n\n\n\n<h3>Kod\u0117l verta rinktis &#8222;Crossin PUR&#8221; pal\u0117pi\u0173 izoliacij\u0105?<\/h3>\n<ul>\n<li>Vykdo patyr\u0119s, \u012fgaliotas rangovas<\/li>\n<li>Naudojimo metu izoliacija nesusitraukia ir nenusileid\u017eia<\/li>\n<li>Nepraleid\u017eiantis v\u0117jo ir kartu praleid\u017eiantis or\u0105<\/li>\n<li>Auk\u0161ta ir veiksminga \u0161ilumos izoliacija<\/li>\n<li>\u0160ilumini\u0173 tilteli\u0173 pa\u0161alinimas<\/li>\n<li>Ma\u017eas \u0161ilumos laidumas \u03bbD = 0,037 W\/(m-K)<\/li>\n<li>Efektyvus sunkiai pasiekiam\u0173 viet\u0173 u\u017epildymas<\/li>\n<li>Galima naudoti tiesiogiai ant \u012fvairi\u0173 r\u016b\u0161i\u0173 med\u017eiag\u0173 (pvz., med\u017eio, membranos, skardos, betono).<\/li>\n<li>Atsparumas pel\u0117si\u0173 ir grybeli\u0173 augimui<\/li>\n<li>Puiki garso izoliacija<\/li>\n<li>Ma\u017eas vandens \u012fgeriamumas ir puikus dr\u0117gm\u0117s \u0161alinimas<\/li>\n<li>Trumpalaikis vandens \u012fgeriamumas i\u0161 dalies panardinus Wp\u22640,85 kg\/m2<\/li>\n<li>Trumpi u\u017esakymo \u012fvykdymo terminai<\/li>\n<\/ul>\n<\/div>\n<\/div>\n\n<div class=\"wp-block-columns is-layout-flex wp-container-core-columns-is-layout-9d6595d7 wp-block-columns-is-layout-flex\">\n<div class=\"wp-block-column is-layout-flow wp-block-column-is-layout-flow\">\n<div style=\"height:60px\" aria-hidden=\"true\" class=\"wp-block-spacer nomobile\"><\/div>\n\n\n\n<div class=\"wp-block-columns nogap is-layout-flex wp-container-core-columns-is-layout-9d6595d7 wp-block-columns-is-layout-flex\">\n<div class=\"wp-block-column is-layout-flow wp-block-column-is-layout-flow\" style=\"flex-basis:2.5%\"><\/div>\n\n\n\n<div class=\"wp-block-column cta__aw01__video__sec is-layout-flow wp-block-column-is-layout-flow\" style=\"flex-basis:95%\">    <div id=\"bv-conspectusblock_8388e2ae6274535e545fe58bccaeb5f9\" class=\"acf-html-block acf-html-desktop\">\r\n        <div class=\"cta__aw01__video__wrap\"><video class=\"cta__aw01__video\" autoplay=\"\" loop=\"\" muted=\"\" playsinline=\"\"><source src=\"\/wp-content\/uploads\/2023\/08\/cta-aw-desktop-01.webm\" type=\"video\/webm\"><\/source><\/video><\/div>\r\n    <\/div>\r\n\n\n\n<div class=\"wp-block-columns is-layout-flex wp-container-core-columns-is-layout-9d6595d7 wp-block-columns-is-layout-flex\">\n<div class=\"wp-block-column is-layout-flow wp-block-column-is-layout-flow\">    <div id=\"bv-conspectusblock_7ef46808d5bc6d932b925a61b87f2288\" class=\"acf-html-block acf-html-desktop\">\r\n        <div class=\"cta__aw01__bus\"><img decoding=\"async\" src=\"\/wp-content\/uploads\/2023\/10\/bus-crossin-04-lt.webp\" alt=\"Crossin \u012egaliotasis rangovas Autobusas\"><\/div>\r\n    <\/div>\r\n<\/div>\n\n\n\n<div class=\"wp-block-column is-layout-flow wp-block-column-is-layout-flow\">    <div id=\"bv-conspectusblock_fbf9933db560e5b766fb75fb0f3c6041\" class=\"acf-html-block acf-html-desktop\">\r\n        <div class=\"cta__aw01__txt\"><div><div class=\"cr__head03 bright\"><h3>\u012egaliot\u0173j\u0173 asmen\u0173 tinklas  <br><span>Crossin atlik\u0117jai<\/span><\/h3><\/div><p>Veiksmingos izoliacijos pagrindas &#8211; tinkamas produkto naudojimas ir&nbsp;apdorojimas. \u012egaliotieji rangovai garantuoja auk\u0161\u010diausio lygio \u012fgyvendinim\u0105.<\/p><a class=\"link02\" href=\"https:\/\/crossin.pl\/lt\/igaliotieji-rangovai\/\">Rasti rangov\u0105<\/a><\/div><\/div>\r\n    <\/div>\r\n<\/div>\n<\/div>\n<\/div>\n\n\n\n<div class=\"wp-block-column is-layout-flow wp-block-column-is-layout-flow\" style=\"flex-basis:2.5%\"><\/div>\n<\/div>\n\n\n\n<div style=\"height:200px\" aria-hidden=\"true\" class=\"wp-block-spacer nomobile\"><\/div>\n<\/div>\n<\/div>\n\n<div class=\"wp-block-columns is-layout-flex wp-container-core-columns-is-layout-9d6595d7 wp-block-columns-is-layout-flex\">\n<div class=\"wp-block-column is-layout-flow wp-block-column-is-layout-flow\">\n<h3 class=\"prod__used\">Naudojami produktai<\/h3>\n\n<p style=\"text-align: justify;\">Atvir\u0173 por\u0173 PUR putos Crossin Attic Soft skirtos pal\u0117p\u0117ms \u0161iltinti. Crossin Attic Soft putos skirtos vidinei \u0161ilumos ir garso izoliacijai pur\u0161kiant. Jis naudojamas pal\u0117p\u0117ms, \u012fvairioms stogo dangoms, luboms ir vidaus sienoms efektyviai izoliuoti. Jis idealiai tinka medin\u0117ms, m\u016brin\u0117ms, plienin\u0117ms ir karkasin\u0117ms konstrukcijoms.<\/p>\n<\/div>\n<\/div>\n\n<div style=\"height:60px\" aria-hidden=\"true\" class=\"wp-block-spacer nomobile\"><\/div>\n\n<div class=\"wp-block-columns is-layout-flex wp-container-core-columns-is-layout-9d6595d7 wp-block-columns-is-layout-flex\">\n<div class=\"wp-block-column is-layout-flow wp-block-column-is-layout-flow\">\n<div class=\"cr__head03\"><h3>Realizacijos <br\/><span>Crossin<\/span><\/h3><\/div>\n\n\n\n<div style=\"height:20px\" aria-hidden=\"true\" class=\"wp-block-spacer nomobile\"><\/div>\n\n\n<\/div>\n<\/div>\n\n<div style=\"height:100px\" aria-hidden=\"true\" class=\"wp-block-spacer nomobile\"><\/div>\n\n<div class=\"wp-block-columns alignwide cta__global__sec is-layout-flex wp-container-core-columns-is-layout-9d6595d7 wp-block-columns-is-layout-flex\">\n<div class=\"wp-block-column is-layout-flow wp-block-column-is-layout-flow\">\n<div class=\"wp-block-columns is-layout-flex wp-container-core-columns-is-layout-9d6595d7 wp-block-columns-is-layout-flex\">\n<div class=\"wp-block-column is-layout-flow wp-block-column-is-layout-flow\" style=\"flex-basis:16%\"><\/div>\n\n\n\n<div class=\"wp-block-column is-layout-flow wp-block-column-is-layout-flow\" style=\"flex-basis:39%\">\n<div class=\"cta__global__txt\"><div>\n<div class=\"cr__head03 bright\"><h3>Skambinkite, susitarkite d\u0117l susitikimo  <br\/><span>nemokamas vertinimas<\/span><\/h3><\/div>\n<div class=\"cta__global__tel\"><p>pagalbos linija<\/p><a href=\"tel:+48665000888\"><span style=\"font-weight: lighter;font-size: 40px;\">+48<\/span> 665 000 888<\/a><\/div>\n<a class=\"link02\" href=\"https:\/\/crossin.pl\/lt\/uzsisakykite-konsultacija\/\">Nemokama citata<\/a>\n<\/div><\/div>\n<\/div>\n\n\n\n<div class=\"wp-block-column is-layout-flow wp-block-column-is-layout-flow\" style=\"flex-basis:45%\">\n<div style=\"height:30px\" aria-hidden=\"true\" class=\"wp-block-spacer\"><\/div>\n\n\n\n<div class=\"cta__global__inz\"><img decoding=\"async\" src=\"\/wp-content\/uploads\/2023\/08\/inzynier-01.webp\" alt=\"Statybos in\u017einierius\"\/><\/div>\n<\/div>\n<\/div>\n<\/div>\n<\/div>\n\n<div style=\"height:100px\" aria-hidden=\"true\" class=\"wp-block-spacer nomobile\"><\/div>\n\n<div style=\"height:30px\" aria-hidden=\"true\" class=\"wp-block-spacer onlymobile\"><\/div>\n\n<div class=\"wp-block-columns is-layout-flex wp-container-core-columns-is-layout-9d6595d7 wp-block-columns-is-layout-flex\">\n<div class=\"wp-block-column is-layout-flow wp-block-column-is-layout-flow\">\n<div class=\"cr__head03\"><h3>Kita  <br\/><span>izoliacijos paslaugos<\/span><\/h3><\/div>\n\n\n\n<div style=\"height:20px\" aria-hidden=\"true\" class=\"wp-block-spacer\"><\/div>\n\n\n\n<div class=\"home__service__wrap\">\n   <div class=\"home__service\">\n      <a href=\"https:\/\/crossin.pl\/lt\/pasiulymas\/lubu-izoliacija\/\"><div class=\"home__service__item\">\n         <img decoding=\"async\" src=\"\/wp-content\/uploads\/2023\/08\/iko-domek-stropy-01.svg\" alt=\"Lub\u0173 izoliacija\"\/>\n         <h3>Lubos<\/h3>\n      <\/div><\/a>\n      <a href=\"https:\/\/crossin.pl\/lt\/pasiulymas\/sienu-ir-karkasiniu-namu-siltinimas\/\"><div class=\"home__service__item\">\n         <img decoding=\"async\" src=\"\/wp-content\/uploads\/2023\/08\/iko-domek-sciany-01.svg\" alt=\"Sien\u0173 izoliacija\"\/>\n         <h3>Sienos<\/h3>\n      <\/div><\/a>\n      <a href=\"https:\/\/crossin.pl\/lt\/pasiulymas\/grindu-izoliacija\/\"><div class=\"home__service__item\">\n         <img decoding=\"async\" src=\"\/wp-content\/uploads\/2023\/08\/iko-domek-posadzki-01.svg\" alt=\"Grind\u0173 izoliacija\"\/>\n         <h3>Grindys<\/h3>\n      <\/div><\/a>\n      <a href=\"https:\/\/crossin.pl\/lt\/pasiulymas\/pamatu-izoliavimas\/\"><div class=\"home__service__item\">\n         <img decoding=\"async\" src=\"\/wp-content\/uploads\/2023\/08\/iko-domek-fundamenty-01.svg\" alt=\"Pamat\u0173 izoliavimas\"\/>\n         <h3>Pamatai<\/h3>\n      <\/div><\/a>\n      <a href=\"https:\/\/crossin.pl\/lt\/pasiulymas\/terasu-izoliacija\/\"><div class=\"home__service__item\">\n         <img decoding=\"async\" src=\"\/wp-content\/uploads\/2023\/08\/iko-domek-tarasy-02.svg\" alt=\"Teras\u0173 izoliacija\"\/>\n         <h3>Terasos<\/h3>\n      <\/div><\/a>\n   <\/div>\n<\/div>\n<\/div>\n<\/div>\n\n<div style=\"height:100px\" aria-hidden=\"true\" class=\"wp-block-spacer nomobile\"><\/div>\n\n<div style=\"height:30px\" aria-hidden=\"true\" class=\"wp-block-spacer onlymobile\"><\/div>\n\n<div class=\"wp-block-columns alignwide pg__downloads__sec is-layout-flex wp-container-core-columns-is-layout-9d6595d7 wp-block-columns-is-layout-flex\">\n<div class=\"wp-block-column is-layout-flow wp-block-column-is-layout-flow\">\n<div style=\"height:80px\" aria-hidden=\"true\" class=\"wp-block-spacer\"><\/div>\n\n\n\n<div class=\"cr__head03\"><h3>Failai  <br\/><span>parsisiun\u010diama<\/span><\/h3><\/div>\n\n\n\n\r\n\r\n    <div class=\"download__pdf__wrap\">\r\n\r\n                        <div class=\"download__pdf__item\">\r\n                    <a href=\"\/wp-content\/uploads\/2023\/10\/palepes-izoliacija-naudojant-garams-pralaidzia-membrana.pdf\" target=\"_blank\" rel=\"noopener noreferrer\">\r\n                        <img decoding=\"async\" src=\"\/wp-content\/uploads\/2023\/08\/iko-pdf-01.svg\" alt=\"Plik Pal\u0117p\u0117s izoliacija ant garams laid\u017eios membranos\" title=\"Pal\u0117p\u0117s izoliacija - Pal\u0117p\u0117s izoliacija ant garams laid\u017eios membranos\">\r\n                        <h5>Pal\u0117p\u0117s izoliacija ant garams laid\u017eios membranos<\/h5>\r\n                    <\/a>\r\n                <\/div>\r\n                        <div class=\"download__pdf__item\">\r\n                    <a href=\"\/wp-content\/uploads\/2023\/10\/klojiniu-osb-plokstes-palepes-izoliacija.pdf\" target=\"_blank\" rel=\"noopener noreferrer\">\r\n                        <img decoding=\"async\" src=\"\/wp-content\/uploads\/2023\/08\/iko-pdf-01.svg\" alt=\"Plik Pal\u0117p\u0117s izoliacija ant klojini\u0173 | OSB plok\u0161t\u0117\" title=\"Pal\u0117p\u0117s izoliacija - Pal\u0117p\u0117s izoliacija ant klojini\u0173 | OSB plok\u0161t\u0117\">\r\n                        <h5>Pal\u0117p\u0117s izoliacija ant klojini\u0173 | OSB plok\u0161t\u0117<\/h5>\r\n                    <\/a>\r\n                <\/div>\r\n                        <div class=\"download__pdf__item\">\r\n                    <a href=\"\/wp-content\/uploads\/2023\/10\/dop-crossin-attic-soft-lt-v2.pdf\" target=\"_blank\" rel=\"noopener noreferrer\">\r\n                        <img decoding=\"async\" src=\"\/wp-content\/uploads\/2023\/08\/iko-pdf-01.svg\" alt=\"Plik Eksploatacini\u0173 savybi\u0173 deklaracija - Crossin Attic Soft\" title=\"Pal\u0117p\u0117s izoliacija - Eksploatacini\u0173 savybi\u0173 deklaracija - Crossin Attic Soft\">\r\n                        <h5>Eksploatacini\u0173 savybi\u0173 deklaracija - Crossin Attic Soft<\/h5>\r\n                    <\/a>\r\n                <\/div>\r\n                        <div class=\"download__pdf__item\">\r\n                    <a href=\"\/wp-content\/uploads\/2024\/01\/STW_Crossin_Attic_Soft_LT_v8.pdf\" target=\"_blank\" rel=\"noopener noreferrer\">\r\n                        <img decoding=\"async\" src=\"\/wp-content\/uploads\/2023\/08\/iko-pdf-01.svg\" alt=\"Plik Techninis lapas - Crossin Attic Soft\" title=\"Pal\u0117p\u0117s izoliacija - Techninis lapas - Crossin Attic Soft\">\r\n                        <h5>Techninis lapas - Crossin Attic Soft<\/h5>\r\n                    <\/a>\r\n                <\/div>\r\n        \r\n    <\/div>\r\n\r\n\n\n\n\n<div style=\"height:40px\" aria-hidden=\"true\" class=\"wp-block-spacer\"><\/div>\n<\/div>\n<\/div>\n","protected":false},"excerpt":{"rendered":"<p>Pal\u0117p\u0117s izoliacija PUR putos Auk\u0161tos kokyb\u0117s gaminys ir profesionalus \u012fgaliotojo rangovo \u012fgyvendinimas &#8211; tai auk\u0161\u010diausios kokyb\u0117s izoliacijos garantija. U\u017esisakyti paslaug\u0105 Produktas | Crossin Attic Soft atvir\u0173 l\u0105steli\u0173 putos Produktas | Crossin Attic Soft atvir\u0173 l\u0105steli\u0173 putos Pal\u0117p\u0117s \u0161iltinim\u0105 Crossin PUR putomis atlieka gamintojo sertifikuoti \u012fgaliotieji rangovai. &#8222;Crossin&#8221; rangovai garantuoja profesional\u0173 taikym\u0105 ir gaminio apdorojim\u0105 pagal [&hellip;]<\/p>\n","protected":false},"author":1,"featured_media":0,"parent":3491,"menu_order":40,"comment_status":"closed","ping_status":"closed","template":"page-fullwidth.php","meta":{"inline_featured_image":false,"footnotes":""},"class_list":["post-3918","page","type-page","status-publish","hentry"],"acf":[],"yoast_head":"<!-- This site is optimized with the Yoast SEO plugin v26.4 - https:\/\/yoast.com\/wordpress\/plugins\/seo\/ -->\n<title>Pal\u0117p\u0117s \u0161iltinimas PUR putomis - Crossin<\/title>\n<meta name=\"description\" content=\"PUR put\u0173 pal\u0117p\u0117s izoliacija yra vienas veiksmingiausi\u0173 pal\u0117p\u0117s izoliavimo b\u016bd\u0173. Atvykite ir su\u017einokite daugiau apie PUR Crossin putas!\" \/>\n<meta name=\"robots\" content=\"index, follow, max-snippet:-1, max-image-preview:large, max-video-preview:-1\" \/>\n<link rel=\"canonical\" href=\"https:\/\/crossin.pl\/lt\/pasiulymas\/palepes-izoliacija\/\" \/>\n<meta property=\"og:locale\" content=\"lt_LT\" \/>\n<meta property=\"og:type\" content=\"article\" \/>\n<meta property=\"og:title\" content=\"Pal\u0117p\u0117s \u0161iltinimas PUR putomis - Crossin\" \/>\n<meta property=\"og:description\" content=\"PUR put\u0173 pal\u0117p\u0117s izoliacija yra vienas veiksmingiausi\u0173 pal\u0117p\u0117s izoliavimo b\u016bd\u0173. Atvykite ir su\u017einokite daugiau apie PUR Crossin putas!\" \/>\n<meta property=\"og:url\" content=\"https:\/\/crossin.pl\/lt\/pasiulymas\/palepes-izoliacija\/\" \/>\n<meta property=\"og:site_name\" content=\"Crossin\" \/>\n<meta property=\"article:modified_time\" content=\"2024-01-06T16:05:20+00:00\" \/>\n<meta property=\"og:image\" content=\"https:\/\/crossin.pl\/wp-content\/uploads\/2025\/05\/crossin-01.webp\" \/>\n\t<meta property=\"og:image:width\" content=\"1200\" \/>\n\t<meta property=\"og:image:height\" content=\"675\" \/>\n\t<meta property=\"og:image:type\" content=\"image\/webp\" \/>\n<meta name=\"twitter:card\" content=\"summary_large_image\" \/>\n<meta name=\"twitter:label1\" content=\"Est. reading time\" \/>\n\t<meta name=\"twitter:data1\" content=\"3 minut\u0117s\" \/>\n<script type=\"application\/ld+json\" class=\"yoast-schema-graph\">{\"@context\":\"https:\/\/schema.org\",\"@graph\":[{\"@type\":\"WebPage\",\"@id\":\"https:\/\/crossin.pl\/lt\/pasiulymas\/palepes-izoliacija\/\",\"url\":\"https:\/\/crossin.pl\/lt\/pasiulymas\/palepes-izoliacija\/\",\"name\":\"Pal\u0117p\u0117s \u0161iltinimas PUR putomis - Crossin\",\"isPartOf\":{\"@id\":\"https:\/\/crossin.pl\/#website\"},\"datePublished\":\"2023-08-14T16:02:08+00:00\",\"dateModified\":\"2024-01-06T16:05:20+00:00\",\"description\":\"PUR put\u0173 pal\u0117p\u0117s izoliacija yra vienas veiksmingiausi\u0173 pal\u0117p\u0117s izoliavimo b\u016bd\u0173. Atvykite ir su\u017einokite daugiau apie PUR Crossin putas!\",\"breadcrumb\":{\"@id\":\"https:\/\/crossin.pl\/lt\/pasiulymas\/palepes-izoliacija\/#breadcrumb\"},\"inLanguage\":\"lt-LT\",\"potentialAction\":[{\"@type\":\"ReadAction\",\"target\":[\"https:\/\/crossin.pl\/lt\/pasiulymas\/palepes-izoliacija\/\"]}]},{\"@type\":\"BreadcrumbList\",\"@id\":\"https:\/\/crossin.pl\/lt\/pasiulymas\/palepes-izoliacija\/#breadcrumb\",\"itemListElement\":[{\"@type\":\"ListItem\",\"position\":1,\"name\":\"Strona g\u0142\u00f3wna\",\"item\":\"https:\/\/crossin.pl\/lt\/\"},{\"@type\":\"ListItem\",\"position\":2,\"name\":\"Pasi\u016blymas\",\"item\":\"https:\/\/crossin.pl\/lt\/pasiulymas\/\"},{\"@type\":\"ListItem\",\"position\":3,\"name\":\"Pal\u0117p\u0117s izoliacija\"}]},{\"@type\":\"WebSite\",\"@id\":\"https:\/\/crossin.pl\/#website\",\"url\":\"https:\/\/crossin.pl\/\",\"name\":\"Crossin\",\"description\":\"Izolacje Pian\u0105 PUR\",\"publisher\":{\"@id\":\"https:\/\/crossin.pl\/#organization\"},\"potentialAction\":[{\"@type\":\"SearchAction\",\"target\":{\"@type\":\"EntryPoint\",\"urlTemplate\":\"https:\/\/crossin.pl\/?s={search_term_string}\"},\"query-input\":{\"@type\":\"PropertyValueSpecification\",\"valueRequired\":true,\"valueName\":\"search_term_string\"}}],\"inLanguage\":\"lt-LT\"},{\"@type\":\"Organization\",\"@id\":\"https:\/\/crossin.pl\/#organization\",\"name\":\"Crossin Insulations\",\"alternateName\":\"Crossin\",\"url\":\"https:\/\/crossin.pl\/\",\"logo\":{\"@type\":\"ImageObject\",\"inLanguage\":\"lt-LT\",\"@id\":\"https:\/\/crossin.pl\/#\/schema\/logo\/image\/\",\"url\":\"https:\/\/crossin.pl\/wp-content\/uploads\/2026\/01\/crossin_logo.svg\",\"contentUrl\":\"https:\/\/crossin.pl\/wp-content\/uploads\/2026\/01\/crossin_logo.svg\",\"caption\":\"Crossin Insulations\"},\"image\":{\"@id\":\"https:\/\/crossin.pl\/#\/schema\/logo\/image\/\"}}]}<\/script>\n<!-- \/ Yoast SEO plugin. -->","yoast_head_json":{"title":"Pal\u0117p\u0117s \u0161iltinimas PUR putomis - Crossin","description":"PUR put\u0173 pal\u0117p\u0117s izoliacija yra vienas veiksmingiausi\u0173 pal\u0117p\u0117s izoliavimo b\u016bd\u0173. Atvykite ir su\u017einokite daugiau apie PUR Crossin putas!","robots":{"index":"index","follow":"follow","max-snippet":"max-snippet:-1","max-image-preview":"max-image-preview:large","max-video-preview":"max-video-preview:-1"},"canonical":"https:\/\/crossin.pl\/lt\/pasiulymas\/palepes-izoliacija\/","og_locale":"lt_LT","og_type":"article","og_title":"Pal\u0117p\u0117s \u0161iltinimas PUR putomis - Crossin","og_description":"PUR put\u0173 pal\u0117p\u0117s izoliacija yra vienas veiksmingiausi\u0173 pal\u0117p\u0117s izoliavimo b\u016bd\u0173. Atvykite ir su\u017einokite daugiau apie PUR Crossin putas!","og_url":"https:\/\/crossin.pl\/lt\/pasiulymas\/palepes-izoliacija\/","og_site_name":"Crossin","article_modified_time":"2024-01-06T16:05:20+00:00","og_image":[{"width":1200,"height":675,"url":"https:\/\/crossin.pl\/wp-content\/uploads\/2025\/05\/crossin-01.webp","type":"image\/webp"}],"twitter_card":"summary_large_image","twitter_misc":{"Est. reading time":"3 minut\u0117s"},"schema":{"@context":"https:\/\/schema.org","@graph":[{"@type":"WebPage","@id":"https:\/\/crossin.pl\/lt\/pasiulymas\/palepes-izoliacija\/","url":"https:\/\/crossin.pl\/lt\/pasiulymas\/palepes-izoliacija\/","name":"Pal\u0117p\u0117s \u0161iltinimas PUR putomis - Crossin","isPartOf":{"@id":"https:\/\/crossin.pl\/#website"},"datePublished":"2023-08-14T16:02:08+00:00","dateModified":"2024-01-06T16:05:20+00:00","description":"PUR put\u0173 pal\u0117p\u0117s izoliacija yra vienas veiksmingiausi\u0173 pal\u0117p\u0117s izoliavimo b\u016bd\u0173. Atvykite ir su\u017einokite daugiau apie PUR Crossin putas!","breadcrumb":{"@id":"https:\/\/crossin.pl\/lt\/pasiulymas\/palepes-izoliacija\/#breadcrumb"},"inLanguage":"lt-LT","potentialAction":[{"@type":"ReadAction","target":["https:\/\/crossin.pl\/lt\/pasiulymas\/palepes-izoliacija\/"]}]},{"@type":"BreadcrumbList","@id":"https:\/\/crossin.pl\/lt\/pasiulymas\/palepes-izoliacija\/#breadcrumb","itemListElement":[{"@type":"ListItem","position":1,"name":"Strona g\u0142\u00f3wna","item":"https:\/\/crossin.pl\/lt\/"},{"@type":"ListItem","position":2,"name":"Pasi\u016blymas","item":"https:\/\/crossin.pl\/lt\/pasiulymas\/"},{"@type":"ListItem","position":3,"name":"Pal\u0117p\u0117s izoliacija"}]},{"@type":"WebSite","@id":"https:\/\/crossin.pl\/#website","url":"https:\/\/crossin.pl\/","name":"Crossin","description":"Izolacje Pian\u0105 PUR","publisher":{"@id":"https:\/\/crossin.pl\/#organization"},"potentialAction":[{"@type":"SearchAction","target":{"@type":"EntryPoint","urlTemplate":"https:\/\/crossin.pl\/?s={search_term_string}"},"query-input":{"@type":"PropertyValueSpecification","valueRequired":true,"valueName":"search_term_string"}}],"inLanguage":"lt-LT"},{"@type":"Organization","@id":"https:\/\/crossin.pl\/#organization","name":"Crossin Insulations","alternateName":"Crossin","url":"https:\/\/crossin.pl\/","logo":{"@type":"ImageObject","inLanguage":"lt-LT","@id":"https:\/\/crossin.pl\/#\/schema\/logo\/image\/","url":"https:\/\/crossin.pl\/wp-content\/uploads\/2026\/01\/crossin_logo.svg","contentUrl":"https:\/\/crossin.pl\/wp-content\/uploads\/2026\/01\/crossin_logo.svg","caption":"Crossin Insulations"},"image":{"@id":"https:\/\/crossin.pl\/#\/schema\/logo\/image\/"}}]}},"_links":{"self":[{"href":"https:\/\/crossin.pl\/lt\/wp-json\/wp\/v2\/pages\/3918","targetHints":{"allow":["GET"]}}],"collection":[{"href":"https:\/\/crossin.pl\/lt\/wp-json\/wp\/v2\/pages"}],"about":[{"href":"https:\/\/crossin.pl\/lt\/wp-json\/wp\/v2\/types\/page"}],"author":[{"embeddable":true,"href":"https:\/\/crossin.pl\/lt\/wp-json\/wp\/v2\/users\/1"}],"replies":[{"embeddable":true,"href":"https:\/\/crossin.pl\/lt\/wp-json\/wp\/v2\/comments?post=3918"}],"version-history":[{"count":9,"href":"https:\/\/crossin.pl\/lt\/wp-json\/wp\/v2\/pages\/3918\/revisions"}],"predecessor-version":[{"id":4293,"href":"https:\/\/crossin.pl\/lt\/wp-json\/wp\/v2\/pages\/3918\/revisions\/4293"}],"up":[{"embeddable":true,"href":"https:\/\/crossin.pl\/lt\/wp-json\/wp\/v2\/pages\/3491"}],"wp:attachment":[{"href":"https:\/\/crossin.pl\/lt\/wp-json\/wp\/v2\/media?parent=3918"}],"curies":[{"name":"wp","href":"https:\/\/api.w.org\/{rel}","templated":true}]}}