{"id":3822,"date":"2023-08-14T17:56:22","date_gmt":"2023-08-14T15:56:22","guid":{"rendered":"https:\/\/crossin.pl\/realizacijos\/"},"modified":"2023-10-23T10:04:42","modified_gmt":"2023-10-23T08:04:42","slug":"realizacijos","status":"publish","type":"page","link":"https:\/\/crossin.pl\/lt\/realizacijos\/","title":{"rendered":"Realizacijos"},"content":{"rendered":"\n<div class=\"wp-block-columns is-layout-flex wp-container-core-columns-is-layout-9d6595d7 wp-block-columns-is-layout-flex\">\n<div class=\"wp-block-column is-layout-flow wp-block-column-is-layout-flow\"><\/div>\n<\/div>\n","protected":false},"excerpt":{"rendered":"","protected":false},"author":1,"featured_media":3823,"parent":0,"menu_order":220,"comment_status":"closed","ping_status":"closed","template":"","meta":{"inline_featured_image":false,"footnotes":""},"class_list":["post-3822","page","type-page","status-publish","has-post-thumbnail","hentry"],"acf":[],"yoast_head":"<!-- This site is optimized with the Yoast SEO plugin v26.4 - https:\/\/yoast.com\/wordpress\/plugins\/seo\/ -->\n<title>Statybos projekt\u0173 \u012fgyvendinimas naudojant PUR putas - Crossin<\/title>\n<meta name=\"description\" content=\"Per\u017ei\u016br\u0117kite investicijas, atliktas naudojant &quot;Crossin&quot; produktus. Pal\u0117pi\u0173, lub\u0173, pamat\u0173 ir speciali\u0173 pastat\u0173 \u0161iltinimas.\" \/>\n<meta name=\"robots\" content=\"index, follow, max-snippet:-1, max-image-preview:large, max-video-preview:-1\" \/>\n<link rel=\"canonical\" href=\"https:\/\/crossin.pl\/lt\/realizacijos\/\" \/>\n<meta property=\"og:locale\" content=\"lt_LT\" \/>\n<meta property=\"og:type\" content=\"article\" \/>\n<meta property=\"og:title\" content=\"Statybos projekt\u0173 \u012fgyvendinimas naudojant PUR putas - Crossin\" \/>\n<meta property=\"og:description\" content=\"Per\u017ei\u016br\u0117kite investicijas, atliktas naudojant &quot;Crossin&quot; produktus. Pal\u0117pi\u0173, lub\u0173, pamat\u0173 ir speciali\u0173 pastat\u0173 \u0161iltinimas.\" \/>\n<meta property=\"og:url\" content=\"https:\/\/crossin.pl\/lt\/realizacijos\/\" \/>\n<meta property=\"og:site_name\" content=\"Crossin\" \/>\n<meta property=\"article:modified_time\" content=\"2023-10-23T08:04:42+00:00\" \/>\n<meta property=\"og:image\" content=\"https:\/\/crossin.pl\/wp-content\/uploads\/2023\/08\/cr-real-purpartner-ocieplenie-poddasza-02-01.webp\" \/>\n\t<meta property=\"og:image:width\" content=\"1200\" \/>\n\t<meta property=\"og:image:height\" content=\"800\" \/>\n\t<meta property=\"og:image:type\" content=\"image\/webp\" \/>\n<meta name=\"twitter:card\" content=\"summary_large_image\" \/>\n<script type=\"application\/ld+json\" class=\"yoast-schema-graph\">{\"@context\":\"https:\/\/schema.org\",\"@graph\":[{\"@type\":\"WebPage\",\"@id\":\"https:\/\/crossin.pl\/lt\/realizacijos\/\",\"url\":\"https:\/\/crossin.pl\/lt\/realizacijos\/\",\"name\":\"Statybos projekt\u0173 \u012fgyvendinimas naudojant PUR putas - Crossin\",\"isPartOf\":{\"@id\":\"https:\/\/crossin.pl\/#website\"},\"primaryImageOfPage\":{\"@id\":\"https:\/\/crossin.pl\/lt\/realizacijos\/#primaryimage\"},\"image\":{\"@id\":\"https:\/\/crossin.pl\/lt\/realizacijos\/#primaryimage\"},\"thumbnailUrl\":\"https:\/\/crossin.pl\/wp-content\/uploads\/2023\/08\/cr-real-purpartner-ocieplenie-poddasza-02-01.webp\",\"datePublished\":\"2023-08-14T15:56:22+00:00\",\"dateModified\":\"2023-10-23T08:04:42+00:00\",\"description\":\"Per\u017ei\u016br\u0117kite investicijas, atliktas naudojant \\\"Crossin\\\" produktus. Pal\u0117pi\u0173, lub\u0173, pamat\u0173 ir speciali\u0173 pastat\u0173 \u0161iltinimas.\",\"breadcrumb\":{\"@id\":\"https:\/\/crossin.pl\/lt\/realizacijos\/#breadcrumb\"},\"inLanguage\":\"lt-LT\",\"potentialAction\":[{\"@type\":\"ReadAction\",\"target\":[\"https:\/\/crossin.pl\/lt\/realizacijos\/\"]}]},{\"@type\":\"ImageObject\",\"inLanguage\":\"lt-LT\",\"@id\":\"https:\/\/crossin.pl\/lt\/realizacijos\/#primaryimage\",\"url\":\"https:\/\/crossin.pl\/wp-content\/uploads\/2023\/08\/cr-real-purpartner-ocieplenie-poddasza-02-01.webp\",\"contentUrl\":\"https:\/\/crossin.pl\/wp-content\/uploads\/2023\/08\/cr-real-purpartner-ocieplenie-poddasza-02-01.webp\",\"width\":1200,\"height\":800},{\"@type\":\"BreadcrumbList\",\"@id\":\"https:\/\/crossin.pl\/lt\/realizacijos\/#breadcrumb\",\"itemListElement\":[{\"@type\":\"ListItem\",\"position\":1,\"name\":\"Strona g\u0142\u00f3wna\",\"item\":\"https:\/\/crossin.pl\/lt\/\"},{\"@type\":\"ListItem\",\"position\":2,\"name\":\"Realizacijos\"}]},{\"@type\":\"WebSite\",\"@id\":\"https:\/\/crossin.pl\/#website\",\"url\":\"https:\/\/crossin.pl\/\",\"name\":\"Crossin\",\"description\":\"Izolacje Pian\u0105 PUR\",\"publisher\":{\"@id\":\"https:\/\/crossin.pl\/#organization\"},\"potentialAction\":[{\"@type\":\"SearchAction\",\"target\":{\"@type\":\"EntryPoint\",\"urlTemplate\":\"https:\/\/crossin.pl\/?s={search_term_string}\"},\"query-input\":{\"@type\":\"PropertyValueSpecification\",\"valueRequired\":true,\"valueName\":\"search_term_string\"}}],\"inLanguage\":\"lt-LT\"},{\"@type\":\"Organization\",\"@id\":\"https:\/\/crossin.pl\/#organization\",\"name\":\"Crossin Insulations\",\"alternateName\":\"Crossin\",\"url\":\"https:\/\/crossin.pl\/\",\"logo\":{\"@type\":\"ImageObject\",\"inLanguage\":\"lt-LT\",\"@id\":\"https:\/\/crossin.pl\/#\/schema\/logo\/image\/\",\"url\":\"https:\/\/crossin.pl\/wp-content\/uploads\/2026\/01\/crossin_logo.svg\",\"contentUrl\":\"https:\/\/crossin.pl\/wp-content\/uploads\/2026\/01\/crossin_logo.svg\",\"caption\":\"Crossin Insulations\"},\"image\":{\"@id\":\"https:\/\/crossin.pl\/#\/schema\/logo\/image\/\"}}]}<\/script>\n<!-- \/ Yoast SEO plugin. -->","yoast_head_json":{"title":"Statybos projekt\u0173 \u012fgyvendinimas naudojant PUR putas - Crossin","description":"Per\u017ei\u016br\u0117kite investicijas, atliktas naudojant \"Crossin\" produktus. Pal\u0117pi\u0173, lub\u0173, pamat\u0173 ir speciali\u0173 pastat\u0173 \u0161iltinimas.","robots":{"index":"index","follow":"follow","max-snippet":"max-snippet:-1","max-image-preview":"max-image-preview:large","max-video-preview":"max-video-preview:-1"},"canonical":"https:\/\/crossin.pl\/lt\/realizacijos\/","og_locale":"lt_LT","og_type":"article","og_title":"Statybos projekt\u0173 \u012fgyvendinimas naudojant PUR putas - Crossin","og_description":"Per\u017ei\u016br\u0117kite investicijas, atliktas naudojant \"Crossin\" produktus. Pal\u0117pi\u0173, lub\u0173, pamat\u0173 ir speciali\u0173 pastat\u0173 \u0161iltinimas.","og_url":"https:\/\/crossin.pl\/lt\/realizacijos\/","og_site_name":"Crossin","article_modified_time":"2023-10-23T08:04:42+00:00","og_image":[{"width":1200,"height":800,"url":"https:\/\/crossin.pl\/wp-content\/uploads\/2023\/08\/cr-real-purpartner-ocieplenie-poddasza-02-01.webp","type":"image\/webp"}],"twitter_card":"summary_large_image","schema":{"@context":"https:\/\/schema.org","@graph":[{"@type":"WebPage","@id":"https:\/\/crossin.pl\/lt\/realizacijos\/","url":"https:\/\/crossin.pl\/lt\/realizacijos\/","name":"Statybos projekt\u0173 \u012fgyvendinimas naudojant PUR putas - Crossin","isPartOf":{"@id":"https:\/\/crossin.pl\/#website"},"primaryImageOfPage":{"@id":"https:\/\/crossin.pl\/lt\/realizacijos\/#primaryimage"},"image":{"@id":"https:\/\/crossin.pl\/lt\/realizacijos\/#primaryimage"},"thumbnailUrl":"https:\/\/crossin.pl\/wp-content\/uploads\/2023\/08\/cr-real-purpartner-ocieplenie-poddasza-02-01.webp","datePublished":"2023-08-14T15:56:22+00:00","dateModified":"2023-10-23T08:04:42+00:00","description":"Per\u017ei\u016br\u0117kite investicijas, atliktas naudojant \"Crossin\" produktus. Pal\u0117pi\u0173, lub\u0173, pamat\u0173 ir speciali\u0173 pastat\u0173 \u0161iltinimas.","breadcrumb":{"@id":"https:\/\/crossin.pl\/lt\/realizacijos\/#breadcrumb"},"inLanguage":"lt-LT","potentialAction":[{"@type":"ReadAction","target":["https:\/\/crossin.pl\/lt\/realizacijos\/"]}]},{"@type":"ImageObject","inLanguage":"lt-LT","@id":"https:\/\/crossin.pl\/lt\/realizacijos\/#primaryimage","url":"https:\/\/crossin.pl\/wp-content\/uploads\/2023\/08\/cr-real-purpartner-ocieplenie-poddasza-02-01.webp","contentUrl":"https:\/\/crossin.pl\/wp-content\/uploads\/2023\/08\/cr-real-purpartner-ocieplenie-poddasza-02-01.webp","width":1200,"height":800},{"@type":"BreadcrumbList","@id":"https:\/\/crossin.pl\/lt\/realizacijos\/#breadcrumb","itemListElement":[{"@type":"ListItem","position":1,"name":"Strona g\u0142\u00f3wna","item":"https:\/\/crossin.pl\/lt\/"},{"@type":"ListItem","position":2,"name":"Realizacijos"}]},{"@type":"WebSite","@id":"https:\/\/crossin.pl\/#website","url":"https:\/\/crossin.pl\/","name":"Crossin","description":"Izolacje Pian\u0105 PUR","publisher":{"@id":"https:\/\/crossin.pl\/#organization"},"potentialAction":[{"@type":"SearchAction","target":{"@type":"EntryPoint","urlTemplate":"https:\/\/crossin.pl\/?s={search_term_string}"},"query-input":{"@type":"PropertyValueSpecification","valueRequired":true,"valueName":"search_term_string"}}],"inLanguage":"lt-LT"},{"@type":"Organization","@id":"https:\/\/crossin.pl\/#organization","name":"Crossin Insulations","alternateName":"Crossin","url":"https:\/\/crossin.pl\/","logo":{"@type":"ImageObject","inLanguage":"lt-LT","@id":"https:\/\/crossin.pl\/#\/schema\/logo\/image\/","url":"https:\/\/crossin.pl\/wp-content\/uploads\/2026\/01\/crossin_logo.svg","contentUrl":"https:\/\/crossin.pl\/wp-content\/uploads\/2026\/01\/crossin_logo.svg","caption":"Crossin Insulations"},"image":{"@id":"https:\/\/crossin.pl\/#\/schema\/logo\/image\/"}}]}},"_links":{"self":[{"href":"https:\/\/crossin.pl\/lt\/wp-json\/wp\/v2\/pages\/3822","targetHints":{"allow":["GET"]}}],"collection":[{"href":"https:\/\/crossin.pl\/lt\/wp-json\/wp\/v2\/pages"}],"about":[{"href":"https:\/\/crossin.pl\/lt\/wp-json\/wp\/v2\/types\/page"}],"author":[{"embeddable":true,"href":"https:\/\/crossin.pl\/lt\/wp-json\/wp\/v2\/users\/1"}],"replies":[{"embeddable":true,"href":"https:\/\/crossin.pl\/lt\/wp-json\/wp\/v2\/comments?post=3822"}],"version-history":[{"count":3,"href":"https:\/\/crossin.pl\/lt\/wp-json\/wp\/v2\/pages\/3822\/revisions"}],"predecessor-version":[{"id":3826,"href":"https:\/\/crossin.pl\/lt\/wp-json\/wp\/v2\/pages\/3822\/revisions\/3826"}],"wp:featuredmedia":[{"embeddable":true,"href":"https:\/\/crossin.pl\/lt\/wp-json\/wp\/v2\/media\/3823"}],"wp:attachment":[{"href":"https:\/\/crossin.pl\/lt\/wp-json\/wp\/v2\/media?parent=3822"}],"curies":[{"name":"wp","href":"https:\/\/api.w.org\/{rel}","templated":true}]}}