{"id":3798,"date":"2023-08-14T17:59:42","date_gmt":"2023-08-14T15:59:42","guid":{"rendered":"https:\/\/crossin.pl\/apie-crossin\/"},"modified":"2023-10-23T10:03:30","modified_gmt":"2023-10-23T08:03:30","slug":"apie-crossin","status":"publish","type":"page","link":"https:\/\/crossin.pl\/lt\/apie-crossin\/","title":{"rendered":"Apie Crossin"},"content":{"rendered":"\n<div class=\"wp-block-columns is-layout-flex wp-container-core-columns-is-layout-9d6595d7 wp-block-columns-is-layout-flex\">\n<div class=\"wp-block-column is-layout-flow wp-block-column-is-layout-flow\">\n<div class=\"wp-block-columns is-layout-flex wp-container-core-columns-is-layout-9d6595d7 wp-block-columns-is-layout-flex\">\n<div class=\"wp-block-column justifaj is-layout-flow wp-block-column-is-layout-flow\">\n<p>&#8222;Crossin&#8221; yra novatori\u0161ka <a class=\"colo1\" href=\"https:\/\/www.products.pcc.eu\/pl\/\">PCC grup\u0117s<\/a> poliuretano izoliacijos linija. Crossin PUR pur\u0161kiama izoliacija naudojama kaip profesionali pal\u0117pi\u0173, sien\u0173, lub\u0173, stog\u0173 ir pamat\u0173 izoliacija. &#8222;Crossin&#8221; gamini\u0173 efektyvum\u0105 lemia auk\u0161ta darbuotoj\u0173 kvalifikacija, pagr\u012fsta daugiau kaip 40 met\u0173 patirtimi ir \u017einiomis poliuretano izoliacijos srityje. <\/p>\n\n\n\n<p>Atsi\u017evelgdamas \u012f tai, kaip svarbu tinkamai apdoroti gamin\u012f ir tiksliai j\u012f pritaikyti PUR pur\u0161kiam\u0173j\u0173 put\u0173 izoliacijos procese, &#8222;Crossin&#8221; gamini\u0173 gamintojas nusprend\u0117 bendradarbiauti tik su atrinktais, patyrusiais rangovais.<\/p>\n\n\n\n<p>\u012egaliotieji &#8222;Crossin&#8221; rangovai garantuoja, kad produktas apdorojamas pagal technini\u0173 duomen\u0173 lape pateiktas rekomendacijas, o izoliacija atliekama laikantis auk\u0161\u010diausi\u0173 \u0161iuolaikin\u0117je statyboje taikom\u0173 standart\u0173.<\/p>\n<\/div>\n<\/div>\n<\/div>\n<\/div>\n\n<div style=\"height:60px\" aria-hidden=\"true\" class=\"wp-block-spacer nomobile\"><\/div>\n\n<div class=\"wp-block-columns ocr__testim__sec is-layout-flex wp-container-core-columns-is-layout-9d6595d7 wp-block-columns-is-layout-flex\">\n<div class=\"wp-block-column is-layout-flow wp-block-column-is-layout-flow\" style=\"flex-basis:10%\"><\/div>\n\n\n\n<div class=\"wp-block-column is-layout-flow wp-block-column-is-layout-flow\" style=\"flex-basis:80%\">\n<div class=\"ocr__testim__wrap\">\n<h3>&#8222;Crossin Insulations&#8221; &#8211; profesionalumas, efektyvumas, ilgaam\u017ei\u0161kumas ir saugumas ilgus metus.<\/h3>\n<\/div>\n<\/div>\n\n\n\n<div class=\"wp-block-column is-layout-flow wp-block-column-is-layout-flow\" style=\"flex-basis:10%\"><\/div>\n<\/div>\n\n<div style=\"height:90px\" aria-hidden=\"true\" class=\"wp-block-spacer nomobile\"><\/div>\n\n<div style=\"height:40px\" aria-hidden=\"true\" class=\"wp-block-spacer onlymobile\"><\/div>\n\n<div class=\"wp-block-columns is-layout-flex wp-container-core-columns-is-layout-9d6595d7 wp-block-columns-is-layout-flex\">\n<div class=\"wp-block-column is-layout-flow wp-block-column-is-layout-flow\">\n<div class=\"cr__head03\"><h3>I\u0161manusis  <br\/><span>Technologijos<\/span><\/h3><\/div>\n\n\n\n<div class=\"wp-block-columns is-layout-flex wp-container-core-columns-is-layout-9d6595d7 wp-block-columns-is-layout-flex\">\n<div class=\"wp-block-column is-layout-flow wp-block-column-is-layout-flow\" style=\"flex-basis:50%\">\n<p>&#8222;Crossin Insulations&#8221; prek\u0117s \u017eenklo produktai yra techni\u0161kai pa\u017eangios izoliacijos, gaminamos i\u0161 pur\u0161kiam\u0173 PUR put\u0173.\n&#8222;Crossin&#8221; gaminiai pasi\u017eymi puikiomis izoliacin\u0117mis savyb\u0117mis.\nMa\u017ea lambda ir sugeriamumas yra pagrindiniai parametrai, d\u0117l kuri\u0173 &#8222;Crossin&#8221; gaminiai priskiriami auk\u0161\u010diausios kokyb\u0117s gaminiams.\nPUR putos tepamos pur\u0161kiant.\nPur\u0161kimo metu put\u0173 t\u016bris padid\u0117ja, jos u\u017epildo visas ertmes, tod\u0117l susidaro patvarus, vientisas izoliacinis sluoksnis, panaikinantis \u0161ilumos tiltelius.    <\/p>\n\n\n\n<div style=\"height:20px\" aria-hidden=\"true\" class=\"wp-block-spacer nomobile\"><\/div>\n\n\n\n<div class=\"bar__hori__wrap\"><div class=\"bar__hori__left01 bar__hori__ofi\"><div class=\"home__prod__link\"><a href=\"\/produkt\/attic-soft\">Attic Soft<\/a> | <a href=\"\/produkt\/hard-36\"> Hard 36<\/a> | <a href=\"\/produkt\/hard-40\">Hard 40<\/a> | <a href=\"\/produkt\/hard-50\">Hard 50<\/a><\/div><\/div><\/div>\n<\/div>\n\n\n\n<div class=\"wp-block-column is-layout-flow wp-block-column-is-layout-flow\" style=\"flex-basis:44%\">\n<div class=\"ocr__tech__iko__wrap\">\n<div class=\"ocr__tech__iko__item\"><img decoding=\"async\" src=\"\/wp-content\/uploads\/2023\/08\/iko-ocr-doswiadczenie-02.webp\" alt=\"Patirtis\"\/><h4>Patirtis<\/h4><\/div>\n<div class=\"ocr__tech__iko__item\"><img decoding=\"async\" src=\"\/wp-content\/uploads\/2023\/08\/iko-ocr-skutecznosc-02.webp\" alt=\"Efektyvumas\"\/><h4>Efektyvumas<\/h4><\/div>\n<div class=\"ocr__tech__iko__item\"><img decoding=\"async\" src=\"\/wp-content\/uploads\/2023\/08\/iko-ocr-bezpieczenstwo-02.webp\" alt=\"Apsauga\"\/><h4>Apsauga<\/h4><\/div>\n<div class=\"ocr__tech__iko__item\"><img decoding=\"async\" src=\"\/wp-content\/uploads\/2023\/08\/iko-ocr-innowacje-02.webp\" alt=\"Novatori\u0161kas po\u017ei\u016bris\"\/><h4>Novatori\u0161kas po\u017ei\u016bris<\/h4><\/div>\n<\/div>\n<\/div>\n\n\n\n<div class=\"wp-block-column is-layout-flow wp-block-column-is-layout-flow\" style=\"flex-basis:6%\">\n<div style=\"height:48px\" aria-hidden=\"true\" class=\"wp-block-spacer nomobile\"><\/div>\n\n\n\n<div class=\"bar__hori__right01\"><\/div>\n<\/div>\n<\/div>\n<\/div>\n<\/div>\n\n<div style=\"height:70px\" aria-hidden=\"true\" class=\"wp-block-spacer nomobile\"><\/div>\n\n<div class=\"wp-block-columns is-layout-flex wp-container-core-columns-is-layout-9d6595d7 wp-block-columns-is-layout-flex\">\n<div class=\"wp-block-column is-layout-flow wp-block-column-is-layout-flow\">\n<div class=\"wp-block-columns is-layout-flex wp-container-core-columns-is-layout-9d6595d7 wp-block-columns-is-layout-flex\">\n<div class=\"wp-block-column justifaj is-layout-flow wp-block-column-is-layout-flow\">\n<div class=\"cr__head03\"><h3>Izoliacin\u0117s putos<br\/><span>PUR<\/span><\/h3><\/div>\n\n\n\n<p>&#8222;Crossin&#8221; PUR putos yra pa\u017eangios pur\u0161kiamos izoliacijos sistemos, idealiai tinkan\u010dios efektyviai pal\u0117pi\u0173, sien\u0173, stog\u0173, pamat\u0173 ir grind\u0173 izoliacijai.\n\u0160ie naujovi\u0161ki sprendimai naudojami tiek gyvenamuosiuose, tiek pramoniniuose ar \u017eem\u0117s \u016bkio pastatuose. <\/p>\n\n\n\n<p>\u0160iuolaikin\u0117 &#8222;Crossin&#8221; izoliacijos linija apima \u012fvairaus tankio u\u017edaro tipo stand\u017ei\u0173j\u0173 put\u0173 sistemas ir atviro tipo pusiau stand\u017ei\u0173j\u0173 put\u0173 sistemas.<\/p>\n\n\n\n<p>Kad PUR putos b\u016bt\u0173 visi\u0161kai veiksmingos, jas reikia tinkamai apdoroti pagal gamintojo rekomendacijas.\n&#8222;Crossin&#8221; gamini\u0173 galima \u012fsigyti tik per gamintojo rekomenduotus rangovus.\n\u012egalioti &#8222;Crossin&#8221; rangovai u\u017etikrina profesional\u0173 taikym\u0105 pagal technini\u0173 duomen\u0173 lapo rekomendacijas, o tai garantuoja izoliacijos efektyvum\u0105 ir ilgaam\u017ei\u0161kum\u0105.\nRenkantis &#8222;Crossin&#8221; gaminius \u0161ilumos izoliacijai, verta statyti ant kokyb\u0117s ir patikim\u0173 partneri\u0173.   <\/p>\n<\/div>\n<\/div>\n<\/div>\n<\/div>\n\n<div style=\"height:100px\" aria-hidden=\"true\" class=\"wp-block-spacer nomobile\"><\/div>\n\n<div class=\"wp-block-columns alignfull ocr__ofirmie__sec is-layout-flex wp-container-core-columns-is-layout-9d6595d7 wp-block-columns-is-layout-flex\">\n<div class=\"wp-block-column is-layout-flow wp-block-column-is-layout-flow\">\n<div class=\"wp-block-columns is-layout-flex wp-container-core-columns-is-layout-9d6595d7 wp-block-columns-is-layout-flex\">\n<div class=\"wp-block-column flexoplexo is-layout-flow wp-block-column-is-layout-flow\" style=\"flex-basis:70%\">\n<div class=\"ocr__ofi__pcc\">\n<div class=\"cr__head03 bright\"><h3>Apie \u012fmon\u0119<br\/><span>PCC grup\u0117<\/span><\/h3><\/div>\n<div class=\"ocr__ofi__iko__wrap\">\n<div class=\"ocr__ofi__iko__item\"><img decoding=\"async\" src=\"\/wp-content\/uploads\/2023\/09\/iko-ofi-spolki-02.svg\" alt=\"\u012emon\u0117\"\/><h3>82<\/h3><h4>\u012emon\u0117s<\/h4><\/div>\n<div class=\"ocr__ofi__iko__item\"><img decoding=\"async\" src=\"\/wp-content\/uploads\/2023\/09\/iko-ofi-lokalizacje-01.svg\" alt=\"Vietov\u0117s\"\/><h3>41<\/h3><h4>Vietov\u0117s<\/h4><\/div>\n<div class=\"ocr__ofi__iko__item\"><img decoding=\"async\" src=\"\/wp-content\/uploads\/2023\/09\/iko-ofi-kraje-01.svg\" alt=\"\u0160alys\"\/><h3>18<\/h3><h4>\u0160alys<\/h4><\/div>\n<div class=\"ocr__ofi__iko__item\"><img decoding=\"async\" src=\"\/wp-content\/uploads\/2023\/09\/iko-ofi-pracownicy-02.svg\" alt=\"Darbuotojai\"\/><h3>3500<\/h3><h4>Darbuotojai<\/h4><\/div>\n<\/div>\n<\/div>\n<\/div>\n\n\n\n<div class=\"wp-block-column is-layout-flow wp-block-column-is-layout-flow\" style=\"flex-basis:30%\"><\/div>\n<\/div>\n<\/div>\n<\/div>\n\n<div style=\"height:60px\" aria-hidden=\"true\" class=\"wp-block-spacer nomobile\"><\/div>\n\n<div class=\"wp-block-columns is-layout-flex wp-container-core-columns-is-layout-9d6595d7 wp-block-columns-is-layout-flex\">\n<div class=\"wp-block-column is-layout-flow wp-block-column-is-layout-flow\">\n<div class=\"wp-block-columns is-layout-flex wp-container-core-columns-is-layout-9d6595d7 wp-block-columns-is-layout-flex\">\n<div class=\"wp-block-column is-layout-flow wp-block-column-is-layout-flow\">\n<p>&#8222;Crossin&#8221; put\u0173 gamintojas<br\/><strong>PCC Prodex Sp.\nz o.o <\/strong><br\/>ul.\nSienkiewicza 4 <br\/>56-120 Brzeg Dolny<\/p>\n<\/div>\n\n\n\n<div class=\"wp-block-column is-layout-flow wp-block-column-is-layout-flow\">\n<p><strong>Klient\u0173 aptarnavimo skyrius<\/strong><br\/>+48 71 794 34 11<br\/>+48 665 000 888<br\/>el: <a href=\"mailto:crossin@pcc.eu\">crossin@pcc.eu<\/a><\/p>\n\n\n\n<p><strong>Sekretoriatas<\/strong><br\/>+48 71 794 34 10<\/p>\n<\/div>\n\n\n\n<div class=\"wp-block-column is-layout-flow wp-block-column-is-layout-flow\">\n<p>KRS 0000024928 Vroclavo-Fabry\u010dnos apylink\u0117s teismas, Nacionalinio teism\u0173 registro IX \u016bkio skyrius.<br\/>NIP 522-18-03-295<br\/>REGON 012290187,<br\/>Akcinis kapitalas 50 000 PLN<br\/>Apmok\u0117tas kapitalas 50 000 LT<\/p>\n<\/div>\n<\/div>\n<\/div>\n<\/div>\n\n<div style=\"height:60px\" aria-hidden=\"true\" class=\"wp-block-spacer nomobile\"><\/div>\n","protected":false},"excerpt":{"rendered":"<p>&#8222;Crossin&#8221; yra novatori\u0161ka PCC grup\u0117s poliuretano izoliacijos linija. Crossin PUR pur\u0161kiama izoliacija naudojama kaip profesionali pal\u0117pi\u0173, sien\u0173, lub\u0173, stog\u0173 ir pamat\u0173 izoliacija. &#8222;Crossin&#8221; gamini\u0173 efektyvum\u0105 lemia auk\u0161ta darbuotoj\u0173 kvalifikacija, pagr\u012fsta daugiau kaip 40 met\u0173 patirtimi ir \u017einiomis poliuretano izoliacijos srityje. Atsi\u017evelgdamas \u012f tai, kaip svarbu tinkamai apdoroti gamin\u012f ir tiksliai j\u012f pritaikyti PUR pur\u0161kiam\u0173j\u0173 put\u0173 [&hellip;]<\/p>\n","protected":false},"author":1,"featured_media":3470,"parent":0,"menu_order":420,"comment_status":"closed","ping_status":"closed","template":"page-fullwidth.php","meta":{"inline_featured_image":false,"footnotes":""},"class_list":["post-3798","page","type-page","status-publish","has-post-thumbnail","hentry"],"acf":[],"yoast_head":"<!-- This site is optimized with the Yoast SEO plugin v26.4 - https:\/\/yoast.com\/wordpress\/plugins\/seo\/ -->\n<title>PUR put\u0173 gamintojas - Crossin<\/title>\n<meta name=\"description\" content=\"&quot;Crossin&quot; PUR putos yra pa\u017eangios pur\u0161kiamos izoliacijos sistemos. Efektyvi pal\u0117p\u0117s, sien\u0173, stogo, pamat\u0173 ir grind\u0173 izoliacija.\" \/>\n<meta name=\"robots\" content=\"index, follow, max-snippet:-1, max-image-preview:large, max-video-preview:-1\" \/>\n<link rel=\"canonical\" href=\"https:\/\/crossin.pl\/lt\/apie-crossin\/\" \/>\n<meta property=\"og:locale\" content=\"lt_LT\" \/>\n<meta property=\"og:type\" content=\"article\" \/>\n<meta property=\"og:title\" content=\"PUR put\u0173 gamintojas - Crossin\" \/>\n<meta property=\"og:description\" content=\"&quot;Crossin&quot; PUR putos yra pa\u017eangios pur\u0161kiamos izoliacijos sistemos. Efektyvi pal\u0117p\u0117s, sien\u0173, stogo, pamat\u0173 ir grind\u0173 izoliacija.\" \/>\n<meta property=\"og:url\" content=\"https:\/\/crossin.pl\/lt\/apie-crossin\/\" \/>\n<meta property=\"og:site_name\" content=\"Crossin\" \/>\n<meta property=\"article:modified_time\" content=\"2023-10-23T08:03:30+00:00\" \/>\n<meta property=\"og:image\" content=\"https:\/\/crossin.pl\/wp-content\/uploads\/2023\/10\/cr-page-onas-01.webp\" \/>\n\t<meta property=\"og:image:width\" content=\"990\" \/>\n\t<meta property=\"og:image:height\" content=\"660\" \/>\n\t<meta property=\"og:image:type\" content=\"image\/webp\" \/>\n<meta name=\"twitter:card\" content=\"summary_large_image\" \/>\n<meta name=\"twitter:label1\" content=\"Est. reading time\" \/>\n\t<meta name=\"twitter:data1\" content=\"2 minut\u0117s\" \/>\n<script type=\"application\/ld+json\" class=\"yoast-schema-graph\">{\"@context\":\"https:\/\/schema.org\",\"@graph\":[{\"@type\":\"WebPage\",\"@id\":\"https:\/\/crossin.pl\/lt\/apie-crossin\/\",\"url\":\"https:\/\/crossin.pl\/lt\/apie-crossin\/\",\"name\":\"PUR put\u0173 gamintojas - Crossin\",\"isPartOf\":{\"@id\":\"https:\/\/crossin.pl\/#website\"},\"primaryImageOfPage\":{\"@id\":\"https:\/\/crossin.pl\/lt\/apie-crossin\/#primaryimage\"},\"image\":{\"@id\":\"https:\/\/crossin.pl\/lt\/apie-crossin\/#primaryimage\"},\"thumbnailUrl\":\"https:\/\/crossin.pl\/wp-content\/uploads\/2023\/10\/cr-page-onas-01.webp\",\"datePublished\":\"2023-08-14T15:59:42+00:00\",\"dateModified\":\"2023-10-23T08:03:30+00:00\",\"description\":\"\\\"Crossin\\\" PUR putos yra pa\u017eangios pur\u0161kiamos izoliacijos sistemos. Efektyvi pal\u0117p\u0117s, sien\u0173, stogo, pamat\u0173 ir grind\u0173 izoliacija.\",\"breadcrumb\":{\"@id\":\"https:\/\/crossin.pl\/lt\/apie-crossin\/#breadcrumb\"},\"inLanguage\":\"lt-LT\",\"potentialAction\":[{\"@type\":\"ReadAction\",\"target\":[\"https:\/\/crossin.pl\/lt\/apie-crossin\/\"]}]},{\"@type\":\"ImageObject\",\"inLanguage\":\"lt-LT\",\"@id\":\"https:\/\/crossin.pl\/lt\/apie-crossin\/#primaryimage\",\"url\":\"https:\/\/crossin.pl\/wp-content\/uploads\/2023\/10\/cr-page-onas-01.webp\",\"contentUrl\":\"https:\/\/crossin.pl\/wp-content\/uploads\/2023\/10\/cr-page-onas-01.webp\",\"width\":990,\"height\":660},{\"@type\":\"BreadcrumbList\",\"@id\":\"https:\/\/crossin.pl\/lt\/apie-crossin\/#breadcrumb\",\"itemListElement\":[{\"@type\":\"ListItem\",\"position\":1,\"name\":\"Strona g\u0142\u00f3wna\",\"item\":\"https:\/\/crossin.pl\/lt\/\"},{\"@type\":\"ListItem\",\"position\":2,\"name\":\"Apie Crossin\"}]},{\"@type\":\"WebSite\",\"@id\":\"https:\/\/crossin.pl\/#website\",\"url\":\"https:\/\/crossin.pl\/\",\"name\":\"Crossin\",\"description\":\"Izolacje Pian\u0105 PUR\",\"publisher\":{\"@id\":\"https:\/\/crossin.pl\/#organization\"},\"potentialAction\":[{\"@type\":\"SearchAction\",\"target\":{\"@type\":\"EntryPoint\",\"urlTemplate\":\"https:\/\/crossin.pl\/?s={search_term_string}\"},\"query-input\":{\"@type\":\"PropertyValueSpecification\",\"valueRequired\":true,\"valueName\":\"search_term_string\"}}],\"inLanguage\":\"lt-LT\"},{\"@type\":\"Organization\",\"@id\":\"https:\/\/crossin.pl\/#organization\",\"name\":\"Crossin Insulations\",\"alternateName\":\"Crossin\",\"url\":\"https:\/\/crossin.pl\/\",\"logo\":{\"@type\":\"ImageObject\",\"inLanguage\":\"lt-LT\",\"@id\":\"https:\/\/crossin.pl\/#\/schema\/logo\/image\/\",\"url\":\"https:\/\/crossin.pl\/wp-content\/uploads\/2026\/01\/crossin_logo.svg\",\"contentUrl\":\"https:\/\/crossin.pl\/wp-content\/uploads\/2026\/01\/crossin_logo.svg\",\"caption\":\"Crossin Insulations\"},\"image\":{\"@id\":\"https:\/\/crossin.pl\/#\/schema\/logo\/image\/\"}}]}<\/script>\n<!-- \/ Yoast SEO plugin. -->","yoast_head_json":{"title":"PUR put\u0173 gamintojas - Crossin","description":"\"Crossin\" PUR putos yra pa\u017eangios pur\u0161kiamos izoliacijos sistemos. Efektyvi pal\u0117p\u0117s, sien\u0173, stogo, pamat\u0173 ir grind\u0173 izoliacija.","robots":{"index":"index","follow":"follow","max-snippet":"max-snippet:-1","max-image-preview":"max-image-preview:large","max-video-preview":"max-video-preview:-1"},"canonical":"https:\/\/crossin.pl\/lt\/apie-crossin\/","og_locale":"lt_LT","og_type":"article","og_title":"PUR put\u0173 gamintojas - Crossin","og_description":"\"Crossin\" PUR putos yra pa\u017eangios pur\u0161kiamos izoliacijos sistemos. Efektyvi pal\u0117p\u0117s, sien\u0173, stogo, pamat\u0173 ir grind\u0173 izoliacija.","og_url":"https:\/\/crossin.pl\/lt\/apie-crossin\/","og_site_name":"Crossin","article_modified_time":"2023-10-23T08:03:30+00:00","og_image":[{"width":990,"height":660,"url":"https:\/\/crossin.pl\/wp-content\/uploads\/2023\/10\/cr-page-onas-01.webp","type":"image\/webp"}],"twitter_card":"summary_large_image","twitter_misc":{"Est. reading time":"2 minut\u0117s"},"schema":{"@context":"https:\/\/schema.org","@graph":[{"@type":"WebPage","@id":"https:\/\/crossin.pl\/lt\/apie-crossin\/","url":"https:\/\/crossin.pl\/lt\/apie-crossin\/","name":"PUR put\u0173 gamintojas - Crossin","isPartOf":{"@id":"https:\/\/crossin.pl\/#website"},"primaryImageOfPage":{"@id":"https:\/\/crossin.pl\/lt\/apie-crossin\/#primaryimage"},"image":{"@id":"https:\/\/crossin.pl\/lt\/apie-crossin\/#primaryimage"},"thumbnailUrl":"https:\/\/crossin.pl\/wp-content\/uploads\/2023\/10\/cr-page-onas-01.webp","datePublished":"2023-08-14T15:59:42+00:00","dateModified":"2023-10-23T08:03:30+00:00","description":"\"Crossin\" PUR putos yra pa\u017eangios pur\u0161kiamos izoliacijos sistemos. Efektyvi pal\u0117p\u0117s, sien\u0173, stogo, pamat\u0173 ir grind\u0173 izoliacija.","breadcrumb":{"@id":"https:\/\/crossin.pl\/lt\/apie-crossin\/#breadcrumb"},"inLanguage":"lt-LT","potentialAction":[{"@type":"ReadAction","target":["https:\/\/crossin.pl\/lt\/apie-crossin\/"]}]},{"@type":"ImageObject","inLanguage":"lt-LT","@id":"https:\/\/crossin.pl\/lt\/apie-crossin\/#primaryimage","url":"https:\/\/crossin.pl\/wp-content\/uploads\/2023\/10\/cr-page-onas-01.webp","contentUrl":"https:\/\/crossin.pl\/wp-content\/uploads\/2023\/10\/cr-page-onas-01.webp","width":990,"height":660},{"@type":"BreadcrumbList","@id":"https:\/\/crossin.pl\/lt\/apie-crossin\/#breadcrumb","itemListElement":[{"@type":"ListItem","position":1,"name":"Strona g\u0142\u00f3wna","item":"https:\/\/crossin.pl\/lt\/"},{"@type":"ListItem","position":2,"name":"Apie Crossin"}]},{"@type":"WebSite","@id":"https:\/\/crossin.pl\/#website","url":"https:\/\/crossin.pl\/","name":"Crossin","description":"Izolacje Pian\u0105 PUR","publisher":{"@id":"https:\/\/crossin.pl\/#organization"},"potentialAction":[{"@type":"SearchAction","target":{"@type":"EntryPoint","urlTemplate":"https:\/\/crossin.pl\/?s={search_term_string}"},"query-input":{"@type":"PropertyValueSpecification","valueRequired":true,"valueName":"search_term_string"}}],"inLanguage":"lt-LT"},{"@type":"Organization","@id":"https:\/\/crossin.pl\/#organization","name":"Crossin Insulations","alternateName":"Crossin","url":"https:\/\/crossin.pl\/","logo":{"@type":"ImageObject","inLanguage":"lt-LT","@id":"https:\/\/crossin.pl\/#\/schema\/logo\/image\/","url":"https:\/\/crossin.pl\/wp-content\/uploads\/2026\/01\/crossin_logo.svg","contentUrl":"https:\/\/crossin.pl\/wp-content\/uploads\/2026\/01\/crossin_logo.svg","caption":"Crossin Insulations"},"image":{"@id":"https:\/\/crossin.pl\/#\/schema\/logo\/image\/"}}]}},"_links":{"self":[{"href":"https:\/\/crossin.pl\/lt\/wp-json\/wp\/v2\/pages\/3798","targetHints":{"allow":["GET"]}}],"collection":[{"href":"https:\/\/crossin.pl\/lt\/wp-json\/wp\/v2\/pages"}],"about":[{"href":"https:\/\/crossin.pl\/lt\/wp-json\/wp\/v2\/types\/page"}],"author":[{"embeddable":true,"href":"https:\/\/crossin.pl\/lt\/wp-json\/wp\/v2\/users\/1"}],"replies":[{"embeddable":true,"href":"https:\/\/crossin.pl\/lt\/wp-json\/wp\/v2\/comments?post=3798"}],"version-history":[{"count":9,"href":"https:\/\/crossin.pl\/lt\/wp-json\/wp\/v2\/pages\/3798\/revisions"}],"predecessor-version":[{"id":3816,"href":"https:\/\/crossin.pl\/lt\/wp-json\/wp\/v2\/pages\/3798\/revisions\/3816"}],"wp:featuredmedia":[{"embeddable":true,"href":"https:\/\/crossin.pl\/lt\/wp-json\/wp\/v2\/media\/3470"}],"wp:attachment":[{"href":"https:\/\/crossin.pl\/lt\/wp-json\/wp\/v2\/media?parent=3798"}],"curies":[{"name":"wp","href":"https:\/\/api.w.org\/{rel}","templated":true}]}}