{"id":3788,"date":"2023-08-14T18:00:08","date_gmt":"2023-08-14T16:00:08","guid":{"rendered":"https:\/\/crossin.pl\/igaliotieji-rangovai\/"},"modified":"2023-10-23T09:52:49","modified_gmt":"2023-10-23T07:52:49","slug":"igaliotieji-rangovai","status":"publish","type":"page","link":"https:\/\/crossin.pl\/lt\/igaliotieji-rangovai\/","title":{"rendered":"Rangovai"},"content":{"rendered":"\n<div class=\"page__aw__list__txt\">\n<div class=\"cr__head03\"><h3>S\u0105ra\u0161as  <br\/><span>Rangovai<\/span><\/h3><\/div>\n\n<p><strong>\u017dem\u0117lapyje pasirinkite region\u0105, kad pamatytum\u0117te \u012fgalioto pur\u0161kiamos izoliacijos rangovo kontaktinius duomenis.<\/strong><\/p>\n\n<p>Net ir geriausia med\u017eiaga reikalauja tinkamo po\u017ei\u016brio.\nMes tai puikiai suprantame, tod\u0117l izoliacij\u0105 patikime tik specialistams. <\/p>\n\n<p>M\u016bs\u0173 izoliacijos sistemas galima \u012fsigyti tik per \u012fgaliot\u0173 rangov\u0173 tinkl\u0105.\nM\u016bs\u0173 partneriai, turintys \u017eini\u0173 ir patirties, garantuoja, kad izoliacijos darbai bus atlikti pagal auk\u0161\u010diausius standartus. <\/p>\n\n<p>M\u016bs\u0173 sertifikuoti partneriai ne tik pateikia nemokam\u0105 pasi\u016blym\u0105, bet ir teikia ekspertin\u0119 pagalb\u0105, susijusi\u0105 su visais \u0161ilumos izoliacijos \u012frengimo ir naudojimo aspektais.<\/p>\n\n<p><strong>Pasirinkite i\u0161 \u017eem\u0117lapio ir susisiekite su &#8222;Crossin&#8221; \u012fgaliotuoju rangovu.<\/strong><\/p>\n<\/div>\n","protected":false},"excerpt":{"rendered":"<p>S\u0105ra\u0161as Rangovai \u017dem\u0117lapyje pasirinkite region\u0105, kad pamatytum\u0117te \u012fgalioto pur\u0161kiamos izoliacijos rangovo kontaktinius duomenis. Net ir geriausia med\u017eiaga reikalauja tinkamo po\u017ei\u016brio. Mes tai puikiai suprantame, tod\u0117l izoliacij\u0105 patikime tik specialistams. M\u016bs\u0173 izoliacijos sistemas galima \u012fsigyti tik per \u012fgaliot\u0173 rangov\u0173 tinkl\u0105. M\u016bs\u0173 partneriai, turintys \u017eini\u0173 ir patirties, garantuoja, kad izoliacijos darbai bus atlikti pagal auk\u0161\u010diausius standartus. M\u016bs\u0173 [&hellip;]<\/p>\n","protected":false},"author":1,"featured_media":0,"parent":0,"menu_order":520,"comment_status":"closed","ping_status":"closed","template":"","meta":{"inline_featured_image":false,"footnotes":""},"class_list":["post-3788","page","type-page","status-publish","hentry"],"acf":[],"yoast_head":"<!-- This site is optimized with the Yoast SEO plugin v26.4 - https:\/\/yoast.com\/wordpress\/plugins\/seo\/ -->\n<title>\u012egaliotieji rangovai Crossin - PUR put\u0173 izoliacija<\/title>\n<meta name=\"description\" content=\"M\u016bs\u0173 sertifikuoti partneriai ne tik pateikia nemokam\u0105 pasi\u016blym\u0105, bet ir teikia ekspertin\u0119 pagalb\u0105, susijusi\u0105 su visais izoliacijos naudojimo aspektais.\" \/>\n<meta name=\"robots\" content=\"index, follow, max-snippet:-1, max-image-preview:large, max-video-preview:-1\" \/>\n<link rel=\"canonical\" href=\"https:\/\/crossin.pl\/lt\/igaliotieji-rangovai\/\" \/>\n<meta property=\"og:locale\" content=\"lt_LT\" \/>\n<meta property=\"og:type\" content=\"article\" \/>\n<meta property=\"og:title\" content=\"\u012egaliotieji rangovai Crossin - PUR put\u0173 izoliacija\" \/>\n<meta property=\"og:description\" content=\"M\u016bs\u0173 sertifikuoti partneriai ne tik pateikia nemokam\u0105 pasi\u016blym\u0105, bet ir teikia ekspertin\u0119 pagalb\u0105, susijusi\u0105 su visais izoliacijos naudojimo aspektais.\" \/>\n<meta property=\"og:url\" content=\"https:\/\/crossin.pl\/lt\/igaliotieji-rangovai\/\" \/>\n<meta property=\"og:site_name\" content=\"Crossin\" \/>\n<meta property=\"article:modified_time\" content=\"2023-10-23T07:52:49+00:00\" \/>\n<meta property=\"og:image\" content=\"https:\/\/crossin.pl\/wp-content\/uploads\/2025\/05\/crossin-01.webp\" \/>\n\t<meta property=\"og:image:width\" content=\"1200\" \/>\n\t<meta property=\"og:image:height\" content=\"675\" \/>\n\t<meta property=\"og:image:type\" content=\"image\/webp\" \/>\n<meta name=\"twitter:card\" content=\"summary_large_image\" \/>\n<meta name=\"twitter:label1\" content=\"Est. reading time\" \/>\n\t<meta name=\"twitter:data1\" content=\"1 minut\u0117\" \/>\n<script type=\"application\/ld+json\" class=\"yoast-schema-graph\">{\"@context\":\"https:\/\/schema.org\",\"@graph\":[{\"@type\":\"WebPage\",\"@id\":\"https:\/\/crossin.pl\/lt\/igaliotieji-rangovai\/\",\"url\":\"https:\/\/crossin.pl\/lt\/igaliotieji-rangovai\/\",\"name\":\"\u012egaliotieji rangovai Crossin - PUR put\u0173 izoliacija\",\"isPartOf\":{\"@id\":\"https:\/\/crossin.pl\/#website\"},\"datePublished\":\"2023-08-14T16:00:08+00:00\",\"dateModified\":\"2023-10-23T07:52:49+00:00\",\"description\":\"M\u016bs\u0173 sertifikuoti partneriai ne tik pateikia nemokam\u0105 pasi\u016blym\u0105, bet ir teikia ekspertin\u0119 pagalb\u0105, susijusi\u0105 su visais izoliacijos naudojimo aspektais.\",\"breadcrumb\":{\"@id\":\"https:\/\/crossin.pl\/lt\/igaliotieji-rangovai\/#breadcrumb\"},\"inLanguage\":\"lt-LT\",\"potentialAction\":[{\"@type\":\"ReadAction\",\"target\":[\"https:\/\/crossin.pl\/lt\/igaliotieji-rangovai\/\"]}]},{\"@type\":\"BreadcrumbList\",\"@id\":\"https:\/\/crossin.pl\/lt\/igaliotieji-rangovai\/#breadcrumb\",\"itemListElement\":[{\"@type\":\"ListItem\",\"position\":1,\"name\":\"Strona g\u0142\u00f3wna\",\"item\":\"https:\/\/crossin.pl\/lt\/\"},{\"@type\":\"ListItem\",\"position\":2,\"name\":\"Rangovai\"}]},{\"@type\":\"WebSite\",\"@id\":\"https:\/\/crossin.pl\/#website\",\"url\":\"https:\/\/crossin.pl\/\",\"name\":\"Crossin\",\"description\":\"Izolacje Pian\u0105 PUR\",\"publisher\":{\"@id\":\"https:\/\/crossin.pl\/#organization\"},\"potentialAction\":[{\"@type\":\"SearchAction\",\"target\":{\"@type\":\"EntryPoint\",\"urlTemplate\":\"https:\/\/crossin.pl\/?s={search_term_string}\"},\"query-input\":{\"@type\":\"PropertyValueSpecification\",\"valueRequired\":true,\"valueName\":\"search_term_string\"}}],\"inLanguage\":\"lt-LT\"},{\"@type\":\"Organization\",\"@id\":\"https:\/\/crossin.pl\/#organization\",\"name\":\"Crossin Insulations\",\"alternateName\":\"Crossin\",\"url\":\"https:\/\/crossin.pl\/\",\"logo\":{\"@type\":\"ImageObject\",\"inLanguage\":\"lt-LT\",\"@id\":\"https:\/\/crossin.pl\/#\/schema\/logo\/image\/\",\"url\":\"https:\/\/crossin.pl\/wp-content\/uploads\/2026\/01\/crossin_logo.svg\",\"contentUrl\":\"https:\/\/crossin.pl\/wp-content\/uploads\/2026\/01\/crossin_logo.svg\",\"caption\":\"Crossin Insulations\"},\"image\":{\"@id\":\"https:\/\/crossin.pl\/#\/schema\/logo\/image\/\"}}]}<\/script>\n<!-- \/ Yoast SEO plugin. -->","yoast_head_json":{"title":"\u012egaliotieji rangovai Crossin - PUR put\u0173 izoliacija","description":"M\u016bs\u0173 sertifikuoti partneriai ne tik pateikia nemokam\u0105 pasi\u016blym\u0105, bet ir teikia ekspertin\u0119 pagalb\u0105, susijusi\u0105 su visais izoliacijos naudojimo aspektais.","robots":{"index":"index","follow":"follow","max-snippet":"max-snippet:-1","max-image-preview":"max-image-preview:large","max-video-preview":"max-video-preview:-1"},"canonical":"https:\/\/crossin.pl\/lt\/igaliotieji-rangovai\/","og_locale":"lt_LT","og_type":"article","og_title":"\u012egaliotieji rangovai Crossin - PUR put\u0173 izoliacija","og_description":"M\u016bs\u0173 sertifikuoti partneriai ne tik pateikia nemokam\u0105 pasi\u016blym\u0105, bet ir teikia ekspertin\u0119 pagalb\u0105, susijusi\u0105 su visais izoliacijos naudojimo aspektais.","og_url":"https:\/\/crossin.pl\/lt\/igaliotieji-rangovai\/","og_site_name":"Crossin","article_modified_time":"2023-10-23T07:52:49+00:00","og_image":[{"width":1200,"height":675,"url":"https:\/\/crossin.pl\/wp-content\/uploads\/2025\/05\/crossin-01.webp","type":"image\/webp"}],"twitter_card":"summary_large_image","twitter_misc":{"Est. reading time":"1 minut\u0117"},"schema":{"@context":"https:\/\/schema.org","@graph":[{"@type":"WebPage","@id":"https:\/\/crossin.pl\/lt\/igaliotieji-rangovai\/","url":"https:\/\/crossin.pl\/lt\/igaliotieji-rangovai\/","name":"\u012egaliotieji rangovai Crossin - PUR put\u0173 izoliacija","isPartOf":{"@id":"https:\/\/crossin.pl\/#website"},"datePublished":"2023-08-14T16:00:08+00:00","dateModified":"2023-10-23T07:52:49+00:00","description":"M\u016bs\u0173 sertifikuoti partneriai ne tik pateikia nemokam\u0105 pasi\u016blym\u0105, bet ir teikia ekspertin\u0119 pagalb\u0105, susijusi\u0105 su visais izoliacijos naudojimo aspektais.","breadcrumb":{"@id":"https:\/\/crossin.pl\/lt\/igaliotieji-rangovai\/#breadcrumb"},"inLanguage":"lt-LT","potentialAction":[{"@type":"ReadAction","target":["https:\/\/crossin.pl\/lt\/igaliotieji-rangovai\/"]}]},{"@type":"BreadcrumbList","@id":"https:\/\/crossin.pl\/lt\/igaliotieji-rangovai\/#breadcrumb","itemListElement":[{"@type":"ListItem","position":1,"name":"Strona g\u0142\u00f3wna","item":"https:\/\/crossin.pl\/lt\/"},{"@type":"ListItem","position":2,"name":"Rangovai"}]},{"@type":"WebSite","@id":"https:\/\/crossin.pl\/#website","url":"https:\/\/crossin.pl\/","name":"Crossin","description":"Izolacje Pian\u0105 PUR","publisher":{"@id":"https:\/\/crossin.pl\/#organization"},"potentialAction":[{"@type":"SearchAction","target":{"@type":"EntryPoint","urlTemplate":"https:\/\/crossin.pl\/?s={search_term_string}"},"query-input":{"@type":"PropertyValueSpecification","valueRequired":true,"valueName":"search_term_string"}}],"inLanguage":"lt-LT"},{"@type":"Organization","@id":"https:\/\/crossin.pl\/#organization","name":"Crossin Insulations","alternateName":"Crossin","url":"https:\/\/crossin.pl\/","logo":{"@type":"ImageObject","inLanguage":"lt-LT","@id":"https:\/\/crossin.pl\/#\/schema\/logo\/image\/","url":"https:\/\/crossin.pl\/wp-content\/uploads\/2026\/01\/crossin_logo.svg","contentUrl":"https:\/\/crossin.pl\/wp-content\/uploads\/2026\/01\/crossin_logo.svg","caption":"Crossin Insulations"},"image":{"@id":"https:\/\/crossin.pl\/#\/schema\/logo\/image\/"}}]}},"_links":{"self":[{"href":"https:\/\/crossin.pl\/lt\/wp-json\/wp\/v2\/pages\/3788","targetHints":{"allow":["GET"]}}],"collection":[{"href":"https:\/\/crossin.pl\/lt\/wp-json\/wp\/v2\/pages"}],"about":[{"href":"https:\/\/crossin.pl\/lt\/wp-json\/wp\/v2\/types\/page"}],"author":[{"embeddable":true,"href":"https:\/\/crossin.pl\/lt\/wp-json\/wp\/v2\/users\/1"}],"replies":[{"embeddable":true,"href":"https:\/\/crossin.pl\/lt\/wp-json\/wp\/v2\/comments?post=3788"}],"version-history":[{"count":4,"href":"https:\/\/crossin.pl\/lt\/wp-json\/wp\/v2\/pages\/3788\/revisions"}],"predecessor-version":[{"id":3792,"href":"https:\/\/crossin.pl\/lt\/wp-json\/wp\/v2\/pages\/3788\/revisions\/3792"}],"wp:attachment":[{"href":"https:\/\/crossin.pl\/lt\/wp-json\/wp\/v2\/media?parent=3788"}],"curies":[{"name":"wp","href":"https:\/\/api.w.org\/{rel}","templated":true}]}}