{"id":3779,"date":"2023-08-14T18:00:20","date_gmt":"2023-08-14T16:00:20","guid":{"rendered":"https:\/\/crossin.pl\/susisiekite-su\/"},"modified":"2023-10-23T10:08:59","modified_gmt":"2023-10-23T08:08:59","slug":"kontaktai","status":"publish","type":"page","link":"https:\/\/crossin.pl\/lt\/kontaktai\/","title":{"rendered":"Kontaktai"},"content":{"rendered":"\n<div class=\"wp-block-columns is-layout-flex wp-container-core-columns-is-layout-9d6595d7 wp-block-columns-is-layout-flex\">\n<div class=\"wp-block-column is-layout-flow wp-block-column-is-layout-flow\">\n<div class=\"wp-block-columns is-layout-flex wp-container-core-columns-is-layout-9d6595d7 wp-block-columns-is-layout-flex\">\n<div class=\"wp-block-column is-layout-flow wp-block-column-is-layout-flow\">\n<p>Pur\u0161kiamos izoliacijos sistem\u0173 gamintojas Crossin<br\/><strong>PCC Prodex Sp.\nz o.o <\/strong><br\/>ul.\nSienkiewicza 4 <br\/>56-120 Brzeg Dolny<\/p>\n\n\n\n<p><strong>Klient\u0173 aptarnavimo skyrius<\/strong><br\/>+48 71 794 34 11<br\/>+48 665 000 888<br\/>el: <a href=\"mailto:crossin@pcc.eu\">crossin@pcc.eu<\/a><\/p>\n\n\n\n<p><strong>Sekretoriatas<\/strong><br\/>+48 71 794 34 10<\/p>\n\n\n\n<p>KRS 0000024928 Vroclavo-Fabry\u010dnos apylink\u0117s teismas,<br\/>IX Nacionalinio teism\u0173 registro Komercinis skyrius.<br\/>NIP 522-18-03-295<br\/>REGON 012290187<\/p>\n<\/div>\n\n\n\n<div class=\"wp-block-column is-layout-flow wp-block-column-is-layout-flow\">\n\n<div class=\"wpcf7 no-js\" id=\"wpcf7-f3835-o1\" lang=\"lt-LT\" dir=\"ltr\" data-wpcf7-id=\"3835\">\n<div class=\"screen-reader-response\"><p role=\"status\" aria-live=\"polite\" aria-atomic=\"true\"><\/p> <ul><\/ul><\/div>\n<form action=\"\/lt\/wp-json\/wp\/v2\/pages\/3779#wpcf7-f3835-o1\" method=\"post\" class=\"wpcf7-form init\" aria-label=\"Kontakt\u0173 forma\" novalidate=\"novalidate\" data-status=\"init\">\n<fieldset class=\"hidden-fields-container\"><input type=\"hidden\" name=\"_wpcf7\" value=\"3835\" \/><input type=\"hidden\" name=\"_wpcf7_version\" value=\"6.1.3\" \/><input type=\"hidden\" name=\"_wpcf7_locale\" value=\"lt_LT\" \/><input type=\"hidden\" name=\"_wpcf7_unit_tag\" value=\"wpcf7-f3835-o1\" \/><input type=\"hidden\" name=\"_wpcf7_container_post\" value=\"0\" \/><input type=\"hidden\" name=\"_wpcf7_posted_data_hash\" value=\"\" \/><input type=\"hidden\" name=\"_wpcf7_recaptcha_response\" value=\"\" \/>\n<\/fieldset>\n<div id=\"form-consult\">\n<div class=\"cr__head03\"><h3>Ra\u0161ykite<br><span>mums<\/span><\/h3><\/div>\n\n<p><label> <span class=\"wpcf7-form-control-wrap\" data-name=\"your-name\"><input size=\"40\" maxlength=\"400\" class=\"wpcf7-form-control wpcf7-text wpcf7-validates-as-required\" autocomplete=\"name\" aria-required=\"true\" aria-invalid=\"false\" placeholder=\"J\u016bs\u0173 vardas ir pavard\u0117*\" value=\"\" type=\"text\" name=\"your-name\" \/><\/span><\/label><\/p>\n\n    <div class=\"phone-box\">\n        <div class=\"phone-prefix-pl\">\n            <span id=\"flag-lt\" class=\"flag\"><\/span><span class=\"prefix\">+370<\/span>\n        <\/div>\n        <label><span class=\"wpcf7-form-control-wrap\" data-name=\"telefon\"><input class=\"wpcf7-form-control wpcf7-number wpcf7-validates-as-required wpcf7-validates-as-number\" min=\"100000000\" max=\"999999999\" aria-required=\"true\" aria-invalid=\"false\" placeholder=\"Mobilusis telefonas*\" value=\"\" type=\"number\" name=\"telefon\" \/><\/span><\/label>\n    <\/div>\n\n<p><label><span class=\"wpcf7-form-control-wrap\" data-name=\"your-email\"><input size=\"40\" maxlength=\"400\" class=\"wpcf7-form-control wpcf7-email wpcf7-validates-as-required wpcf7-text wpcf7-validates-as-email\" autocomplete=\"email\" aria-required=\"true\" aria-invalid=\"false\" placeholder=\"J\u016bs\u0173 el. pa\u0161to adresas\" value=\"\" type=\"email\" name=\"your-email\" \/><\/span><\/label><\/p>\n\n<label><span class=\"wpcf7-form-control-wrap\" data-name=\"your-message\"><textarea cols=\"40\" rows=\"10\" maxlength=\"2000\" class=\"wpcf7-form-control wpcf7-textarea\" aria-invalid=\"false\" placeholder=\"\u012eveskite \u017einut\u0119\" name=\"your-message\"><\/textarea><\/span> <\/label>\n    <div class=\"zgoda\">\n        <label>\n            <div class=\"zgoda-checkbox\"><span class=\"wpcf7-form-control-wrap\" data-name=\"zgoda\"><span class=\"wpcf7-form-control wpcf7-acceptance\"><span class=\"wpcf7-list-item\"><input type=\"checkbox\" name=\"zgoda\" value=\"1\" aria-invalid=\"false\" \/><\/span><\/span><\/span><\/div>\n            <div class=\"zgoda-text\">\n                <p>Nor\u0117dami susisiekti su mumis naudodami pirmiau pateikt\u0105 form\u0105, \u012fveskite duomenis\n joje nurodytus duomenis.\nDuomen\u0173 pateikimas yra savanori\u0161kas, ta\u010diau jei to nepadarysite, si\u0173sdami mums \u017einut\u0119\n tokiu b\u016bdu nebus galima.\n  \n <\/p>\n                <p>J\u016bs\u0173 asmens duomen\u0173 valdytojas yra PCC Prodex Sp.\nz o.o., kurios registruota buvein\u0117 yra Brzeg Dolny.\n (ul. Sienkiewicza 4, 56-120 Brzeg Dolny).\nGalite susisiekti su mumis d\u0117l savo asmens duomen\u0173\n el. pa\u0161tu: <a href=\"mailto:iodo@pcc.eu\">iodo@pcc.eu<\/a> \n  \n <\/p>\n                <p class=\"hidden\">J\u016bs\u0173 duomenis tvarkome, kad gal\u0117tume su jumis bendrauti ir atsakyti \u012f j\u016bs\u0173\n prane\u0161im\u0105.\nJ\u016bs\u0173 duomen\u0173 tvarkymo pagrindas yra teis\u0117tas duomen\u0173 valdytojo interesas arba teis\u0117tas\n tre\u010diosios \u0161alies (susisiekti su jumis atgal, m\u016bs\u0173 rinkodaros ar partneri\u0173, \u012fskaitant <a href=\"https:\/\/www.pcc.eu\/pcc-na-swiecie\/?lang=pl\" target=\"\u201d_blank\u201d\" rel=\"noopener noreferrer\">PCC Group<\/a>, kuriems galite prie\u0161tarauti), arba imtis veiksm\u0173 d\u0117l\n  \n \n  J\u016bs\u0173 pra\u0161ymas, prie\u0161 sudarant galim\u0105\nsutart\u012f - priklausomai nuo j\u016bs\u0173 prane\u0161imo turinio.\nJ\u016bs\u0173 duomenys paprastai bus\n paprastai j\u016bs\u0173 duomenis tvarkysime tol, kol baigsis m\u016bs\u0173 bendravimas su jumis arba kol pateiksite\n j\u016bs\u0173 prie\u0161taravimo, i\u0161skyrus atvejus, kai pagal \u012fstatymus privalome tvarkyti \u0161iuos duomenis ilgiau\n duomenis arba juos ilgiau saugosime galim\u0173 pretenzij\u0173 atveju, j\u0173\n teis\u0117s aktuose, vis\u0173 pirma Civiliniame kodekse, nustatyt\u0105 senaties termin\u0105.  \n \n \n \n <\/p>\n                <div class=\"hidden\">\n                    <strong>Bet kuriuo metu turite teis\u0119:<\/strong>\n                    <ul>\n                        <li>prie\u0161tarauti j\u016bs\u0173 duomen\u0173 tvarkymui;<\/li>\n                        <li>susipa\u017einti su savo asmens duomenimis, taip pat pra\u0161yti j\u0173 kopijos;<\/li>\n                        <li>pra\u0161yti i\u0161taisyti, apriboti duomen\u0173 tvarkym\u0105 arba juos i\u0161trinti;<\/li>\n                        <li>perkelti j\u016bs\u0173 asmens duomenis, pvz., kitam duomen\u0173 valdytojui (i\u0161skyrus atvejus, kai j\u0173 pagrindas\n duomen\u0173 tvarkymas grind\u017eiamas teis\u0117tu duomen\u0173 valdytojo interesu);\n <\/li>\n                        <li>pateikti skund\u0105 Duomen\u0173 apsaugos tarnybos pirmininkui.<\/li>\n                    <\/ul>\n                <\/div>\n                <p class=\"hidden\">J\u016bs\u0173 duomen\u0173 gav\u0117jai gali b\u016bti \u012fmon\u0117s, kurios padeda mums bendrauti su jumis ir\n padeda mums valdyti parduotuv\u0119, i\u0161or\u0117s konsultacin\u0117s \u012fmon\u0117s (\u012fskaitant teisines, rinkodaros ir apskaitos paslaugas)\n arba i\u0161or\u0117s IT specialistai, \u012fskaitant <a href=\"https:\/\/www.pcc.eu\/pcc-na-swiecie\/?lang=pl\" target=\"\u201d_blank\u201d\" rel=\"noopener noreferrer\">PCC grupei<\/a> priklausan\u010dius subjektus.\n \n <\/p>\n                <p class=\"hidden\">Daugiau informacijos apie tai, kaip tvarkome j\u016bs\u0173 duomenis, rasite m\u016bs\u0173 <a href=\"\/polityka-prywatnosci\" target=\"\u201d_blank\u201d\" rel=\"noopener noreferrer\">privatumo politikoje<\/a>.\n                <\/p>\n            <\/div>\n        <\/label>\n        <span class=\"show-more-acceptance\">Skaityti daugiau<\/span>\n    <\/div>\n    <p class=\"addnotation\">* - privalomi laukai<\/p>\n<input class=\"wpcf7-form-control wpcf7-submit has-spinner\" type=\"submit\" value=\"Wy\u015blij\" \/>\n<\/div><div class=\"wpcf7-response-output\" aria-hidden=\"true\"><\/div>\n<\/form>\n<\/div>\n\n<\/div>\n<\/div>\n<\/div>\n<\/div>\n\n<div style=\"height:40px\" aria-hidden=\"true\" class=\"wp-block-spacer\"><\/div>\n","protected":false},"excerpt":{"rendered":"<p>Pur\u0161kiamos izoliacijos sistem\u0173 gamintojas CrossinPCC Prodex Sp. z o.o ul. Sienkiewicza 4 56-120 Brzeg Dolny Klient\u0173 aptarnavimo skyrius+48 71 794 34 11+48 665 000 888el: crossin@pcc.eu Sekretoriatas+48 71 794 34 10 KRS 0000024928 Vroclavo-Fabry\u010dnos apylink\u0117s teismas,IX Nacionalinio teism\u0173 registro Komercinis skyrius.NIP 522-18-03-295REGON 012290187<\/p>\n","protected":false},"author":1,"featured_media":3492,"parent":0,"menu_order":820,"comment_status":"closed","ping_status":"closed","template":"page-fullwidth.php","meta":{"inline_featured_image":false,"footnotes":""},"class_list":["post-3779","page","type-page","status-publish","has-post-thumbnail","hentry"],"acf":[],"yoast_head":"<!-- This site is optimized with the Yoast SEO plugin v26.4 - https:\/\/yoast.com\/wordpress\/plugins\/seo\/ -->\n<title>Kontaktai - Crossin<\/title>\n<meta name=\"description\" content=\"Ar jus domina m\u016bs\u0173 pasi\u016blymas? Norite su\u017einoti daugiau apie m\u016bs\u0173 produktus ir paslaugas? Dabar apsilankykite kontakt\u0173 puslapyje!\" \/>\n<meta name=\"robots\" content=\"index, follow, max-snippet:-1, max-image-preview:large, max-video-preview:-1\" \/>\n<link rel=\"canonical\" href=\"https:\/\/crossin.pl\/lt\/kontaktai\/\" \/>\n<meta property=\"og:locale\" content=\"lt_LT\" \/>\n<meta property=\"og:type\" content=\"article\" \/>\n<meta property=\"og:title\" content=\"Kontaktai - Crossin\" \/>\n<meta property=\"og:description\" content=\"Ar jus domina m\u016bs\u0173 pasi\u016blymas? Norite su\u017einoti daugiau apie m\u016bs\u0173 produktus ir paslaugas? Dabar apsilankykite kontakt\u0173 puslapyje!\" \/>\n<meta property=\"og:url\" content=\"https:\/\/crossin.pl\/lt\/kontaktai\/\" \/>\n<meta property=\"og:site_name\" content=\"Crossin\" \/>\n<meta property=\"article:modified_time\" content=\"2023-10-23T08:08:59+00:00\" \/>\n<meta property=\"og:image\" content=\"https:\/\/crossin.pl\/wp-content\/uploads\/2023\/10\/cr-post-ogolny-izolacja-pianka-pur-01.webp\" \/>\n\t<meta property=\"og:image:width\" content=\"1200\" \/>\n\t<meta property=\"og:image:height\" content=\"800\" \/>\n\t<meta property=\"og:image:type\" content=\"image\/webp\" \/>\n<meta name=\"twitter:card\" content=\"summary_large_image\" \/>\n<meta name=\"twitter:label1\" content=\"Est. reading time\" \/>\n\t<meta name=\"twitter:data1\" content=\"1 minut\u0117\" \/>\n<script type=\"application\/ld+json\" class=\"yoast-schema-graph\">{\"@context\":\"https:\/\/schema.org\",\"@graph\":[{\"@type\":\"WebPage\",\"@id\":\"https:\/\/crossin.pl\/lt\/kontaktai\/\",\"url\":\"https:\/\/crossin.pl\/lt\/kontaktai\/\",\"name\":\"Kontaktai - Crossin\",\"isPartOf\":{\"@id\":\"https:\/\/crossin.pl\/#website\"},\"primaryImageOfPage\":{\"@id\":\"https:\/\/crossin.pl\/lt\/kontaktai\/#primaryimage\"},\"image\":{\"@id\":\"https:\/\/crossin.pl\/lt\/kontaktai\/#primaryimage\"},\"thumbnailUrl\":\"https:\/\/crossin.pl\/wp-content\/uploads\/2023\/10\/cr-post-ogolny-izolacja-pianka-pur-01.webp\",\"datePublished\":\"2023-08-14T16:00:20+00:00\",\"dateModified\":\"2023-10-23T08:08:59+00:00\",\"description\":\"Ar jus domina m\u016bs\u0173 pasi\u016blymas? Norite su\u017einoti daugiau apie m\u016bs\u0173 produktus ir paslaugas? Dabar apsilankykite kontakt\u0173 puslapyje!\",\"breadcrumb\":{\"@id\":\"https:\/\/crossin.pl\/lt\/kontaktai\/#breadcrumb\"},\"inLanguage\":\"lt-LT\",\"potentialAction\":[{\"@type\":\"ReadAction\",\"target\":[\"https:\/\/crossin.pl\/lt\/kontaktai\/\"]}]},{\"@type\":\"ImageObject\",\"inLanguage\":\"lt-LT\",\"@id\":\"https:\/\/crossin.pl\/lt\/kontaktai\/#primaryimage\",\"url\":\"https:\/\/crossin.pl\/wp-content\/uploads\/2023\/10\/cr-post-ogolny-izolacja-pianka-pur-01.webp\",\"contentUrl\":\"https:\/\/crossin.pl\/wp-content\/uploads\/2023\/10\/cr-post-ogolny-izolacja-pianka-pur-01.webp\",\"width\":1200,\"height\":800},{\"@type\":\"BreadcrumbList\",\"@id\":\"https:\/\/crossin.pl\/lt\/kontaktai\/#breadcrumb\",\"itemListElement\":[{\"@type\":\"ListItem\",\"position\":1,\"name\":\"Strona g\u0142\u00f3wna\",\"item\":\"https:\/\/crossin.pl\/lt\/\"},{\"@type\":\"ListItem\",\"position\":2,\"name\":\"Kontaktai\"}]},{\"@type\":\"WebSite\",\"@id\":\"https:\/\/crossin.pl\/#website\",\"url\":\"https:\/\/crossin.pl\/\",\"name\":\"Crossin\",\"description\":\"Izolacje Pian\u0105 PUR\",\"publisher\":{\"@id\":\"https:\/\/crossin.pl\/#organization\"},\"potentialAction\":[{\"@type\":\"SearchAction\",\"target\":{\"@type\":\"EntryPoint\",\"urlTemplate\":\"https:\/\/crossin.pl\/?s={search_term_string}\"},\"query-input\":{\"@type\":\"PropertyValueSpecification\",\"valueRequired\":true,\"valueName\":\"search_term_string\"}}],\"inLanguage\":\"lt-LT\"},{\"@type\":\"Organization\",\"@id\":\"https:\/\/crossin.pl\/#organization\",\"name\":\"Crossin Insulations\",\"alternateName\":\"Crossin\",\"url\":\"https:\/\/crossin.pl\/\",\"logo\":{\"@type\":\"ImageObject\",\"inLanguage\":\"lt-LT\",\"@id\":\"https:\/\/crossin.pl\/#\/schema\/logo\/image\/\",\"url\":\"https:\/\/crossin.pl\/wp-content\/uploads\/2026\/01\/crossin_logo.svg\",\"contentUrl\":\"https:\/\/crossin.pl\/wp-content\/uploads\/2026\/01\/crossin_logo.svg\",\"caption\":\"Crossin Insulations\"},\"image\":{\"@id\":\"https:\/\/crossin.pl\/#\/schema\/logo\/image\/\"}}]}<\/script>\n<!-- \/ Yoast SEO plugin. -->","yoast_head_json":{"title":"Kontaktai - Crossin","description":"Ar jus domina m\u016bs\u0173 pasi\u016blymas? Norite su\u017einoti daugiau apie m\u016bs\u0173 produktus ir paslaugas? Dabar apsilankykite kontakt\u0173 puslapyje!","robots":{"index":"index","follow":"follow","max-snippet":"max-snippet:-1","max-image-preview":"max-image-preview:large","max-video-preview":"max-video-preview:-1"},"canonical":"https:\/\/crossin.pl\/lt\/kontaktai\/","og_locale":"lt_LT","og_type":"article","og_title":"Kontaktai - Crossin","og_description":"Ar jus domina m\u016bs\u0173 pasi\u016blymas? Norite su\u017einoti daugiau apie m\u016bs\u0173 produktus ir paslaugas? Dabar apsilankykite kontakt\u0173 puslapyje!","og_url":"https:\/\/crossin.pl\/lt\/kontaktai\/","og_site_name":"Crossin","article_modified_time":"2023-10-23T08:08:59+00:00","og_image":[{"width":1200,"height":800,"url":"https:\/\/crossin.pl\/wp-content\/uploads\/2023\/10\/cr-post-ogolny-izolacja-pianka-pur-01.webp","type":"image\/webp"}],"twitter_card":"summary_large_image","twitter_misc":{"Est. reading time":"1 minut\u0117"},"schema":{"@context":"https:\/\/schema.org","@graph":[{"@type":"WebPage","@id":"https:\/\/crossin.pl\/lt\/kontaktai\/","url":"https:\/\/crossin.pl\/lt\/kontaktai\/","name":"Kontaktai - Crossin","isPartOf":{"@id":"https:\/\/crossin.pl\/#website"},"primaryImageOfPage":{"@id":"https:\/\/crossin.pl\/lt\/kontaktai\/#primaryimage"},"image":{"@id":"https:\/\/crossin.pl\/lt\/kontaktai\/#primaryimage"},"thumbnailUrl":"https:\/\/crossin.pl\/wp-content\/uploads\/2023\/10\/cr-post-ogolny-izolacja-pianka-pur-01.webp","datePublished":"2023-08-14T16:00:20+00:00","dateModified":"2023-10-23T08:08:59+00:00","description":"Ar jus domina m\u016bs\u0173 pasi\u016blymas? Norite su\u017einoti daugiau apie m\u016bs\u0173 produktus ir paslaugas? Dabar apsilankykite kontakt\u0173 puslapyje!","breadcrumb":{"@id":"https:\/\/crossin.pl\/lt\/kontaktai\/#breadcrumb"},"inLanguage":"lt-LT","potentialAction":[{"@type":"ReadAction","target":["https:\/\/crossin.pl\/lt\/kontaktai\/"]}]},{"@type":"ImageObject","inLanguage":"lt-LT","@id":"https:\/\/crossin.pl\/lt\/kontaktai\/#primaryimage","url":"https:\/\/crossin.pl\/wp-content\/uploads\/2023\/10\/cr-post-ogolny-izolacja-pianka-pur-01.webp","contentUrl":"https:\/\/crossin.pl\/wp-content\/uploads\/2023\/10\/cr-post-ogolny-izolacja-pianka-pur-01.webp","width":1200,"height":800},{"@type":"BreadcrumbList","@id":"https:\/\/crossin.pl\/lt\/kontaktai\/#breadcrumb","itemListElement":[{"@type":"ListItem","position":1,"name":"Strona g\u0142\u00f3wna","item":"https:\/\/crossin.pl\/lt\/"},{"@type":"ListItem","position":2,"name":"Kontaktai"}]},{"@type":"WebSite","@id":"https:\/\/crossin.pl\/#website","url":"https:\/\/crossin.pl\/","name":"Crossin","description":"Izolacje Pian\u0105 PUR","publisher":{"@id":"https:\/\/crossin.pl\/#organization"},"potentialAction":[{"@type":"SearchAction","target":{"@type":"EntryPoint","urlTemplate":"https:\/\/crossin.pl\/?s={search_term_string}"},"query-input":{"@type":"PropertyValueSpecification","valueRequired":true,"valueName":"search_term_string"}}],"inLanguage":"lt-LT"},{"@type":"Organization","@id":"https:\/\/crossin.pl\/#organization","name":"Crossin Insulations","alternateName":"Crossin","url":"https:\/\/crossin.pl\/","logo":{"@type":"ImageObject","inLanguage":"lt-LT","@id":"https:\/\/crossin.pl\/#\/schema\/logo\/image\/","url":"https:\/\/crossin.pl\/wp-content\/uploads\/2026\/01\/crossin_logo.svg","contentUrl":"https:\/\/crossin.pl\/wp-content\/uploads\/2026\/01\/crossin_logo.svg","caption":"Crossin Insulations"},"image":{"@id":"https:\/\/crossin.pl\/#\/schema\/logo\/image\/"}}]}},"_links":{"self":[{"href":"https:\/\/crossin.pl\/lt\/wp-json\/wp\/v2\/pages\/3779","targetHints":{"allow":["GET"]}}],"collection":[{"href":"https:\/\/crossin.pl\/lt\/wp-json\/wp\/v2\/pages"}],"about":[{"href":"https:\/\/crossin.pl\/lt\/wp-json\/wp\/v2\/types\/page"}],"author":[{"embeddable":true,"href":"https:\/\/crossin.pl\/lt\/wp-json\/wp\/v2\/users\/1"}],"replies":[{"embeddable":true,"href":"https:\/\/crossin.pl\/lt\/wp-json\/wp\/v2\/comments?post=3779"}],"version-history":[{"count":8,"href":"https:\/\/crossin.pl\/lt\/wp-json\/wp\/v2\/pages\/3779\/revisions"}],"predecessor-version":[{"id":3832,"href":"https:\/\/crossin.pl\/lt\/wp-json\/wp\/v2\/pages\/3779\/revisions\/3832"}],"wp:featuredmedia":[{"embeddable":true,"href":"https:\/\/crossin.pl\/lt\/wp-json\/wp\/v2\/media\/3492"}],"wp:attachment":[{"href":"https:\/\/crossin.pl\/lt\/wp-json\/wp\/v2\/media?parent=3779"}],"curies":[{"name":"wp","href":"https:\/\/api.w.org\/{rel}","templated":true}]}}