{"id":3770,"date":"2023-08-15T11:43:03","date_gmt":"2023-08-15T09:43:03","guid":{"rendered":"https:\/\/crossin.pl\/uzsisakykite-konsultacija\/"},"modified":"2023-10-23T09:48:55","modified_gmt":"2023-10-23T07:48:55","slug":"uzsisakykite-konsultacija","status":"publish","type":"page","link":"https:\/\/crossin.pl\/lt\/uzsisakykite-konsultacija\/","title":{"rendered":"Nemokamas vertinimas"},"content":{"rendered":"\n<div class=\"wp-block-columns is-layout-flex wp-container-core-columns-is-layout-9d6595d7 wp-block-columns-is-layout-flex\">\n<div class=\"wp-block-column nomobile is-layout-flow wp-block-column-is-layout-flow\">\n<p class=\"heading-next-to-form\"><b>Crossin<\/b> sistemos yra:<\/p>\n<ul class=\"lista01\">\n<li>Greitas ir tikslus naudojimas<\/li>\n<li>Vienodas izoliacijos sluoksnis, kad b\u016bt\u0173 i\u0161vengta \u0161ilumos tilteli\u0173<\/li>\n<li>Laikui b\u0117gant nekintan\u010dios izoliacin\u0117s savyb\u0117s<\/li>\n<li>Ma\u017ea absorbcija, kad b\u016bt\u0173 i\u0161laikytos \u0161ilumos ir garso izoliacijos savyb\u0117s<\/li>\n<li>Med\u017eiaga nejuda ir neslysta<\/li>\n<li>D\u0117l &#8222;Bio Defence&#8221; technologijos neauga pel\u0117sis ir grybelis<\/li>\n<li>Profesional\u016bs \u012fgalioti rangovai<\/li>\n<ul>\n<\/ul><\/ul>\n<\/div>\n\n\n\n<div class=\"wp-block-column is-layout-flow wp-block-column-is-layout-flow\">\n<div class=\"wp-block-contact-form-7-contact-form-selector\">\n<div class=\"wpcf7 no-js\" id=\"wpcf7-f3772-o1\" lang=\"lt-LT\" dir=\"ltr\" data-wpcf7-id=\"3772\">\n<div class=\"screen-reader-response\"><p role=\"status\" aria-live=\"polite\" aria-atomic=\"true\"><\/p> <ul><\/ul><\/div>\n<form action=\"\/lt\/wp-json\/wp\/v2\/pages\/3770#wpcf7-f3772-o1\" method=\"post\" class=\"wpcf7-form init\" id=\"umow-konsultacje\" aria-label=\"Kontakt\u0173 forma\" novalidate=\"novalidate\" data-status=\"init\">\n<fieldset class=\"hidden-fields-container\"><input type=\"hidden\" name=\"_wpcf7\" value=\"3772\" \/><input type=\"hidden\" name=\"_wpcf7_version\" value=\"6.1.3\" \/><input type=\"hidden\" name=\"_wpcf7_locale\" value=\"lt_LT\" \/><input type=\"hidden\" name=\"_wpcf7_unit_tag\" value=\"wpcf7-f3772-o1\" \/><input type=\"hidden\" name=\"_wpcf7_container_post\" value=\"0\" \/><input type=\"hidden\" name=\"_wpcf7_posted_data_hash\" value=\"\" \/><input type=\"hidden\" name=\"_wpcf7_recaptcha_response\" value=\"\" \/>\n<\/fieldset>\n<div id=\"form-consult\">\n<div class=\"cr__head03\"><h3>Si\u0173sti<br><span>Forma<\/span><\/h3><\/div>\n    <div class=\"phone-box\">\n        <div class=\"phone-prefix-pl\">\n            <span id=\"flag-lt\" class=\"flag\"><\/span><span class=\"prefix\">+370<\/span>\n        <\/div>\n        <label><span class=\"wpcf7-form-control-wrap\" data-name=\"telefon\"><input class=\"wpcf7-form-control wpcf7-number wpcf7-validates-as-required wpcf7-validates-as-number\" min=\"100000000\" max=\"999999999\" aria-required=\"true\" aria-invalid=\"false\" placeholder=\"Mobilusis telefonas*\" value=\"\" type=\"number\" name=\"telefon\" \/><\/span><\/label>\n    <\/div>\n\n        <div id=\"form_consult_over_template\">\r\n        <div id=\"wojewodztwo-select\" class=\"custom-select-wrapper\">\r\n            <p class=\"default-option open-select\">Pasirinkite region\u0105*<\/p>\r\n            <p class=\"selected-option open-select\"><\/p>\r\n            <ul class=\"custom-select\">\r\n                                    <li class=\"option\">Alytaus<\/li>\r\n                                    <li class=\"option\">Kauno<\/li>\r\n                                    <li class=\"option\">Klaip\u0117dos<\/li>\r\n                                    <li class=\"option\">Marijampol\u0117s<\/li>\r\n                                    <li class=\"option\">Panev\u0117\u017eio<\/li>\r\n                                    <li class=\"option\">Taurag\u0117s<\/li>\r\n                                    <li class=\"option\">Tel\u0161i\u0173<\/li>\r\n                                    <li class=\"option\">Utenos<\/li>\r\n                                    <li class=\"option\">Vilniaus<\/li>\r\n                                    <li class=\"option\">\u0160iauli\u0173<\/li>\r\n                            <\/ul>\r\n        <\/div>\r\n\r\n        <div id=\"powiat-select\" class=\"custom-select-wrapper\">\r\n            <p class=\"default-option open-select not-now\">Pasirinkite apskrit\u012f*<\/p>\r\n            <p class=\"selected-option open-select\"><\/p>\r\n                            <ul id=\"Alytaus\" class=\"powiaty custom-select\">\r\n                                            <li class=\"option\">Alytaus miestas<\/li>\r\n                                            <li class=\"option\">Alytaus rajonas<\/li>\r\n                                            <li class=\"option\">Druskinink\u0173 savivaldyb\u0117<\/li>\r\n                                            <li class=\"option\">Lazdij\u0173 rajonas<\/li>\r\n                                            <li class=\"option\">Var\u0117nos rajonas<\/li>\r\n                                    <\/ul>\r\n                            <ul id=\"Kauno\" class=\"powiaty custom-select\">\r\n                                            <li class=\"option\">Bir\u0161tono savivaldyb\u0117<\/li>\r\n                                            <li class=\"option\">Jonavos rajonas<\/li>\r\n                                            <li class=\"option\">Kai\u0161iadori\u0173 rajonas<\/li>\r\n                                            <li class=\"option\">Kauno miestas<\/li>\r\n                                            <li class=\"option\">Kauno rajonas<\/li>\r\n                                            <li class=\"option\">K\u0117daini\u0173 rajonas<\/li>\r\n                                            <li class=\"option\">Prien\u0173 rajonas<\/li>\r\n                                            <li class=\"option\">Raseini\u0173 rajonas<\/li>\r\n                                    <\/ul>\r\n                            <ul id=\"Klaip\u0117dos\" class=\"powiaty custom-select\">\r\n                                            <li class=\"option\">Klaip\u0117dos miestas<\/li>\r\n                                            <li class=\"option\">Klaip\u0117dos rajonas<\/li>\r\n                                            <li class=\"option\">Kretingos rajonas<\/li>\r\n                                            <li class=\"option\">Neringos miestas<\/li>\r\n                                            <li class=\"option\">Palangos miestas<\/li>\r\n                                            <li class=\"option\">Skuodo rajonas<\/li>\r\n                                            <li class=\"option\">\u0160ilut\u0117s rajonas<\/li>\r\n                                    <\/ul>\r\n                            <ul id=\"Marijampol\u0117s\" class=\"powiaty custom-select\">\r\n                                            <li class=\"option\">Kalvarijos savivaldyb\u0117<\/li>\r\n                                            <li class=\"option\">Kazl\u0173 R\u016bdos savivaldyb\u0117<\/li>\r\n                                            <li class=\"option\">Marijampol\u0117s savivaldyb\u0117<\/li>\r\n                                            <li class=\"option\">Vilkavi\u0161kio rajonas<\/li>\r\n                                            <li class=\"option\">\u0160aki\u0173 rajonas<\/li>\r\n                                    <\/ul>\r\n                            <ul id=\"Panev\u0117\u017eio\" class=\"powiaty custom-select\">\r\n                                            <li class=\"option\">Bir\u017e\u0173 rajonas<\/li>\r\n                                            <li class=\"option\">Kupi\u0161kio rajonas<\/li>\r\n                                            <li class=\"option\">Panev\u0117\u017eio miestas<\/li>\r\n                                            <li class=\"option\">Panev\u0117\u017eio rajonas<\/li>\r\n                                            <li class=\"option\">Pasvalio rajonas<\/li>\r\n                                            <li class=\"option\">Roki\u0161kio rajonas<\/li>\r\n                                    <\/ul>\r\n                            <ul id=\"\u0160iauli\u0173\" class=\"powiaty custom-select\">\r\n                                            <li class=\"option\">Akmen\u0117s rajonas<\/li>\r\n                                            <li class=\"option\">Joni\u0161kio rajonas<\/li>\r\n                                            <li class=\"option\">Kelm\u0117s rajonas<\/li>\r\n                                            <li class=\"option\">Pakruojo rajonas<\/li>\r\n                                            <li class=\"option\">Radvili\u0161kio rajonas<\/li>\r\n                                            <li class=\"option\">\u0160iauli\u0173 miestas<\/li>\r\n                                            <li class=\"option\">\u0160iauli\u0173 rajonas<\/li>\r\n                                    <\/ul>\r\n                            <ul id=\"Taurag\u0117s\" class=\"powiaty custom-select\">\r\n                                            <li class=\"option\">Jurbarko rajonas<\/li>\r\n                                            <li class=\"option\">Pag\u0117gi\u0173 savivaldyb\u0117<\/li>\r\n                                            <li class=\"option\">Taurag\u0117s rajonas<\/li>\r\n                                            <li class=\"option\">\u0160ilal\u0117s rajonas<\/li>\r\n                                    <\/ul>\r\n                            <ul id=\"Tel\u0161i\u0173\" class=\"powiaty custom-select\">\r\n                                            <li class=\"option\">Ma\u017eeiki\u0173 rajonas<\/li>\r\n                                            <li class=\"option\">Plung\u0117s rajonas<\/li>\r\n                                            <li class=\"option\">Rietavo savivaldyb\u0117<\/li>\r\n                                            <li class=\"option\">Tel\u0161i\u0173 rajonas<\/li>\r\n                                    <\/ul>\r\n                            <ul id=\"Utenos\" class=\"powiaty custom-select\">\r\n                                            <li class=\"option\">Anyk\u0161\u010di\u0173 rajonas<\/li>\r\n                                            <li class=\"option\">Ignalinos rajonas<\/li>\r\n                                            <li class=\"option\">Mol\u0117t\u0173 rajonas<\/li>\r\n                                            <li class=\"option\">Utenos rajonas<\/li>\r\n                                            <li class=\"option\">Visagino miestas<\/li>\r\n                                            <li class=\"option\">Zaras\u0173 rajonas<\/li>\r\n                                    <\/ul>\r\n                            <ul id=\"Vilniaus\" class=\"powiaty custom-select\">\r\n                                            <li class=\"option\">Elektr\u0117n\u0173 savivaldyb\u0117<\/li>\r\n                                            <li class=\"option\">Trak\u0173 rajonas<\/li>\r\n                                            <li class=\"option\">Ukmerg\u0117s rajonas<\/li>\r\n                                            <li class=\"option\">Vilniaus miestas<\/li>\r\n                                            <li class=\"option\">Vilniaus rajonas<\/li>\r\n                                            <li class=\"option\">\u0160al\u010dinink\u0173 rajonas<\/li>\r\n                                            <li class=\"option\">\u0160irvint\u0173 rajonas<\/li>\r\n                                            <li class=\"option\">\u0160ven\u010dioni\u0173 rajonas<\/li>\r\n                                    <\/ul>\r\n                    <\/div>\r\n    <\/div>\r\n\n    <label id=\"form-woj\" style=\"display:none;\"><span class=\"wpcf7-form-control-wrap\" data-name=\"wojewodztwo\"><input size=\"40\" maxlength=\"400\" class=\"wpcf7-form-control wpcf7-text wpcf7-validates-as-required\" aria-required=\"true\" aria-invalid=\"false\" value=\"\" type=\"text\" name=\"wojewodztwo\" \/><\/span> <\/label>\n    <label id=\"form-pow\" style=\"display:none;\"><span class=\"wpcf7-form-control-wrap\" data-name=\"powiat\"><input size=\"40\" maxlength=\"400\" class=\"wpcf7-form-control wpcf7-text wpcf7-validates-as-required\" aria-required=\"true\" aria-invalid=\"false\" value=\"\" type=\"text\" name=\"powiat\" \/><\/span> <\/label>\n    <label id=\"form-wyk\" style=\"display:none;\"><p>Prane\u0161imas bus i\u0161si\u0173stas \u012fgaliotajam rangovui<\/p><span class=\"wpcf7-form-control-wrap\" data-name=\"wykonawca_area\"><input size=\"40\" maxlength=\"400\" class=\"wpcf7-form-control wpcf7-text wpcf7-validates-as-required\" aria-required=\"true\" aria-invalid=\"false\" value=\"\" type=\"text\" name=\"wykonawca_area\" \/><\/span> <\/label>\n    <label id=\"form-mail\" style=\"display:none;\"><span class=\"wpcf7-form-control-wrap\" data-name=\"wykonawca_email\"><input size=\"40\" maxlength=\"400\" class=\"wpcf7-form-control wpcf7-text\" aria-invalid=\"false\" value=\"\" type=\"text\" name=\"wykonawca_email\" \/><\/span> <\/label>\n    <label><span class=\"wpcf7-form-control-wrap\" data-name=\"opis\"><textarea cols=\"40\" rows=\"10\" maxlength=\"2000\" class=\"wpcf7-form-control wpcf7-textarea wpcf7-validates-as-required\" aria-required=\"true\" aria-invalid=\"false\" placeholder=\"Trumpas apra\u0161ymas*\" name=\"opis\"><\/textarea><\/span> <\/label>\n    <div class=\"zgoda\">\n        <label>\n            <div class=\"zgoda-checkbox\"><span class=\"wpcf7-form-control-wrap\" data-name=\"zgoda\"><span class=\"wpcf7-form-control wpcf7-acceptance\"><span class=\"wpcf7-list-item\"><input type=\"checkbox\" name=\"zgoda\" value=\"1\" aria-invalid=\"false\" \/><\/span><\/span><\/span><\/div>\n            <div class=\"zgoda-text\">\n                <p>Nor\u0117dami susisiekti su mumis naudodami pirmiau pateikt\u0105 form\u0105, \u012fveskite duomenis\n joje nurodytus duomenis.\nDuomen\u0173 pateikimas yra savanori\u0161kas, ta\u010diau jei to nepadarysite, si\u0173sdami mums \u017einut\u0119\n tokiu b\u016bdu nebus galima.\n  \n  Duomenys naudojami tik susisiekti su jumis d\u0117l j\u016bs\u0173 i\u0161kelto klausimo ir n\u0117ra perduodami kitoms \u0161alims.<\/p>\n                <p>J\u016bs\u0173 asmens duomen\u0173 valdytojas yra PCC Prodex Sp.\nz o.o., kurios registruota buvein\u0117 yra Brzeg Dolny.\n (ul. Sienkiewicza 4, 56-120 Brzeg Dolny).\nGalite susisiekti su mumis d\u0117l savo asmens duomen\u0173\n el. pa\u0161tu: <a href=\"\">iodo@pcc.eu<\/a> \n  \n <\/p>\n                <p class=\"hidden\">J\u016bs\u0173 duomenis tvarkome, kad gal\u0117tume su jumis bendrauti ir atsakyti \u012f j\u016bs\u0173\n prane\u0161im\u0105.\nJ\u016bs\u0173 duomen\u0173 tvarkymo pagrindas yra teis\u0117tas duomen\u0173 valdytojo interesas arba teis\u0117tas\n tre\u010diosios \u0161alies (susisiekti su jumis atgal, m\u016bs\u0173 rinkodaros ar partneri\u0173, \u012fskaitant <a href=\"\" target=\"\" rel=\"\">PCC Group<\/a>, kuriems galite prie\u0161tarauti), arba imtis veiksm\u0173 d\u0117l\n  \n \n  J\u016bs\u0173 pra\u0161ymas, prie\u0161 sudarant galim\u0105\nsutart\u012f - priklausomai nuo j\u016bs\u0173 prane\u0161imo turinio.\nJ\u016bs\u0173 duomenys paprastai bus\n paprastai j\u016bs\u0173 duomenis tvarkysime tol, kol baigsis m\u016bs\u0173 bendravimas su jumis arba kol pateiksite\n j\u016bs\u0173 prie\u0161taravimo, i\u0161skyrus atvejus, kai pagal \u012fstatymus privalome tvarkyti \u0161iuos duomenis ilgiau\n duomenis arba juos ilgiau saugosime galim\u0173 pretenzij\u0173 atveju, j\u0173\n teis\u0117s aktuose, vis\u0173 pirma Civiliniame kodekse, nustatyt\u0105 senaties termin\u0105.  \n \n \n \n <\/p>\n                <div class=\"hidden\">\n                    <strong>Bet kuriuo metu turite teis\u0119:<\/strong>\n                    <ul>\n                        <li>prie\u0161tarauti j\u016bs\u0173 duomen\u0173 tvarkymui;<\/li>\n                        <li>susipa\u017einti su savo asmens duomenimis, taip pat pra\u0161yti j\u0173 kopijos;<\/li>\n                        <li>pra\u0161yti i\u0161taisyti, apriboti duomen\u0173 tvarkym\u0105 arba juos i\u0161trinti;<\/li>\n                        <li>perkelti j\u016bs\u0173 asmens duomenis, pvz., kitam duomen\u0173 valdytojui (i\u0161skyrus atvejus, kai j\u0173 pagrindas\n duomen\u0173 tvarkymas grind\u017eiamas teis\u0117tu duomen\u0173 valdytojo interesu);\n <\/li>\n                        <li>pateikti skund\u0105 Duomen\u0173 apsaugos tarnybos pirmininkui.<\/li>\n                    <\/ul>\n                <\/div>\n                <p class=\"hidden\">J\u016bs\u0173 duomen\u0173 gav\u0117jai gali b\u016bti \u012fmon\u0117s, kurios padeda mums bendrauti su jumis ir\n padeda mums valdyti parduotuv\u0119, i\u0161or\u0117s konsultacin\u0117s \u012fmon\u0117s (\u012fskaitant teisines, rinkodaros ir apskaitos paslaugas)\n arba i\u0161or\u0117s IT specialistai, \u012fskaitant <a href=\"\" target=\"\" rel=\"\">PCC grupei<\/a> priklausan\u010dius subjektus.\n \n <\/p>\n                <p class=\"hidden\">Daugiau informacijos apie tai, kaip tvarkome j\u016bs\u0173 duomenis, rasite m\u016bs\u0173 <a href=\"\/polityka-prywatnosci\" target=\"\u201d_blank\u201d\" rel=\"noopener noreferrer\">privatumo politikoje<\/a>.\n                <\/p>\n            <\/div>\n        <\/label>\n        <span class=\"show-more-acceptance\">Skaityti daugiau<\/span>\n    <\/div>\n    <p class=\"addnotation\">* - privalomi laukai<\/p>\n\n    <input class=\"wpcf7-form-control wpcf7-submit has-spinner wysylacz\" type=\"submit\" value=\"Wy\u015blij\" \/>\n\n<\/div><div class=\"wpcf7-response-output\" aria-hidden=\"true\"><\/div>\n<\/form>\n<\/div>\n<\/div>\n<\/div>\n<\/div>\n\n\n\n<div class=\"wp-block-columns onlymobile is-layout-flex wp-container-core-columns-is-layout-9d6595d7 wp-block-columns-is-layout-flex\">\n<div class=\"wp-block-column is-layout-flow wp-block-column-is-layout-flow\">\n<p class=\"heading-next-to-form\"><b>Crossin<\/b> sistemos yra:<\/p>\n<ul class=\"lista01\">\n<li>Greitas ir tikslus naudojimas<\/li>\n<li>Vienodas izoliacijos sluoksnis, kad b\u016bt\u0173 i\u0161vengta \u0161ilumos tilteli\u0173<\/li>\n<li>Laikui b\u0117gant nekintan\u010dios izoliacin\u0117s savyb\u0117s<\/li>\n<li>Ma\u017ea absorbcija, kad b\u016bt\u0173 i\u0161laikytos \u0161ilumos ir garso izoliacijos savyb\u0117s<\/li>\n<li>Med\u017eiaga nejuda ir neslysta<\/li>\n<li>D\u0117l &#8222;Bio Defence&#8221; technologijos neauga pel\u0117sis ir grybelis<\/li>\n<li>Profesional\u016bs \u012fgalioti rangovai<\/li>\n<ul>\n<\/ul><\/ul>\n<\/div>\n<\/div>\n","protected":false},"excerpt":{"rendered":"<p>Crossin sistemos yra: Greitas ir tikslus naudojimas Vienodas izoliacijos sluoksnis, kad b\u016bt\u0173 i\u0161vengta \u0161ilumos tilteli\u0173 Laikui b\u0117gant nekintan\u010dios izoliacin\u0117s savyb\u0117s Ma\u017ea absorbcija, kad b\u016bt\u0173 i\u0161laikytos \u0161ilumos ir garso izoliacijos savyb\u0117s Med\u017eiaga nejuda ir neslysta D\u0117l &#8222;Bio Defence&#8221; technologijos neauga pel\u0117sis ir grybelis Profesional\u016bs \u012fgalioti rangovai Crossin sistemos yra: Greitas ir tikslus naudojimas Vienodas izoliacijos sluoksnis, [&hellip;]<\/p>\n","protected":false},"author":1,"featured_media":0,"parent":0,"menu_order":840,"comment_status":"closed","ping_status":"closed","template":"","meta":{"inline_featured_image":false,"footnotes":""},"class_list":["post-3770","page","type-page","status-publish","hentry"],"acf":[],"yoast_head":"<!-- This site is optimized with the Yoast SEO plugin v26.4 - https:\/\/yoast.com\/wordpress\/plugins\/seo\/ -->\n<title>U\u017esisakykite konsultacij\u0105 - Crossin<\/title>\n<meta name=\"description\" content=\"Ar nor\u0117tum\u0117te gauti PUR put\u0173 izoliacijos paslaugos pasi\u016blym\u0105? U\u017esisakykite konsultacij\u0105! M\u016bs\u0173 specialistai mielai atsakys \u012f j\u016bs\u0173 klausimus.\" \/>\n<meta name=\"robots\" content=\"index, follow, max-snippet:-1, max-image-preview:large, max-video-preview:-1\" \/>\n<link rel=\"canonical\" href=\"https:\/\/crossin.pl\/lt\/uzsisakykite-konsultacija\/\" \/>\n<meta property=\"og:locale\" content=\"lt_LT\" \/>\n<meta property=\"og:type\" content=\"article\" \/>\n<meta property=\"og:title\" content=\"U\u017esisakykite konsultacij\u0105 - Crossin\" \/>\n<meta property=\"og:description\" content=\"Ar nor\u0117tum\u0117te gauti PUR put\u0173 izoliacijos paslaugos pasi\u016blym\u0105? U\u017esisakykite konsultacij\u0105! M\u016bs\u0173 specialistai mielai atsakys \u012f j\u016bs\u0173 klausimus.\" \/>\n<meta property=\"og:url\" content=\"https:\/\/crossin.pl\/lt\/uzsisakykite-konsultacija\/\" \/>\n<meta property=\"og:site_name\" content=\"Crossin\" \/>\n<meta property=\"article:modified_time\" content=\"2023-10-23T07:48:55+00:00\" \/>\n<meta property=\"og:image\" content=\"https:\/\/crossin.pl\/wp-content\/uploads\/2025\/05\/crossin-01.webp\" \/>\n\t<meta property=\"og:image:width\" content=\"1200\" \/>\n\t<meta property=\"og:image:height\" content=\"675\" \/>\n\t<meta property=\"og:image:type\" content=\"image\/webp\" \/>\n<meta name=\"twitter:card\" content=\"summary_large_image\" \/>\n<meta name=\"twitter:label1\" content=\"Est. reading time\" \/>\n\t<meta name=\"twitter:data1\" content=\"1 minut\u0117\" \/>\n<script type=\"application\/ld+json\" class=\"yoast-schema-graph\">{\"@context\":\"https:\/\/schema.org\",\"@graph\":[{\"@type\":\"WebPage\",\"@id\":\"https:\/\/crossin.pl\/lt\/uzsisakykite-konsultacija\/\",\"url\":\"https:\/\/crossin.pl\/lt\/uzsisakykite-konsultacija\/\",\"name\":\"U\u017esisakykite konsultacij\u0105 - Crossin\",\"isPartOf\":{\"@id\":\"https:\/\/crossin.pl\/#website\"},\"datePublished\":\"2023-08-15T09:43:03+00:00\",\"dateModified\":\"2023-10-23T07:48:55+00:00\",\"description\":\"Ar nor\u0117tum\u0117te gauti PUR put\u0173 izoliacijos paslaugos pasi\u016blym\u0105? U\u017esisakykite konsultacij\u0105! M\u016bs\u0173 specialistai mielai atsakys \u012f j\u016bs\u0173 klausimus.\",\"breadcrumb\":{\"@id\":\"https:\/\/crossin.pl\/lt\/uzsisakykite-konsultacija\/#breadcrumb\"},\"inLanguage\":\"lt-LT\",\"potentialAction\":[{\"@type\":\"ReadAction\",\"target\":[\"https:\/\/crossin.pl\/lt\/uzsisakykite-konsultacija\/\"]}]},{\"@type\":\"BreadcrumbList\",\"@id\":\"https:\/\/crossin.pl\/lt\/uzsisakykite-konsultacija\/#breadcrumb\",\"itemListElement\":[{\"@type\":\"ListItem\",\"position\":1,\"name\":\"Strona g\u0142\u00f3wna\",\"item\":\"https:\/\/crossin.pl\/lt\/\"},{\"@type\":\"ListItem\",\"position\":2,\"name\":\"Nemokamas vertinimas\"}]},{\"@type\":\"WebSite\",\"@id\":\"https:\/\/crossin.pl\/#website\",\"url\":\"https:\/\/crossin.pl\/\",\"name\":\"Crossin\",\"description\":\"Izolacje Pian\u0105 PUR\",\"publisher\":{\"@id\":\"https:\/\/crossin.pl\/#organization\"},\"potentialAction\":[{\"@type\":\"SearchAction\",\"target\":{\"@type\":\"EntryPoint\",\"urlTemplate\":\"https:\/\/crossin.pl\/?s={search_term_string}\"},\"query-input\":{\"@type\":\"PropertyValueSpecification\",\"valueRequired\":true,\"valueName\":\"search_term_string\"}}],\"inLanguage\":\"lt-LT\"},{\"@type\":\"Organization\",\"@id\":\"https:\/\/crossin.pl\/#organization\",\"name\":\"Crossin Insulations\",\"alternateName\":\"Crossin\",\"url\":\"https:\/\/crossin.pl\/\",\"logo\":{\"@type\":\"ImageObject\",\"inLanguage\":\"lt-LT\",\"@id\":\"https:\/\/crossin.pl\/#\/schema\/logo\/image\/\",\"url\":\"https:\/\/crossin.pl\/wp-content\/uploads\/2026\/01\/crossin_logo.svg\",\"contentUrl\":\"https:\/\/crossin.pl\/wp-content\/uploads\/2026\/01\/crossin_logo.svg\",\"caption\":\"Crossin Insulations\"},\"image\":{\"@id\":\"https:\/\/crossin.pl\/#\/schema\/logo\/image\/\"}}]}<\/script>\n<!-- \/ Yoast SEO plugin. -->","yoast_head_json":{"title":"U\u017esisakykite konsultacij\u0105 - Crossin","description":"Ar nor\u0117tum\u0117te gauti PUR put\u0173 izoliacijos paslaugos pasi\u016blym\u0105? U\u017esisakykite konsultacij\u0105! M\u016bs\u0173 specialistai mielai atsakys \u012f j\u016bs\u0173 klausimus.","robots":{"index":"index","follow":"follow","max-snippet":"max-snippet:-1","max-image-preview":"max-image-preview:large","max-video-preview":"max-video-preview:-1"},"canonical":"https:\/\/crossin.pl\/lt\/uzsisakykite-konsultacija\/","og_locale":"lt_LT","og_type":"article","og_title":"U\u017esisakykite konsultacij\u0105 - Crossin","og_description":"Ar nor\u0117tum\u0117te gauti PUR put\u0173 izoliacijos paslaugos pasi\u016blym\u0105? U\u017esisakykite konsultacij\u0105! M\u016bs\u0173 specialistai mielai atsakys \u012f j\u016bs\u0173 klausimus.","og_url":"https:\/\/crossin.pl\/lt\/uzsisakykite-konsultacija\/","og_site_name":"Crossin","article_modified_time":"2023-10-23T07:48:55+00:00","og_image":[{"width":1200,"height":675,"url":"https:\/\/crossin.pl\/wp-content\/uploads\/2025\/05\/crossin-01.webp","type":"image\/webp"}],"twitter_card":"summary_large_image","twitter_misc":{"Est. reading time":"1 minut\u0117"},"schema":{"@context":"https:\/\/schema.org","@graph":[{"@type":"WebPage","@id":"https:\/\/crossin.pl\/lt\/uzsisakykite-konsultacija\/","url":"https:\/\/crossin.pl\/lt\/uzsisakykite-konsultacija\/","name":"U\u017esisakykite konsultacij\u0105 - Crossin","isPartOf":{"@id":"https:\/\/crossin.pl\/#website"},"datePublished":"2023-08-15T09:43:03+00:00","dateModified":"2023-10-23T07:48:55+00:00","description":"Ar nor\u0117tum\u0117te gauti PUR put\u0173 izoliacijos paslaugos pasi\u016blym\u0105? U\u017esisakykite konsultacij\u0105! M\u016bs\u0173 specialistai mielai atsakys \u012f j\u016bs\u0173 klausimus.","breadcrumb":{"@id":"https:\/\/crossin.pl\/lt\/uzsisakykite-konsultacija\/#breadcrumb"},"inLanguage":"lt-LT","potentialAction":[{"@type":"ReadAction","target":["https:\/\/crossin.pl\/lt\/uzsisakykite-konsultacija\/"]}]},{"@type":"BreadcrumbList","@id":"https:\/\/crossin.pl\/lt\/uzsisakykite-konsultacija\/#breadcrumb","itemListElement":[{"@type":"ListItem","position":1,"name":"Strona g\u0142\u00f3wna","item":"https:\/\/crossin.pl\/lt\/"},{"@type":"ListItem","position":2,"name":"Nemokamas vertinimas"}]},{"@type":"WebSite","@id":"https:\/\/crossin.pl\/#website","url":"https:\/\/crossin.pl\/","name":"Crossin","description":"Izolacje Pian\u0105 PUR","publisher":{"@id":"https:\/\/crossin.pl\/#organization"},"potentialAction":[{"@type":"SearchAction","target":{"@type":"EntryPoint","urlTemplate":"https:\/\/crossin.pl\/?s={search_term_string}"},"query-input":{"@type":"PropertyValueSpecification","valueRequired":true,"valueName":"search_term_string"}}],"inLanguage":"lt-LT"},{"@type":"Organization","@id":"https:\/\/crossin.pl\/#organization","name":"Crossin Insulations","alternateName":"Crossin","url":"https:\/\/crossin.pl\/","logo":{"@type":"ImageObject","inLanguage":"lt-LT","@id":"https:\/\/crossin.pl\/#\/schema\/logo\/image\/","url":"https:\/\/crossin.pl\/wp-content\/uploads\/2026\/01\/crossin_logo.svg","contentUrl":"https:\/\/crossin.pl\/wp-content\/uploads\/2026\/01\/crossin_logo.svg","caption":"Crossin Insulations"},"image":{"@id":"https:\/\/crossin.pl\/#\/schema\/logo\/image\/"}}]}},"_links":{"self":[{"href":"https:\/\/crossin.pl\/lt\/wp-json\/wp\/v2\/pages\/3770","targetHints":{"allow":["GET"]}}],"collection":[{"href":"https:\/\/crossin.pl\/lt\/wp-json\/wp\/v2\/pages"}],"about":[{"href":"https:\/\/crossin.pl\/lt\/wp-json\/wp\/v2\/types\/page"}],"author":[{"embeddable":true,"href":"https:\/\/crossin.pl\/lt\/wp-json\/wp\/v2\/users\/1"}],"replies":[{"embeddable":true,"href":"https:\/\/crossin.pl\/lt\/wp-json\/wp\/v2\/comments?post=3770"}],"version-history":[{"count":2,"href":"https:\/\/crossin.pl\/lt\/wp-json\/wp\/v2\/pages\/3770\/revisions"}],"predecessor-version":[{"id":3774,"href":"https:\/\/crossin.pl\/lt\/wp-json\/wp\/v2\/pages\/3770\/revisions\/3774"}],"wp:attachment":[{"href":"https:\/\/crossin.pl\/lt\/wp-json\/wp\/v2\/media?parent=3770"}],"curies":[{"name":"wp","href":"https:\/\/api.w.org\/{rel}","templated":true}]}}