{"id":3735,"date":"2023-08-14T17:55:54","date_gmt":"2023-08-14T15:55:54","guid":{"rendered":"https:\/\/crossin.pl\/produktai\/"},"modified":"2023-10-23T10:02:13","modified_gmt":"2023-10-23T08:02:13","slug":"produktai","status":"publish","type":"page","link":"https:\/\/crossin.pl\/lt\/produktai\/","title":{"rendered":"Produktai"},"content":{"rendered":"\n<div style=\"height:40px\" aria-hidden=\"true\" class=\"wp-block-spacer\"><\/div>\n\n<div class=\"wp-block-columns is-layout-flex wp-container-core-columns-is-layout-9d6595d7 wp-block-columns-is-layout-flex\">\n<div class=\"wp-block-column is-layout-flow wp-block-column-is-layout-flow\">\n<div class=\"wp-block-columns is-layout-flex wp-container-core-columns-is-layout-9d6595d7 wp-block-columns-is-layout-flex\">\n<div class=\"wp-block-column is-layout-flow wp-block-column-is-layout-flow\">\n<div class=\"pg__prodlist__wrap\">\n  <div class=\"pg__prodlist__item\">\n    <a href=\"https:\/\/crossin.pl\/lt\/produkt\/crossin-attic-soft\/\">\n      <div class=\"pg__prodlist__item__a\">\n        <h2>Crossin Attic Soft<\/h2><h3>Atvir\u0173 l\u0105steli\u0173 putos<\/h3><p class=\"pg__prodlist__zas\">Pal\u0117p\u0117s arba lub\u0173 izoliacija<\/p><p>&#8222;Crossin Attic Soft&#8221; atvir\u0173 l\u0105steli\u0173 putos skirtos vidinei \u0161ilumos ir garso izoliacijai. &#8222;Crossin Attic Soft&#8221; pur\u0161kiam\u0173 put\u0173 izoliacija yra veiksminga pal\u0117p\u0117s, lub\u0173 ir vidini\u0173 sien\u0173 izoliacija. Jis idealiai tinka karkasiniams namams \u0161iltinti.<\/p><div class=\"link03\">Skaityti daugiau<\/div>\n      <\/div>\n    <\/a>\n  <\/div>\n<\/div>\n<\/div>\n<\/div>\n\n\n\n<div class=\"wp-block-columns is-layout-flex wp-container-core-columns-is-layout-9d6595d7 wp-block-columns-is-layout-flex\">\n<div class=\"wp-block-column is-layout-flow wp-block-column-is-layout-flow\">\n<div class=\"pg__prodlist__wrap\">\n  <div class=\"pg__prodlist__item\">\n    <a href=\"https:\/\/crossin.pl\/lt\/produkt\/crossin-hard-36\/\">\n      <div class=\"pg__prodlist__item__a\">\n        <h2>Crossin Hard 36<\/h2><h3>U\u017edaro tipo putos<\/h3><p class=\"pg__prodlist__zas\">Sal\u0117s arba sand\u0117lio izoliacija<\/p><p>&#8222;Crossin Hard 36&#8221; izoliacija &#8211; tai u\u017edar\u0173 l\u0105steli\u0173 kietosios putos, skirtos sien\u0173, stog\u0173, lub\u0173 ir pal\u0117pi\u0173 \u0161iluminei izoliacijai tiek pastato viduje, tiek i\u0161or\u0117je. \u0160ios r\u016b\u0161ies putos naudojamos \u017eem\u0117s \u016bkyje, pramon\u0117je, taip pat b\u016bstuose ir visuomeniniuose pastatuose. \u0160is gaminys da\u017eniausiai naudojamas kaip sand\u0117lio, pramoninio cecho ar \u017eem\u0117s \u016bkio objekto izoliacija.<\/p><div class=\"link03\">Skaityti daugiau<\/div>\n      <\/div>\n    <\/a>\n  <\/div>\n<\/div>\n<\/div>\n<\/div>\n\n\n\n<div class=\"wp-block-columns is-layout-flex wp-container-core-columns-is-layout-9d6595d7 wp-block-columns-is-layout-flex\">\n<div class=\"wp-block-column is-layout-flow wp-block-column-is-layout-flow\">\n<div class=\"pg__prodlist__wrap\">\n  <div class=\"pg__prodlist__item\">\n    <a href=\"https:\/\/crossin.pl\/lt\/produkt\/crossin-hard-40\/\">\n      <div class=\"pg__prodlist__item__a\">\n        <h2>Crossin Hard 40<\/h2><h3>U\u017edaro tipo putos<\/h3><p class=\"pg__prodlist__zas\">Pamat\u0173 ir grind\u0173 izoliacija<\/p><p>&#8222;Crossin Hard 40&#8221; izoliacija yra u\u017edar\u0173 l\u0105steli\u0173 kietosios putos, skirtos vis\u0173 pirma vis\u0173 tip\u0173 pastat\u0173 konstrukcij\u0173 grind\u0173 (taip pat ne r\u016bsio ir grunto), perdang\u0173 ir pamat\u0173 \u0161iluminei izoliacijai. Ypa\u010d tinka izoliaciniams pavir\u0161iams, veikiamiems padidintos i\u0161orin\u0117s apkrovos.<\/p><div class=\"link03\">Skaityti daugiau<\/div>\n      <\/div>\n    <\/a>\n  <\/div>\n<\/div>\n<\/div>\n<\/div>\n\n\n\n<div class=\"wp-block-columns is-layout-flex wp-container-core-columns-is-layout-9d6595d7 wp-block-columns-is-layout-flex\">\n<div class=\"wp-block-column is-layout-flow wp-block-column-is-layout-flow\">\n<div class=\"pg__prodlist__wrap\">\n  <div class=\"pg__prodlist__item\">\n    <a href=\"https:\/\/crossin.pl\/lt\/produkt\/crossin-hard-50\/\">\n      <div class=\"pg__prodlist__item__a\">\n        <h2>Crossin Hard 50<\/h2><h3>U\u017edaro tipo putos<\/h3><p class=\"pg__prodlist__zas\">Plok\u0161\u010dio stogo izoliacija<\/p><p>&#8222;Crossin Hard 50&#8221; izoliacija &#8211; tai u\u017edar\u0173 l\u0105steli\u0173 kietosios putos, skirtos i\u0161orinei \u0161ilumos izoliacijai, dideliems plok\u0161\u010di\u0173j\u0173 stog\u0173 ir daugia\u0161lai\u010di\u0173 stog\u0173 plotams. Idealiai tinka stogams izoliuoti pramoniniuose, \u017eem\u0117s \u016bkio ir \u016bkiniuose pastatuose, taip pat gyvenamuosiuose pastatuose.<\/p><div class=\"link03\">Skaityti daugiau<\/div>\n      <\/div>\n    <\/a>\n  <\/div>\n<\/div>\n<\/div>\n<\/div>\n<\/div>\n<\/div>\n","protected":false},"excerpt":{"rendered":"<p>Crossin Attic Soft Atvir\u0173 l\u0105steli\u0173 putos Pal\u0117p\u0117s arba lub\u0173 izoliacija &#8222;Crossin Attic Soft&#8221; atvir\u0173 l\u0105steli\u0173 putos skirtos vidinei \u0161ilumos ir garso izoliacijai. &#8222;Crossin Attic Soft&#8221; pur\u0161kiam\u0173 put\u0173 izoliacija yra veiksminga pal\u0117p\u0117s, lub\u0173 ir vidini\u0173 sien\u0173 izoliacija. Jis idealiai tinka karkasiniams namams \u0161iltinti. Skaityti daugiau Crossin Hard 36 U\u017edaro tipo putos Sal\u0117s arba sand\u0117lio izoliacija &#8222;Crossin [&hellip;]<\/p>\n","protected":false},"author":1,"featured_media":3492,"parent":0,"menu_order":120,"comment_status":"closed","ping_status":"closed","template":"page-fullwidth.php","meta":{"inline_featured_image":false,"footnotes":""},"class_list":["post-3735","page","type-page","status-publish","has-post-thumbnail","hentry"],"acf":[],"yoast_head":"<!-- This site is optimized with the Yoast SEO plugin v26.4 - https:\/\/yoast.com\/wordpress\/plugins\/seo\/ -->\n<title>Atvir\u0173 ir u\u017edar\u0173 l\u0105steli\u0173 PUR putos - Crossin<\/title>\n<meta name=\"description\" content=\"&quot;Crossin&quot; prek\u0117s \u017eenklas - tai naujovi\u0161ka poliuretano izoliacijos linija, skirta visapusi\u0161kai, efektyviai ir ekonomi\u0161kai pastat\u0173 izoliacijai!\" \/>\n<meta name=\"robots\" content=\"index, follow, max-snippet:-1, max-image-preview:large, max-video-preview:-1\" \/>\n<link rel=\"canonical\" href=\"https:\/\/crossin.pl\/lt\/produktai\/\" \/>\n<meta property=\"og:locale\" content=\"lt_LT\" \/>\n<meta property=\"og:type\" content=\"article\" \/>\n<meta property=\"og:title\" content=\"Atvir\u0173 ir u\u017edar\u0173 l\u0105steli\u0173 PUR putos - Crossin\" \/>\n<meta property=\"og:description\" content=\"&quot;Crossin&quot; prek\u0117s \u017eenklas - tai naujovi\u0161ka poliuretano izoliacijos linija, skirta visapusi\u0161kai, efektyviai ir ekonomi\u0161kai pastat\u0173 izoliacijai!\" \/>\n<meta property=\"og:url\" content=\"https:\/\/crossin.pl\/lt\/produktai\/\" \/>\n<meta property=\"og:site_name\" content=\"Crossin\" \/>\n<meta property=\"article:modified_time\" content=\"2023-10-23T08:02:13+00:00\" \/>\n<meta property=\"og:image\" content=\"https:\/\/crossin.pl\/wp-content\/uploads\/2023\/10\/cr-post-ogolny-izolacja-pianka-pur-01.webp\" \/>\n\t<meta property=\"og:image:width\" content=\"1200\" \/>\n\t<meta property=\"og:image:height\" content=\"800\" \/>\n\t<meta property=\"og:image:type\" content=\"image\/webp\" \/>\n<meta name=\"twitter:card\" content=\"summary_large_image\" \/>\n<meta name=\"twitter:label1\" content=\"Est. reading time\" \/>\n\t<meta name=\"twitter:data1\" content=\"1 minut\u0117\" \/>\n<script type=\"application\/ld+json\" class=\"yoast-schema-graph\">{\"@context\":\"https:\/\/schema.org\",\"@graph\":[{\"@type\":\"WebPage\",\"@id\":\"https:\/\/crossin.pl\/lt\/produktai\/\",\"url\":\"https:\/\/crossin.pl\/lt\/produktai\/\",\"name\":\"Atvir\u0173 ir u\u017edar\u0173 l\u0105steli\u0173 PUR putos - Crossin\",\"isPartOf\":{\"@id\":\"https:\/\/crossin.pl\/#website\"},\"primaryImageOfPage\":{\"@id\":\"https:\/\/crossin.pl\/lt\/produktai\/#primaryimage\"},\"image\":{\"@id\":\"https:\/\/crossin.pl\/lt\/produktai\/#primaryimage\"},\"thumbnailUrl\":\"https:\/\/crossin.pl\/wp-content\/uploads\/2023\/10\/cr-post-ogolny-izolacja-pianka-pur-01.webp\",\"datePublished\":\"2023-08-14T15:55:54+00:00\",\"dateModified\":\"2023-10-23T08:02:13+00:00\",\"description\":\"\\\"Crossin\\\" prek\u0117s \u017eenklas - tai naujovi\u0161ka poliuretano izoliacijos linija, skirta visapusi\u0161kai, efektyviai ir ekonomi\u0161kai pastat\u0173 izoliacijai!\",\"breadcrumb\":{\"@id\":\"https:\/\/crossin.pl\/lt\/produktai\/#breadcrumb\"},\"inLanguage\":\"lt-LT\",\"potentialAction\":[{\"@type\":\"ReadAction\",\"target\":[\"https:\/\/crossin.pl\/lt\/produktai\/\"]}]},{\"@type\":\"ImageObject\",\"inLanguage\":\"lt-LT\",\"@id\":\"https:\/\/crossin.pl\/lt\/produktai\/#primaryimage\",\"url\":\"https:\/\/crossin.pl\/wp-content\/uploads\/2023\/10\/cr-post-ogolny-izolacja-pianka-pur-01.webp\",\"contentUrl\":\"https:\/\/crossin.pl\/wp-content\/uploads\/2023\/10\/cr-post-ogolny-izolacja-pianka-pur-01.webp\",\"width\":1200,\"height\":800},{\"@type\":\"BreadcrumbList\",\"@id\":\"https:\/\/crossin.pl\/lt\/produktai\/#breadcrumb\",\"itemListElement\":[{\"@type\":\"ListItem\",\"position\":1,\"name\":\"Strona g\u0142\u00f3wna\",\"item\":\"https:\/\/crossin.pl\/lt\/\"},{\"@type\":\"ListItem\",\"position\":2,\"name\":\"Produktai\"}]},{\"@type\":\"WebSite\",\"@id\":\"https:\/\/crossin.pl\/#website\",\"url\":\"https:\/\/crossin.pl\/\",\"name\":\"Crossin\",\"description\":\"Izolacje Pian\u0105 PUR\",\"publisher\":{\"@id\":\"https:\/\/crossin.pl\/#organization\"},\"potentialAction\":[{\"@type\":\"SearchAction\",\"target\":{\"@type\":\"EntryPoint\",\"urlTemplate\":\"https:\/\/crossin.pl\/?s={search_term_string}\"},\"query-input\":{\"@type\":\"PropertyValueSpecification\",\"valueRequired\":true,\"valueName\":\"search_term_string\"}}],\"inLanguage\":\"lt-LT\"},{\"@type\":\"Organization\",\"@id\":\"https:\/\/crossin.pl\/#organization\",\"name\":\"Crossin Insulations\",\"alternateName\":\"Crossin\",\"url\":\"https:\/\/crossin.pl\/\",\"logo\":{\"@type\":\"ImageObject\",\"inLanguage\":\"lt-LT\",\"@id\":\"https:\/\/crossin.pl\/#\/schema\/logo\/image\/\",\"url\":\"https:\/\/crossin.pl\/wp-content\/uploads\/2026\/01\/crossin_logo.svg\",\"contentUrl\":\"https:\/\/crossin.pl\/wp-content\/uploads\/2026\/01\/crossin_logo.svg\",\"caption\":\"Crossin Insulations\"},\"image\":{\"@id\":\"https:\/\/crossin.pl\/#\/schema\/logo\/image\/\"}}]}<\/script>\n<!-- \/ Yoast SEO plugin. -->","yoast_head_json":{"title":"Atvir\u0173 ir u\u017edar\u0173 l\u0105steli\u0173 PUR putos - Crossin","description":"\"Crossin\" prek\u0117s \u017eenklas - tai naujovi\u0161ka poliuretano izoliacijos linija, skirta visapusi\u0161kai, efektyviai ir ekonomi\u0161kai pastat\u0173 izoliacijai!","robots":{"index":"index","follow":"follow","max-snippet":"max-snippet:-1","max-image-preview":"max-image-preview:large","max-video-preview":"max-video-preview:-1"},"canonical":"https:\/\/crossin.pl\/lt\/produktai\/","og_locale":"lt_LT","og_type":"article","og_title":"Atvir\u0173 ir u\u017edar\u0173 l\u0105steli\u0173 PUR putos - Crossin","og_description":"\"Crossin\" prek\u0117s \u017eenklas - tai naujovi\u0161ka poliuretano izoliacijos linija, skirta visapusi\u0161kai, efektyviai ir ekonomi\u0161kai pastat\u0173 izoliacijai!","og_url":"https:\/\/crossin.pl\/lt\/produktai\/","og_site_name":"Crossin","article_modified_time":"2023-10-23T08:02:13+00:00","og_image":[{"width":1200,"height":800,"url":"https:\/\/crossin.pl\/wp-content\/uploads\/2023\/10\/cr-post-ogolny-izolacja-pianka-pur-01.webp","type":"image\/webp"}],"twitter_card":"summary_large_image","twitter_misc":{"Est. reading time":"1 minut\u0117"},"schema":{"@context":"https:\/\/schema.org","@graph":[{"@type":"WebPage","@id":"https:\/\/crossin.pl\/lt\/produktai\/","url":"https:\/\/crossin.pl\/lt\/produktai\/","name":"Atvir\u0173 ir u\u017edar\u0173 l\u0105steli\u0173 PUR putos - Crossin","isPartOf":{"@id":"https:\/\/crossin.pl\/#website"},"primaryImageOfPage":{"@id":"https:\/\/crossin.pl\/lt\/produktai\/#primaryimage"},"image":{"@id":"https:\/\/crossin.pl\/lt\/produktai\/#primaryimage"},"thumbnailUrl":"https:\/\/crossin.pl\/wp-content\/uploads\/2023\/10\/cr-post-ogolny-izolacja-pianka-pur-01.webp","datePublished":"2023-08-14T15:55:54+00:00","dateModified":"2023-10-23T08:02:13+00:00","description":"\"Crossin\" prek\u0117s \u017eenklas - tai naujovi\u0161ka poliuretano izoliacijos linija, skirta visapusi\u0161kai, efektyviai ir ekonomi\u0161kai pastat\u0173 izoliacijai!","breadcrumb":{"@id":"https:\/\/crossin.pl\/lt\/produktai\/#breadcrumb"},"inLanguage":"lt-LT","potentialAction":[{"@type":"ReadAction","target":["https:\/\/crossin.pl\/lt\/produktai\/"]}]},{"@type":"ImageObject","inLanguage":"lt-LT","@id":"https:\/\/crossin.pl\/lt\/produktai\/#primaryimage","url":"https:\/\/crossin.pl\/wp-content\/uploads\/2023\/10\/cr-post-ogolny-izolacja-pianka-pur-01.webp","contentUrl":"https:\/\/crossin.pl\/wp-content\/uploads\/2023\/10\/cr-post-ogolny-izolacja-pianka-pur-01.webp","width":1200,"height":800},{"@type":"BreadcrumbList","@id":"https:\/\/crossin.pl\/lt\/produktai\/#breadcrumb","itemListElement":[{"@type":"ListItem","position":1,"name":"Strona g\u0142\u00f3wna","item":"https:\/\/crossin.pl\/lt\/"},{"@type":"ListItem","position":2,"name":"Produktai"}]},{"@type":"WebSite","@id":"https:\/\/crossin.pl\/#website","url":"https:\/\/crossin.pl\/","name":"Crossin","description":"Izolacje Pian\u0105 PUR","publisher":{"@id":"https:\/\/crossin.pl\/#organization"},"potentialAction":[{"@type":"SearchAction","target":{"@type":"EntryPoint","urlTemplate":"https:\/\/crossin.pl\/?s={search_term_string}"},"query-input":{"@type":"PropertyValueSpecification","valueRequired":true,"valueName":"search_term_string"}}],"inLanguage":"lt-LT"},{"@type":"Organization","@id":"https:\/\/crossin.pl\/#organization","name":"Crossin Insulations","alternateName":"Crossin","url":"https:\/\/crossin.pl\/","logo":{"@type":"ImageObject","inLanguage":"lt-LT","@id":"https:\/\/crossin.pl\/#\/schema\/logo\/image\/","url":"https:\/\/crossin.pl\/wp-content\/uploads\/2026\/01\/crossin_logo.svg","contentUrl":"https:\/\/crossin.pl\/wp-content\/uploads\/2026\/01\/crossin_logo.svg","caption":"Crossin Insulations"},"image":{"@id":"https:\/\/crossin.pl\/#\/schema\/logo\/image\/"}}]}},"_links":{"self":[{"href":"https:\/\/crossin.pl\/lt\/wp-json\/wp\/v2\/pages\/3735","targetHints":{"allow":["GET"]}}],"collection":[{"href":"https:\/\/crossin.pl\/lt\/wp-json\/wp\/v2\/pages"}],"about":[{"href":"https:\/\/crossin.pl\/lt\/wp-json\/wp\/v2\/types\/page"}],"author":[{"embeddable":true,"href":"https:\/\/crossin.pl\/lt\/wp-json\/wp\/v2\/users\/1"}],"replies":[{"embeddable":true,"href":"https:\/\/crossin.pl\/lt\/wp-json\/wp\/v2\/comments?post=3735"}],"version-history":[{"count":10,"href":"https:\/\/crossin.pl\/lt\/wp-json\/wp\/v2\/pages\/3735\/revisions"}],"predecessor-version":[{"id":3814,"href":"https:\/\/crossin.pl\/lt\/wp-json\/wp\/v2\/pages\/3735\/revisions\/3814"}],"wp:featuredmedia":[{"embeddable":true,"href":"https:\/\/crossin.pl\/lt\/wp-json\/wp\/v2\/media\/3492"}],"wp:attachment":[{"href":"https:\/\/crossin.pl\/lt\/wp-json\/wp\/v2\/media?parent=3735"}],"curies":[{"name":"wp","href":"https:\/\/api.w.org\/{rel}","templated":true}]}}