{"id":3491,"date":"2023-08-14T17:55:24","date_gmt":"2023-08-14T15:55:24","guid":{"rendered":"https:\/\/crossin.pl\/pasiulymas\/"},"modified":"2023-10-27T11:25:24","modified_gmt":"2023-10-27T09:25:24","slug":"pasiulymas","status":"publish","type":"page","link":"https:\/\/crossin.pl\/lt\/pasiulymas\/","title":{"rendered":"Pasi\u016blymas"},"content":{"rendered":"\n<div class=\"wp-block-columns is-layout-flex wp-container-core-columns-is-layout-9d6595d7 wp-block-columns-is-layout-flex\">\n<div class=\"wp-block-column is-layout-flow wp-block-column-is-layout-flow\" style=\"flex-basis:10%\"><\/div>\n\n\n\n<div class=\"wp-block-column is-layout-flow wp-block-column-is-layout-flow\" style=\"flex-basis:80%\">\n<p style=\"text-align: center;\">&#8222;Crossin&#8221; tinklas si\u016blo PUR put\u0173 izoliacij\u0105 per \u012fgaliotuosius rangovus.  <br\/>&#8222;Crossin&#8221; auk\u0161tos kokyb\u0117s PUR putos ir patyrusios, gamintojo patikrintos \u012fmon\u0117s \u012fgyvendintas projektas garantuoja auk\u0161\u010diausio lygio izoliacij\u0105.<\/p>\n<\/div>\n\n\n\n<div class=\"wp-block-column is-layout-flow wp-block-column-is-layout-flow\" style=\"flex-basis:10%\"><\/div>\n<\/div>\n\n<div class=\"wp-block-columns is-layout-flex wp-container-core-columns-is-layout-9d6595d7 wp-block-columns-is-layout-flex\">\n<div class=\"wp-block-column is-layout-flow wp-block-column-is-layout-flow\">\n<div class=\"wp-block-columns is-layout-flex wp-container-core-columns-is-layout-9d6595d7 wp-block-columns-is-layout-flex\">\n<div class=\"wp-block-column is-layout-flow wp-block-column-is-layout-flow\">\n<div class=\"pg__offerlist__wrap\">\n  <div class=\"pg__offerlist__item\">\n      <div class=\"pg__offerlist__item__a\">\n        <h2>Gyvenam\u0173j\u0173 pastat\u0173 izoliacija<\/h2><h4>Atvir\u0173 ir u\u017edar\u0173 aku\u010di\u0173 putos<\/h4>\n<div class=\"offer__service__wrap\">\n   <div class=\"offer__service\">\n      <a href=\"https:\/\/crossin.pl\/lt\/pasiulymas\/palepes-izoliacija\/\"><div class=\"offer__service__item\">\n         <img decoding=\"async\" src=\"\/wp-content\/uploads\/2023\/08\/iko-domek-poddasza-01.svg\" alt=\"Pal\u0117p\u0117s izoliacija\"\/>\n         <h3>Izoliacija  <br\/>Pal\u0117p\u0117s<\/h3>\n      <\/div><\/a>\n      <a href=\"https:\/\/crossin.pl\/lt\/pasiulymas\/lubu-izoliacija\/\"><div class=\"offer__service__item\">\n         <img decoding=\"async\" src=\"\/wp-content\/uploads\/2023\/08\/iko-domek-stropy-01.svg\" alt=\"Lub\u0173 izoliacija\"\/>\n         <h3>Izoliacija  <br\/>Lubos<\/h3>\n      <\/div><\/a>\n      <a href=\"https:\/\/crossin.pl\/lt\/pasiulymas\/sienu-ir-karkasiniu-namu-siltinimas\/\"><div class=\"offer__service__item\">\n         <img decoding=\"async\" src=\"\/wp-content\/uploads\/2023\/09\/iko-domek-sciany-05.svg\" alt=\"Sien\u0173 izoliacija\"\/>\n         <h3>Izoliacija  <br\/>Sienos<\/h3>\n      <\/div><\/a>\n      <a href=\"https:\/\/crossin.pl\/lt\/pasiulymas\/grindu-izoliacija\/\"><div class=\"offer__service__item\">\n         <img decoding=\"async\" src=\"\/wp-content\/uploads\/2023\/08\/iko-domek-posadzki-01.svg\" alt=\"Grind\u0173 izoliacija\"\/>\n         <h3>Izoliacija  <br\/>Grindys<\/h3>\n      <\/div><\/a>\n      <a href=\"https:\/\/crossin.pl\/lt\/pasiulymas\/pamatu-izoliavimas\/\"><div class=\"offer__service__item\">\n         <img decoding=\"async\" src=\"\/wp-content\/uploads\/2023\/08\/iko-domek-fundamenty-01.svg\" alt=\"Pamat\u0173 izoliavimas\"\/>\n         <h3>Izoliacija  <br\/>Fondas<\/h3>\n      <\/div><\/a>\n      <a href=\"https:\/\/crossin.pl\/lt\/pasiulymas\/terasu-izoliacija\/\"><div class=\"offer__service__item\">\n         <img decoding=\"async\" src=\"\/wp-content\/uploads\/2023\/08\/iko-domek-tarasy-02.svg\" alt=\"Teras\u0173 izoliacija\"\/>\n         <h3>Izoliacija  <br\/>Terasa<\/h3>\n      <\/div><\/a>\n   <\/div>\n<\/div>\n      <\/div>\n  <\/div>\n<\/div>\n<\/div>\n<\/div>\n\n\n\n<div class=\"wp-block-columns is-layout-flex wp-container-core-columns-is-layout-9d6595d7 wp-block-columns-is-layout-flex\">\n<div class=\"wp-block-column is-layout-flow wp-block-column-is-layout-flow\">\n<div class=\"pg__offerlist__wrap\">\n  <div class=\"pg__offerlist__item\">\n    <a href=\"https:\/\/crossin.pl\/lt\/pasiulymas\/plokscio-stogo-izoliacija\/\">\n      <div class=\"pg__offerlist__item__a\">\n        <h2>Plok\u0161\u010dio stogo izoliacija<\/h2><h4>U\u017edaro tipo putos<\/h4><p class=\"pg__offerlist__zas\">didelio pavir\u0161iaus stog\u0173 izoliacija, veltinio stog\u0173 izoliacija, betonini\u0173 stog\u0173 izoliacija<\/p><p>Plok\u0161\u010diojo stogo \u0161iltinimas PUR putomis yra vienas veiksmingiausi\u0173 izoliacijos b\u016bd\u0173, gerinan\u010di\u0173 \u0161ilumines savybes ir padedan\u010di\u0173 apsaugoti stogo hidroizoliacij\u0105 nuo dr\u0117gm\u0117s ir oro s\u0105lyg\u0173.<\/p><div class=\"link03\">Skaityti daugiau<\/div>\n      <\/div>\n    <\/a>\n  <\/div>\n<\/div>\n<\/div>\n<\/div>\n\n\n\n<div class=\"wp-block-columns is-layout-flex wp-container-core-columns-is-layout-9d6595d7 wp-block-columns-is-layout-flex\">\n<div class=\"wp-block-column is-layout-flow wp-block-column-is-layout-flow\">\n<div class=\"pg__offerlist__wrap\">\n  <div class=\"pg__offerlist__item\">\n    <a href=\"https:\/\/crossin.pl\/lt\/pasiulymas\/pramones-izoliacija\/\">\n      <div class=\"pg__offerlist__item__a\">\n        <h2>Pramon\u0117s izoliacija<\/h2><h4>U\u017edaro tipo putos<\/h4><p class=\"pg__offerlist__zas\">didelio pavir\u0161iaus stog\u0173 izoliacija, veltinio stog\u0173 izoliacija, betonini\u0173 stog\u0173 izoliacija<\/p><p>Pramon\u0117je PUR putos da\u017eniausiai naudojamos sand\u0117liams, gamybos sal\u0117ms, saugykloms ir rezervuarams izoliuoti.\nIzoliacija PUR putomis suteikia daug privalum\u0173, gerina energijos vartojimo efektyvum\u0105 ir apsaugo nuo ekstremali\u0173 oro s\u0105lyg\u0173, dr\u0117gm\u0117s ir triuk\u0161mo. <\/p><div class=\"link03\">Skaityti daugiau<\/div>\n      <\/div>\n    <\/a>\n  <\/div>\n<\/div>\n<\/div>\n<\/div>\n\n\n\n<div class=\"wp-block-columns is-layout-flex wp-container-core-columns-is-layout-9d6595d7 wp-block-columns-is-layout-flex\">\n<div class=\"wp-block-column is-layout-flow wp-block-column-is-layout-flow\">\n<div class=\"pg__offerlist__wrap\">\n  <div class=\"pg__offerlist__item\">\n    <a href=\"https:\/\/crossin.pl\/lt\/pasiulymas\/zemes-ukio-izoliacija\/\">\n      <div class=\"pg__offerlist__item__a\">\n        <h2>\u017dem\u0117s \u016bkio izoliacija<\/h2><h4>U\u017edaro tipo putos<\/h4><p class=\"pg__offerlist__zas\">sand\u0117li\u0173 ir silos\u0173 izoliacija, \u0161aldymo saugykl\u0173 izoliacija, pauk\u0161tides ir kiaulides izoliuojanti med\u017eiaga.<\/p><p>\u017dem\u0117s \u016bkyje PUR putos da\u017eniausiai naudojamos tvartams, sand\u0117liams, taip pat \u0161aldymo kameroms ir vaisi\u0173, dar\u017eovi\u0173 bei g\u0117li\u0173 saugykloms izoliuoti.\nDa\u017enai ji naudojama kaip izoliacija pauk\u0161tid\u0117se ar tvartuose. <\/p><div class=\"link03\">Skaityti daugiau<\/div>\n      <\/div>\n    <\/a>\n  <\/div>\n<\/div>\n<\/div>\n<\/div>\n<\/div>\n<\/div>\n","protected":false},"excerpt":{"rendered":"<p>&#8222;Crossin&#8221; tinklas si\u016blo PUR put\u0173 izoliacij\u0105 per \u012fgaliotuosius rangovus. &#8222;Crossin&#8221; auk\u0161tos kokyb\u0117s PUR putos ir patyrusios, gamintojo patikrintos \u012fmon\u0117s \u012fgyvendintas projektas garantuoja auk\u0161\u010diausio lygio izoliacij\u0105. Gyvenam\u0173j\u0173 pastat\u0173 izoliacija Atvir\u0173 ir u\u017edar\u0173 aku\u010di\u0173 putos Izoliacija Pal\u0117p\u0117s Izoliacija Lubos Izoliacija Sienos Izoliacija Grindys Izoliacija Fondas Izoliacija Terasa Plok\u0161\u010dio stogo izoliacija U\u017edaro tipo putos didelio pavir\u0161iaus stog\u0173 izoliacija, [&hellip;]<\/p>\n","protected":false},"author":1,"featured_media":3492,"parent":0,"menu_order":20,"comment_status":"closed","ping_status":"closed","template":"page-fullwidth.php","meta":{"inline_featured_image":false,"footnotes":""},"class_list":["post-3491","page","type-page","status-publish","has-post-thumbnail","hentry"],"acf":[],"yoast_head":"<!-- This site is optimized with the Yoast SEO plugin v26.4 - https:\/\/yoast.com\/wordpress\/plugins\/seo\/ -->\n<title>Pasi\u016blymas | PUR put\u0173 izoliacijos paslaugos - Crossin<\/title>\n<meta name=\"description\" content=\"Profesionali PUR pur\u0161kiam\u0173 put\u0173 izoliacija. Auk\u0161\u010diausia kokyb\u0117, ilgaam\u017ei\u0161kumas ir \u0161iluminis efektyvumas. Per\u017ei\u016br\u0117kite m\u016bs\u0173 pasi\u016blym\u0105!\" \/>\n<meta name=\"robots\" content=\"index, follow, max-snippet:-1, max-image-preview:large, max-video-preview:-1\" \/>\n<link rel=\"canonical\" href=\"https:\/\/crossin.pl\/lt\/pasiulymas\/\" \/>\n<meta property=\"og:locale\" content=\"lt_LT\" \/>\n<meta property=\"og:type\" content=\"article\" \/>\n<meta property=\"og:title\" content=\"Pasi\u016blymas | PUR put\u0173 izoliacijos paslaugos - Crossin\" \/>\n<meta property=\"og:description\" content=\"Profesionali PUR pur\u0161kiam\u0173 put\u0173 izoliacija. Auk\u0161\u010diausia kokyb\u0117, ilgaam\u017ei\u0161kumas ir \u0161iluminis efektyvumas. Per\u017ei\u016br\u0117kite m\u016bs\u0173 pasi\u016blym\u0105!\" \/>\n<meta property=\"og:url\" content=\"https:\/\/crossin.pl\/lt\/pasiulymas\/\" \/>\n<meta property=\"og:site_name\" content=\"Crossin\" \/>\n<meta property=\"article:modified_time\" content=\"2023-10-27T09:25:24+00:00\" \/>\n<meta property=\"og:image\" content=\"https:\/\/crossin.pl\/wp-content\/uploads\/2023\/10\/cr-post-ogolny-izolacja-pianka-pur-01.webp\" \/>\n\t<meta property=\"og:image:width\" content=\"1200\" \/>\n\t<meta property=\"og:image:height\" content=\"800\" \/>\n\t<meta property=\"og:image:type\" content=\"image\/webp\" \/>\n<meta name=\"twitter:card\" content=\"summary_large_image\" \/>\n<meta name=\"twitter:label1\" content=\"Est. reading time\" \/>\n\t<meta name=\"twitter:data1\" content=\"1 minut\u0117\" \/>\n<script type=\"application\/ld+json\" class=\"yoast-schema-graph\">{\"@context\":\"https:\/\/schema.org\",\"@graph\":[{\"@type\":\"WebPage\",\"@id\":\"https:\/\/crossin.pl\/lt\/pasiulymas\/\",\"url\":\"https:\/\/crossin.pl\/lt\/pasiulymas\/\",\"name\":\"Pasi\u016blymas | PUR put\u0173 izoliacijos paslaugos - Crossin\",\"isPartOf\":{\"@id\":\"https:\/\/crossin.pl\/#website\"},\"primaryImageOfPage\":{\"@id\":\"https:\/\/crossin.pl\/lt\/pasiulymas\/#primaryimage\"},\"image\":{\"@id\":\"https:\/\/crossin.pl\/lt\/pasiulymas\/#primaryimage\"},\"thumbnailUrl\":\"https:\/\/crossin.pl\/wp-content\/uploads\/2023\/10\/cr-post-ogolny-izolacja-pianka-pur-01.webp\",\"datePublished\":\"2023-08-14T15:55:24+00:00\",\"dateModified\":\"2023-10-27T09:25:24+00:00\",\"description\":\"Profesionali PUR pur\u0161kiam\u0173 put\u0173 izoliacija. Auk\u0161\u010diausia kokyb\u0117, ilgaam\u017ei\u0161kumas ir \u0161iluminis efektyvumas. Per\u017ei\u016br\u0117kite m\u016bs\u0173 pasi\u016blym\u0105!\",\"breadcrumb\":{\"@id\":\"https:\/\/crossin.pl\/lt\/pasiulymas\/#breadcrumb\"},\"inLanguage\":\"lt-LT\",\"potentialAction\":[{\"@type\":\"ReadAction\",\"target\":[\"https:\/\/crossin.pl\/lt\/pasiulymas\/\"]}]},{\"@type\":\"ImageObject\",\"inLanguage\":\"lt-LT\",\"@id\":\"https:\/\/crossin.pl\/lt\/pasiulymas\/#primaryimage\",\"url\":\"https:\/\/crossin.pl\/wp-content\/uploads\/2023\/10\/cr-post-ogolny-izolacja-pianka-pur-01.webp\",\"contentUrl\":\"https:\/\/crossin.pl\/wp-content\/uploads\/2023\/10\/cr-post-ogolny-izolacja-pianka-pur-01.webp\",\"width\":1200,\"height\":800},{\"@type\":\"BreadcrumbList\",\"@id\":\"https:\/\/crossin.pl\/lt\/pasiulymas\/#breadcrumb\",\"itemListElement\":[{\"@type\":\"ListItem\",\"position\":1,\"name\":\"Strona g\u0142\u00f3wna\",\"item\":\"https:\/\/crossin.pl\/lt\/\"},{\"@type\":\"ListItem\",\"position\":2,\"name\":\"Pasi\u016blymas\"}]},{\"@type\":\"WebSite\",\"@id\":\"https:\/\/crossin.pl\/#website\",\"url\":\"https:\/\/crossin.pl\/\",\"name\":\"Crossin\",\"description\":\"Izolacje Pian\u0105 PUR\",\"publisher\":{\"@id\":\"https:\/\/crossin.pl\/#organization\"},\"potentialAction\":[{\"@type\":\"SearchAction\",\"target\":{\"@type\":\"EntryPoint\",\"urlTemplate\":\"https:\/\/crossin.pl\/?s={search_term_string}\"},\"query-input\":{\"@type\":\"PropertyValueSpecification\",\"valueRequired\":true,\"valueName\":\"search_term_string\"}}],\"inLanguage\":\"lt-LT\"},{\"@type\":\"Organization\",\"@id\":\"https:\/\/crossin.pl\/#organization\",\"name\":\"Crossin Insulations\",\"alternateName\":\"Crossin\",\"url\":\"https:\/\/crossin.pl\/\",\"logo\":{\"@type\":\"ImageObject\",\"inLanguage\":\"lt-LT\",\"@id\":\"https:\/\/crossin.pl\/#\/schema\/logo\/image\/\",\"url\":\"https:\/\/crossin.pl\/wp-content\/uploads\/2026\/01\/crossin_logo.svg\",\"contentUrl\":\"https:\/\/crossin.pl\/wp-content\/uploads\/2026\/01\/crossin_logo.svg\",\"caption\":\"Crossin Insulations\"},\"image\":{\"@id\":\"https:\/\/crossin.pl\/#\/schema\/logo\/image\/\"}}]}<\/script>\n<!-- \/ Yoast SEO plugin. -->","yoast_head_json":{"title":"Pasi\u016blymas | PUR put\u0173 izoliacijos paslaugos - Crossin","description":"Profesionali PUR pur\u0161kiam\u0173 put\u0173 izoliacija. Auk\u0161\u010diausia kokyb\u0117, ilgaam\u017ei\u0161kumas ir \u0161iluminis efektyvumas. Per\u017ei\u016br\u0117kite m\u016bs\u0173 pasi\u016blym\u0105!","robots":{"index":"index","follow":"follow","max-snippet":"max-snippet:-1","max-image-preview":"max-image-preview:large","max-video-preview":"max-video-preview:-1"},"canonical":"https:\/\/crossin.pl\/lt\/pasiulymas\/","og_locale":"lt_LT","og_type":"article","og_title":"Pasi\u016blymas | PUR put\u0173 izoliacijos paslaugos - Crossin","og_description":"Profesionali PUR pur\u0161kiam\u0173 put\u0173 izoliacija. Auk\u0161\u010diausia kokyb\u0117, ilgaam\u017ei\u0161kumas ir \u0161iluminis efektyvumas. Per\u017ei\u016br\u0117kite m\u016bs\u0173 pasi\u016blym\u0105!","og_url":"https:\/\/crossin.pl\/lt\/pasiulymas\/","og_site_name":"Crossin","article_modified_time":"2023-10-27T09:25:24+00:00","og_image":[{"width":1200,"height":800,"url":"https:\/\/crossin.pl\/wp-content\/uploads\/2023\/10\/cr-post-ogolny-izolacja-pianka-pur-01.webp","type":"image\/webp"}],"twitter_card":"summary_large_image","twitter_misc":{"Est. reading time":"1 minut\u0117"},"schema":{"@context":"https:\/\/schema.org","@graph":[{"@type":"WebPage","@id":"https:\/\/crossin.pl\/lt\/pasiulymas\/","url":"https:\/\/crossin.pl\/lt\/pasiulymas\/","name":"Pasi\u016blymas | PUR put\u0173 izoliacijos paslaugos - Crossin","isPartOf":{"@id":"https:\/\/crossin.pl\/#website"},"primaryImageOfPage":{"@id":"https:\/\/crossin.pl\/lt\/pasiulymas\/#primaryimage"},"image":{"@id":"https:\/\/crossin.pl\/lt\/pasiulymas\/#primaryimage"},"thumbnailUrl":"https:\/\/crossin.pl\/wp-content\/uploads\/2023\/10\/cr-post-ogolny-izolacja-pianka-pur-01.webp","datePublished":"2023-08-14T15:55:24+00:00","dateModified":"2023-10-27T09:25:24+00:00","description":"Profesionali PUR pur\u0161kiam\u0173 put\u0173 izoliacija. Auk\u0161\u010diausia kokyb\u0117, ilgaam\u017ei\u0161kumas ir \u0161iluminis efektyvumas. Per\u017ei\u016br\u0117kite m\u016bs\u0173 pasi\u016blym\u0105!","breadcrumb":{"@id":"https:\/\/crossin.pl\/lt\/pasiulymas\/#breadcrumb"},"inLanguage":"lt-LT","potentialAction":[{"@type":"ReadAction","target":["https:\/\/crossin.pl\/lt\/pasiulymas\/"]}]},{"@type":"ImageObject","inLanguage":"lt-LT","@id":"https:\/\/crossin.pl\/lt\/pasiulymas\/#primaryimage","url":"https:\/\/crossin.pl\/wp-content\/uploads\/2023\/10\/cr-post-ogolny-izolacja-pianka-pur-01.webp","contentUrl":"https:\/\/crossin.pl\/wp-content\/uploads\/2023\/10\/cr-post-ogolny-izolacja-pianka-pur-01.webp","width":1200,"height":800},{"@type":"BreadcrumbList","@id":"https:\/\/crossin.pl\/lt\/pasiulymas\/#breadcrumb","itemListElement":[{"@type":"ListItem","position":1,"name":"Strona g\u0142\u00f3wna","item":"https:\/\/crossin.pl\/lt\/"},{"@type":"ListItem","position":2,"name":"Pasi\u016blymas"}]},{"@type":"WebSite","@id":"https:\/\/crossin.pl\/#website","url":"https:\/\/crossin.pl\/","name":"Crossin","description":"Izolacje Pian\u0105 PUR","publisher":{"@id":"https:\/\/crossin.pl\/#organization"},"potentialAction":[{"@type":"SearchAction","target":{"@type":"EntryPoint","urlTemplate":"https:\/\/crossin.pl\/?s={search_term_string}"},"query-input":{"@type":"PropertyValueSpecification","valueRequired":true,"valueName":"search_term_string"}}],"inLanguage":"lt-LT"},{"@type":"Organization","@id":"https:\/\/crossin.pl\/#organization","name":"Crossin Insulations","alternateName":"Crossin","url":"https:\/\/crossin.pl\/","logo":{"@type":"ImageObject","inLanguage":"lt-LT","@id":"https:\/\/crossin.pl\/#\/schema\/logo\/image\/","url":"https:\/\/crossin.pl\/wp-content\/uploads\/2026\/01\/crossin_logo.svg","contentUrl":"https:\/\/crossin.pl\/wp-content\/uploads\/2026\/01\/crossin_logo.svg","caption":"Crossin Insulations"},"image":{"@id":"https:\/\/crossin.pl\/#\/schema\/logo\/image\/"}}]}},"_links":{"self":[{"href":"https:\/\/crossin.pl\/lt\/wp-json\/wp\/v2\/pages\/3491","targetHints":{"allow":["GET"]}}],"collection":[{"href":"https:\/\/crossin.pl\/lt\/wp-json\/wp\/v2\/pages"}],"about":[{"href":"https:\/\/crossin.pl\/lt\/wp-json\/wp\/v2\/types\/page"}],"author":[{"embeddable":true,"href":"https:\/\/crossin.pl\/lt\/wp-json\/wp\/v2\/users\/1"}],"replies":[{"embeddable":true,"href":"https:\/\/crossin.pl\/lt\/wp-json\/wp\/v2\/comments?post=3491"}],"version-history":[{"count":7,"href":"https:\/\/crossin.pl\/lt\/wp-json\/wp\/v2\/pages\/3491\/revisions"}],"predecessor-version":[{"id":4288,"href":"https:\/\/crossin.pl\/lt\/wp-json\/wp\/v2\/pages\/3491\/revisions\/4288"}],"wp:featuredmedia":[{"embeddable":true,"href":"https:\/\/crossin.pl\/lt\/wp-json\/wp\/v2\/media\/3492"}],"wp:attachment":[{"href":"https:\/\/crossin.pl\/lt\/wp-json\/wp\/v2\/media?parent=3491"}],"curies":[{"name":"wp","href":"https:\/\/api.w.org\/{rel}","templated":true}]}}