{"id":2318,"date":"2023-08-14T18:00:20","date_gmt":"2023-08-14T16:00:20","guid":{"rendered":"https:\/\/crossin.pl\/contact\/"},"modified":"2023-10-19T10:39:09","modified_gmt":"2023-10-19T08:39:09","slug":"contact","status":"publish","type":"page","link":"https:\/\/crossin.pl\/en\/contact\/","title":{"rendered":"Contact"},"content":{"rendered":"\n<div class=\"wp-block-columns is-layout-flex wp-container-core-columns-is-layout-9d6595d7 wp-block-columns-is-layout-flex\">\n<div class=\"wp-block-column is-layout-flow wp-block-column-is-layout-flow\">\n<div class=\"wp-block-columns is-layout-flex wp-container-core-columns-is-layout-9d6595d7 wp-block-columns-is-layout-flex\">\n<div class=\"wp-block-column is-layout-flow wp-block-column-is-layout-flow\">\n<p>Manufacturer of spray insulation systems Crossin<br\/><strong>PCC Prodex Sp. z o.o <\/strong><br\/>ul. Sienkiewicza 4 <br\/>56-120 Brzeg Dolny<\/p>\n\n\n\n<p><strong>Customer Service Department<\/strong><br\/>+48 71 794 34 11<br\/>+48 665 000 888<br\/>e-mail: <a href=\"mailto:crossin@pcc.eu\">crossin@pcc.eu<\/a><\/p>\n\n\n\n<p><strong>Secretariat<\/strong><br\/>+48 71 794 34 10<\/p>\n\n\n\n<p>KRS 0000024928 S\u0105d Rejonowy dla Wroc\u0142awia-Fabrycznej,<br\/>IX Wydzia\u0142 Gospodarczy Krajowego Rejestru S\u0105dowego.<br\/>NIP 522-18-03-295<br\/>REGON 012290187<\/p>\n<\/div>\n\n\n\n<div class=\"wp-block-column is-layout-flow wp-block-column-is-layout-flow\">\n\n<div class=\"wpcf7 no-js\" id=\"wpcf7-f2705-o1\" lang=\"en-US\" dir=\"ltr\" data-wpcf7-id=\"2705\">\n<div class=\"screen-reader-response\"><p role=\"status\" aria-live=\"polite\" aria-atomic=\"true\"><\/p> <ul><\/ul><\/div>\n<form action=\"\/en\/wp-json\/wp\/v2\/pages\/2318#wpcf7-f2705-o1\" method=\"post\" class=\"wpcf7-form init\" aria-label=\"Contact form\" novalidate=\"novalidate\" data-status=\"init\">\n<fieldset class=\"hidden-fields-container\"><input type=\"hidden\" name=\"_wpcf7\" value=\"2705\" \/><input type=\"hidden\" name=\"_wpcf7_version\" value=\"6.1.3\" \/><input type=\"hidden\" name=\"_wpcf7_locale\" value=\"en_US\" \/><input type=\"hidden\" name=\"_wpcf7_unit_tag\" value=\"wpcf7-f2705-o1\" \/><input type=\"hidden\" name=\"_wpcf7_container_post\" value=\"0\" \/><input type=\"hidden\" name=\"_wpcf7_posted_data_hash\" value=\"\" \/><input type=\"hidden\" name=\"_wpcf7_recaptcha_response\" value=\"\" \/>\n<\/fieldset>\n<div id=\"form-consult\">\n<div class=\"cr__head03\"><h3>Write<br><span>to us<\/span><\/h3><\/div>\n\n<p><label> <span class=\"wpcf7-form-control-wrap\" data-name=\"your-name\"><input size=\"40\" maxlength=\"400\" class=\"wpcf7-form-control wpcf7-text wpcf7-validates-as-required\" autocomplete=\"name\" aria-required=\"true\" aria-invalid=\"false\" placeholder=\"Your name*\" value=\"\" type=\"text\" name=\"your-name\" \/><\/span><\/label><\/p>\n\n<p><label><span class=\"wpcf7-form-control-wrap\" data-name=\"nrtel\"><input size=\"40\" maxlength=\"400\" class=\"wpcf7-form-control wpcf7-text wpcf7-validates-as-required\" aria-required=\"true\" aria-invalid=\"false\" placeholder=\"Your telephone number\" value=\"\" type=\"text\" name=\"nrtel\" \/><\/span><\/label><\/p>\n\n<p><label><span class=\"wpcf7-form-control-wrap\" data-name=\"your-email\"><input size=\"40\" maxlength=\"400\" class=\"wpcf7-form-control wpcf7-email wpcf7-validates-as-required wpcf7-text wpcf7-validates-as-email\" autocomplete=\"email\" aria-required=\"true\" aria-invalid=\"false\" placeholder=\"Your e-mail address\" value=\"\" type=\"email\" name=\"your-email\" \/><\/span><\/label><\/p>\n\n<label><span class=\"wpcf7-form-control-wrap\" data-name=\"your-message\"><textarea cols=\"40\" rows=\"10\" maxlength=\"2000\" class=\"wpcf7-form-control wpcf7-textarea\" aria-invalid=\"false\" placeholder=\"Type your message\" name=\"your-message\"><\/textarea><\/span> <\/label>\n    <div class=\"zgoda\">\n        <label>\n            <div class=\"zgoda-checkbox\"><span class=\"wpcf7-form-control-wrap\" data-name=\"zgoda\"><span class=\"wpcf7-form-control wpcf7-acceptance\"><span class=\"wpcf7-list-item\"><input type=\"checkbox\" name=\"zgoda\" value=\"1\" aria-invalid=\"false\" \/><\/span><\/span><\/span><\/div>\n            <div class=\"zgoda-text\">\n                <p>To contact us via the form above - please provide the data indicated therein. Providing your data is voluntary, but if you do not do so, sending us a message in this way will not be possible.\n  \n <\/p>\n                <p>The personal data administrator is PCC Prodex Sp. z o.o. with its registered office in Brzeg Dolny (Sienkiewicza Street 4, 56-120 Brzeg Dolny). In the matter of personal data you can contact us by e-mail: <a href=\"mailto:iodo@pcc.eu\">iodo@pcc.eu<\/a>. \n  \n <\/p>\n                <p class=\"hidden\">We process your data in order to communicate with you and respond to your message. The basis for processing your data is the legitimate interest of the data controller or a third party (to contact you back, our marketing or partners, including the <a href=\"https:\/\/www.pcc.eu\/pcc-na-swiecie\/?lang=pl\" target=\"\u201d_blank\u201d\" rel=\"noopener noreferrer\">PCC Group<\/a>, to which you may object), or to take action on the\n  \n \n Your request, prior to the conclusion of a contract, if any - depending on the content of your message. As a general rule, we will process your data until the end of our communication with you or until you lodge an objection, unless we are obliged by law to process this data for longer or we will store it for longer in case of potential claims, for the period of limitation prescribed by law, in particular the Civil Code.  \n \n \n \n <\/p>\n                <div class=\"hidden\">\n                    <strong>At any time you have the right to:<\/strong>\n                    <ul>\n                        <li>object to the processing of your data;<\/li>\n                        <li>access to your personal data, including requesting a copy of it;<\/li>\n                        <li>Request rectification, restriction of processing or deletion of your data;<\/li>\n                        <li>portability of your personal data, e.g. to another controller (unless the basis of their\n processing is the legitimate interest of the controller);\n <\/li>\n                        <li>lodge a complaint with the President of the Office for Personal Data Protection.<\/li>\n                    <\/ul>\n                <\/div>\n                <p class=\"hidden\">Recipients of your data may be companies that support us in communicating with you and\n help us run the store, external consulting firms (including legal, marketing and accounting firms)\n or external IT specialists, including <a href=\"https:\/\/www.pcc.eu\/pcc-na-swiecie\/?lang=pl\" target=\"\u201d_blank\u201d\" rel=\"noopener noreferrer\">PCC Group<\/a> entities.\n \n <\/p>\n                <p class=\"hidden\">Learn more about how we process your data in our <a href=\"\/polityka-prywatnosci\" target=\"\u201d_blank\u201d\" rel=\"noopener noreferrer\">Privacy Policy<\/a>.\n                <\/p>\n            <\/div>\n        <\/label>\n        <span class=\"show-more-acceptance\">Read more<\/span>\n    <\/div>\n    <p class=\"addnotation\">* - required fields<\/p>\n<input class=\"wpcf7-form-control wpcf7-submit has-spinner\" type=\"submit\" value=\"Wy\u015blij\" \/>\n<\/div><div class=\"wpcf7-response-output\" aria-hidden=\"true\"><\/div>\n<\/form>\n<\/div>\n\n<\/div>\n<\/div>\n<\/div>\n<\/div>\n\n<div style=\"height:40px\" aria-hidden=\"true\" class=\"wp-block-spacer\"><\/div>\n","protected":false},"excerpt":{"rendered":"<p>Manufacturer of spray insulation systems CrossinPCC Prodex Sp. z o.o ul. Sienkiewicza 4 56-120 Brzeg Dolny Customer Service Department+48 71 794 34 11+48 665 000 888e-mail: crossin@pcc.eu Secretariat+48 71 794 34 10 KRS 0000024928 S\u0105d Rejonowy dla Wroc\u0142awia-Fabrycznej,IX Wydzia\u0142 Gospodarczy Krajowego Rejestru S\u0105dowego.NIP 522-18-03-295REGON 012290187<\/p>\n","protected":false},"author":1,"featured_media":3029,"parent":0,"menu_order":820,"comment_status":"closed","ping_status":"closed","template":"page-fullwidth.php","meta":{"inline_featured_image":false,"footnotes":""},"class_list":["post-2318","page","type-page","status-publish","has-post-thumbnail","hentry"],"acf":[],"yoast_head":"<!-- This site is optimized with the Yoast SEO plugin v26.4 - https:\/\/yoast.com\/wordpress\/plugins\/seo\/ -->\n<title>Contact - Crossin<\/title>\n<meta name=\"description\" content=\"Are you interested in our offer? Want to learn more about our products and services? Visit the contact page now!\" \/>\n<meta name=\"robots\" content=\"index, follow, max-snippet:-1, max-image-preview:large, max-video-preview:-1\" \/>\n<link rel=\"canonical\" href=\"https:\/\/crossin.pl\/en\/contact\/\" \/>\n<meta property=\"og:locale\" content=\"en_US\" \/>\n<meta property=\"og:type\" content=\"article\" \/>\n<meta property=\"og:title\" content=\"Contact - Crossin\" \/>\n<meta property=\"og:description\" content=\"Are you interested in our offer? Want to learn more about our products and services? Visit the contact page now!\" \/>\n<meta property=\"og:url\" content=\"https:\/\/crossin.pl\/en\/contact\/\" \/>\n<meta property=\"og:site_name\" content=\"Crossin\" \/>\n<meta property=\"article:modified_time\" content=\"2023-10-19T08:39:09+00:00\" \/>\n<meta property=\"og:image\" content=\"https:\/\/crossin.pl\/wp-content\/uploads\/2023\/10\/cr-post-ogolny-izolacja-pianka-pur-01.webp\" \/>\n\t<meta property=\"og:image:width\" content=\"1200\" \/>\n\t<meta property=\"og:image:height\" content=\"800\" \/>\n\t<meta property=\"og:image:type\" content=\"image\/webp\" \/>\n<meta name=\"twitter:card\" content=\"summary_large_image\" \/>\n<script type=\"application\/ld+json\" class=\"yoast-schema-graph\">{\"@context\":\"https:\/\/schema.org\",\"@graph\":[{\"@type\":\"WebPage\",\"@id\":\"https:\/\/crossin.pl\/en\/contact\/\",\"url\":\"https:\/\/crossin.pl\/en\/contact\/\",\"name\":\"Contact - Crossin\",\"isPartOf\":{\"@id\":\"https:\/\/crossin.pl\/#website\"},\"primaryImageOfPage\":{\"@id\":\"https:\/\/crossin.pl\/en\/contact\/#primaryimage\"},\"image\":{\"@id\":\"https:\/\/crossin.pl\/en\/contact\/#primaryimage\"},\"thumbnailUrl\":\"https:\/\/crossin.pl\/wp-content\/uploads\/2023\/10\/cr-post-ogolny-izolacja-pianka-pur-01.webp\",\"datePublished\":\"2023-08-14T16:00:20+00:00\",\"dateModified\":\"2023-10-19T08:39:09+00:00\",\"description\":\"Are you interested in our offer? Want to learn more about our products and services? Visit the contact page now!\",\"breadcrumb\":{\"@id\":\"https:\/\/crossin.pl\/en\/contact\/#breadcrumb\"},\"inLanguage\":\"en-US\",\"potentialAction\":[{\"@type\":\"ReadAction\",\"target\":[\"https:\/\/crossin.pl\/en\/contact\/\"]}]},{\"@type\":\"ImageObject\",\"inLanguage\":\"en-US\",\"@id\":\"https:\/\/crossin.pl\/en\/contact\/#primaryimage\",\"url\":\"https:\/\/crossin.pl\/wp-content\/uploads\/2023\/10\/cr-post-ogolny-izolacja-pianka-pur-01.webp\",\"contentUrl\":\"https:\/\/crossin.pl\/wp-content\/uploads\/2023\/10\/cr-post-ogolny-izolacja-pianka-pur-01.webp\",\"width\":1200,\"height\":800,\"caption\":\"Izolacja Pian\u0105 PUR - Crossin\"},{\"@type\":\"BreadcrumbList\",\"@id\":\"https:\/\/crossin.pl\/en\/contact\/#breadcrumb\",\"itemListElement\":[{\"@type\":\"ListItem\",\"position\":1,\"name\":\"Strona g\u0142\u00f3wna\",\"item\":\"https:\/\/crossin.pl\/en\/\"},{\"@type\":\"ListItem\",\"position\":2,\"name\":\"Contact\"}]},{\"@type\":\"WebSite\",\"@id\":\"https:\/\/crossin.pl\/#website\",\"url\":\"https:\/\/crossin.pl\/\",\"name\":\"Crossin\",\"description\":\"Izolacje Pian\u0105 PUR\",\"publisher\":{\"@id\":\"https:\/\/crossin.pl\/#organization\"},\"potentialAction\":[{\"@type\":\"SearchAction\",\"target\":{\"@type\":\"EntryPoint\",\"urlTemplate\":\"https:\/\/crossin.pl\/?s={search_term_string}\"},\"query-input\":{\"@type\":\"PropertyValueSpecification\",\"valueRequired\":true,\"valueName\":\"search_term_string\"}}],\"inLanguage\":\"en-US\"},{\"@type\":\"Organization\",\"@id\":\"https:\/\/crossin.pl\/#organization\",\"name\":\"Crossin Insulations\",\"alternateName\":\"Crossin\",\"url\":\"https:\/\/crossin.pl\/\",\"logo\":{\"@type\":\"ImageObject\",\"inLanguage\":\"en-US\",\"@id\":\"https:\/\/crossin.pl\/#\/schema\/logo\/image\/\",\"url\":\"https:\/\/crossin.pl\/wp-content\/uploads\/2026\/01\/crossin_logo.svg\",\"contentUrl\":\"https:\/\/crossin.pl\/wp-content\/uploads\/2026\/01\/crossin_logo.svg\",\"caption\":\"Crossin Insulations\"},\"image\":{\"@id\":\"https:\/\/crossin.pl\/#\/schema\/logo\/image\/\"}}]}<\/script>\n<!-- \/ Yoast SEO plugin. -->","yoast_head_json":{"title":"Contact - Crossin","description":"Are you interested in our offer? Want to learn more about our products and services? Visit the contact page now!","robots":{"index":"index","follow":"follow","max-snippet":"max-snippet:-1","max-image-preview":"max-image-preview:large","max-video-preview":"max-video-preview:-1"},"canonical":"https:\/\/crossin.pl\/en\/contact\/","og_locale":"en_US","og_type":"article","og_title":"Contact - Crossin","og_description":"Are you interested in our offer? Want to learn more about our products and services? Visit the contact page now!","og_url":"https:\/\/crossin.pl\/en\/contact\/","og_site_name":"Crossin","article_modified_time":"2023-10-19T08:39:09+00:00","og_image":[{"width":1200,"height":800,"url":"https:\/\/crossin.pl\/wp-content\/uploads\/2023\/10\/cr-post-ogolny-izolacja-pianka-pur-01.webp","type":"image\/webp"}],"twitter_card":"summary_large_image","schema":{"@context":"https:\/\/schema.org","@graph":[{"@type":"WebPage","@id":"https:\/\/crossin.pl\/en\/contact\/","url":"https:\/\/crossin.pl\/en\/contact\/","name":"Contact - Crossin","isPartOf":{"@id":"https:\/\/crossin.pl\/#website"},"primaryImageOfPage":{"@id":"https:\/\/crossin.pl\/en\/contact\/#primaryimage"},"image":{"@id":"https:\/\/crossin.pl\/en\/contact\/#primaryimage"},"thumbnailUrl":"https:\/\/crossin.pl\/wp-content\/uploads\/2023\/10\/cr-post-ogolny-izolacja-pianka-pur-01.webp","datePublished":"2023-08-14T16:00:20+00:00","dateModified":"2023-10-19T08:39:09+00:00","description":"Are you interested in our offer? Want to learn more about our products and services? Visit the contact page now!","breadcrumb":{"@id":"https:\/\/crossin.pl\/en\/contact\/#breadcrumb"},"inLanguage":"en-US","potentialAction":[{"@type":"ReadAction","target":["https:\/\/crossin.pl\/en\/contact\/"]}]},{"@type":"ImageObject","inLanguage":"en-US","@id":"https:\/\/crossin.pl\/en\/contact\/#primaryimage","url":"https:\/\/crossin.pl\/wp-content\/uploads\/2023\/10\/cr-post-ogolny-izolacja-pianka-pur-01.webp","contentUrl":"https:\/\/crossin.pl\/wp-content\/uploads\/2023\/10\/cr-post-ogolny-izolacja-pianka-pur-01.webp","width":1200,"height":800,"caption":"Izolacja Pian\u0105 PUR - Crossin"},{"@type":"BreadcrumbList","@id":"https:\/\/crossin.pl\/en\/contact\/#breadcrumb","itemListElement":[{"@type":"ListItem","position":1,"name":"Strona g\u0142\u00f3wna","item":"https:\/\/crossin.pl\/en\/"},{"@type":"ListItem","position":2,"name":"Contact"}]},{"@type":"WebSite","@id":"https:\/\/crossin.pl\/#website","url":"https:\/\/crossin.pl\/","name":"Crossin","description":"Izolacje Pian\u0105 PUR","publisher":{"@id":"https:\/\/crossin.pl\/#organization"},"potentialAction":[{"@type":"SearchAction","target":{"@type":"EntryPoint","urlTemplate":"https:\/\/crossin.pl\/?s={search_term_string}"},"query-input":{"@type":"PropertyValueSpecification","valueRequired":true,"valueName":"search_term_string"}}],"inLanguage":"en-US"},{"@type":"Organization","@id":"https:\/\/crossin.pl\/#organization","name":"Crossin Insulations","alternateName":"Crossin","url":"https:\/\/crossin.pl\/","logo":{"@type":"ImageObject","inLanguage":"en-US","@id":"https:\/\/crossin.pl\/#\/schema\/logo\/image\/","url":"https:\/\/crossin.pl\/wp-content\/uploads\/2026\/01\/crossin_logo.svg","contentUrl":"https:\/\/crossin.pl\/wp-content\/uploads\/2026\/01\/crossin_logo.svg","caption":"Crossin Insulations"},"image":{"@id":"https:\/\/crossin.pl\/#\/schema\/logo\/image\/"}}]}},"_links":{"self":[{"href":"https:\/\/crossin.pl\/en\/wp-json\/wp\/v2\/pages\/2318","targetHints":{"allow":["GET"]}}],"collection":[{"href":"https:\/\/crossin.pl\/en\/wp-json\/wp\/v2\/pages"}],"about":[{"href":"https:\/\/crossin.pl\/en\/wp-json\/wp\/v2\/types\/page"}],"author":[{"embeddable":true,"href":"https:\/\/crossin.pl\/en\/wp-json\/wp\/v2\/users\/1"}],"replies":[{"embeddable":true,"href":"https:\/\/crossin.pl\/en\/wp-json\/wp\/v2\/comments?post=2318"}],"version-history":[{"count":3,"href":"https:\/\/crossin.pl\/en\/wp-json\/wp\/v2\/pages\/2318\/revisions"}],"predecessor-version":[{"id":2321,"href":"https:\/\/crossin.pl\/en\/wp-json\/wp\/v2\/pages\/2318\/revisions\/2321"}],"wp:featuredmedia":[{"embeddable":true,"href":"https:\/\/crossin.pl\/en\/wp-json\/wp\/v2\/media\/3029"}],"wp:attachment":[{"href":"https:\/\/crossin.pl\/en\/wp-json\/wp\/v2\/media?parent=2318"}],"curies":[{"name":"wp","href":"https:\/\/api.w.org\/{rel}","templated":true}]}}