{"id":5638,"date":"2026-01-14T09:55:40","date_gmt":"2026-01-14T08:55:40","guid":{"rendered":"https:\/\/crossin.pl\/technologie-crossin\/"},"modified":"2026-03-04T10:56:44","modified_gmt":"2026-03-04T09:56:44","slug":"technologie-crossin","status":"publish","type":"page","link":"https:\/\/crossin.pl\/cs\/technologie-crossin\/","title":{"rendered":"Technologie Crossin"},"content":{"rendered":"\n<div class=\"wp-block-columns is-layout-flex wp-container-core-columns-is-layout-9d6595d7 wp-block-columns-is-layout-flex\">\n<div class=\"wp-block-column is-layout-flow wp-block-column-is-layout-flow\">\n<div class=\"axionpure\">\n  <img decoding=\"async\" src=\"\/wp-content\/uploads\/2026\/01\/logo-AxionPure-01.webp\" alt=\"Axion Pure\" \/>\n<\/div>\n\n\n\n<p>Technologie AxionPure je v\u00fdsledkem pr\u00e1ce v\u00fdzkumn\u00e9ho odd\u011blen\u00ed a \u00fazk\u00e9 spolupr\u00e1ce t\u00fdm\u016f kvality, n\u00e1kupu a v\u00fdroby.<\/p>\n\n\n\n<p>D\u00edky komplexn\u00ed kontrole procesu \u2013 od pe\u010dliv\u00e9ho v\u00fdb\u011bru surovin, p\u0159es p\u0159\u00edpravu komponent a\u017e po detailn\u00ed hodnocen\u00ed kvality \u2013 jsme v\u00fdrazn\u011b sn\u00ed\u017eili obsah t\u011bkav\u00fdch organick\u00fdch l\u00e1tek v na\u0161ich polyuretanov\u00fdch syst\u00e9mech.<\/p>\n\n\n\n<p>Spl\u0148ujeme vysok\u00e9 standardy v oblasti emis\u00ed VOC s ohledem na po\u017eadavky platn\u00e9 ve vybran\u00fdch evropsk\u00fdch zem\u00edch, kter\u00e9 jsou p\u0159\u00edsn\u011bj\u0161\u00ed ne\u017e aktu\u00e1ln\u00ed n\u00e1rodn\u00ed normy.<\/p>\n\n\n\n<p>Jak sni\u017eujeme emise VOC?<\/p>\n\n\n\n<p><strong>V\u00fdb\u011br surovin:<\/strong><\/p>\n\n\n\n<ul class=\"wp-block-list\">\n<li>komponenty s minim\u00e1ln\u00edm emisn\u00edm potenci\u00e1lem,<\/li>\n\n\n\n<li>reaktivn\u00ed p\u0159\u00edsady (katalyz\u00e1tory, stabiliz\u00e1tory, zpomalova\u010de ho\u0159en\u00ed) trvale zabudovan\u00e9 do polymern\u00ed struktury b\u011bhem s\u00ed\u0165ovac\u00edho procesu,<\/li>\n\n\n\n<li>certifikovan\u00e9 suroviny od ov\u011b\u0159en\u00fdch v\u00fdrobc\u016f,<\/li>\n\n\n\n<li>pravideln\u00e9 audity dodavatel\u016f.<\/li>\n<\/ul>\n\n\n\n<p><strong>Optimalizace v\u00fdrobn\u00edho procesu:<\/strong><\/p>\n\n\n\n<ul class=\"wp-block-list\">\n<li>p\u0159esn\u00e9 d\u00e1vkov\u00e1n\u00ed surovin zaji\u0161\u0165uj\u00edc\u00ed \u00faplnou reakci slo\u017eek b\u011bhem p\u011bn\u011bn\u00ed syst\u00e9mu,<\/li>\n\n\n\n<li>stabiln\u00ed a kontrolovan\u00e9 podm\u00ednky m\u00edch\u00e1n\u00ed,<\/li>\n\n\n\n<li>nep\u0159etr\u017eit\u00e9 monitorov\u00e1n\u00ed v\u00fdrobn\u00edch parametr\u016f.<\/li>\n<\/ul>\n\n\n\n<p>AxionPure p\u0159edstavuje komplexn\u00ed p\u0159\u00edstup k n\u00e1vrhu a v\u00fdrob\u011b polyuretanov\u00fdch syst\u00e9m\u016f se sn\u00ed\u017een\u00fdmi emisemi VOC \u2013 jako odpov\u011b\u010f na rostouc\u00ed po\u017eadavky trhu v oblasti kvality, bezpe\u010dnosti a udr\u017eiteln\u00e9ho rozvoje.<\/p>\n<\/div>\n<\/div>\n\n<div class=\"wp-block-columns is-layout-flex wp-container-core-columns-is-layout-9d6595d7 wp-block-columns-is-layout-flex\">\n<div class=\"wp-block-column is-layout-flow wp-block-column-is-layout-flow\">\n<div style=\"height:40px\" aria-hidden=\"true\" class=\"wp-block-spacer\"><\/div>\n\n\n\n<hr class=\"wp-block-separator has-alpha-channel-opacity\" \/>\n\n\n\n<div style=\"height:40px\" aria-hidden=\"true\" class=\"wp-block-spacer\"><\/div>\n<\/div>\n<\/div>\n\n<div class=\"wp-block-columns is-layout-flex wp-container-core-columns-is-layout-9d6595d7 wp-block-columns-is-layout-flex\">\n<div class=\"wp-block-column is-layout-flow wp-block-column-is-layout-flow\">\n<div class=\"moldexia\">\n  <img decoding=\"async\" src=\"\/wp-content\/uploads\/2026\/01\/logo-Moldexia-01.webp\" alt=\"Moldexia\" \/>\n<\/div>\n\n\n\n<p>Technologie Moldexia je v\u00fdsledkem dlouholet\u00e9 pr\u00e1ce na\u0161eho v\u00fdzkumn\u00e9ho t\u00fdmu.<\/p>\n\n\n\n<p>D\u00edky pou\u017eit\u00ed unik\u00e1tn\u00ed kombinace stabiliz\u00e1tor\u016f a specializovan\u00fdch p\u0159\u00edsad jsme dos\u00e1hli polyuretanov\u00e9 p\u011bny s trval\u00fdm biostatick\u00fdm \u00fa\u010dinkem. Toto \u0159e\u0161en\u00ed \u00fa\u010dinn\u011b omezuje usazov\u00e1n\u00ed a r\u016fst hub a pl\u00edsn\u00ed. <\/p>\n\n\n\n<p><strong>Biostatick\u00fd \u00fa\u010dinek je v\u00fdsledkem:<\/strong><\/p>\n\n\n\n<ul class=\"wp-block-list\">\n<li>povrchu s n\u00edzkou biologickou n\u00e1chylnost\u00ed,<\/li>\n\n\n\n<li>absence \u017eivin pro mikroorganismy,<\/li>\n\n\n\n<li>potla\u010den\u00ed schopnosti mno\u017een\u00ed hub a pl\u00edsn\u00ed.<\/li>\n<\/ul>\n\n\n\n<p>Technologie je trvale v\u00e1z\u00e1na na polymern\u00ed matrici, d\u00edky \u010demu\u017e z\u016fst\u00e1v\u00e1 nerozpustn\u00e1 a stabiln\u00ed. I po mechanick\u00e9m obrou\u0161en\u00ed povrchov\u00e9 vrstvy si p\u011bna zachov\u00e1v\u00e1 sv\u00e9 biostatick\u00e9 vlastnosti. <\/p>\n\n\n\n<p><strong>V\u00fdhody technologie Moldexia:<\/strong><\/p>\n\n\n\n<ul class=\"wp-block-list\">\n<li>trval\u00fd biostatick\u00fd \u00fa\u010dinek po celou dobu \u017eivotnosti p\u011bny,<\/li>\n\n\n\n<li>\u0161irok\u00e9 spektrum \u00fa\u010dinnosti (houby, pl\u00edsn\u011b, \u0159asy),<\/li>\n\n\n\n<li>\u017e\u00e1dn\u00e9 uvol\u0148ov\u00e1n\u00ed nebezpe\u010dn\u00fdch biocid\u016f do \u017eivotn\u00edho prost\u0159ed\u00ed.<\/li>\n<\/ul>\n\n\n\n<p>\u00da\u010dinnost technologie Moldexia byla potvrzena testy proveden\u00fdmi v nez\u00e1visl\u00fdch, akreditovan\u00fdch mikrobiologick\u00fdch laborato\u0159\u00edch, co\u017e potvrzuje jej\u00ed dlouhodobou a stabiln\u00ed biostatickou aktivitu.<\/p>\n<\/div>\n<\/div>\n\n<p><\/p>\n","protected":false},"excerpt":{"rendered":"<p>Technologie AxionPure je v\u00fdsledkem pr\u00e1ce v\u00fdzkumn\u00e9ho odd\u011blen\u00ed a \u00fazk\u00e9 spolupr\u00e1ce t\u00fdm\u016f kvality, n\u00e1kupu a v\u00fdroby. D\u00edky komplexn\u00ed kontrole procesu \u2013 od pe\u010dliv\u00e9ho v\u00fdb\u011bru surovin, p\u0159es p\u0159\u00edpravu komponent a\u017e po detailn\u00ed hodnocen\u00ed kvality \u2013 jsme v\u00fdrazn\u011b sn\u00ed\u017eili obsah t\u011bkav\u00fdch organick\u00fdch l\u00e1tek v na\u0161ich polyuretanov\u00fdch syst\u00e9mech. Spl\u0148ujeme vysok\u00e9 standardy v oblasti emis\u00ed VOC s ohledem na po\u017eadavky [&hellip;]<\/p>\n","protected":false},"author":1,"featured_media":0,"parent":0,"menu_order":160,"comment_status":"closed","ping_status":"closed","template":"page-fullwidth.php","meta":{"inline_featured_image":false,"footnotes":""},"class_list":["post-5638","page","type-page","status-publish","hentry"],"acf":[],"yoast_head":"<!-- This site is optimized with the Yoast SEO plugin v26.4 - https:\/\/yoast.com\/wordpress\/plugins\/seo\/ -->\n<title>Technologie Crossin - Crossin<\/title>\n<meta name=\"robots\" content=\"noindex, nofollow\" \/>\n<meta property=\"og:locale\" content=\"cs_CZ\" \/>\n<meta property=\"og:type\" content=\"article\" \/>\n<meta property=\"og:title\" content=\"Technologie Crossin - Crossin\" \/>\n<meta property=\"og:description\" content=\"Technologie AxionPure je v\u00fdsledkem pr\u00e1ce v\u00fdzkumn\u00e9ho odd\u011blen\u00ed a \u00fazk\u00e9 spolupr\u00e1ce t\u00fdm\u016f kvality, n\u00e1kupu a v\u00fdroby. D\u00edky komplexn\u00ed kontrole procesu \u2013 od pe\u010dliv\u00e9ho v\u00fdb\u011bru surovin, p\u0159es p\u0159\u00edpravu komponent a\u017e po detailn\u00ed hodnocen\u00ed kvality \u2013 jsme v\u00fdrazn\u011b sn\u00ed\u017eili obsah t\u011bkav\u00fdch organick\u00fdch l\u00e1tek v na\u0161ich polyuretanov\u00fdch syst\u00e9mech. Spl\u0148ujeme vysok\u00e9 standardy v oblasti emis\u00ed VOC s ohledem na po\u017eadavky [&hellip;]\" \/>\n<meta property=\"og:url\" content=\"https:\/\/crossin.pl\/cs\/technologie-crossin\/\" \/>\n<meta property=\"og:site_name\" content=\"Crossin\" \/>\n<meta property=\"article:modified_time\" content=\"2026-03-04T09:56:44+00:00\" \/>\n<meta property=\"og:image\" content=\"https:\/\/crossin.pl\/wp-content\/uploads\/2025\/05\/crossin-01.webp\" \/>\n\t<meta property=\"og:image:width\" content=\"1200\" \/>\n\t<meta property=\"og:image:height\" content=\"675\" \/>\n\t<meta property=\"og:image:type\" content=\"image\/webp\" \/>\n<meta name=\"twitter:card\" content=\"summary_large_image\" \/>\n<meta name=\"twitter:label1\" content=\"Odhadovan\u00e1 doba \u010dten\u00ed\" \/>\n\t<meta name=\"twitter:data1\" content=\"2 minuty\" \/>\n<script type=\"application\/ld+json\" class=\"yoast-schema-graph\">{\"@context\":\"https:\/\/schema.org\",\"@graph\":[{\"@type\":\"WebPage\",\"@id\":\"https:\/\/crossin.pl\/cs\/technologie-crossin\/\",\"url\":\"https:\/\/crossin.pl\/cs\/technologie-crossin\/\",\"name\":\"Technologie Crossin - Crossin\",\"isPartOf\":{\"@id\":\"https:\/\/crossin.pl\/#website\"},\"datePublished\":\"2026-01-14T08:55:40+00:00\",\"dateModified\":\"2026-03-04T09:56:44+00:00\",\"breadcrumb\":{\"@id\":\"https:\/\/crossin.pl\/cs\/technologie-crossin\/#breadcrumb\"},\"inLanguage\":\"cs\",\"potentialAction\":[{\"@type\":\"ReadAction\",\"target\":[\"https:\/\/crossin.pl\/cs\/technologie-crossin\/\"]}]},{\"@type\":\"BreadcrumbList\",\"@id\":\"https:\/\/crossin.pl\/cs\/technologie-crossin\/#breadcrumb\",\"itemListElement\":[{\"@type\":\"ListItem\",\"position\":1,\"name\":\"Strona g\u0142\u00f3wna\",\"item\":\"https:\/\/crossin.pl\/cs\/\"},{\"@type\":\"ListItem\",\"position\":2,\"name\":\"Technologie Crossin\"}]},{\"@type\":\"WebSite\",\"@id\":\"https:\/\/crossin.pl\/#website\",\"url\":\"https:\/\/crossin.pl\/\",\"name\":\"Crossin\",\"description\":\"Izolacje Pian\u0105 PUR\",\"publisher\":{\"@id\":\"https:\/\/crossin.pl\/#organization\"},\"potentialAction\":[{\"@type\":\"SearchAction\",\"target\":{\"@type\":\"EntryPoint\",\"urlTemplate\":\"https:\/\/crossin.pl\/?s={search_term_string}\"},\"query-input\":{\"@type\":\"PropertyValueSpecification\",\"valueRequired\":true,\"valueName\":\"search_term_string\"}}],\"inLanguage\":\"cs\"},{\"@type\":\"Organization\",\"@id\":\"https:\/\/crossin.pl\/#organization\",\"name\":\"Crossin Insulations\",\"alternateName\":\"Crossin\",\"url\":\"https:\/\/crossin.pl\/\",\"logo\":{\"@type\":\"ImageObject\",\"inLanguage\":\"cs\",\"@id\":\"https:\/\/crossin.pl\/#\/schema\/logo\/image\/\",\"url\":\"https:\/\/crossin.pl\/wp-content\/uploads\/2026\/01\/crossin_logo.svg\",\"contentUrl\":\"https:\/\/crossin.pl\/wp-content\/uploads\/2026\/01\/crossin_logo.svg\",\"caption\":\"Crossin Insulations\"},\"image\":{\"@id\":\"https:\/\/crossin.pl\/#\/schema\/logo\/image\/\"}}]}<\/script>\n<!-- \/ Yoast SEO plugin. -->","yoast_head_json":{"title":"Technologie Crossin - Crossin","robots":{"index":"noindex","follow":"nofollow"},"og_locale":"cs_CZ","og_type":"article","og_title":"Technologie Crossin - Crossin","og_description":"Technologie AxionPure je v\u00fdsledkem pr\u00e1ce v\u00fdzkumn\u00e9ho odd\u011blen\u00ed a \u00fazk\u00e9 spolupr\u00e1ce t\u00fdm\u016f kvality, n\u00e1kupu a v\u00fdroby. D\u00edky komplexn\u00ed kontrole procesu \u2013 od pe\u010dliv\u00e9ho v\u00fdb\u011bru surovin, p\u0159es p\u0159\u00edpravu komponent a\u017e po detailn\u00ed hodnocen\u00ed kvality \u2013 jsme v\u00fdrazn\u011b sn\u00ed\u017eili obsah t\u011bkav\u00fdch organick\u00fdch l\u00e1tek v na\u0161ich polyuretanov\u00fdch syst\u00e9mech. Spl\u0148ujeme vysok\u00e9 standardy v oblasti emis\u00ed VOC s ohledem na po\u017eadavky [&hellip;]","og_url":"https:\/\/crossin.pl\/cs\/technologie-crossin\/","og_site_name":"Crossin","article_modified_time":"2026-03-04T09:56:44+00:00","og_image":[{"width":1200,"height":675,"url":"https:\/\/crossin.pl\/wp-content\/uploads\/2025\/05\/crossin-01.webp","type":"image\/webp"}],"twitter_card":"summary_large_image","twitter_misc":{"Odhadovan\u00e1 doba \u010dten\u00ed":"2 minuty"},"schema":{"@context":"https:\/\/schema.org","@graph":[{"@type":"WebPage","@id":"https:\/\/crossin.pl\/cs\/technologie-crossin\/","url":"https:\/\/crossin.pl\/cs\/technologie-crossin\/","name":"Technologie Crossin - Crossin","isPartOf":{"@id":"https:\/\/crossin.pl\/#website"},"datePublished":"2026-01-14T08:55:40+00:00","dateModified":"2026-03-04T09:56:44+00:00","breadcrumb":{"@id":"https:\/\/crossin.pl\/cs\/technologie-crossin\/#breadcrumb"},"inLanguage":"cs","potentialAction":[{"@type":"ReadAction","target":["https:\/\/crossin.pl\/cs\/technologie-crossin\/"]}]},{"@type":"BreadcrumbList","@id":"https:\/\/crossin.pl\/cs\/technologie-crossin\/#breadcrumb","itemListElement":[{"@type":"ListItem","position":1,"name":"Strona g\u0142\u00f3wna","item":"https:\/\/crossin.pl\/cs\/"},{"@type":"ListItem","position":2,"name":"Technologie Crossin"}]},{"@type":"WebSite","@id":"https:\/\/crossin.pl\/#website","url":"https:\/\/crossin.pl\/","name":"Crossin","description":"Izolacje Pian\u0105 PUR","publisher":{"@id":"https:\/\/crossin.pl\/#organization"},"potentialAction":[{"@type":"SearchAction","target":{"@type":"EntryPoint","urlTemplate":"https:\/\/crossin.pl\/?s={search_term_string}"},"query-input":{"@type":"PropertyValueSpecification","valueRequired":true,"valueName":"search_term_string"}}],"inLanguage":"cs"},{"@type":"Organization","@id":"https:\/\/crossin.pl\/#organization","name":"Crossin Insulations","alternateName":"Crossin","url":"https:\/\/crossin.pl\/","logo":{"@type":"ImageObject","inLanguage":"cs","@id":"https:\/\/crossin.pl\/#\/schema\/logo\/image\/","url":"https:\/\/crossin.pl\/wp-content\/uploads\/2026\/01\/crossin_logo.svg","contentUrl":"https:\/\/crossin.pl\/wp-content\/uploads\/2026\/01\/crossin_logo.svg","caption":"Crossin Insulations"},"image":{"@id":"https:\/\/crossin.pl\/#\/schema\/logo\/image\/"}}]}},"_links":{"self":[{"href":"https:\/\/crossin.pl\/cs\/wp-json\/wp\/v2\/pages\/5638","targetHints":{"allow":["GET"]}}],"collection":[{"href":"https:\/\/crossin.pl\/cs\/wp-json\/wp\/v2\/pages"}],"about":[{"href":"https:\/\/crossin.pl\/cs\/wp-json\/wp\/v2\/types\/page"}],"author":[{"embeddable":true,"href":"https:\/\/crossin.pl\/cs\/wp-json\/wp\/v2\/users\/1"}],"replies":[{"embeddable":true,"href":"https:\/\/crossin.pl\/cs\/wp-json\/wp\/v2\/comments?post=5638"}],"version-history":[{"count":2,"href":"https:\/\/crossin.pl\/cs\/wp-json\/wp\/v2\/pages\/5638\/revisions"}],"predecessor-version":[{"id":5640,"href":"https:\/\/crossin.pl\/cs\/wp-json\/wp\/v2\/pages\/5638\/revisions\/5640"}],"wp:attachment":[{"href":"https:\/\/crossin.pl\/cs\/wp-json\/wp\/v2\/media?parent=5638"}],"curies":[{"name":"wp","href":"https:\/\/api.w.org\/{rel}","templated":true}]}}