{"id":2717,"date":"2023-08-14T17:01:22","date_gmt":"2023-08-14T15:01:22","guid":{"rendered":"https:\/\/crossin.pl\/zasady-ochrany-osobnich-udaju\/"},"modified":"2023-10-12T20:37:33","modified_gmt":"2023-10-12T18:37:33","slug":"politika-soukromi","status":"publish","type":"page","link":"https:\/\/crossin.pl\/cs\/politika-soukromi\/","title":{"rendered":"Politika Soukrom\u00ed"},"content":{"rendered":"\n<p><strong>I. SERVIS<\/strong><br>Tyto z\u00e1sady ochrany osobn\u00edch \u00fadaj\u016f se vztahuj\u00ed na webov\u00e9 str\u00e1nky pod dom\u00e9nou crossin.pcc.eu.<br><\/p>\n\n\n\n<p><strong>II. SPR\u00c1VCE OSOBN\u00cdCH \u00daDAJ\u016e<\/strong><br>Spr\u00e1vcem osobn\u00edch \u00fadaj\u016f je spole\u010dnost PCC Prodex Sp. z o.o. se s\u00eddlem v Brzegu Doln\u00e9m (ul. Sienkiewicza 4, 56-120 Brzeg Dolny), \u010d\u00edslo KRS 0000024928 Okresn\u00ed soud pro Vratislav-Fabrycznu ve Vratislavi, IX. hospod\u00e1\u0159sk\u00e9 odd\u011blen\u00ed N\u00e1rodn\u00edho soudn\u00edho rejst\u0159\u00edku, NIP 522-18-03-295, REGON 012290187, z\u00e1kladn\u00ed kapit\u00e1l 50 000 PLN, splacen\u00fd kapit\u00e1l 50 000 PLN.<br><\/p>\n\n\n\n<p>Na\u0161eho pov\u011b\u0159ence pro ochranu osobn\u00edch \u00fadaj\u016f m\u016f\u017eete kontaktovat e-mailem: <a href=\"mailto:odo.prodex@pcc.eu\">odo.prodex@pcc.eu.<\/a><\/p>\n\n\n\n<p>Spr\u00e1vce prohla\u0161uje, \u017ee v\u011bnuje zvl\u00e1\u0161tn\u00ed p\u00e9\u010di ochran\u011b z\u00e1jm\u016f subjekt\u016f \u00fadaj\u016f, a zejm\u00e9na zaji\u0161\u0165uje, aby:<\/p>\n\n\n\n<ol class=\"wp-block-list\">\n<li>zpracov\u00e1v\u00e1 osobn\u00ed \u00fadaje z\u00e1konn\u00fdm, korektn\u00edm a transparentn\u00edm zp\u016fsobem;<\/li>\n\n\n\n<li>shroma\u017e\u010fuje osobn\u00ed \u00fadaje pro konkr\u00e9tn\u00ed, v\u00fdslovn\u011b vyj\u00e1d\u0159en\u00e9 a legitimn\u00ed \u00fa\u010dely a d\u00e1le je nezpracov\u00e1v\u00e1 zp\u016fsobem, kter\u00fd je s t\u011bmito \u00fa\u010dely neslu\u010diteln\u00fd;<\/li>\n\n\n\n<li>Osobn\u00ed \u00fadaje jsou p\u0159im\u011b\u0159en\u00e9, relevantn\u00ed a omezen\u00e9 na to, co je nezbytn\u00e9 pro \u00fa\u010dely, pro kter\u00e9 jsou zpracov\u00e1v\u00e1ny;<\/li>\n\n\n\n<li>Osobn\u00ed \u00fadaje jsou spr\u00e1vn\u00e9 a v p\u0159\u00edpad\u011b pot\u0159eby aktualizovan\u00e9;<\/li>\n\n\n\n<li>uchov\u00e1v\u00e1 osobn\u00ed \u00fadaje ve form\u011b, kter\u00e1 umo\u017e\u0148uje identifikaci subjektu \u00fadaj\u016f, po dobu ne del\u0161\u00ed, ne\u017e je nezbytn\u00e9 pro \u00fa\u010dely, pro kter\u00e9 jsou zpracov\u00e1v\u00e1ny;<\/li>\n\n\n\n<li>zpracov\u00e1v\u00e1 osobn\u00ed \u00fadaje zp\u016fsobem, kter\u00fd zaji\u0161\u0165uje odpov\u00eddaj\u00edc\u00ed bezpe\u010dnost, v\u010detn\u011b ochrany p\u0159ed neopr\u00e1vn\u011bn\u00fdm nebo protipr\u00e1vn\u00edm zpracov\u00e1n\u00edm a p\u0159ed n\u00e1hodnou ztr\u00e1tou, zni\u010den\u00edm nebo po\u0161kozen\u00edm, a to prost\u0159ednictv\u00edm vhodn\u00fdch technick\u00fdch nebo organiza\u010dn\u00edch opat\u0159en\u00ed.<\/li>\n<\/ol>\n\n\n\n<p><strong>III. \u00da\u010cEL ZPRACOV\u00c1N\u00cd<br><\/strong>Osobn\u00ed \u00fadaje m\u016f\u017ee Spr\u00e1vce zpracov\u00e1vat mimo jin\u00e9 pro tyto \u00fa\u010dely:<\/p>\n\n\n\n<ol class=\"wp-block-list\">\n<li>komunikaci a odpov\u011b\u010f na zpr\u00e1vu. Z\u00e1kladem pro zpracov\u00e1n\u00ed va\u0161ich osobn\u00edch \u00fadaj\u016f je opr\u00e1vn\u011bn\u00fd z\u00e1jem spr\u00e1vce nebo t\u0159et\u00ed strany, nap\u0159.: nav\u00e1z\u00e1n\u00ed kontaktu s v\u00e1mi, n\u00e1\u0161 marketing nebo partne\u0159i, v\u010detn\u011b <a href=\"https:\/\/www.pcc.eu\/pl\/pcc-na-swiecie\/\" target=\"_blank\" rel=\"noreferrer noopener\">skupiny PCC<\/a>.<\/li>\n\n\n\n<li>uzav\u0159en\u00ed a pln\u011bn\u00ed smlouvy o poskytov\u00e1n\u00ed slu\u017eeb nebo kupn\u00ed smlouvy &#8211; z\u00e1kladem pro zpracov\u00e1n\u00ed je zde nutnost uzav\u0159en\u00ed smlouvy;<\/li>\n\n\n\n<li>p\u0159\u00edm\u00fd marketing produkt\u016f a slu\u017eeb Spr\u00e1vce a subjekt\u016f skupiny PCC &#8211; dokud nevznesete n\u00e1mitku proti zpracov\u00e1n\u00ed Va\u0161ich \u00fadaj\u016f pro tento \u00fa\u010del nebo neodvol\u00e1te sv\u016fj souhlas &#8211; z\u00e1kladem zpracov\u00e1n\u00ed je zde napln\u011bn\u00ed opr\u00e1vn\u011bn\u00fdch z\u00e1jm\u016f Spr\u00e1vce nebo t\u0159et\u00ed strany nebo souhlas;<\/li>\n\n\n\n<li>pln\u011bn\u00ed z\u00e1konn\u00fdch povinnost\u00ed Spr\u00e1vce (nap\u0159. da\u0148ov\u00fdch, \u00fa\u010detn\u00edch, vy\u0159izov\u00e1n\u00ed st\u00ed\u017enost\u00ed) &#8211; po dobu trv\u00e1n\u00ed t\u011bchto povinnost\u00ed nebo po dobu nezbytnou k prok\u00e1z\u00e1n\u00ed spln\u011bn\u00ed t\u011bchto povinnost\u00ed org\u00e1n\u016fm opr\u00e1vn\u011bn\u00fdm ke kontrole v tomto ohledu &#8211; d\u016fvodem zpracov\u00e1n\u00ed je z\u00e1konn\u00e1 povinnost Spr\u00e1vce;<\/li>\n\n\n\n<li>ur\u010den\u00ed, obhajoba a uplatn\u011bn\u00ed n\u00e1rok\u016f &#8211; po dobu, po kterou se n\u00e1roky (nap\u0159. ze smluv) proml\u010duj\u00ed, nebo po dobu p\u0159\u00edpadn\u00e9ho \u0159\u00edzen\u00ed &#8211; z\u00e1kladem pro zpracov\u00e1n\u00ed je zde opr\u00e1vn\u011bn\u00fd z\u00e1jem nebo pr\u00e1vn\u00ed povinnost spr\u00e1vce.<\/li>\n<\/ol>\n\n\n\n<p>Poskytnut\u00ed osobn\u00edch \u00fadaj\u016f je dobrovoln\u00e9, ale m\u016f\u017ee b\u00fdt nezbytn\u00e9 nap\u0159\u00edklad pro uzav\u0159en\u00ed nebo pln\u011bn\u00ed smlouvy nebo pro odpov\u011b\u010f na dotaz \u010di korespondenci.<\/p>\n\n\n\n<p>Pokud je zpracov\u00e1n\u00ed osobn\u00edch \u00fadaj\u016f zalo\u017eeno na souhlasu, m\u00e1te pr\u00e1vo jej kdykoli odvolat, ani\u017e by byla dot\u010dena z\u00e1konnost zpracov\u00e1n\u00ed, kter\u00e9 bylo provedeno na z\u00e1klad\u011b souhlasu p\u0159ed jeho odvol\u00e1n\u00edm.<\/p>\n\n\n\n<p><strong>IV. P\u0158\u00cdJEMCI OSOBN\u00cdCH \u00daDAJ\u016e<br><\/strong><\/p>\n\n\n\n<ol class=\"wp-block-list\">\n<li>Osobn\u00ed \u00fadaje mohou b\u00fdt zp\u0159\u00edstupn\u011bny extern\u00edm subjekt\u016fm pouze v mez\u00edch z\u00e1kona, za \u00fa\u010delem a v rozsahu nezbytn\u00e9m mimo jin\u00e9 pro \u00fa\u010dely zpracov\u00e1n\u00ed \u00fadaj\u016f. pro \u0159\u00e1dn\u00e9 pln\u011bn\u00ed kupn\u00ed smlouvy nebo servisn\u00ed smlouvy.<\/li>\n\n\n\n<li>Spr\u00e1vce m\u016f\u017ee pov\u011b\u0159it zpracov\u00e1n\u00edm osobn\u00edch \u00fadaj\u016f t\u0159et\u00ed osoby za \u00fa\u010delem prov\u00e1d\u011bn\u00ed \u010dinnost\u00ed souvisej\u00edc\u00edch s v\u00fdkonem sv\u00e9 \u010dinnosti, jako\u017e i za \u00fa\u010delem uplatn\u011bn\u00ed nebo ochrany p\u0159ed n\u00e1roky souvisej\u00edc\u00edmi s vyu\u017e\u00edv\u00e1n\u00edm jeho slu\u017eeb nebo produkt\u016f. T\u011bmito subjekty mohou b\u00fdt:<\/li>\n<\/ol>\n\n\n\n<ol class=\"wp-block-list\">\n<li>extern\u00ed poradensk\u00e9 firmy (v\u010detn\u011b pr\u00e1vn\u00edch, auditorsk\u00fdch, da\u0148ov\u00fdch, marketingov\u00fdch a \u00fa\u010detn\u00edch slu\u017eeb);<\/li>\n\n\n\n<li>extern\u00ed IT specialist\u00e9;<\/li>\n\n\n\n<li>subjekty, kter\u00e9 pom\u00e1haj\u00ed spr\u00e1vci p\u0159i vy\u0159izov\u00e1n\u00ed korespondence;<\/li>\n\n\n\n<li>kur\u00fd\u0159i &#8211; v p\u0159\u00edpad\u011b korespondence nebo kur\u00fdrn\u00edch z\u00e1silek;<\/li>\n\n\n\n<li>provozovatel\u00e9 internetov\u00fdch plateb nebo banky &#8211; v p\u0159\u00edpad\u011b finan\u010dn\u00edho z\u00fa\u010dtov\u00e1n\u00ed;<\/li>\n\n\n\n<li>subjekty spolupracuj\u00edc\u00ed se spr\u00e1vcem v r\u00e1mci prodejn\u00edch slu\u017eeb;<\/li>\n\n\n\n<li>a dal\u0161\u00ed subjekty ve skupin\u011b PCC, kter\u00e9 pro spr\u00e1vce vykon\u00e1vaj\u00ed n\u011bkter\u00e9 z v\u00fd\u0161e uveden\u00fdch slu\u017eeb.<\/li>\n<\/ol>\n\n\n\n<p><strong>V. PR\u00c1VA SUBJEKT\u016e \u00daDAJ\u016e<\/strong><\/p>\n\n\n\n<p>V ka\u017ed\u00e9m p\u0159\u00edpad\u011b m\u00e1 subjekt \u00fadaj\u016f pr\u00e1vo na:<\/p>\n\n\n\n<ol class=\"wp-block-list\">\n<li>p\u0159\u00edstup k osobn\u00edm \u00fadaj\u016fm (v\u010detn\u011b nap\u0159\u00edklad z\u00edsk\u00e1n\u00ed informac\u00ed o tom, jak\u00e9 osobn\u00ed \u00fadaje jsou zpracov\u00e1v\u00e1ny),<\/li>\n\n\n\n<li>po\u017e\u00e1dat o opravu a omezen\u00ed zpracov\u00e1n\u00ed osobn\u00edch \u00fadaj\u016f (nap\u0159. pokud jsou nespr\u00e1vn\u00e9);<\/li>\n\n\n\n<li>vymaz\u00e1n\u00ed osobn\u00edch \u00fadaj\u016f (nap\u0159. pokud byly zpracov\u00e1ny protipr\u00e1vn\u011b);<\/li>\n\n\n\n<li>p\u0159edat osobn\u00ed \u00fadaje, kter\u00e9 poskytl spr\u00e1vci a kter\u00e9 jsou zpracov\u00e1v\u00e1ny automatizovan\u00fdmi prost\u0159edky a zpracov\u00e1n\u00ed je zalo\u017eeno na souhlasu nebo na smluvn\u00edm z\u00e1klad\u011b, nap\u0159. jin\u00e9mu spr\u00e1vci;<\/li>\n\n\n\n<li>vzn\u00e9st n\u00e1mitku proti zpracov\u00e1n\u00ed osobn\u00edch \u00fadaj\u016f z d\u016fvodu, \u017ee je to nezbytn\u00e9 pro \u00fa\u010dely opr\u00e1vn\u011bn\u00fdch z\u00e1jm\u016f spr\u00e1vce nebo t\u0159et\u00ed strany, v\u010detn\u011b zejm\u00e9na zpracov\u00e1n\u00ed pro marketingov\u00e9 \u00fa\u010dely;<\/li>\n\n\n\n<li>podat st\u00ed\u017enost u org\u00e1nu p\u0159\u00edslu\u0161n\u00e9ho pro ochranu osobn\u00edch \u00fadaj\u016f.<\/li>\n<\/ol>\n\n\n\n<p><strong>VI. COOKIES<\/strong><br>Spr\u00e1vce pou\u017e\u00edv\u00e1 soubory cookie (mal\u00e9 textov\u00e9 soubory, tzv. &#8222;cookies&#8220;), kter\u00e9 se ukl\u00e1daj\u00ed do koncov\u00fdch za\u0159\u00edzen\u00ed u\u017eivatel\u016f za \u00fa\u010delem z\u00edsk\u00e1n\u00ed \u00fadaj\u016f o pou\u017e\u00edv\u00e1n\u00ed webov\u00fdch str\u00e1nek u\u017eivateli.<br><\/p>\n\n\n\n<p>Umo\u017e\u0148uj\u00ed to mimo jin\u00e9 soubory cookie:<\/p>\n\n\n\n<ol class=\"wp-block-list\">\n<li>zachov\u00e1n\u00ed relace u\u017eivatele po p\u0159ihl\u00e1\u0161en\u00ed, aby nebylo nutn\u00e9 se na ka\u017ed\u00e9 podstr\u00e1nce Webov\u00fdch str\u00e1nek p\u0159ihla\u0161ovat zvl\u00e1\u0161\u0165;<\/li>\n\n\n\n<li>p\u0159izp\u016fsobit obsah webov\u00fdch str\u00e1nek pot\u0159eb\u00e1m a z\u00e1jm\u016fm u\u017eivatel\u016f;<\/li>\n\n\n\n<li>sestavov\u00e1n\u00ed statistik o n\u00e1v\u0161t\u011bv\u00e1ch webov\u00fdch str\u00e1nek;<\/li>\n\n\n\n<li>vytv\u00e1\u0159en\u00ed online pr\u016fzkum\u016f a jejich zabezpe\u010den\u00ed proti v\u00edcen\u00e1sobn\u00e9mu hlasov\u00e1n\u00ed stejn\u00fdch osob.<\/li>\n<\/ol>\n\n\n\n<p>Informace z\u00edskan\u00e9 prost\u0159ednictv\u00edm soubor\u016f cookie zahrnuj\u00ed mimo jin\u00e9. n\u00e1zev poskytovatele internetov\u00fdch slu\u017eeb, IP adresu u\u017eivatel\u016f, zemi p\u016fvodu, ze kter\u00e9 se u\u017eivatel\u00e9 p\u0159ipojuj\u00ed k webu.<\/p>\n\n\n\n<p>Webov\u00e9 str\u00e1nky pou\u017e\u00edvaj\u00ed dva hlavn\u00ed typy soubor\u016f cookie: &#8222;soubory cookie relace&#8220; a &#8222;trval\u00e9 soubory cookie&#8220; (trval\u00e9 soubory cookie). &#8222;Rela\u010dn\u00ed&#8220; soubory cookie jsou do\u010dasn\u00e9 soubory, kter\u00e9 se ukl\u00e1daj\u00ed v koncov\u00e9m za\u0159\u00edzen\u00ed u\u017eivatele, dokud se u\u017eivatel neodhl\u00e1s\u00ed, neopust\u00ed webov\u00e9 str\u00e1nky nebo nevypne software (webov\u00fd prohl\u00ed\u017ee\u010d). &#8222;Trval\u00e9&#8220; soubory cookie se ukl\u00e1daj\u00ed v koncov\u00e9m za\u0159\u00edzen\u00ed u\u017eivatele po dobu uvedenou v parametrech soubor\u016f cookie nebo dokud je u\u017eivatel nesma\u017ee.<\/p>\n\n\n\n<p>V mnoha p\u0159\u00edpadech software pro prohl\u00ed\u017een\u00ed webov\u00fdch str\u00e1nek (webov\u00fd prohl\u00ed\u017ee\u010d) standardn\u011b umo\u017e\u0148uje ukl\u00e1d\u00e1n\u00ed soubor\u016f cookie na koncov\u00e9m za\u0159\u00edzen\u00ed u\u017eivatele. U\u017eivatel m\u016f\u017ee soubory cookie ulo\u017een\u00e9 v jeho koncov\u00e9m za\u0159\u00edzen\u00ed kdykoli vymazat nebo jejich ukl\u00e1d\u00e1n\u00ed zablokovat v nastaven\u00ed sv\u00e9ho internetov\u00e9ho prohl\u00ed\u017ee\u010de (v\u010detn\u011b mobiln\u00edho telefonu nebo jin\u00e9ho za\u0159\u00edzen\u00ed umo\u017e\u0148uj\u00edc\u00edho p\u0159\u00edstup k internetu). Dal\u0161\u00ed informace o souborech cookie naleznete v \u010d\u00e1sti &#8222;N\u00e1pov\u011bda&#8220; v nab\u00eddce prohl\u00ed\u017ee\u010de.<\/p>\n\n\n\n<p>Spr\u00e1vce upozor\u0148uje, \u017ee omezen\u00ed pou\u017e\u00edv\u00e1n\u00ed soubor\u016f cookie m\u016f\u017ee ovlivnit n\u011bkter\u00e9 funkce dostupn\u00e9 na webov\u00fdch str\u00e1nk\u00e1ch.<\/p>\n\n\n\n<p>Spr\u00e1vce pou\u017e\u00edv\u00e1 na sv\u00fdch webov\u00fdch str\u00e1nk\u00e1ch slu\u017ebu spole\u010dnosti Google:<\/p>\n\n\n\n<p><strong>1. Google Analytics<\/strong> &#8211; slu\u017eba, kter\u00e1 umo\u017e\u0148uje shroma\u017e\u010fovat \u00fadaje za \u00fa\u010delem anal\u00fdzy statistik n\u00e1v\u0161t\u011bvn\u00edk\u016f webov\u00fdch str\u00e1nek. Podrobn\u00e9 informace o tom, jak Google Analytics zpracov\u00e1v\u00e1 va\u0161e \u00fadaje, najdete na adrese: INFORMACE O SLU\u017dB\u011a ANALYTICS NALEZNETE NA <a href=\"https:\/\/support.google.com\/analytics\/answer\/6004245?hl=pl\">ADRESE: https:\/\/support.google.com\/analytics\/answer\/6004245?hl=pl.<\/a> U\u017eivatel m\u016f\u017ee zabr\u00e1nit shroma\u017e\u010fov\u00e1n\u00ed sv\u00fdch \u00fadaj\u016f instalac\u00ed dopl\u0148ku prohl\u00ed\u017ee\u010de, kter\u00fd blokuje p\u0159enos dat do slu\u017eby Google Analytics: <a href=\"https:\/\/tools.google.com\/dlpage\/gaoptout?hl=pl\">https:\/\/tools.google.com\/dlpage\/gaoptout?hl=pl<\/a>.<\/p>\n\n\n\n<p><strong>2. Google reCAPTCHA<\/strong> &#8211; slu\u017eba, kter\u00e1 umo\u017e\u0148uje po chov\u00e1n\u00ed u\u017eivatele zkontrolovat, zda \u00fadaje na str\u00e1nce (nap\u0159. formul\u00e1\u0159i) zadal \u010dlov\u011bk nebo automat. Anal\u00fdza prob\u00edh\u00e1 automaticky na pozad\u00ed p\u0159i otev\u0159en\u00ed webov\u00e9 str\u00e1nky, ani\u017e by o tom byl u\u017eivatel informov\u00e1n. V r\u00e1mci anal\u00fdzy mechanismus zohled\u0148uje r\u016fzn\u00e9 typy informac\u00ed (nap\u0159. IP adresu, pohyby my\u0161\u00ed, \u010das str\u00e1ven\u00fd na webu) a shrom\u00e1\u017ed\u011bn\u00e9 \u00fadaje jsou odes\u00edl\u00e1ny spole\u010dnosti Google. Dal\u0161\u00ed informace o slu\u017eb\u011b Google reCAPTCHA naleznete na adrese: https: <a href=\"https:\/\/www.google.com\/recaptcha\/intro\/v3.html\">\/\/www.google.com\/recaptcha\/intro\/v3.html<\/a>.<\/p>\n\n\n\n<p>Dal\u0161\u00ed informace o z\u00e1sad\u00e1ch ochrany osobn\u00edch \u00fadaj\u016f a shroma\u017e\u010fov\u00e1n\u00ed \u00fadaj\u016f spole\u010dnosti Google naleznete na adrese: <a href=\"https:\/\/policies.google.com\/privacy?hl=pl\">https:\/\/policies.google.com\/privacy?hl=pl.<\/a><\/p>\n\n\n\n<p><strong>VII. REVIZE Z\u00c1SAD OCHRANY OSOBN\u00cdCH \u00daDAJ\u016e<\/strong><\/p>\n\n\n\n<p>Tyto Z\u00e1sady ochrany osobn\u00edch \u00fadaj\u016f m\u016f\u017ee Spr\u00e1vce zm\u011bnit zve\u0159ejn\u011bn\u00edm nov\u00e9 verze na Webov\u00fdch str\u00e1nk\u00e1ch.<\/p>\n\n\n\n<p>Tato verze Z\u00e1sad ochrany osobn\u00edch \u00fadaj\u016f je platn\u00e1 od 25.05.2018.<\/p>\n","protected":false},"excerpt":{"rendered":"<p>I. SERVISTyto z\u00e1sady ochrany osobn\u00edch \u00fadaj\u016f se vztahuj\u00ed na webov\u00e9 str\u00e1nky pod dom\u00e9nou crossin.pcc.eu. II. SPR\u00c1VCE OSOBN\u00cdCH \u00daDAJ\u016eSpr\u00e1vcem osobn\u00edch \u00fadaj\u016f je spole\u010dnost PCC Prodex Sp. z o.o. se s\u00eddlem v Brzegu Doln\u00e9m (ul. Sienkiewicza 4, 56-120 Brzeg Dolny), \u010d\u00edslo KRS 0000024928 Okresn\u00ed soud pro Vratislav-Fabrycznu ve Vratislavi, IX. hospod\u00e1\u0159sk\u00e9 odd\u011blen\u00ed N\u00e1rodn\u00edho soudn\u00edho rejst\u0159\u00edku, NIP 522-18-03-295, [&hellip;]<\/p>\n","protected":false},"author":1,"featured_media":0,"parent":0,"menu_order":905,"comment_status":"closed","ping_status":"open","template":"","meta":{"inline_featured_image":false,"footnotes":""},"class_list":["post-2717","page","type-page","status-publish","hentry"],"acf":[],"yoast_head":"<!-- This site is optimized with the Yoast SEO plugin v26.4 - https:\/\/yoast.com\/wordpress\/plugins\/seo\/ -->\n<title>Politika Soukrom\u00ed - Crossin<\/title>\n<meta name=\"robots\" content=\"noindex, nofollow\" \/>\n<meta property=\"og:locale\" content=\"cs_CZ\" \/>\n<meta property=\"og:type\" content=\"article\" \/>\n<meta property=\"og:title\" content=\"Politika Soukrom\u00ed - Crossin\" \/>\n<meta property=\"og:description\" content=\"I. SERVISTyto z\u00e1sady ochrany osobn\u00edch \u00fadaj\u016f se vztahuj\u00ed na webov\u00e9 str\u00e1nky pod dom\u00e9nou crossin.pcc.eu. II. SPR\u00c1VCE OSOBN\u00cdCH \u00daDAJ\u016eSpr\u00e1vcem osobn\u00edch \u00fadaj\u016f je spole\u010dnost PCC Prodex Sp. z o.o. se s\u00eddlem v Brzegu Doln\u00e9m (ul. Sienkiewicza 4, 56-120 Brzeg Dolny), \u010d\u00edslo KRS 0000024928 Okresn\u00ed soud pro Vratislav-Fabrycznu ve Vratislavi, IX. hospod\u00e1\u0159sk\u00e9 odd\u011blen\u00ed N\u00e1rodn\u00edho soudn\u00edho rejst\u0159\u00edku, NIP 522-18-03-295, [&hellip;]\" \/>\n<meta property=\"og:url\" content=\"https:\/\/crossin.pl\/cs\/politika-soukromi\/\" \/>\n<meta property=\"og:site_name\" content=\"Crossin\" \/>\n<meta property=\"article:modified_time\" content=\"2023-10-12T18:37:33+00:00\" \/>\n<meta property=\"og:image\" content=\"https:\/\/crossin.pl\/wp-content\/uploads\/2025\/05\/crossin-01.webp\" \/>\n\t<meta property=\"og:image:width\" content=\"1200\" \/>\n\t<meta property=\"og:image:height\" content=\"675\" \/>\n\t<meta property=\"og:image:type\" content=\"image\/webp\" \/>\n<meta name=\"twitter:card\" content=\"summary_large_image\" \/>\n<meta name=\"twitter:label1\" content=\"Odhadovan\u00e1 doba \u010dten\u00ed\" \/>\n\t<meta name=\"twitter:data1\" content=\"7 minut\" \/>\n<script type=\"application\/ld+json\" class=\"yoast-schema-graph\">{\"@context\":\"https:\/\/schema.org\",\"@graph\":[{\"@type\":\"WebPage\",\"@id\":\"https:\/\/crossin.pl\/cs\/politika-soukromi\/\",\"url\":\"https:\/\/crossin.pl\/cs\/politika-soukromi\/\",\"name\":\"Politika Soukrom\u00ed - Crossin\",\"isPartOf\":{\"@id\":\"https:\/\/crossin.pl\/#website\"},\"datePublished\":\"2023-08-14T15:01:22+00:00\",\"dateModified\":\"2023-10-12T18:37:33+00:00\",\"breadcrumb\":{\"@id\":\"https:\/\/crossin.pl\/cs\/politika-soukromi\/#breadcrumb\"},\"inLanguage\":\"cs\",\"potentialAction\":[{\"@type\":\"ReadAction\",\"target\":[\"https:\/\/crossin.pl\/cs\/politika-soukromi\/\"]}]},{\"@type\":\"BreadcrumbList\",\"@id\":\"https:\/\/crossin.pl\/cs\/politika-soukromi\/#breadcrumb\",\"itemListElement\":[{\"@type\":\"ListItem\",\"position\":1,\"name\":\"Strona g\u0142\u00f3wna\",\"item\":\"https:\/\/crossin.pl\/cs\/\"},{\"@type\":\"ListItem\",\"position\":2,\"name\":\"Politika Soukrom\u00ed\"}]},{\"@type\":\"WebSite\",\"@id\":\"https:\/\/crossin.pl\/#website\",\"url\":\"https:\/\/crossin.pl\/\",\"name\":\"Crossin\",\"description\":\"Izolacje Pian\u0105 PUR\",\"publisher\":{\"@id\":\"https:\/\/crossin.pl\/#organization\"},\"potentialAction\":[{\"@type\":\"SearchAction\",\"target\":{\"@type\":\"EntryPoint\",\"urlTemplate\":\"https:\/\/crossin.pl\/?s={search_term_string}\"},\"query-input\":{\"@type\":\"PropertyValueSpecification\",\"valueRequired\":true,\"valueName\":\"search_term_string\"}}],\"inLanguage\":\"cs\"},{\"@type\":\"Organization\",\"@id\":\"https:\/\/crossin.pl\/#organization\",\"name\":\"Crossin Insulations\",\"alternateName\":\"Crossin\",\"url\":\"https:\/\/crossin.pl\/\",\"logo\":{\"@type\":\"ImageObject\",\"inLanguage\":\"cs\",\"@id\":\"https:\/\/crossin.pl\/#\/schema\/logo\/image\/\",\"url\":\"https:\/\/crossin.pl\/wp-content\/uploads\/2026\/01\/crossin_logo.svg\",\"contentUrl\":\"https:\/\/crossin.pl\/wp-content\/uploads\/2026\/01\/crossin_logo.svg\",\"caption\":\"Crossin Insulations\"},\"image\":{\"@id\":\"https:\/\/crossin.pl\/#\/schema\/logo\/image\/\"}}]}<\/script>\n<!-- \/ Yoast SEO plugin. -->","yoast_head_json":{"title":"Politika Soukrom\u00ed - Crossin","robots":{"index":"noindex","follow":"nofollow"},"og_locale":"cs_CZ","og_type":"article","og_title":"Politika Soukrom\u00ed - Crossin","og_description":"I. SERVISTyto z\u00e1sady ochrany osobn\u00edch \u00fadaj\u016f se vztahuj\u00ed na webov\u00e9 str\u00e1nky pod dom\u00e9nou crossin.pcc.eu. II. SPR\u00c1VCE OSOBN\u00cdCH \u00daDAJ\u016eSpr\u00e1vcem osobn\u00edch \u00fadaj\u016f je spole\u010dnost PCC Prodex Sp. z o.o. se s\u00eddlem v Brzegu Doln\u00e9m (ul. Sienkiewicza 4, 56-120 Brzeg Dolny), \u010d\u00edslo KRS 0000024928 Okresn\u00ed soud pro Vratislav-Fabrycznu ve Vratislavi, IX. hospod\u00e1\u0159sk\u00e9 odd\u011blen\u00ed N\u00e1rodn\u00edho soudn\u00edho rejst\u0159\u00edku, NIP 522-18-03-295, [&hellip;]","og_url":"https:\/\/crossin.pl\/cs\/politika-soukromi\/","og_site_name":"Crossin","article_modified_time":"2023-10-12T18:37:33+00:00","og_image":[{"width":1200,"height":675,"url":"https:\/\/crossin.pl\/wp-content\/uploads\/2025\/05\/crossin-01.webp","type":"image\/webp"}],"twitter_card":"summary_large_image","twitter_misc":{"Odhadovan\u00e1 doba \u010dten\u00ed":"7 minut"},"schema":{"@context":"https:\/\/schema.org","@graph":[{"@type":"WebPage","@id":"https:\/\/crossin.pl\/cs\/politika-soukromi\/","url":"https:\/\/crossin.pl\/cs\/politika-soukromi\/","name":"Politika Soukrom\u00ed - Crossin","isPartOf":{"@id":"https:\/\/crossin.pl\/#website"},"datePublished":"2023-08-14T15:01:22+00:00","dateModified":"2023-10-12T18:37:33+00:00","breadcrumb":{"@id":"https:\/\/crossin.pl\/cs\/politika-soukromi\/#breadcrumb"},"inLanguage":"cs","potentialAction":[{"@type":"ReadAction","target":["https:\/\/crossin.pl\/cs\/politika-soukromi\/"]}]},{"@type":"BreadcrumbList","@id":"https:\/\/crossin.pl\/cs\/politika-soukromi\/#breadcrumb","itemListElement":[{"@type":"ListItem","position":1,"name":"Strona g\u0142\u00f3wna","item":"https:\/\/crossin.pl\/cs\/"},{"@type":"ListItem","position":2,"name":"Politika Soukrom\u00ed"}]},{"@type":"WebSite","@id":"https:\/\/crossin.pl\/#website","url":"https:\/\/crossin.pl\/","name":"Crossin","description":"Izolacje Pian\u0105 PUR","publisher":{"@id":"https:\/\/crossin.pl\/#organization"},"potentialAction":[{"@type":"SearchAction","target":{"@type":"EntryPoint","urlTemplate":"https:\/\/crossin.pl\/?s={search_term_string}"},"query-input":{"@type":"PropertyValueSpecification","valueRequired":true,"valueName":"search_term_string"}}],"inLanguage":"cs"},{"@type":"Organization","@id":"https:\/\/crossin.pl\/#organization","name":"Crossin Insulations","alternateName":"Crossin","url":"https:\/\/crossin.pl\/","logo":{"@type":"ImageObject","inLanguage":"cs","@id":"https:\/\/crossin.pl\/#\/schema\/logo\/image\/","url":"https:\/\/crossin.pl\/wp-content\/uploads\/2026\/01\/crossin_logo.svg","contentUrl":"https:\/\/crossin.pl\/wp-content\/uploads\/2026\/01\/crossin_logo.svg","caption":"Crossin Insulations"},"image":{"@id":"https:\/\/crossin.pl\/#\/schema\/logo\/image\/"}}]}},"_links":{"self":[{"href":"https:\/\/crossin.pl\/cs\/wp-json\/wp\/v2\/pages\/2717","targetHints":{"allow":["GET"]}}],"collection":[{"href":"https:\/\/crossin.pl\/cs\/wp-json\/wp\/v2\/pages"}],"about":[{"href":"https:\/\/crossin.pl\/cs\/wp-json\/wp\/v2\/types\/page"}],"author":[{"embeddable":true,"href":"https:\/\/crossin.pl\/cs\/wp-json\/wp\/v2\/users\/1"}],"replies":[{"embeddable":true,"href":"https:\/\/crossin.pl\/cs\/wp-json\/wp\/v2\/comments?post=2717"}],"version-history":[{"count":6,"href":"https:\/\/crossin.pl\/cs\/wp-json\/wp\/v2\/pages\/2717\/revisions"}],"predecessor-version":[{"id":2723,"href":"https:\/\/crossin.pl\/cs\/wp-json\/wp\/v2\/pages\/2717\/revisions\/2723"}],"wp:attachment":[{"href":"https:\/\/crossin.pl\/cs\/wp-json\/wp\/v2\/media?parent=2717"}],"curies":[{"name":"wp","href":"https:\/\/api.w.org\/{rel}","templated":true}]}}