{"id":2557,"date":"2023-08-14T18:00:20","date_gmt":"2023-08-14T16:00:20","guid":{"rendered":"https:\/\/crossin.pl\/kontakt\/"},"modified":"2023-10-19T10:34:59","modified_gmt":"2023-10-19T08:34:59","slug":"kontakt","status":"publish","type":"page","link":"https:\/\/crossin.pl\/cs\/kontakt\/","title":{"rendered":"Kontakt"},"content":{"rendered":"\n<div class=\"wp-block-columns is-layout-flex wp-container-core-columns-is-layout-9d6595d7 wp-block-columns-is-layout-flex\">\n<div class=\"wp-block-column is-layout-flow wp-block-column-is-layout-flow\">\n<div class=\"wp-block-columns is-layout-flex wp-container-core-columns-is-layout-9d6595d7 wp-block-columns-is-layout-flex\">\n<div class=\"wp-block-column is-layout-flow wp-block-column-is-layout-flow\">\n<p>V\u00fdrobce st\u0159\u00edkan\u00fdch izola\u010dn\u00edch syst\u00e9m\u016f Crossin<br\/><strong>PCC Prodex Sp.\nz o.o <\/strong><br\/>ul.\nSienkiewicza 4 <br\/>56-120 Brzeg Dolny<\/p>\n\n\n\n<p><strong>Odd\u011blen\u00ed slu\u017eeb z\u00e1kazn\u00edk\u016fm<\/strong><br\/>+48 71 794 34 11<br\/>+48 665 000 888<br\/>e-mail: <a href=\"mailto:crossin@pcc.eu\">crossin@pcc.eu<\/a><\/p>\n\n\n\n<p><strong>Sekretari\u00e1t<\/strong><br\/>+48 71 794 34 10<\/p>\n\n\n\n<p>KRS 0000024928 Okresn\u00ed soud pro Wroc\u0142aw-Fabrycznu,<br\/>IX Obchodn\u00ed odd\u011blen\u00ed N\u00e1rodn\u00edho soudn\u00edho rejst\u0159\u00edku.<br\/>NIP 522-18-03-295<br\/>REGON 012290187<\/p>\n<\/div>\n\n\n\n<div class=\"wp-block-column is-layout-flow wp-block-column-is-layout-flow\">\n\n<div class=\"wpcf7 no-js\" id=\"wpcf7-f2706-o1\" lang=\"cs-CZ\" dir=\"ltr\" data-wpcf7-id=\"2706\">\n<div class=\"screen-reader-response\"><p role=\"status\" aria-live=\"polite\" aria-atomic=\"true\"><\/p> <ul><\/ul><\/div>\n<form action=\"\/cs\/wp-json\/wp\/v2\/pages\/2557#wpcf7-f2706-o1\" method=\"post\" class=\"wpcf7-form init\" aria-label=\"Kontaktn\u00ed formul\u00e1\u0159\" novalidate=\"novalidate\" data-status=\"init\">\n<fieldset class=\"hidden-fields-container\"><input type=\"hidden\" name=\"_wpcf7\" value=\"2706\" \/><input type=\"hidden\" name=\"_wpcf7_version\" value=\"6.1.3\" \/><input type=\"hidden\" name=\"_wpcf7_locale\" value=\"cs_CZ\" \/><input type=\"hidden\" name=\"_wpcf7_unit_tag\" value=\"wpcf7-f2706-o1\" \/><input type=\"hidden\" name=\"_wpcf7_container_post\" value=\"0\" \/><input type=\"hidden\" name=\"_wpcf7_posted_data_hash\" value=\"\" \/><input type=\"hidden\" name=\"_wpcf7_recaptcha_response\" value=\"\" \/>\n<\/fieldset>\n<div id=\"form-consult\">\n<div class=\"cr__head03\"><h3>Napi\u0161te na<br><span>k n\u00e1m<\/span><\/h3><\/div>\n\n<p><label> <span class=\"wpcf7-form-control-wrap\" data-name=\"your-name\"><input size=\"40\" maxlength=\"400\" class=\"wpcf7-form-control wpcf7-text wpcf7-validates-as-required\" autocomplete=\"name\" aria-required=\"true\" aria-invalid=\"false\" placeholder=\"Va\u0161e jm\u00e9no*\" value=\"\" type=\"text\" name=\"your-name\" \/><\/span><\/label><\/p>\n\n    <div class=\"phone-box\">\n        <div class=\"phone-prefix-pl\">\n            <span id=\"flag-cz\" class=\"flag\"><\/span><span class=\"prefix\">+420<\/span>\n        <\/div>\n        <label><span class=\"wpcf7-form-control-wrap\" data-name=\"telefon\"><input class=\"wpcf7-form-control wpcf7-number wpcf7-validates-as-required wpcf7-validates-as-number\" min=\"100000000\" max=\"999999999\" aria-required=\"true\" aria-invalid=\"false\" placeholder=\"Telefonn\u00ed \u010d\u00edslo*\" value=\"\" type=\"number\" name=\"telefon\" \/><\/span><\/label>\n    <\/div>\n\n<p><label><span class=\"wpcf7-form-control-wrap\" data-name=\"your-email\"><input size=\"40\" maxlength=\"400\" class=\"wpcf7-form-control wpcf7-email wpcf7-validates-as-required wpcf7-text wpcf7-validates-as-email\" autocomplete=\"email\" aria-required=\"true\" aria-invalid=\"false\" placeholder=\"Va\u0161e e-mailov\u00e1 adresa\" value=\"\" type=\"email\" name=\"your-email\" \/><\/span><\/label><\/p>\n\n<label><span class=\"wpcf7-form-control-wrap\" data-name=\"your-message\"><textarea cols=\"40\" rows=\"10\" maxlength=\"2000\" class=\"wpcf7-form-control wpcf7-textarea\" aria-invalid=\"false\" placeholder=\"Zadejte zpr\u00e1vu\" name=\"your-message\"><\/textarea><\/span> <\/label>\n    <div class=\"zgoda\">\n        <label>\n            <div class=\"zgoda-checkbox\"><span class=\"wpcf7-form-control-wrap\" data-name=\"zgoda\"><span class=\"wpcf7-form-control wpcf7-acceptance\"><span class=\"wpcf7-list-item\"><input type=\"checkbox\" name=\"zgoda\" value=\"1\" aria-invalid=\"false\" \/><\/span><\/span><\/span><\/div>\n            <div class=\"zgoda-text\">\n                <p>Pokud n\u00e1s chcete kontaktovat pomoc\u00ed v\u00fd\u0161e uveden\u00e9ho formul\u00e1\u0159e - zadejte pros\u00edm tyto informace.\n v n\u011bm uveden\u00e9.\nPoskytnut\u00ed \u00fadaj\u016f je dobrovoln\u00e9, ale pokud tak neu\u010din\u00edte, zasl\u00e1n\u00edm zpr\u00e1vy v sekci\n t\u00edmto zp\u016fsobem nebude mo\u017en\u00e9.\n  \n <\/p>\n                <p>Spr\u00e1vcem va\u0161ich osobn\u00edch \u00fadaj\u016f je spole\u010dnost PCC Prodex Sp.\nz o.o. se s\u00eddlem v Brzegu Doln\u00e9m.\n (ul. Sienkiewicza 4, 56-120 Brzeg Dolny).\nM\u016f\u017eete se na n\u00e1s obr\u00e1tit ohledn\u011b sv\u00fdch osobn\u00edch \u00fadaj\u016f\n e-mailem: <a href=\"mailto:iodo@pcc.eu\">iodo@pcc.eu<\/a> \n  \n <\/p>\n                <p class=\"hidden\">Va\u0161e \u00fadaje zpracov\u00e1v\u00e1me, abychom s v\u00e1mi mohli komunikovat a reagovat na va\u0161e po\u017eadavky.\n zpr\u00e1vu.\nZ\u00e1kladem pro zpracov\u00e1n\u00ed va\u0161ich \u00fadaj\u016f je opr\u00e1vn\u011bn\u00fd z\u00e1jem spr\u00e1vce \u00fadaj\u016f, resp.\n t\u0159et\u00ed strany (abychom v\u00e1s mohli kontaktovat zp\u011bt, za \u00fa\u010delem na\u0161eho marketingu nebo partner\u016f, v\u010detn\u011b <a href=\"https:\/\/www.pcc.eu\/pcc-na-swiecie\/?lang=pl\" target=\"\u201d_blank\u201d\" rel=\"noopener noreferrer\">skupiny PCC<\/a>, proti \u010demu\u017e m\u016f\u017eete vzn\u00e9st n\u00e1mitku), nebo za \u00fa\u010delem p\u0159ijet\u00ed opat\u0159en\u00ed na z\u00e1klad\u011b\n  \n \n  Va\u0161e \u017e\u00e1dost p\u0159ed uzav\u0159en\u00edm p\u0159\u00edpadn\u00e9ho\nsmlouvy - v z\u00e1vislosti na obsahu va\u0161\u00ed zpr\u00e1vy.\nVa\u0161e \u00fadaje budou v\n z\u00e1sad\u011b zpracov\u00e1vat a\u017e do ukon\u010den\u00ed na\u0161\u00ed komunikace s v\u00e1mi nebo do doby, ne\u017e vznesete n\u00e1mitku.\n n\u00e1mitku, pokud n\u00e1m z\u00e1kon neukl\u00e1d\u00e1 povinnost zpracov\u00e1vat tyto \u00fadaje po del\u0161\u00ed dobu.\n \u00fadaj\u016f nebo je budeme uchov\u00e1vat d\u00e9le v p\u0159\u00edpad\u011b p\u0159\u00edpadn\u00fdch reklamac\u00ed, a to po dobu jejich\n proml\u010dec\u00ed lh\u016fty stanoven\u00e9 pr\u00e1vn\u00edmi p\u0159edpisy, zejm\u00e9na ob\u010dansk\u00fdm z\u00e1kon\u00edkem.  \n \n \n \n <\/p>\n                <div class=\"hidden\">\n                    <strong>Kdykoli m\u00e1te pr\u00e1vo:<\/strong>\n                    <ul>\n                        <li>vzn\u00e9st n\u00e1mitku proti zpracov\u00e1n\u00ed va\u0161ich \u00fadaj\u016f;<\/li>\n                        <li>p\u0159\u00edstup ke sv\u00fdm osobn\u00edm \u00fadaj\u016fm, v\u010detn\u011b \u017e\u00e1dosti o kopii;<\/li>\n                        <li>po\u017e\u00e1dat o opravu, omezen\u00ed zpracov\u00e1n\u00ed nebo v\u00fdmaz sv\u00fdch \u00fadaj\u016f;<\/li>\n                        <li>p\u0159enositelnost va\u0161ich osobn\u00edch \u00fadaj\u016f, nap\u0159. k jin\u00e9mu spr\u00e1vci (pokud nen\u00ed z\u00e1kladem jejich\n zpracov\u00e1n\u00ed je zalo\u017een na opr\u00e1vn\u011bn\u00e9m z\u00e1jmu spr\u00e1vce);\n <\/li>\n                        <li>podat st\u00ed\u017enost p\u0159edsedovi \u00da\u0159adu pro ochranu osobn\u00edch \u00fadaj\u016f.<\/li>\n                    <\/ul>\n                <\/div>\n                <p class=\"hidden\">P\u0159\u00edjemci va\u0161ich \u00fadaj\u016f mohou b\u00fdt spole\u010dnosti, kter\u00e9 n\u00e1s podporuj\u00ed v komunikaci s v\u00e1mi a kter\u00e9.\n n\u00e1m pom\u00e1haj\u00ed s provozem obchodu, extern\u00ed poradensk\u00e9 spole\u010dnosti (v\u010detn\u011b pr\u00e1vn\u00edch, marketingov\u00fdch a \u00fa\u010detn\u00edch)\n nebo extern\u00ed IT specialist\u00e9, v\u010detn\u011b subjekt\u016f v r\u00e1mci <a href=\"https:\/\/www.pcc.eu\/pcc-na-swiecie\/?lang=pl\" target=\"\u201d_blank\u201d\" rel=\"noopener noreferrer\">skupiny PCC.<\/a>\n \n <\/p>\n                <p class=\"hidden\">V\u00edce informac\u00ed o tom, jak zpracov\u00e1v\u00e1me va\u0161e \u00fadaje, najdete v na\u0161ich <a href=\"\/polityka-prywatnosci\" target=\"\u201d_blank\u201d\" rel=\"noopener noreferrer\">Z\u00e1sad\u00e1ch ochrany osobn\u00edch \u00fadaj\u016f<\/a>.\n                <\/p>\n            <\/div>\n        <\/label>\n        <span class=\"show-more-acceptance\">P\u0159e\u010dt\u011bte si v\u00edce<\/span>\n    <\/div>\n    <p class=\"addnotation\">* - povinn\u00e1 pole<\/p>\n<input class=\"wpcf7-form-control wpcf7-submit has-spinner\" type=\"submit\" value=\"Wy\u015blij\" \/>\n<\/div><div class=\"wpcf7-response-output\" aria-hidden=\"true\"><\/div>\n<\/form>\n<\/div>\n\n<\/div>\n<\/div>\n<\/div>\n<\/div>\n\n<div style=\"height:40px\" aria-hidden=\"true\" class=\"wp-block-spacer\"><\/div>\n","protected":false},"excerpt":{"rendered":"<p>V\u00fdrobce st\u0159\u00edkan\u00fdch izola\u010dn\u00edch syst\u00e9m\u016f CrossinPCC Prodex Sp. z o.o ul. Sienkiewicza 4 56-120 Brzeg Dolny Odd\u011blen\u00ed slu\u017eeb z\u00e1kazn\u00edk\u016fm+48 71 794 34 11+48 665 000 888e-mail: crossin@pcc.eu Sekretari\u00e1t+48 71 794 34 10 KRS 0000024928 Okresn\u00ed soud pro Wroc\u0142aw-Fabrycznu,IX Obchodn\u00ed odd\u011blen\u00ed N\u00e1rodn\u00edho soudn\u00edho rejst\u0159\u00edku.NIP 522-18-03-295REGON 012290187<\/p>\n","protected":false},"author":1,"featured_media":3028,"parent":0,"menu_order":820,"comment_status":"closed","ping_status":"closed","template":"page-fullwidth.php","meta":{"inline_featured_image":false,"footnotes":""},"class_list":["post-2557","page","type-page","status-publish","has-post-thumbnail","hentry"],"acf":[],"yoast_head":"<!-- This site is optimized with the Yoast SEO plugin v26.4 - https:\/\/yoast.com\/wordpress\/plugins\/seo\/ -->\n<title>Kontakt - Crossin<\/title>\n<meta name=\"description\" content=\"Zaujala v\u00e1s na\u0161e nab\u00eddka? Chcete se dozv\u011bd\u011bt v\u00edce o na\u0161ich produktech a slu\u017eb\u00e1ch? Nav\u0161tivte kontaktn\u00ed str\u00e1nku!\" \/>\n<meta name=\"robots\" content=\"index, follow, max-snippet:-1, max-image-preview:large, max-video-preview:-1\" \/>\n<link rel=\"canonical\" href=\"https:\/\/crossin.pl\/cs\/kontakt\/\" \/>\n<meta property=\"og:locale\" content=\"cs_CZ\" \/>\n<meta property=\"og:type\" content=\"article\" \/>\n<meta property=\"og:title\" content=\"Kontakt - Crossin\" \/>\n<meta property=\"og:description\" content=\"Zaujala v\u00e1s na\u0161e nab\u00eddka? Chcete se dozv\u011bd\u011bt v\u00edce o na\u0161ich produktech a slu\u017eb\u00e1ch? Nav\u0161tivte kontaktn\u00ed str\u00e1nku!\" \/>\n<meta property=\"og:url\" content=\"https:\/\/crossin.pl\/cs\/kontakt\/\" \/>\n<meta property=\"og:site_name\" content=\"Crossin\" \/>\n<meta property=\"article:modified_time\" content=\"2023-10-19T08:34:59+00:00\" \/>\n<meta property=\"og:image\" content=\"https:\/\/crossin.pl\/wp-content\/uploads\/2023\/10\/cr-post-ogolny-izolacja-pianka-pur-01.webp\" \/>\n\t<meta property=\"og:image:width\" content=\"1200\" \/>\n\t<meta property=\"og:image:height\" content=\"800\" \/>\n\t<meta property=\"og:image:type\" content=\"image\/webp\" \/>\n<meta name=\"twitter:card\" content=\"summary_large_image\" \/>\n<script type=\"application\/ld+json\" class=\"yoast-schema-graph\">{\"@context\":\"https:\/\/schema.org\",\"@graph\":[{\"@type\":\"WebPage\",\"@id\":\"https:\/\/crossin.pl\/cs\/kontakt\/\",\"url\":\"https:\/\/crossin.pl\/cs\/kontakt\/\",\"name\":\"Kontakt - Crossin\",\"isPartOf\":{\"@id\":\"https:\/\/crossin.pl\/#website\"},\"primaryImageOfPage\":{\"@id\":\"https:\/\/crossin.pl\/cs\/kontakt\/#primaryimage\"},\"image\":{\"@id\":\"https:\/\/crossin.pl\/cs\/kontakt\/#primaryimage\"},\"thumbnailUrl\":\"https:\/\/crossin.pl\/wp-content\/uploads\/2023\/10\/cr-post-ogolny-izolacja-pianka-pur-01.webp\",\"datePublished\":\"2023-08-14T16:00:20+00:00\",\"dateModified\":\"2023-10-19T08:34:59+00:00\",\"description\":\"Zaujala v\u00e1s na\u0161e nab\u00eddka? Chcete se dozv\u011bd\u011bt v\u00edce o na\u0161ich produktech a slu\u017eb\u00e1ch? Nav\u0161tivte kontaktn\u00ed str\u00e1nku!\",\"breadcrumb\":{\"@id\":\"https:\/\/crossin.pl\/cs\/kontakt\/#breadcrumb\"},\"inLanguage\":\"cs\",\"potentialAction\":[{\"@type\":\"ReadAction\",\"target\":[\"https:\/\/crossin.pl\/cs\/kontakt\/\"]}]},{\"@type\":\"ImageObject\",\"inLanguage\":\"cs\",\"@id\":\"https:\/\/crossin.pl\/cs\/kontakt\/#primaryimage\",\"url\":\"https:\/\/crossin.pl\/wp-content\/uploads\/2023\/10\/cr-post-ogolny-izolacja-pianka-pur-01.webp\",\"contentUrl\":\"https:\/\/crossin.pl\/wp-content\/uploads\/2023\/10\/cr-post-ogolny-izolacja-pianka-pur-01.webp\",\"width\":1200,\"height\":800},{\"@type\":\"BreadcrumbList\",\"@id\":\"https:\/\/crossin.pl\/cs\/kontakt\/#breadcrumb\",\"itemListElement\":[{\"@type\":\"ListItem\",\"position\":1,\"name\":\"Strona g\u0142\u00f3wna\",\"item\":\"https:\/\/crossin.pl\/cs\/\"},{\"@type\":\"ListItem\",\"position\":2,\"name\":\"Kontakt\"}]},{\"@type\":\"WebSite\",\"@id\":\"https:\/\/crossin.pl\/#website\",\"url\":\"https:\/\/crossin.pl\/\",\"name\":\"Crossin\",\"description\":\"Izolacje Pian\u0105 PUR\",\"publisher\":{\"@id\":\"https:\/\/crossin.pl\/#organization\"},\"potentialAction\":[{\"@type\":\"SearchAction\",\"target\":{\"@type\":\"EntryPoint\",\"urlTemplate\":\"https:\/\/crossin.pl\/?s={search_term_string}\"},\"query-input\":{\"@type\":\"PropertyValueSpecification\",\"valueRequired\":true,\"valueName\":\"search_term_string\"}}],\"inLanguage\":\"cs\"},{\"@type\":\"Organization\",\"@id\":\"https:\/\/crossin.pl\/#organization\",\"name\":\"Crossin Insulations\",\"alternateName\":\"Crossin\",\"url\":\"https:\/\/crossin.pl\/\",\"logo\":{\"@type\":\"ImageObject\",\"inLanguage\":\"cs\",\"@id\":\"https:\/\/crossin.pl\/#\/schema\/logo\/image\/\",\"url\":\"https:\/\/crossin.pl\/wp-content\/uploads\/2026\/01\/crossin_logo.svg\",\"contentUrl\":\"https:\/\/crossin.pl\/wp-content\/uploads\/2026\/01\/crossin_logo.svg\",\"caption\":\"Crossin Insulations\"},\"image\":{\"@id\":\"https:\/\/crossin.pl\/#\/schema\/logo\/image\/\"}}]}<\/script>\n<!-- \/ Yoast SEO plugin. -->","yoast_head_json":{"title":"Kontakt - Crossin","description":"Zaujala v\u00e1s na\u0161e nab\u00eddka? Chcete se dozv\u011bd\u011bt v\u00edce o na\u0161ich produktech a slu\u017eb\u00e1ch? Nav\u0161tivte kontaktn\u00ed str\u00e1nku!","robots":{"index":"index","follow":"follow","max-snippet":"max-snippet:-1","max-image-preview":"max-image-preview:large","max-video-preview":"max-video-preview:-1"},"canonical":"https:\/\/crossin.pl\/cs\/kontakt\/","og_locale":"cs_CZ","og_type":"article","og_title":"Kontakt - Crossin","og_description":"Zaujala v\u00e1s na\u0161e nab\u00eddka? Chcete se dozv\u011bd\u011bt v\u00edce o na\u0161ich produktech a slu\u017eb\u00e1ch? Nav\u0161tivte kontaktn\u00ed str\u00e1nku!","og_url":"https:\/\/crossin.pl\/cs\/kontakt\/","og_site_name":"Crossin","article_modified_time":"2023-10-19T08:34:59+00:00","og_image":[{"width":1200,"height":800,"url":"https:\/\/crossin.pl\/wp-content\/uploads\/2023\/10\/cr-post-ogolny-izolacja-pianka-pur-01.webp","type":"image\/webp"}],"twitter_card":"summary_large_image","schema":{"@context":"https:\/\/schema.org","@graph":[{"@type":"WebPage","@id":"https:\/\/crossin.pl\/cs\/kontakt\/","url":"https:\/\/crossin.pl\/cs\/kontakt\/","name":"Kontakt - Crossin","isPartOf":{"@id":"https:\/\/crossin.pl\/#website"},"primaryImageOfPage":{"@id":"https:\/\/crossin.pl\/cs\/kontakt\/#primaryimage"},"image":{"@id":"https:\/\/crossin.pl\/cs\/kontakt\/#primaryimage"},"thumbnailUrl":"https:\/\/crossin.pl\/wp-content\/uploads\/2023\/10\/cr-post-ogolny-izolacja-pianka-pur-01.webp","datePublished":"2023-08-14T16:00:20+00:00","dateModified":"2023-10-19T08:34:59+00:00","description":"Zaujala v\u00e1s na\u0161e nab\u00eddka? Chcete se dozv\u011bd\u011bt v\u00edce o na\u0161ich produktech a slu\u017eb\u00e1ch? Nav\u0161tivte kontaktn\u00ed str\u00e1nku!","breadcrumb":{"@id":"https:\/\/crossin.pl\/cs\/kontakt\/#breadcrumb"},"inLanguage":"cs","potentialAction":[{"@type":"ReadAction","target":["https:\/\/crossin.pl\/cs\/kontakt\/"]}]},{"@type":"ImageObject","inLanguage":"cs","@id":"https:\/\/crossin.pl\/cs\/kontakt\/#primaryimage","url":"https:\/\/crossin.pl\/wp-content\/uploads\/2023\/10\/cr-post-ogolny-izolacja-pianka-pur-01.webp","contentUrl":"https:\/\/crossin.pl\/wp-content\/uploads\/2023\/10\/cr-post-ogolny-izolacja-pianka-pur-01.webp","width":1200,"height":800},{"@type":"BreadcrumbList","@id":"https:\/\/crossin.pl\/cs\/kontakt\/#breadcrumb","itemListElement":[{"@type":"ListItem","position":1,"name":"Strona g\u0142\u00f3wna","item":"https:\/\/crossin.pl\/cs\/"},{"@type":"ListItem","position":2,"name":"Kontakt"}]},{"@type":"WebSite","@id":"https:\/\/crossin.pl\/#website","url":"https:\/\/crossin.pl\/","name":"Crossin","description":"Izolacje Pian\u0105 PUR","publisher":{"@id":"https:\/\/crossin.pl\/#organization"},"potentialAction":[{"@type":"SearchAction","target":{"@type":"EntryPoint","urlTemplate":"https:\/\/crossin.pl\/?s={search_term_string}"},"query-input":{"@type":"PropertyValueSpecification","valueRequired":true,"valueName":"search_term_string"}}],"inLanguage":"cs"},{"@type":"Organization","@id":"https:\/\/crossin.pl\/#organization","name":"Crossin Insulations","alternateName":"Crossin","url":"https:\/\/crossin.pl\/","logo":{"@type":"ImageObject","inLanguage":"cs","@id":"https:\/\/crossin.pl\/#\/schema\/logo\/image\/","url":"https:\/\/crossin.pl\/wp-content\/uploads\/2026\/01\/crossin_logo.svg","contentUrl":"https:\/\/crossin.pl\/wp-content\/uploads\/2026\/01\/crossin_logo.svg","caption":"Crossin Insulations"},"image":{"@id":"https:\/\/crossin.pl\/#\/schema\/logo\/image\/"}}]}},"_links":{"self":[{"href":"https:\/\/crossin.pl\/cs\/wp-json\/wp\/v2\/pages\/2557","targetHints":{"allow":["GET"]}}],"collection":[{"href":"https:\/\/crossin.pl\/cs\/wp-json\/wp\/v2\/pages"}],"about":[{"href":"https:\/\/crossin.pl\/cs\/wp-json\/wp\/v2\/types\/page"}],"author":[{"embeddable":true,"href":"https:\/\/crossin.pl\/cs\/wp-json\/wp\/v2\/users\/1"}],"replies":[{"embeddable":true,"href":"https:\/\/crossin.pl\/cs\/wp-json\/wp\/v2\/comments?post=2557"}],"version-history":[{"count":3,"href":"https:\/\/crossin.pl\/cs\/wp-json\/wp\/v2\/pages\/2557\/revisions"}],"predecessor-version":[{"id":2560,"href":"https:\/\/crossin.pl\/cs\/wp-json\/wp\/v2\/pages\/2557\/revisions\/2560"}],"wp:featuredmedia":[{"embeddable":true,"href":"https:\/\/crossin.pl\/cs\/wp-json\/wp\/v2\/media\/3028"}],"wp:attachment":[{"href":"https:\/\/crossin.pl\/cs\/wp-json\/wp\/v2\/media?parent=2557"}],"curies":[{"name":"wp","href":"https:\/\/api.w.org\/{rel}","templated":true}]}}