{"id":2553,"date":"2023-08-14T18:00:08","date_gmt":"2023-08-14T16:00:08","guid":{"rendered":"https:\/\/crossin.pl\/autorizovani-dodavatele\/"},"modified":"2023-10-19T10:28:20","modified_gmt":"2023-10-19T08:28:20","slug":"autorizovani-dodavatele","status":"publish","type":"page","link":"https:\/\/crossin.pl\/cs\/autorizovani-dodavatele\/","title":{"rendered":"Dodavatel\u00e9"},"content":{"rendered":"\n<div class=\"page__aw__list__txt\">\n<div class=\"cr__head03\"><h3>Seznam  <br\/><span>Dodavatel\u00e9<\/span><\/h3><\/div>\n\n<p><strong>V\u00fdb\u011brem regionu na map\u011b zobraz\u00edte kontaktn\u00ed \u00fadaje autorizovan\u00e9ho dodavatele st\u0159\u00edkan\u00e9 izolace.<\/strong><\/p>\n\n<p>I ten nejlep\u0161\u00ed materi\u00e1l vy\u017eaduje spr\u00e1vn\u00fd p\u0159\u00edstup.\nTomu dokonale rozum\u00edme &#8211; proto sv\u011b\u0159ujeme na\u0161e izolace pouze odborn\u00edk\u016fm. <\/p>\n\n<p>Na\u0161e izola\u010dn\u00ed syst\u00e9my jsou dostupn\u00e9 pouze prost\u0159ednictv\u00edm s\u00edt\u011b autorizovan\u00fdch dodavatel\u016f.\nD\u00edky sv\u00fdm znalostem a zku\u0161enostem jsou na\u0161i partne\u0159i z\u00e1rukou proveden\u00ed izolac\u00ed podle nejvy\u0161\u0161\u00edch standard\u016f. <\/p>\n\n<p>Na\u0161i certifikovan\u00ed partne\u0159i poskytuj\u00ed krom\u011b bezplatn\u00e9 cenov\u00e9 nab\u00eddky tak\u00e9 odbornou podporu t\u00fdkaj\u00edc\u00ed se v\u0161ech aspekt\u016f instalace a pou\u017e\u00edv\u00e1n\u00ed tepeln\u00e9 izolace.<\/p>\n\n<p><strong>Vyberte si z mapy a kontaktujte sv\u00e9ho autorizovan\u00e9ho dodavatele Crossin.<\/strong><\/p>\n<\/div>\n","protected":false},"excerpt":{"rendered":"<p>Seznam Dodavatel\u00e9 V\u00fdb\u011brem regionu na map\u011b zobraz\u00edte kontaktn\u00ed \u00fadaje autorizovan\u00e9ho dodavatele st\u0159\u00edkan\u00e9 izolace. I ten nejlep\u0161\u00ed materi\u00e1l vy\u017eaduje spr\u00e1vn\u00fd p\u0159\u00edstup. Tomu dokonale rozum\u00edme &#8211; proto sv\u011b\u0159ujeme na\u0161e izolace pouze odborn\u00edk\u016fm. Na\u0161e izola\u010dn\u00ed syst\u00e9my jsou dostupn\u00e9 pouze prost\u0159ednictv\u00edm s\u00edt\u011b autorizovan\u00fdch dodavatel\u016f. D\u00edky sv\u00fdm znalostem a zku\u0161enostem jsou na\u0161i partne\u0159i z\u00e1rukou proveden\u00ed izolac\u00ed podle nejvy\u0161\u0161\u00edch standard\u016f. Na\u0161i [&hellip;]<\/p>\n","protected":false},"author":1,"featured_media":0,"parent":0,"menu_order":520,"comment_status":"closed","ping_status":"closed","template":"","meta":{"inline_featured_image":false,"footnotes":""},"class_list":["post-2553","page","type-page","status-publish","hentry"],"acf":[],"yoast_head":"<!-- This site is optimized with the Yoast SEO plugin v26.4 - https:\/\/yoast.com\/wordpress\/plugins\/seo\/ -->\n<title>Autorizovan\u00ed dodavatel\u00e9 Crossin - izolace z PUR p\u011bny<\/title>\n<meta name=\"description\" content=\"Na\u0161i certifikovan\u00ed partne\u0159i poskytuj\u00ed krom\u011b bezplatn\u00e9 cenov\u00e9 nab\u00eddky tak\u00e9 odbornou podporu t\u00fdkaj\u00edc\u00ed se v\u0161ech aspekt\u016f pou\u017e\u00edv\u00e1n\u00ed izolace.\" \/>\n<meta name=\"robots\" content=\"index, follow, max-snippet:-1, max-image-preview:large, max-video-preview:-1\" \/>\n<link rel=\"canonical\" href=\"https:\/\/crossin.pl\/cs\/autorizovani-dodavatele\/\" \/>\n<meta property=\"og:locale\" content=\"cs_CZ\" \/>\n<meta property=\"og:type\" content=\"article\" \/>\n<meta property=\"og:title\" content=\"Autorizovan\u00ed dodavatel\u00e9 Crossin - izolace z PUR p\u011bny\" \/>\n<meta property=\"og:description\" content=\"Na\u0161i certifikovan\u00ed partne\u0159i poskytuj\u00ed krom\u011b bezplatn\u00e9 cenov\u00e9 nab\u00eddky tak\u00e9 odbornou podporu t\u00fdkaj\u00edc\u00ed se v\u0161ech aspekt\u016f pou\u017e\u00edv\u00e1n\u00ed izolace.\" \/>\n<meta property=\"og:url\" content=\"https:\/\/crossin.pl\/cs\/autorizovani-dodavatele\/\" \/>\n<meta property=\"og:site_name\" content=\"Crossin\" \/>\n<meta property=\"article:modified_time\" content=\"2023-10-19T08:28:20+00:00\" \/>\n<meta property=\"og:image\" content=\"https:\/\/crossin.pl\/wp-content\/uploads\/2025\/05\/crossin-01.webp\" \/>\n\t<meta property=\"og:image:width\" content=\"1200\" \/>\n\t<meta property=\"og:image:height\" content=\"675\" \/>\n\t<meta property=\"og:image:type\" content=\"image\/webp\" \/>\n<meta name=\"twitter:card\" content=\"summary_large_image\" \/>\n<meta name=\"twitter:label1\" content=\"Odhadovan\u00e1 doba \u010dten\u00ed\" \/>\n\t<meta name=\"twitter:data1\" content=\"1 minuta\" \/>\n<script type=\"application\/ld+json\" class=\"yoast-schema-graph\">{\"@context\":\"https:\/\/schema.org\",\"@graph\":[{\"@type\":\"WebPage\",\"@id\":\"https:\/\/crossin.pl\/cs\/autorizovani-dodavatele\/\",\"url\":\"https:\/\/crossin.pl\/cs\/autorizovani-dodavatele\/\",\"name\":\"Autorizovan\u00ed dodavatel\u00e9 Crossin - izolace z PUR p\u011bny\",\"isPartOf\":{\"@id\":\"https:\/\/crossin.pl\/#website\"},\"datePublished\":\"2023-08-14T16:00:08+00:00\",\"dateModified\":\"2023-10-19T08:28:20+00:00\",\"description\":\"Na\u0161i certifikovan\u00ed partne\u0159i poskytuj\u00ed krom\u011b bezplatn\u00e9 cenov\u00e9 nab\u00eddky tak\u00e9 odbornou podporu t\u00fdkaj\u00edc\u00ed se v\u0161ech aspekt\u016f pou\u017e\u00edv\u00e1n\u00ed izolace.\",\"breadcrumb\":{\"@id\":\"https:\/\/crossin.pl\/cs\/autorizovani-dodavatele\/#breadcrumb\"},\"inLanguage\":\"cs\",\"potentialAction\":[{\"@type\":\"ReadAction\",\"target\":[\"https:\/\/crossin.pl\/cs\/autorizovani-dodavatele\/\"]}]},{\"@type\":\"BreadcrumbList\",\"@id\":\"https:\/\/crossin.pl\/cs\/autorizovani-dodavatele\/#breadcrumb\",\"itemListElement\":[{\"@type\":\"ListItem\",\"position\":1,\"name\":\"Strona g\u0142\u00f3wna\",\"item\":\"https:\/\/crossin.pl\/cs\/\"},{\"@type\":\"ListItem\",\"position\":2,\"name\":\"Dodavatel\u00e9\"}]},{\"@type\":\"WebSite\",\"@id\":\"https:\/\/crossin.pl\/#website\",\"url\":\"https:\/\/crossin.pl\/\",\"name\":\"Crossin\",\"description\":\"Izolacje Pian\u0105 PUR\",\"publisher\":{\"@id\":\"https:\/\/crossin.pl\/#organization\"},\"potentialAction\":[{\"@type\":\"SearchAction\",\"target\":{\"@type\":\"EntryPoint\",\"urlTemplate\":\"https:\/\/crossin.pl\/?s={search_term_string}\"},\"query-input\":{\"@type\":\"PropertyValueSpecification\",\"valueRequired\":true,\"valueName\":\"search_term_string\"}}],\"inLanguage\":\"cs\"},{\"@type\":\"Organization\",\"@id\":\"https:\/\/crossin.pl\/#organization\",\"name\":\"Crossin Insulations\",\"alternateName\":\"Crossin\",\"url\":\"https:\/\/crossin.pl\/\",\"logo\":{\"@type\":\"ImageObject\",\"inLanguage\":\"cs\",\"@id\":\"https:\/\/crossin.pl\/#\/schema\/logo\/image\/\",\"url\":\"https:\/\/crossin.pl\/wp-content\/uploads\/2026\/01\/crossin_logo.svg\",\"contentUrl\":\"https:\/\/crossin.pl\/wp-content\/uploads\/2026\/01\/crossin_logo.svg\",\"caption\":\"Crossin Insulations\"},\"image\":{\"@id\":\"https:\/\/crossin.pl\/#\/schema\/logo\/image\/\"}}]}<\/script>\n<!-- \/ Yoast SEO plugin. -->","yoast_head_json":{"title":"Autorizovan\u00ed dodavatel\u00e9 Crossin - izolace z PUR p\u011bny","description":"Na\u0161i certifikovan\u00ed partne\u0159i poskytuj\u00ed krom\u011b bezplatn\u00e9 cenov\u00e9 nab\u00eddky tak\u00e9 odbornou podporu t\u00fdkaj\u00edc\u00ed se v\u0161ech aspekt\u016f pou\u017e\u00edv\u00e1n\u00ed izolace.","robots":{"index":"index","follow":"follow","max-snippet":"max-snippet:-1","max-image-preview":"max-image-preview:large","max-video-preview":"max-video-preview:-1"},"canonical":"https:\/\/crossin.pl\/cs\/autorizovani-dodavatele\/","og_locale":"cs_CZ","og_type":"article","og_title":"Autorizovan\u00ed dodavatel\u00e9 Crossin - izolace z PUR p\u011bny","og_description":"Na\u0161i certifikovan\u00ed partne\u0159i poskytuj\u00ed krom\u011b bezplatn\u00e9 cenov\u00e9 nab\u00eddky tak\u00e9 odbornou podporu t\u00fdkaj\u00edc\u00ed se v\u0161ech aspekt\u016f pou\u017e\u00edv\u00e1n\u00ed izolace.","og_url":"https:\/\/crossin.pl\/cs\/autorizovani-dodavatele\/","og_site_name":"Crossin","article_modified_time":"2023-10-19T08:28:20+00:00","og_image":[{"width":1200,"height":675,"url":"https:\/\/crossin.pl\/wp-content\/uploads\/2025\/05\/crossin-01.webp","type":"image\/webp"}],"twitter_card":"summary_large_image","twitter_misc":{"Odhadovan\u00e1 doba \u010dten\u00ed":"1 minuta"},"schema":{"@context":"https:\/\/schema.org","@graph":[{"@type":"WebPage","@id":"https:\/\/crossin.pl\/cs\/autorizovani-dodavatele\/","url":"https:\/\/crossin.pl\/cs\/autorizovani-dodavatele\/","name":"Autorizovan\u00ed dodavatel\u00e9 Crossin - izolace z PUR p\u011bny","isPartOf":{"@id":"https:\/\/crossin.pl\/#website"},"datePublished":"2023-08-14T16:00:08+00:00","dateModified":"2023-10-19T08:28:20+00:00","description":"Na\u0161i certifikovan\u00ed partne\u0159i poskytuj\u00ed krom\u011b bezplatn\u00e9 cenov\u00e9 nab\u00eddky tak\u00e9 odbornou podporu t\u00fdkaj\u00edc\u00ed se v\u0161ech aspekt\u016f pou\u017e\u00edv\u00e1n\u00ed izolace.","breadcrumb":{"@id":"https:\/\/crossin.pl\/cs\/autorizovani-dodavatele\/#breadcrumb"},"inLanguage":"cs","potentialAction":[{"@type":"ReadAction","target":["https:\/\/crossin.pl\/cs\/autorizovani-dodavatele\/"]}]},{"@type":"BreadcrumbList","@id":"https:\/\/crossin.pl\/cs\/autorizovani-dodavatele\/#breadcrumb","itemListElement":[{"@type":"ListItem","position":1,"name":"Strona g\u0142\u00f3wna","item":"https:\/\/crossin.pl\/cs\/"},{"@type":"ListItem","position":2,"name":"Dodavatel\u00e9"}]},{"@type":"WebSite","@id":"https:\/\/crossin.pl\/#website","url":"https:\/\/crossin.pl\/","name":"Crossin","description":"Izolacje Pian\u0105 PUR","publisher":{"@id":"https:\/\/crossin.pl\/#organization"},"potentialAction":[{"@type":"SearchAction","target":{"@type":"EntryPoint","urlTemplate":"https:\/\/crossin.pl\/?s={search_term_string}"},"query-input":{"@type":"PropertyValueSpecification","valueRequired":true,"valueName":"search_term_string"}}],"inLanguage":"cs"},{"@type":"Organization","@id":"https:\/\/crossin.pl\/#organization","name":"Crossin Insulations","alternateName":"Crossin","url":"https:\/\/crossin.pl\/","logo":{"@type":"ImageObject","inLanguage":"cs","@id":"https:\/\/crossin.pl\/#\/schema\/logo\/image\/","url":"https:\/\/crossin.pl\/wp-content\/uploads\/2026\/01\/crossin_logo.svg","contentUrl":"https:\/\/crossin.pl\/wp-content\/uploads\/2026\/01\/crossin_logo.svg","caption":"Crossin Insulations"},"image":{"@id":"https:\/\/crossin.pl\/#\/schema\/logo\/image\/"}}]}},"_links":{"self":[{"href":"https:\/\/crossin.pl\/cs\/wp-json\/wp\/v2\/pages\/2553","targetHints":{"allow":["GET"]}}],"collection":[{"href":"https:\/\/crossin.pl\/cs\/wp-json\/wp\/v2\/pages"}],"about":[{"href":"https:\/\/crossin.pl\/cs\/wp-json\/wp\/v2\/types\/page"}],"author":[{"embeddable":true,"href":"https:\/\/crossin.pl\/cs\/wp-json\/wp\/v2\/users\/1"}],"replies":[{"embeddable":true,"href":"https:\/\/crossin.pl\/cs\/wp-json\/wp\/v2\/comments?post=2553"}],"version-history":[{"count":7,"href":"https:\/\/crossin.pl\/cs\/wp-json\/wp\/v2\/pages\/2553\/revisions"}],"predecessor-version":[{"id":2582,"href":"https:\/\/crossin.pl\/cs\/wp-json\/wp\/v2\/pages\/2553\/revisions\/2582"}],"wp:attachment":[{"href":"https:\/\/crossin.pl\/cs\/wp-json\/wp\/v2\/media?parent=2553"}],"curies":[{"name":"wp","href":"https:\/\/api.w.org\/{rel}","templated":true}]}}