{"id":2548,"date":"2023-08-14T17:59:42","date_gmt":"2023-08-14T15:59:42","guid":{"rendered":"https:\/\/crossin.pl\/o-spolecnosti-crossin\/"},"modified":"2024-10-31T11:13:59","modified_gmt":"2024-10-31T10:13:59","slug":"o-spolecnosti-crossin","status":"publish","type":"page","link":"https:\/\/crossin.pl\/cs\/o-spolecnosti-crossin\/","title":{"rendered":"O Crossin"},"content":{"rendered":"\n<div class=\"wp-block-columns is-layout-flex wp-container-core-columns-is-layout-9d6595d7 wp-block-columns-is-layout-flex\">\n<div class=\"wp-block-column is-layout-flow wp-block-column-is-layout-flow\">\n<div class=\"wp-block-columns is-layout-flex wp-container-core-columns-is-layout-9d6595d7 wp-block-columns-is-layout-flex\">\n<div class=\"wp-block-column justifaj is-layout-flow wp-block-column-is-layout-flow\">\n<p>Crossin je inovativn\u00ed \u0159ada polyuretanov\u00fdch izolac\u00ed <a class=\"colo1\" href=\"https:\/\/www.products.pcc.eu\/cs\/strikana-izolace\/\">skupiny PCC<\/a>. St\u0159\u00edkan\u00e1 izolace Crossin PUR se pou\u017e\u00edv\u00e1 jako profesion\u00e1ln\u00ed izolace podkrov\u00ed, st\u011bn, strop\u016f, st\u0159ech a z\u00e1klad\u016f.\n\u00da\u010dinnost v\u00fdrobk\u016f Crossin je v\u00fdsledkem vysok\u00e9 kvalifikace pracovn\u00edk\u016f a vych\u00e1z\u00ed z v\u00edce ne\u017e 40 let zku\u0161enost\u00ed a znalost\u00ed v oblasti polyuretanov\u00fdch izolac\u00ed. <\/p>\n\n\n\n<p>Vzhledem k tomu, jak d\u016fle\u017eit\u00e9 je spr\u00e1vn\u00e9 zpracov\u00e1n\u00ed v\u00fdrobku a p\u0159esn\u00e1 aplikace p\u0159i v\u00fdrob\u011b izolace st\u0159\u00edkanou PUR p\u011bnou, rozhodl se v\u00fdrobce v\u00fdrobk\u016f Crossin spolupracovat pouze s vybran\u00fdmi zku\u0161en\u00fdmi dodavateli.<\/p>\n\n\n\n<p>Autorizovan\u00ed dodavatel\u00e9 spole\u010dnosti Crossin zaru\u010duj\u00ed, \u017ee v\u00fdrobek je zpracov\u00e1n v souladu s doporu\u010den\u00edmi uveden\u00fdmi v technick\u00e9m listu a \u017ee izolace je provedena podle nejvy\u0161\u0161\u00edch standard\u016f o\u010dek\u00e1van\u00fdch v modern\u00ed v\u00fdstavb\u011b.<\/p>\n<\/div>\n<\/div>\n<\/div>\n<\/div>\n\n<div style=\"height:60px\" aria-hidden=\"true\" class=\"wp-block-spacer nomobile\"><\/div>\n\n<div class=\"wp-block-columns ocr__testim__sec is-layout-flex wp-container-core-columns-is-layout-9d6595d7 wp-block-columns-is-layout-flex\">\n<div class=\"wp-block-column is-layout-flow wp-block-column-is-layout-flow\" style=\"flex-basis:10%\"><\/div>\n\n\n\n<div class=\"wp-block-column is-layout-flow wp-block-column-is-layout-flow\" style=\"flex-basis:80%\">\n<div class=\"ocr__testim__wrap\">\n<h3>Crossin Insulations &#8211; profesionalita, efektivita, trvanlivost a bezpe\u010dnost po dlouh\u00e1 l\u00e9ta.<\/h3>\n<\/div>\n<\/div>\n\n\n\n<div class=\"wp-block-column is-layout-flow wp-block-column-is-layout-flow\" style=\"flex-basis:10%\"><\/div>\n<\/div>\n\n<div style=\"height:90px\" aria-hidden=\"true\" class=\"wp-block-spacer nomobile\"><\/div>\n\n<div style=\"height:40px\" aria-hidden=\"true\" class=\"wp-block-spacer onlymobile\"><\/div>\n\n<div class=\"wp-block-columns is-layout-flex wp-container-core-columns-is-layout-9d6595d7 wp-block-columns-is-layout-flex\">\n<div class=\"wp-block-column is-layout-flow wp-block-column-is-layout-flow\">\n<div class=\"cr__head03\"><h3><br\/>Inteligentn\u00ed<span>technologie<\/span><\/h3><\/div>\n\n\n\n<div class=\"wp-block-columns is-layout-flex wp-container-core-columns-is-layout-9d6595d7 wp-block-columns-is-layout-flex\">\n<div class=\"wp-block-column is-layout-flow wp-block-column-is-layout-flow\" style=\"flex-basis:50%\">\n<p>V\u00fdrobky zna\u010dky Crossin Insulations jsou technicky vysp\u011bl\u00e9 izolace ve form\u011b st\u0159\u00edkan\u00fdch PUR p\u011bn.\nV\u00fdrobky Crossin se vyzna\u010duj\u00ed vynikaj\u00edc\u00edmi izola\u010dn\u00edmi vlastnostmi.\nN\u00edzk\u00e1 lambda a nas\u00e1kavost jsou kl\u00ed\u010dov\u00e9 parametry, kter\u00e9 v\u00fdrobky Crossin \u0159ad\u00ed mezi pr\u00e9miov\u00e9 produkty.\nPUR p\u011bny se aplikuj\u00ed st\u0159\u00edk\u00e1n\u00edm.\nB\u011bhem aplikace p\u011bna zv\u011bt\u0161uje sv\u016fj objem a vypl\u0148uje v\u0161echny dutiny, v\u00fdsledkem je odoln\u00e1, beze\u0161v\u00e1 izola\u010dn\u00ed vrstva, kter\u00e1 eliminuje tepeln\u00e9 mosty.    <\/p>\n\n\n\n<div style=\"height:20px\" aria-hidden=\"true\" class=\"wp-block-spacer nomobile\"><\/div>\n\n\n\n<div class=\"bar__hori__wrap\"><div class=\"bar__hori__left01 bar__hori__ofi\"><div class=\"home__prod__link\"><a href=\"\/produkt\/attic-soft\">Attic Soft<\/a> | <a href=\"\/produkt\/hard-36\">Hard 36<\/a> | <a href=\"\/produkt\/hard-40\">Hard 40<\/a> | Hard <a href=\"\/produkt\/hard-50\">50<\/a><\/div><\/div><\/div>\n<\/div>\n\n\n\n<div class=\"wp-block-column is-layout-flow wp-block-column-is-layout-flow\" style=\"flex-basis:44%\">\n<div class=\"ocr__tech__iko__wrap\">\n<div class=\"ocr__tech__iko__item\"><img decoding=\"async\" src=\"\/wp-content\/uploads\/2023\/08\/iko-ocr-doswiadczenie-02.webp\" alt=\"Zku\u0161enosti\"\/><h4>Zku\u0161enosti<\/h4><\/div>\n<div class=\"ocr__tech__iko__item\"><img decoding=\"async\" src=\"\/wp-content\/uploads\/2023\/08\/iko-ocr-skutecznosc-02.webp\" alt=\"\u00da\u010dinnost\"\/><h4>\u00da\u010dinnost<\/h4><\/div>\n<div class=\"ocr__tech__iko__item\"><img decoding=\"async\" src=\"\/wp-content\/uploads\/2023\/08\/iko-ocr-bezpieczenstwo-02.webp\" alt=\"Zabezpe\u010den\u00ed\"\/><h4>Zabezpe\u010den\u00ed<\/h4><\/div>\n<div class=\"ocr__tech__iko__item\"><img decoding=\"async\" src=\"\/wp-content\/uploads\/2023\/08\/iko-ocr-innowacje-02.webp\" alt=\"Inovativn\u00ed p\u0159\u00edstup\"\/><h4>Inovativn\u00ed p\u0159\u00edstup<\/h4><\/div>\n<\/div>\n<\/div>\n\n\n\n<div class=\"wp-block-column is-layout-flow wp-block-column-is-layout-flow\" style=\"flex-basis:6%\">\n<div style=\"height:48px\" aria-hidden=\"true\" class=\"wp-block-spacer nomobile\"><\/div>\n\n\n\n<div class=\"bar__hori__right01\"><\/div>\n<\/div>\n<\/div>\n<\/div>\n<\/div>\n\n<div style=\"height:70px\" aria-hidden=\"true\" class=\"wp-block-spacer nomobile\"><\/div>\n\n<div class=\"wp-block-columns is-layout-flex wp-container-core-columns-is-layout-9d6595d7 wp-block-columns-is-layout-flex\">\n<div class=\"wp-block-column is-layout-flow wp-block-column-is-layout-flow\">\n<div class=\"wp-block-columns is-layout-flex wp-container-core-columns-is-layout-9d6595d7 wp-block-columns-is-layout-flex\">\n<div class=\"wp-block-column justifaj is-layout-flow wp-block-column-is-layout-flow\">\n<div class=\"cr__head03\"><h3><br\/>Izola\u010dn\u00ed p\u011bny<span>PUR<\/span><\/h3><\/div>\n\n\n\n<p>PUR p\u011bny Crossin jsou modern\u00ed st\u0159\u00edkan\u00e9 izola\u010dn\u00ed syst\u00e9my, kter\u00e9 jsou ide\u00e1ln\u00ed pro \u00fa\u010dinnou izolaci podkrov\u00ed, st\u011bn, st\u0159ech, z\u00e1klad\u016f a podlah.\nTato inovativn\u00ed \u0159e\u0161en\u00ed se pou\u017e\u00edvaj\u00ed jak v obytn\u00fdch, tak v pr\u016fmyslov\u00fdch nebo zem\u011bd\u011blsk\u00fdch budov\u00e1ch. <\/p>\n\n\n\n<p>Modern\u00ed \u0159ada izolac\u00ed Crossin zahrnuje syst\u00e9my z tuh\u00e9 p\u011bny s uzav\u0159en\u00fdmi bu\u0148kami o r\u016fzn\u00fdch hustot\u00e1ch a syst\u00e9my z polotuh\u00e9 p\u011bny s otev\u0159en\u00fdmi bu\u0148kami.<\/p>\n\n\n\n<p>Aby byly PUR p\u011bny pln\u011b \u00fa\u010dinn\u00e9, mus\u00ed b\u00fdt spr\u00e1vn\u011b zpracov\u00e1ny v souladu s doporu\u010den\u00edmi v\u00fdrobce.\nV\u00fdrobky Crossin jsou dostupn\u00e9 pouze prost\u0159ednictv\u00edm dodavatel\u016f doporu\u010den\u00fdch v\u00fdrobcem.\nAutorizovan\u00ed dodavatel\u00e9 Crossin zaji\u0161\u0165uj\u00ed odbornou aplikaci podle pokyn\u016f v technick\u00e9m listu, co\u017e zaru\u010duje \u00fa\u010dinnost a trvanlivost izolace.\nP\u0159i v\u00fdb\u011bru v\u00fdrobk\u016f Crossin pro zateplen\u00ed se vyplat\u00ed vsadit na kvalitu a prov\u011b\u0159en\u00e9 partnery.   <\/p>\n<\/div>\n<\/div>\n<\/div>\n<\/div>\n\n<div style=\"height:100px\" aria-hidden=\"true\" class=\"wp-block-spacer nomobile\"><\/div>\n\n<div class=\"wp-block-columns alignfull ocr__ofirmie__sec is-layout-flex wp-container-core-columns-is-layout-9d6595d7 wp-block-columns-is-layout-flex\">\n<div class=\"wp-block-column is-layout-flow wp-block-column-is-layout-flow\">\n<div class=\"wp-block-columns is-layout-flex wp-container-core-columns-is-layout-9d6595d7 wp-block-columns-is-layout-flex\">\n<div class=\"wp-block-column flexoplexo is-layout-flow wp-block-column-is-layout-flow\" style=\"flex-basis:70%\">\n<div class=\"ocr__ofi__pcc\">\n<div class=\"cr__head03 bright\"><h3><br\/>O spole\u010dnosti<span>PCC Group<\/span><\/h3><\/div>\n<div class=\"ocr__ofi__iko__wrap\">\n<div class=\"ocr__ofi__iko__item\"><img decoding=\"async\" src=\"\/wp-content\/uploads\/2023\/09\/iko-ofi-spolki-02.svg\" alt=\"Spole\u010dnost\"\/><h3>82<\/h3><h4>Spole\u010dnosti<\/h4><\/div>\n<div class=\"ocr__ofi__iko__item\"><img decoding=\"async\" src=\"\/wp-content\/uploads\/2023\/09\/iko-ofi-lokalizacje-01.svg\" alt=\"Lokality\"\/><h3>41<\/h3><h4>Lokality<\/h4><\/div>\n<div class=\"ocr__ofi__iko__item\"><img decoding=\"async\" src=\"\/wp-content\/uploads\/2023\/09\/iko-ofi-kraje-01.svg\" alt=\"Zem\u011b\"\/><h3>18<\/h3><h4>Zem\u011b<\/h4><\/div>\n<div class=\"ocr__ofi__iko__item\"><img decoding=\"async\" src=\"\/wp-content\/uploads\/2023\/09\/iko-ofi-pracownicy-02.svg\" alt=\"Zam\u011bstnanci\"\/><h3>3500<\/h3><h4>Zam\u011bstnanci<\/h4><\/div>\n<\/div>\n<\/div>\n<\/div>\n\n\n\n<div class=\"wp-block-column is-layout-flow wp-block-column-is-layout-flow\" style=\"flex-basis:30%\"><\/div>\n<\/div>\n<\/div>\n<\/div>\n\n<div style=\"height:60px\" aria-hidden=\"true\" class=\"wp-block-spacer nomobile\"><\/div>\n\n<div class=\"wp-block-columns is-layout-flex wp-container-core-columns-is-layout-9d6595d7 wp-block-columns-is-layout-flex\">\n<div class=\"wp-block-column is-layout-flow wp-block-column-is-layout-flow\">\n<div class=\"wp-block-columns is-layout-flex wp-container-core-columns-is-layout-9d6595d7 wp-block-columns-is-layout-flex\">\n<div class=\"wp-block-column is-layout-flow wp-block-column-is-layout-flow\">\n<p>V\u00fdrobce p\u011bn Crossin<br\/><strong>PCC Prodex Sp.\nz o.o <\/strong><br\/><br\/>4 Sienkiewicza St. 56-120 Brzeg Dolny <\/p>\n<\/div>\n\n\n\n<div class=\"wp-block-column is-layout-flow wp-block-column-is-layout-flow\">\n<p><br\/><br\/><br\/>Z<strong>\u00e1kaznick\u00fd servis<\/strong> +48 71 794 34 11 +48 665 000 888 e-mail:<a href=\"mailto:crossin@pcc.eu\">crossin@pcc.eu<\/a><\/p>\n\n\n\n<p><br\/>S<strong>ekretari\u00e1t<\/strong> +48 71 794 34 10<\/p>\n<\/div>\n\n\n\n<div class=\"wp-block-column is-layout-flow wp-block-column-is-layout-flow\">\n<p><br\/><br\/><br\/><br\/>KRS 0000024928 Okresn\u00ed soud pro Wroc\u0142aw-Fabryczna, IX. hospod\u00e1\u0159sk\u00e9 odd\u011blen\u00ed N\u00e1rodn\u00edho soudn\u00edho rejst\u0159\u00edku. NIP 522-18-03-295 REGON 012290187, Z\u00e1kladn\u00ed kapit\u00e1l 50 000 PLN Splacen\u00fd kapit\u00e1l 50 000 PL<\/p>\n<\/div>\n<\/div>\n<\/div>\n<\/div>\n\n<div style=\"height:60px\" aria-hidden=\"true\" class=\"wp-block-spacer nomobile\"><\/div>\n","protected":false},"excerpt":{"rendered":"<p>Crossin je inovativn\u00ed \u0159ada polyuretanov\u00fdch izolac\u00ed skupiny PCC. St\u0159\u00edkan\u00e1 izolace Crossin PUR se pou\u017e\u00edv\u00e1 jako profesion\u00e1ln\u00ed izolace podkrov\u00ed, st\u011bn, strop\u016f, st\u0159ech a z\u00e1klad\u016f. \u00da\u010dinnost v\u00fdrobk\u016f Crossin je v\u00fdsledkem vysok\u00e9 kvalifikace pracovn\u00edk\u016f a vych\u00e1z\u00ed z v\u00edce ne\u017e 40 let zku\u0161enost\u00ed a znalost\u00ed v oblasti polyuretanov\u00fdch izolac\u00ed. Vzhledem k tomu, jak d\u016fle\u017eit\u00e9 je spr\u00e1vn\u00e9 zpracov\u00e1n\u00ed v\u00fdrobku a [&hellip;]<\/p>\n","protected":false},"author":1,"featured_media":3468,"parent":0,"menu_order":420,"comment_status":"closed","ping_status":"closed","template":"page-fullwidth.php","meta":{"inline_featured_image":false,"footnotes":""},"class_list":["post-2548","page","type-page","status-publish","has-post-thumbnail","hentry"],"acf":[],"yoast_head":"<!-- This site is optimized with the Yoast SEO plugin v26.4 - https:\/\/yoast.com\/wordpress\/plugins\/seo\/ -->\n<title>V\u00fdrobce PUR p\u011bn - Crossin<\/title>\n<meta name=\"description\" content=\"PUR p\u011bny Crossin jsou pokro\u010dil\u00e9 st\u0159\u00edkan\u00e9 izola\u010dn\u00ed syst\u00e9my. \u00da\u010dinn\u00e1 izolace podkrov\u00ed, st\u011bn, st\u0159echy, z\u00e1klad\u016f a podlah.\" \/>\n<meta name=\"robots\" content=\"index, follow, max-snippet:-1, max-image-preview:large, max-video-preview:-1\" \/>\n<link rel=\"canonical\" href=\"https:\/\/crossin.pl\/cs\/o-spolecnosti-crossin\/\" \/>\n<meta property=\"og:locale\" content=\"cs_CZ\" \/>\n<meta property=\"og:type\" content=\"article\" \/>\n<meta property=\"og:title\" content=\"V\u00fdrobce PUR p\u011bn - Crossin\" \/>\n<meta property=\"og:description\" content=\"PUR p\u011bny Crossin jsou pokro\u010dil\u00e9 st\u0159\u00edkan\u00e9 izola\u010dn\u00ed syst\u00e9my. \u00da\u010dinn\u00e1 izolace podkrov\u00ed, st\u011bn, st\u0159echy, z\u00e1klad\u016f a podlah.\" \/>\n<meta property=\"og:url\" content=\"https:\/\/crossin.pl\/cs\/o-spolecnosti-crossin\/\" \/>\n<meta property=\"og:site_name\" content=\"Crossin\" \/>\n<meta property=\"article:modified_time\" content=\"2024-10-31T10:13:59+00:00\" \/>\n<meta property=\"og:image\" content=\"https:\/\/crossin.pl\/wp-content\/uploads\/2023\/10\/cr-page-onas-01.webp\" \/>\n\t<meta property=\"og:image:width\" content=\"990\" \/>\n\t<meta property=\"og:image:height\" content=\"660\" \/>\n\t<meta property=\"og:image:type\" content=\"image\/webp\" \/>\n<meta name=\"twitter:card\" content=\"summary_large_image\" \/>\n<meta name=\"twitter:label1\" content=\"Odhadovan\u00e1 doba \u010dten\u00ed\" \/>\n\t<meta name=\"twitter:data1\" content=\"2 minuty\" \/>\n<script type=\"application\/ld+json\" class=\"yoast-schema-graph\">{\"@context\":\"https:\/\/schema.org\",\"@graph\":[{\"@type\":\"WebPage\",\"@id\":\"https:\/\/crossin.pl\/cs\/o-spolecnosti-crossin\/\",\"url\":\"https:\/\/crossin.pl\/cs\/o-spolecnosti-crossin\/\",\"name\":\"V\u00fdrobce PUR p\u011bn - Crossin\",\"isPartOf\":{\"@id\":\"https:\/\/crossin.pl\/#website\"},\"primaryImageOfPage\":{\"@id\":\"https:\/\/crossin.pl\/cs\/o-spolecnosti-crossin\/#primaryimage\"},\"image\":{\"@id\":\"https:\/\/crossin.pl\/cs\/o-spolecnosti-crossin\/#primaryimage\"},\"thumbnailUrl\":\"https:\/\/crossin.pl\/wp-content\/uploads\/2023\/10\/cr-page-onas-01.webp\",\"datePublished\":\"2023-08-14T15:59:42+00:00\",\"dateModified\":\"2024-10-31T10:13:59+00:00\",\"description\":\"PUR p\u011bny Crossin jsou pokro\u010dil\u00e9 st\u0159\u00edkan\u00e9 izola\u010dn\u00ed syst\u00e9my. \u00da\u010dinn\u00e1 izolace podkrov\u00ed, st\u011bn, st\u0159echy, z\u00e1klad\u016f a podlah.\",\"breadcrumb\":{\"@id\":\"https:\/\/crossin.pl\/cs\/o-spolecnosti-crossin\/#breadcrumb\"},\"inLanguage\":\"cs\",\"potentialAction\":[{\"@type\":\"ReadAction\",\"target\":[\"https:\/\/crossin.pl\/cs\/o-spolecnosti-crossin\/\"]}]},{\"@type\":\"ImageObject\",\"inLanguage\":\"cs\",\"@id\":\"https:\/\/crossin.pl\/cs\/o-spolecnosti-crossin\/#primaryimage\",\"url\":\"https:\/\/crossin.pl\/wp-content\/uploads\/2023\/10\/cr-page-onas-01.webp\",\"contentUrl\":\"https:\/\/crossin.pl\/wp-content\/uploads\/2023\/10\/cr-page-onas-01.webp\",\"width\":990,\"height\":660},{\"@type\":\"BreadcrumbList\",\"@id\":\"https:\/\/crossin.pl\/cs\/o-spolecnosti-crossin\/#breadcrumb\",\"itemListElement\":[{\"@type\":\"ListItem\",\"position\":1,\"name\":\"Strona g\u0142\u00f3wna\",\"item\":\"https:\/\/crossin.pl\/cs\/\"},{\"@type\":\"ListItem\",\"position\":2,\"name\":\"O Crossin\"}]},{\"@type\":\"WebSite\",\"@id\":\"https:\/\/crossin.pl\/#website\",\"url\":\"https:\/\/crossin.pl\/\",\"name\":\"Crossin\",\"description\":\"Izolacje Pian\u0105 PUR\",\"publisher\":{\"@id\":\"https:\/\/crossin.pl\/#organization\"},\"potentialAction\":[{\"@type\":\"SearchAction\",\"target\":{\"@type\":\"EntryPoint\",\"urlTemplate\":\"https:\/\/crossin.pl\/?s={search_term_string}\"},\"query-input\":{\"@type\":\"PropertyValueSpecification\",\"valueRequired\":true,\"valueName\":\"search_term_string\"}}],\"inLanguage\":\"cs\"},{\"@type\":\"Organization\",\"@id\":\"https:\/\/crossin.pl\/#organization\",\"name\":\"Crossin Insulations\",\"alternateName\":\"Crossin\",\"url\":\"https:\/\/crossin.pl\/\",\"logo\":{\"@type\":\"ImageObject\",\"inLanguage\":\"cs\",\"@id\":\"https:\/\/crossin.pl\/#\/schema\/logo\/image\/\",\"url\":\"https:\/\/crossin.pl\/wp-content\/uploads\/2026\/01\/crossin_logo.svg\",\"contentUrl\":\"https:\/\/crossin.pl\/wp-content\/uploads\/2026\/01\/crossin_logo.svg\",\"caption\":\"Crossin Insulations\"},\"image\":{\"@id\":\"https:\/\/crossin.pl\/#\/schema\/logo\/image\/\"}}]}<\/script>\n<!-- \/ Yoast SEO plugin. -->","yoast_head_json":{"title":"V\u00fdrobce PUR p\u011bn - Crossin","description":"PUR p\u011bny Crossin jsou pokro\u010dil\u00e9 st\u0159\u00edkan\u00e9 izola\u010dn\u00ed syst\u00e9my. \u00da\u010dinn\u00e1 izolace podkrov\u00ed, st\u011bn, st\u0159echy, z\u00e1klad\u016f a podlah.","robots":{"index":"index","follow":"follow","max-snippet":"max-snippet:-1","max-image-preview":"max-image-preview:large","max-video-preview":"max-video-preview:-1"},"canonical":"https:\/\/crossin.pl\/cs\/o-spolecnosti-crossin\/","og_locale":"cs_CZ","og_type":"article","og_title":"V\u00fdrobce PUR p\u011bn - Crossin","og_description":"PUR p\u011bny Crossin jsou pokro\u010dil\u00e9 st\u0159\u00edkan\u00e9 izola\u010dn\u00ed syst\u00e9my. \u00da\u010dinn\u00e1 izolace podkrov\u00ed, st\u011bn, st\u0159echy, z\u00e1klad\u016f a podlah.","og_url":"https:\/\/crossin.pl\/cs\/o-spolecnosti-crossin\/","og_site_name":"Crossin","article_modified_time":"2024-10-31T10:13:59+00:00","og_image":[{"width":990,"height":660,"url":"https:\/\/crossin.pl\/wp-content\/uploads\/2023\/10\/cr-page-onas-01.webp","type":"image\/webp"}],"twitter_card":"summary_large_image","twitter_misc":{"Odhadovan\u00e1 doba \u010dten\u00ed":"2 minuty"},"schema":{"@context":"https:\/\/schema.org","@graph":[{"@type":"WebPage","@id":"https:\/\/crossin.pl\/cs\/o-spolecnosti-crossin\/","url":"https:\/\/crossin.pl\/cs\/o-spolecnosti-crossin\/","name":"V\u00fdrobce PUR p\u011bn - Crossin","isPartOf":{"@id":"https:\/\/crossin.pl\/#website"},"primaryImageOfPage":{"@id":"https:\/\/crossin.pl\/cs\/o-spolecnosti-crossin\/#primaryimage"},"image":{"@id":"https:\/\/crossin.pl\/cs\/o-spolecnosti-crossin\/#primaryimage"},"thumbnailUrl":"https:\/\/crossin.pl\/wp-content\/uploads\/2023\/10\/cr-page-onas-01.webp","datePublished":"2023-08-14T15:59:42+00:00","dateModified":"2024-10-31T10:13:59+00:00","description":"PUR p\u011bny Crossin jsou pokro\u010dil\u00e9 st\u0159\u00edkan\u00e9 izola\u010dn\u00ed syst\u00e9my. \u00da\u010dinn\u00e1 izolace podkrov\u00ed, st\u011bn, st\u0159echy, z\u00e1klad\u016f a podlah.","breadcrumb":{"@id":"https:\/\/crossin.pl\/cs\/o-spolecnosti-crossin\/#breadcrumb"},"inLanguage":"cs","potentialAction":[{"@type":"ReadAction","target":["https:\/\/crossin.pl\/cs\/o-spolecnosti-crossin\/"]}]},{"@type":"ImageObject","inLanguage":"cs","@id":"https:\/\/crossin.pl\/cs\/o-spolecnosti-crossin\/#primaryimage","url":"https:\/\/crossin.pl\/wp-content\/uploads\/2023\/10\/cr-page-onas-01.webp","contentUrl":"https:\/\/crossin.pl\/wp-content\/uploads\/2023\/10\/cr-page-onas-01.webp","width":990,"height":660},{"@type":"BreadcrumbList","@id":"https:\/\/crossin.pl\/cs\/o-spolecnosti-crossin\/#breadcrumb","itemListElement":[{"@type":"ListItem","position":1,"name":"Strona g\u0142\u00f3wna","item":"https:\/\/crossin.pl\/cs\/"},{"@type":"ListItem","position":2,"name":"O Crossin"}]},{"@type":"WebSite","@id":"https:\/\/crossin.pl\/#website","url":"https:\/\/crossin.pl\/","name":"Crossin","description":"Izolacje Pian\u0105 PUR","publisher":{"@id":"https:\/\/crossin.pl\/#organization"},"potentialAction":[{"@type":"SearchAction","target":{"@type":"EntryPoint","urlTemplate":"https:\/\/crossin.pl\/?s={search_term_string}"},"query-input":{"@type":"PropertyValueSpecification","valueRequired":true,"valueName":"search_term_string"}}],"inLanguage":"cs"},{"@type":"Organization","@id":"https:\/\/crossin.pl\/#organization","name":"Crossin Insulations","alternateName":"Crossin","url":"https:\/\/crossin.pl\/","logo":{"@type":"ImageObject","inLanguage":"cs","@id":"https:\/\/crossin.pl\/#\/schema\/logo\/image\/","url":"https:\/\/crossin.pl\/wp-content\/uploads\/2026\/01\/crossin_logo.svg","contentUrl":"https:\/\/crossin.pl\/wp-content\/uploads\/2026\/01\/crossin_logo.svg","caption":"Crossin Insulations"},"image":{"@id":"https:\/\/crossin.pl\/#\/schema\/logo\/image\/"}}]}},"_links":{"self":[{"href":"https:\/\/crossin.pl\/cs\/wp-json\/wp\/v2\/pages\/2548","targetHints":{"allow":["GET"]}}],"collection":[{"href":"https:\/\/crossin.pl\/cs\/wp-json\/wp\/v2\/pages"}],"about":[{"href":"https:\/\/crossin.pl\/cs\/wp-json\/wp\/v2\/types\/page"}],"author":[{"embeddable":true,"href":"https:\/\/crossin.pl\/cs\/wp-json\/wp\/v2\/users\/1"}],"replies":[{"embeddable":true,"href":"https:\/\/crossin.pl\/cs\/wp-json\/wp\/v2\/comments?post=2548"}],"version-history":[{"count":18,"href":"https:\/\/crossin.pl\/cs\/wp-json\/wp\/v2\/pages\/2548\/revisions"}],"predecessor-version":[{"id":4936,"href":"https:\/\/crossin.pl\/cs\/wp-json\/wp\/v2\/pages\/2548\/revisions\/4936"}],"wp:featuredmedia":[{"embeddable":true,"href":"https:\/\/crossin.pl\/cs\/wp-json\/wp\/v2\/media\/3468"}],"wp:attachment":[{"href":"https:\/\/crossin.pl\/cs\/wp-json\/wp\/v2\/media?parent=2548"}],"curies":[{"name":"wp","href":"https:\/\/api.w.org\/{rel}","templated":true}]}}