{"id":2546,"date":"2023-08-14T17:56:22","date_gmt":"2023-08-14T15:56:22","guid":{"rendered":"https:\/\/crossin.pl\/realizace\/"},"modified":"2023-10-19T10:21:28","modified_gmt":"2023-10-19T08:21:28","slug":"realizace","status":"publish","type":"page","link":"https:\/\/crossin.pl\/cs\/realizace\/","title":{"rendered":"Realizace"},"content":{"rendered":"\n<div class=\"wp-block-columns is-layout-flex wp-container-core-columns-is-layout-9d6595d7 wp-block-columns-is-layout-flex\">\n<div class=\"wp-block-column is-layout-flow wp-block-column-is-layout-flow\"><div id=\"post_grid-block_fabe4cc8a0a5cd941fa12ca94895d331\" class=\"acf-post_grid post-style-6\">\r\n    <div class=\"bv_post_grid_wrapper\">\r\n            <div class=\"bv_post_grid_item\">\r\n        <a class=\"bv_post_grid_item_wrapper\" href=\"https:\/\/crossin.pl\/cs\/realizacja\/izolace-neobvykle-budovy-ceske-budejovice\/\">\r\n                        <div class=\"realizacja-image\">\r\n                <img decoding=\"async\" src=\"https:\/\/crossin.pl\/wp-content\/uploads\/2023\/10\/cr-real-vavra-izolace-neobvykle-budovy-01-01-768x512.webp\">\r\n                            <\/div>\r\n            <h4>Izolace neobvykl\u00e9 budovy &#8211; \u010cesk\u00e9 Bud\u011bjovice<\/h4>\r\n            <p><\/p>\r\n                    <\/a>\r\n    <\/div>\r\n    <div class=\"bv_post_grid_item\">\r\n        <a class=\"bv_post_grid_item_wrapper\" href=\"https:\/\/crossin.pl\/cs\/realizacja\/izolace-mansardove-strechy\/\">\r\n                        <div class=\"realizacja-image\">\r\n                <img decoding=\"async\" src=\"https:\/\/crossin.pl\/wp-content\/uploads\/2023\/10\/cr-real-izopena-izolace-mansardove-strechy-01-06-768x512.webp\">\r\n                                    <div class=\"badge-product\">Crossin Hard 36<\/div>\r\n                            <\/div>\r\n            <h4>Izolace mansardov\u00e9 st\u0159echy<\/h4>\r\n            <p><\/p>\r\n                    <\/a>\r\n    <\/div>\r\n    <div class=\"bv_post_grid_item\">\r\n        <a class=\"bv_post_grid_item_wrapper\" href=\"https:\/\/crossin.pl\/cs\/realizacja\/izolace-skladiste-stara-boleslav\/\">\r\n                        <div class=\"realizacja-image\">\r\n                <img decoding=\"async\" src=\"https:\/\/crossin.pl\/wp-content\/uploads\/2023\/10\/cr-real-vavra-izolace-skladiste-01-01-768x512.webp\">\r\n                            <\/div>\r\n            <h4>Izolace skladi\u0161t\u011b &#8211; Star\u00e1 Boleslav<\/h4>\r\n            <p><\/p>\r\n                    <\/a>\r\n    <\/div>\r\n    <div class=\"bv_post_grid_item\">\r\n        <a class=\"bv_post_grid_item_wrapper\" href=\"https:\/\/crossin.pl\/cs\/realizacja\/zatepleni-haly\/\">\r\n                        <div class=\"realizacja-image\">\r\n                <img decoding=\"async\" src=\"https:\/\/crossin.pl\/wp-content\/uploads\/2023\/10\/cr-real-izopena-zatepleni-haly-01-06-768x512.webp\">\r\n                                    <div class=\"badge-product\">Crossin Hard 36<\/div>\r\n                            <\/div>\r\n            <h4>Zateplen\u00ed haly<\/h4>\r\n            <p><\/p>\r\n                    <\/a>\r\n    <\/div>\r\n    <div class=\"bv_post_grid_item\">\r\n        <a class=\"bv_post_grid_item_wrapper\" href=\"https:\/\/crossin.pl\/cs\/realizacja\/zatepleni-strechy-zvenci-pribram\/\">\r\n                        <div class=\"realizacja-image\">\r\n                <img decoding=\"async\" src=\"https:\/\/crossin.pl\/wp-content\/uploads\/2023\/10\/cr-real-vavra-izatepleni-strechy-zvenci-01-01-768x512.webp\">\r\n                            <\/div>\r\n            <h4>Zateplen\u00ed st\u0159echy zven\u010d\u00ed &#8211; P\u0159\u00edbram<\/h4>\r\n            <p><\/p>\r\n                    <\/a>\r\n    <\/div>\r\n    <div class=\"bv_post_grid_item\">\r\n        <a class=\"bv_post_grid_item_wrapper\" href=\"https:\/\/crossin.pl\/cs\/realizacja\/zatepleni-podkrovi\/\">\r\n                        <div class=\"realizacja-image\">\r\n                <img decoding=\"async\" src=\"https:\/\/crossin.pl\/wp-content\/uploads\/2023\/10\/cr-real-izopena-zatepleni-podkrovi-01-06-768x512.webp\">\r\n                                    <div class=\"badge-product\">Crossin Attic Soft<\/div>\r\n                            <\/div>\r\n            <h4>Zateplen\u00ed podkrov\u00ed<\/h4>\r\n            <p><\/p>\r\n                    <\/a>\r\n    <\/div>\r\n\r\n<style>\r\n    .bv_post_grid_wrapper {\r\n        display: flex;\r\n        gap: 3%;\r\n        flex-wrap: wrap;\r\n    }\r\n\r\n    .bv_post_grid_item {\r\n        flex-basis: 31.3%;\r\n        margin: 15px 0;\r\n        text-align: left;\r\n    }\r\n<\/style>    <\/div>\r\n<\/div><\/div>\n<\/div>\n","protected":false},"excerpt":{"rendered":"","protected":false},"author":1,"featured_media":3476,"parent":0,"menu_order":220,"comment_status":"closed","ping_status":"closed","template":"","meta":{"inline_featured_image":false,"footnotes":""},"class_list":["post-2546","page","type-page","status-publish","has-post-thumbnail","hentry"],"acf":[],"yoast_head":"<!-- This site is optimized with the Yoast SEO plugin v26.4 - https:\/\/yoast.com\/wordpress\/plugins\/seo\/ -->\n<title>Realizace stavebn\u00edch projekt\u016f s pou\u017eit\u00edm PUR p\u011bny - Crossin<\/title>\n<meta name=\"description\" content=\"Pod\u00edvejte se na investice do produkt\u016f Crossin. Izolace podkrov\u00ed, strop\u016f, z\u00e1klad\u016f i speci\u00e1ln\u00edch staveb.\" \/>\n<meta name=\"robots\" content=\"index, follow, max-snippet:-1, max-image-preview:large, max-video-preview:-1\" \/>\n<link rel=\"canonical\" href=\"https:\/\/crossin.pl\/cs\/realizace\/\" \/>\n<meta property=\"og:locale\" content=\"cs_CZ\" \/>\n<meta property=\"og:type\" content=\"article\" \/>\n<meta property=\"og:title\" content=\"Realizace stavebn\u00edch projekt\u016f s pou\u017eit\u00edm PUR p\u011bny - Crossin\" \/>\n<meta property=\"og:description\" content=\"Pod\u00edvejte se na investice do produkt\u016f Crossin. Izolace podkrov\u00ed, strop\u016f, z\u00e1klad\u016f i speci\u00e1ln\u00edch staveb.\" \/>\n<meta property=\"og:url\" content=\"https:\/\/crossin.pl\/cs\/realizace\/\" \/>\n<meta property=\"og:site_name\" content=\"Crossin\" \/>\n<meta property=\"article:modified_time\" content=\"2023-10-19T08:21:28+00:00\" \/>\n<meta property=\"og:image\" content=\"https:\/\/crossin.pl\/wp-content\/uploads\/2023\/08\/cr-real-purpartner-ocieplenie-poddasza-02-01.webp\" \/>\n\t<meta property=\"og:image:width\" content=\"1200\" \/>\n\t<meta property=\"og:image:height\" content=\"800\" \/>\n\t<meta property=\"og:image:type\" content=\"image\/webp\" \/>\n<meta name=\"twitter:card\" content=\"summary_large_image\" \/>\n<script type=\"application\/ld+json\" class=\"yoast-schema-graph\">{\"@context\":\"https:\/\/schema.org\",\"@graph\":[{\"@type\":\"WebPage\",\"@id\":\"https:\/\/crossin.pl\/cs\/realizace\/\",\"url\":\"https:\/\/crossin.pl\/cs\/realizace\/\",\"name\":\"Realizace stavebn\u00edch projekt\u016f s pou\u017eit\u00edm PUR p\u011bny - Crossin\",\"isPartOf\":{\"@id\":\"https:\/\/crossin.pl\/#website\"},\"primaryImageOfPage\":{\"@id\":\"https:\/\/crossin.pl\/cs\/realizace\/#primaryimage\"},\"image\":{\"@id\":\"https:\/\/crossin.pl\/cs\/realizace\/#primaryimage\"},\"thumbnailUrl\":\"https:\/\/crossin.pl\/wp-content\/uploads\/2023\/08\/cr-real-purpartner-ocieplenie-poddasza-02-01.webp\",\"datePublished\":\"2023-08-14T15:56:22+00:00\",\"dateModified\":\"2023-10-19T08:21:28+00:00\",\"description\":\"Pod\u00edvejte se na investice do produkt\u016f Crossin. Izolace podkrov\u00ed, strop\u016f, z\u00e1klad\u016f i speci\u00e1ln\u00edch staveb.\",\"breadcrumb\":{\"@id\":\"https:\/\/crossin.pl\/cs\/realizace\/#breadcrumb\"},\"inLanguage\":\"cs\",\"potentialAction\":[{\"@type\":\"ReadAction\",\"target\":[\"https:\/\/crossin.pl\/cs\/realizace\/\"]}]},{\"@type\":\"ImageObject\",\"inLanguage\":\"cs\",\"@id\":\"https:\/\/crossin.pl\/cs\/realizace\/#primaryimage\",\"url\":\"https:\/\/crossin.pl\/wp-content\/uploads\/2023\/08\/cr-real-purpartner-ocieplenie-poddasza-02-01.webp\",\"contentUrl\":\"https:\/\/crossin.pl\/wp-content\/uploads\/2023\/08\/cr-real-purpartner-ocieplenie-poddasza-02-01.webp\",\"width\":1200,\"height\":800},{\"@type\":\"BreadcrumbList\",\"@id\":\"https:\/\/crossin.pl\/cs\/realizace\/#breadcrumb\",\"itemListElement\":[{\"@type\":\"ListItem\",\"position\":1,\"name\":\"Strona g\u0142\u00f3wna\",\"item\":\"https:\/\/crossin.pl\/cs\/\"},{\"@type\":\"ListItem\",\"position\":2,\"name\":\"Realizace\"}]},{\"@type\":\"WebSite\",\"@id\":\"https:\/\/crossin.pl\/#website\",\"url\":\"https:\/\/crossin.pl\/\",\"name\":\"Crossin\",\"description\":\"Izolacje Pian\u0105 PUR\",\"publisher\":{\"@id\":\"https:\/\/crossin.pl\/#organization\"},\"potentialAction\":[{\"@type\":\"SearchAction\",\"target\":{\"@type\":\"EntryPoint\",\"urlTemplate\":\"https:\/\/crossin.pl\/?s={search_term_string}\"},\"query-input\":{\"@type\":\"PropertyValueSpecification\",\"valueRequired\":true,\"valueName\":\"search_term_string\"}}],\"inLanguage\":\"cs\"},{\"@type\":\"Organization\",\"@id\":\"https:\/\/crossin.pl\/#organization\",\"name\":\"Crossin Insulations\",\"alternateName\":\"Crossin\",\"url\":\"https:\/\/crossin.pl\/\",\"logo\":{\"@type\":\"ImageObject\",\"inLanguage\":\"cs\",\"@id\":\"https:\/\/crossin.pl\/#\/schema\/logo\/image\/\",\"url\":\"https:\/\/crossin.pl\/wp-content\/uploads\/2026\/01\/crossin_logo.svg\",\"contentUrl\":\"https:\/\/crossin.pl\/wp-content\/uploads\/2026\/01\/crossin_logo.svg\",\"caption\":\"Crossin Insulations\"},\"image\":{\"@id\":\"https:\/\/crossin.pl\/#\/schema\/logo\/image\/\"}}]}<\/script>\n<!-- \/ Yoast SEO plugin. -->","yoast_head_json":{"title":"Realizace stavebn\u00edch projekt\u016f s pou\u017eit\u00edm PUR p\u011bny - Crossin","description":"Pod\u00edvejte se na investice do produkt\u016f Crossin. Izolace podkrov\u00ed, strop\u016f, z\u00e1klad\u016f i speci\u00e1ln\u00edch staveb.","robots":{"index":"index","follow":"follow","max-snippet":"max-snippet:-1","max-image-preview":"max-image-preview:large","max-video-preview":"max-video-preview:-1"},"canonical":"https:\/\/crossin.pl\/cs\/realizace\/","og_locale":"cs_CZ","og_type":"article","og_title":"Realizace stavebn\u00edch projekt\u016f s pou\u017eit\u00edm PUR p\u011bny - Crossin","og_description":"Pod\u00edvejte se na investice do produkt\u016f Crossin. Izolace podkrov\u00ed, strop\u016f, z\u00e1klad\u016f i speci\u00e1ln\u00edch staveb.","og_url":"https:\/\/crossin.pl\/cs\/realizace\/","og_site_name":"Crossin","article_modified_time":"2023-10-19T08:21:28+00:00","og_image":[{"width":1200,"height":800,"url":"https:\/\/crossin.pl\/wp-content\/uploads\/2023\/08\/cr-real-purpartner-ocieplenie-poddasza-02-01.webp","type":"image\/webp"}],"twitter_card":"summary_large_image","schema":{"@context":"https:\/\/schema.org","@graph":[{"@type":"WebPage","@id":"https:\/\/crossin.pl\/cs\/realizace\/","url":"https:\/\/crossin.pl\/cs\/realizace\/","name":"Realizace stavebn\u00edch projekt\u016f s pou\u017eit\u00edm PUR p\u011bny - Crossin","isPartOf":{"@id":"https:\/\/crossin.pl\/#website"},"primaryImageOfPage":{"@id":"https:\/\/crossin.pl\/cs\/realizace\/#primaryimage"},"image":{"@id":"https:\/\/crossin.pl\/cs\/realizace\/#primaryimage"},"thumbnailUrl":"https:\/\/crossin.pl\/wp-content\/uploads\/2023\/08\/cr-real-purpartner-ocieplenie-poddasza-02-01.webp","datePublished":"2023-08-14T15:56:22+00:00","dateModified":"2023-10-19T08:21:28+00:00","description":"Pod\u00edvejte se na investice do produkt\u016f Crossin. Izolace podkrov\u00ed, strop\u016f, z\u00e1klad\u016f i speci\u00e1ln\u00edch staveb.","breadcrumb":{"@id":"https:\/\/crossin.pl\/cs\/realizace\/#breadcrumb"},"inLanguage":"cs","potentialAction":[{"@type":"ReadAction","target":["https:\/\/crossin.pl\/cs\/realizace\/"]}]},{"@type":"ImageObject","inLanguage":"cs","@id":"https:\/\/crossin.pl\/cs\/realizace\/#primaryimage","url":"https:\/\/crossin.pl\/wp-content\/uploads\/2023\/08\/cr-real-purpartner-ocieplenie-poddasza-02-01.webp","contentUrl":"https:\/\/crossin.pl\/wp-content\/uploads\/2023\/08\/cr-real-purpartner-ocieplenie-poddasza-02-01.webp","width":1200,"height":800},{"@type":"BreadcrumbList","@id":"https:\/\/crossin.pl\/cs\/realizace\/#breadcrumb","itemListElement":[{"@type":"ListItem","position":1,"name":"Strona g\u0142\u00f3wna","item":"https:\/\/crossin.pl\/cs\/"},{"@type":"ListItem","position":2,"name":"Realizace"}]},{"@type":"WebSite","@id":"https:\/\/crossin.pl\/#website","url":"https:\/\/crossin.pl\/","name":"Crossin","description":"Izolacje Pian\u0105 PUR","publisher":{"@id":"https:\/\/crossin.pl\/#organization"},"potentialAction":[{"@type":"SearchAction","target":{"@type":"EntryPoint","urlTemplate":"https:\/\/crossin.pl\/?s={search_term_string}"},"query-input":{"@type":"PropertyValueSpecification","valueRequired":true,"valueName":"search_term_string"}}],"inLanguage":"cs"},{"@type":"Organization","@id":"https:\/\/crossin.pl\/#organization","name":"Crossin Insulations","alternateName":"Crossin","url":"https:\/\/crossin.pl\/","logo":{"@type":"ImageObject","inLanguage":"cs","@id":"https:\/\/crossin.pl\/#\/schema\/logo\/image\/","url":"https:\/\/crossin.pl\/wp-content\/uploads\/2026\/01\/crossin_logo.svg","contentUrl":"https:\/\/crossin.pl\/wp-content\/uploads\/2026\/01\/crossin_logo.svg","caption":"Crossin Insulations"},"image":{"@id":"https:\/\/crossin.pl\/#\/schema\/logo\/image\/"}}]}},"_links":{"self":[{"href":"https:\/\/crossin.pl\/cs\/wp-json\/wp\/v2\/pages\/2546","targetHints":{"allow":["GET"]}}],"collection":[{"href":"https:\/\/crossin.pl\/cs\/wp-json\/wp\/v2\/pages"}],"about":[{"href":"https:\/\/crossin.pl\/cs\/wp-json\/wp\/v2\/types\/page"}],"author":[{"embeddable":true,"href":"https:\/\/crossin.pl\/cs\/wp-json\/wp\/v2\/users\/1"}],"replies":[{"embeddable":true,"href":"https:\/\/crossin.pl\/cs\/wp-json\/wp\/v2\/comments?post=2546"}],"version-history":[{"count":1,"href":"https:\/\/crossin.pl\/cs\/wp-json\/wp\/v2\/pages\/2546\/revisions"}],"predecessor-version":[{"id":2547,"href":"https:\/\/crossin.pl\/cs\/wp-json\/wp\/v2\/pages\/2546\/revisions\/2547"}],"wp:featuredmedia":[{"embeddable":true,"href":"https:\/\/crossin.pl\/cs\/wp-json\/wp\/v2\/media\/3476"}],"wp:attachment":[{"href":"https:\/\/crossin.pl\/cs\/wp-json\/wp\/v2\/media?parent=2546"}],"curies":[{"name":"wp","href":"https:\/\/api.w.org\/{rel}","templated":true}]}}