{"id":2538,"date":"2023-08-14T17:55:54","date_gmt":"2023-08-14T15:55:54","guid":{"rendered":"https:\/\/crossin.pl\/produkty\/"},"modified":"2023-10-19T09:57:51","modified_gmt":"2023-10-19T07:57:51","slug":"produkty","status":"publish","type":"page","link":"https:\/\/crossin.pl\/cs\/produkty\/","title":{"rendered":"Produkty"},"content":{"rendered":"\n<div style=\"height:40px\" aria-hidden=\"true\" class=\"wp-block-spacer\"><\/div>\n\n<div class=\"wp-block-columns is-layout-flex wp-container-core-columns-is-layout-9d6595d7 wp-block-columns-is-layout-flex\">\n<div class=\"wp-block-column is-layout-flow wp-block-column-is-layout-flow\">\n<div class=\"wp-block-columns is-layout-flex wp-container-core-columns-is-layout-9d6595d7 wp-block-columns-is-layout-flex\">\n<div class=\"wp-block-column is-layout-flow wp-block-column-is-layout-flow\">\n<div class=\"pg__prodlist__wrap\">\n  <div class=\"pg__prodlist__item\">\n    <a href=\"https:\/\/crossin.pl\/cs\/produkt\/crossin-attic-soft\/\">\n      <div class=\"pg__prodlist__item__a\">\n        <h2>Crossin Attic Soft<\/h2><h3>P\u011bna s otev\u0159en\u00fdmi bu\u0148kami<\/h3><p class=\"pg__prodlist__zas\">Izolace podkrov\u00ed nebo stropu<\/p><p>P\u011bna Crossin Attic Soft s otev\u0159en\u00fdmi bu\u0148kami je ur\u010dena pro vnit\u0159n\u00ed tepelnou a zvukovou izolaci. M\u011bkk\u00e1 st\u0159\u00edkan\u00e1 p\u011bnov\u00e1 izolace Crossin Attic je \u00fa\u010dinnou izolac\u00ed podkrov\u00ed, stropu i vnit\u0159n\u00edch st\u011bn. Je ide\u00e1ln\u00ed pro izolaci d\u0159evostaveb.<\/p><div class=\"link03\">P\u0159e\u010dt\u011bte si v\u00edce<\/div>\n      <\/div>\n    <\/a>\n  <\/div>\n<\/div>\n<\/div>\n<\/div>\n\n\n\n<div class=\"wp-block-columns is-layout-flex wp-container-core-columns-is-layout-9d6595d7 wp-block-columns-is-layout-flex\">\n<div class=\"wp-block-column is-layout-flow wp-block-column-is-layout-flow\">\n<div class=\"pg__prodlist__wrap\">\n  <div class=\"pg__prodlist__item\">\n    <a href=\"https:\/\/crossin.pl\/cs\/produkt\/crossin-hard-36\/\">\n      <div class=\"pg__prodlist__item__a\">\n        <h2>Crossin Hard 36<\/h2><h3>P\u011bna s uzav\u0159en\u00fdmi bu\u0148kami<\/h3><p class=\"pg__prodlist__zas\">Izolace haly nebo skladu<\/p><p>Izolace Crossin Hard 36 je tvrd\u00e1 p\u011bna s uzav\u0159en\u00fdmi bu\u0148kami ur\u010den\u00e1 k tepeln\u00e9 izolaci st\u011bn, st\u0159ech, strop\u016f a podkrov\u00ed, a to jak uvnit\u0159, tak vn\u011b budovy. Tento typ p\u011bny se pou\u017e\u00edv\u00e1 v zem\u011bd\u011blstv\u00ed, pr\u016fmyslu i v obytn\u00fdch a ve\u0159ejn\u00fdch budov\u00e1ch. V\u00fdrobek se nej\u010dast\u011bji pou\u017e\u00edv\u00e1 jako izolace skladu, pr\u016fmyslov\u00e9 haly nebo zem\u011bd\u011blsk\u00e9ho objektu.<\/p><div class=\"link03\">P\u0159e\u010dt\u011bte si v\u00edce<\/div>\n      <\/div>\n    <\/a>\n  <\/div>\n<\/div>\n<\/div>\n<\/div>\n\n\n\n<div class=\"wp-block-columns is-layout-flex wp-container-core-columns-is-layout-9d6595d7 wp-block-columns-is-layout-flex\">\n<div class=\"wp-block-column is-layout-flow wp-block-column-is-layout-flow\">\n<div class=\"pg__prodlist__wrap\">\n  <div class=\"pg__prodlist__item\">\n    <a href=\"https:\/\/crossin.pl\/cs\/produkt\/crossin-hard-40\/\">\n      <div class=\"pg__prodlist__item__a\">\n        <h2>Crossin Hard 40<\/h2><h3>P\u011bna s uzav\u0159en\u00fdmi bu\u0148kami<\/h3><p class=\"pg__prodlist__zas\">Izolace z\u00e1klad\u016f a podlah<\/p><p>Izolace Crossin Hard 40 je tvrd\u00e1 p\u011bna s uzav\u0159en\u00fdmi bu\u0148kami, ur\u010den\u00e1 p\u0159edev\u0161\u00edm k tepeln\u00e9 izolaci podlah (i nesuter\u00e9nn\u00edch a zapu\u0161t\u011bn\u00fdch do zem\u011b), podlah a z\u00e1klad\u016f ve v\u0161ech typech stavebn\u00edch konstrukc\u00ed. Vhodn\u00e9 zejm\u00e9na pro izola\u010dn\u00ed povrchy vystaven\u00e9 zv\u00fd\u0161en\u00e9mu vn\u011bj\u0161\u00edmu zat\u00ed\u017een\u00ed.<\/p><div class=\"link03\">P\u0159e\u010dt\u011bte si v\u00edce<\/div>\n      <\/div>\n    <\/a>\n  <\/div>\n<\/div>\n<\/div>\n<\/div>\n\n\n\n<div class=\"wp-block-columns is-layout-flex wp-container-core-columns-is-layout-9d6595d7 wp-block-columns-is-layout-flex\">\n<div class=\"wp-block-column is-layout-flow wp-block-column-is-layout-flow\">\n<div class=\"pg__prodlist__wrap\">\n  <div class=\"pg__prodlist__item\">\n    <a href=\"https:\/\/crossin.pl\/cs\/produkt\/crossin-hard-50\/\">\n      <div class=\"pg__prodlist__item__a\">\n        <h2>Crossin Hard 50<\/h2><h3>P\u011bna s uzav\u0159en\u00fdmi bu\u0148kami<\/h3><p class=\"pg__prodlist__zas\">Izolace ploch\u00fdch st\u0159ech<\/p><p>Izolace Crossin Hard 50 je tvrd\u00e1 p\u011bna s uzav\u0159en\u00fdmi bu\u0148kami pro vn\u011bj\u0161\u00ed tepelnou izolaci, velk\u00e9 plochy ploch\u00fdch st\u0159ech a st\u0159ech s v\u00edce \u0161ikm\u00fdmi st\u0159echami. Ide\u00e1ln\u00ed jako st\u0159e\u0161n\u00ed izolace v pr\u016fmyslov\u00fdch, zem\u011bd\u011blsk\u00fdch a zem\u011bd\u011blsk\u00fdch objektech i v obytn\u00fdch budov\u00e1ch.<\/p><div class=\"link03\">P\u0159e\u010dt\u011bte si v\u00edce<\/div>\n      <\/div>\n    <\/a>\n  <\/div>\n<\/div>\n<\/div>\n<\/div>\n<\/div>\n<\/div>\n","protected":false},"excerpt":{"rendered":"<p>Crossin Attic Soft P\u011bna s otev\u0159en\u00fdmi bu\u0148kami Izolace podkrov\u00ed nebo stropu P\u011bna Crossin Attic Soft s otev\u0159en\u00fdmi bu\u0148kami je ur\u010dena pro vnit\u0159n\u00ed tepelnou a zvukovou izolaci. M\u011bkk\u00e1 st\u0159\u00edkan\u00e1 p\u011bnov\u00e1 izolace Crossin Attic je \u00fa\u010dinnou izolac\u00ed podkrov\u00ed, stropu i vnit\u0159n\u00edch st\u011bn. Je ide\u00e1ln\u00ed pro izolaci d\u0159evostaveb. P\u0159e\u010dt\u011bte si v\u00edce Crossin Hard 36 P\u011bna s uzav\u0159en\u00fdmi bu\u0148kami [&hellip;]<\/p>\n","protected":false},"author":1,"featured_media":3028,"parent":0,"menu_order":120,"comment_status":"closed","ping_status":"closed","template":"page-fullwidth.php","meta":{"inline_featured_image":false,"footnotes":""},"class_list":["post-2538","page","type-page","status-publish","has-post-thumbnail","hentry"],"acf":[],"yoast_head":"<!-- This site is optimized with the Yoast SEO plugin v26.4 - https:\/\/yoast.com\/wordpress\/plugins\/seo\/ -->\n<title>PUR p\u011bny s otev\u0159en\u00fdmi a uzav\u0159en\u00fdmi bu\u0148kami - Crossin<\/title>\n<meta name=\"description\" content=\"Zna\u010dka Crossin je inovativn\u00ed \u0159ada polyuretanov\u00fdch izolac\u00ed pro komplexn\u00ed, efektivn\u00ed a ekonomickou izolaci budov!\" \/>\n<meta name=\"robots\" content=\"index, follow, max-snippet:-1, max-image-preview:large, max-video-preview:-1\" \/>\n<link rel=\"canonical\" href=\"https:\/\/crossin.pl\/cs\/produkty\/\" \/>\n<meta property=\"og:locale\" content=\"cs_CZ\" \/>\n<meta property=\"og:type\" content=\"article\" \/>\n<meta property=\"og:title\" content=\"PUR p\u011bny s otev\u0159en\u00fdmi a uzav\u0159en\u00fdmi bu\u0148kami - Crossin\" \/>\n<meta property=\"og:description\" content=\"Zna\u010dka Crossin je inovativn\u00ed \u0159ada polyuretanov\u00fdch izolac\u00ed pro komplexn\u00ed, efektivn\u00ed a ekonomickou izolaci budov!\" \/>\n<meta property=\"og:url\" content=\"https:\/\/crossin.pl\/cs\/produkty\/\" \/>\n<meta property=\"og:site_name\" content=\"Crossin\" \/>\n<meta property=\"article:modified_time\" content=\"2023-10-19T07:57:51+00:00\" \/>\n<meta property=\"og:image\" content=\"https:\/\/crossin.pl\/wp-content\/uploads\/2023\/10\/cr-post-ogolny-izolacja-pianka-pur-01.webp\" \/>\n\t<meta property=\"og:image:width\" content=\"1200\" \/>\n\t<meta property=\"og:image:height\" content=\"800\" \/>\n\t<meta property=\"og:image:type\" content=\"image\/webp\" \/>\n<meta name=\"twitter:card\" content=\"summary_large_image\" \/>\n<meta name=\"twitter:label1\" content=\"Odhadovan\u00e1 doba \u010dten\u00ed\" \/>\n\t<meta name=\"twitter:data1\" content=\"2 minuty\" \/>\n<script type=\"application\/ld+json\" class=\"yoast-schema-graph\">{\"@context\":\"https:\/\/schema.org\",\"@graph\":[{\"@type\":\"WebPage\",\"@id\":\"https:\/\/crossin.pl\/cs\/produkty\/\",\"url\":\"https:\/\/crossin.pl\/cs\/produkty\/\",\"name\":\"PUR p\u011bny s otev\u0159en\u00fdmi a uzav\u0159en\u00fdmi bu\u0148kami - Crossin\",\"isPartOf\":{\"@id\":\"https:\/\/crossin.pl\/#website\"},\"primaryImageOfPage\":{\"@id\":\"https:\/\/crossin.pl\/cs\/produkty\/#primaryimage\"},\"image\":{\"@id\":\"https:\/\/crossin.pl\/cs\/produkty\/#primaryimage\"},\"thumbnailUrl\":\"https:\/\/crossin.pl\/wp-content\/uploads\/2023\/10\/cr-post-ogolny-izolacja-pianka-pur-01.webp\",\"datePublished\":\"2023-08-14T15:55:54+00:00\",\"dateModified\":\"2023-10-19T07:57:51+00:00\",\"description\":\"Zna\u010dka Crossin je inovativn\u00ed \u0159ada polyuretanov\u00fdch izolac\u00ed pro komplexn\u00ed, efektivn\u00ed a ekonomickou izolaci budov!\",\"breadcrumb\":{\"@id\":\"https:\/\/crossin.pl\/cs\/produkty\/#breadcrumb\"},\"inLanguage\":\"cs\",\"potentialAction\":[{\"@type\":\"ReadAction\",\"target\":[\"https:\/\/crossin.pl\/cs\/produkty\/\"]}]},{\"@type\":\"ImageObject\",\"inLanguage\":\"cs\",\"@id\":\"https:\/\/crossin.pl\/cs\/produkty\/#primaryimage\",\"url\":\"https:\/\/crossin.pl\/wp-content\/uploads\/2023\/10\/cr-post-ogolny-izolacja-pianka-pur-01.webp\",\"contentUrl\":\"https:\/\/crossin.pl\/wp-content\/uploads\/2023\/10\/cr-post-ogolny-izolacja-pianka-pur-01.webp\",\"width\":1200,\"height\":800},{\"@type\":\"BreadcrumbList\",\"@id\":\"https:\/\/crossin.pl\/cs\/produkty\/#breadcrumb\",\"itemListElement\":[{\"@type\":\"ListItem\",\"position\":1,\"name\":\"Strona g\u0142\u00f3wna\",\"item\":\"https:\/\/crossin.pl\/cs\/\"},{\"@type\":\"ListItem\",\"position\":2,\"name\":\"Produkty\"}]},{\"@type\":\"WebSite\",\"@id\":\"https:\/\/crossin.pl\/#website\",\"url\":\"https:\/\/crossin.pl\/\",\"name\":\"Crossin\",\"description\":\"Izolacje Pian\u0105 PUR\",\"publisher\":{\"@id\":\"https:\/\/crossin.pl\/#organization\"},\"potentialAction\":[{\"@type\":\"SearchAction\",\"target\":{\"@type\":\"EntryPoint\",\"urlTemplate\":\"https:\/\/crossin.pl\/?s={search_term_string}\"},\"query-input\":{\"@type\":\"PropertyValueSpecification\",\"valueRequired\":true,\"valueName\":\"search_term_string\"}}],\"inLanguage\":\"cs\"},{\"@type\":\"Organization\",\"@id\":\"https:\/\/crossin.pl\/#organization\",\"name\":\"Crossin Insulations\",\"alternateName\":\"Crossin\",\"url\":\"https:\/\/crossin.pl\/\",\"logo\":{\"@type\":\"ImageObject\",\"inLanguage\":\"cs\",\"@id\":\"https:\/\/crossin.pl\/#\/schema\/logo\/image\/\",\"url\":\"https:\/\/crossin.pl\/wp-content\/uploads\/2026\/01\/crossin_logo.svg\",\"contentUrl\":\"https:\/\/crossin.pl\/wp-content\/uploads\/2026\/01\/crossin_logo.svg\",\"caption\":\"Crossin Insulations\"},\"image\":{\"@id\":\"https:\/\/crossin.pl\/#\/schema\/logo\/image\/\"}}]}<\/script>\n<!-- \/ Yoast SEO plugin. -->","yoast_head_json":{"title":"PUR p\u011bny s otev\u0159en\u00fdmi a uzav\u0159en\u00fdmi bu\u0148kami - Crossin","description":"Zna\u010dka Crossin je inovativn\u00ed \u0159ada polyuretanov\u00fdch izolac\u00ed pro komplexn\u00ed, efektivn\u00ed a ekonomickou izolaci budov!","robots":{"index":"index","follow":"follow","max-snippet":"max-snippet:-1","max-image-preview":"max-image-preview:large","max-video-preview":"max-video-preview:-1"},"canonical":"https:\/\/crossin.pl\/cs\/produkty\/","og_locale":"cs_CZ","og_type":"article","og_title":"PUR p\u011bny s otev\u0159en\u00fdmi a uzav\u0159en\u00fdmi bu\u0148kami - Crossin","og_description":"Zna\u010dka Crossin je inovativn\u00ed \u0159ada polyuretanov\u00fdch izolac\u00ed pro komplexn\u00ed, efektivn\u00ed a ekonomickou izolaci budov!","og_url":"https:\/\/crossin.pl\/cs\/produkty\/","og_site_name":"Crossin","article_modified_time":"2023-10-19T07:57:51+00:00","og_image":[{"width":1200,"height":800,"url":"https:\/\/crossin.pl\/wp-content\/uploads\/2023\/10\/cr-post-ogolny-izolacja-pianka-pur-01.webp","type":"image\/webp"}],"twitter_card":"summary_large_image","twitter_misc":{"Odhadovan\u00e1 doba \u010dten\u00ed":"2 minuty"},"schema":{"@context":"https:\/\/schema.org","@graph":[{"@type":"WebPage","@id":"https:\/\/crossin.pl\/cs\/produkty\/","url":"https:\/\/crossin.pl\/cs\/produkty\/","name":"PUR p\u011bny s otev\u0159en\u00fdmi a uzav\u0159en\u00fdmi bu\u0148kami - Crossin","isPartOf":{"@id":"https:\/\/crossin.pl\/#website"},"primaryImageOfPage":{"@id":"https:\/\/crossin.pl\/cs\/produkty\/#primaryimage"},"image":{"@id":"https:\/\/crossin.pl\/cs\/produkty\/#primaryimage"},"thumbnailUrl":"https:\/\/crossin.pl\/wp-content\/uploads\/2023\/10\/cr-post-ogolny-izolacja-pianka-pur-01.webp","datePublished":"2023-08-14T15:55:54+00:00","dateModified":"2023-10-19T07:57:51+00:00","description":"Zna\u010dka Crossin je inovativn\u00ed \u0159ada polyuretanov\u00fdch izolac\u00ed pro komplexn\u00ed, efektivn\u00ed a ekonomickou izolaci budov!","breadcrumb":{"@id":"https:\/\/crossin.pl\/cs\/produkty\/#breadcrumb"},"inLanguage":"cs","potentialAction":[{"@type":"ReadAction","target":["https:\/\/crossin.pl\/cs\/produkty\/"]}]},{"@type":"ImageObject","inLanguage":"cs","@id":"https:\/\/crossin.pl\/cs\/produkty\/#primaryimage","url":"https:\/\/crossin.pl\/wp-content\/uploads\/2023\/10\/cr-post-ogolny-izolacja-pianka-pur-01.webp","contentUrl":"https:\/\/crossin.pl\/wp-content\/uploads\/2023\/10\/cr-post-ogolny-izolacja-pianka-pur-01.webp","width":1200,"height":800},{"@type":"BreadcrumbList","@id":"https:\/\/crossin.pl\/cs\/produkty\/#breadcrumb","itemListElement":[{"@type":"ListItem","position":1,"name":"Strona g\u0142\u00f3wna","item":"https:\/\/crossin.pl\/cs\/"},{"@type":"ListItem","position":2,"name":"Produkty"}]},{"@type":"WebSite","@id":"https:\/\/crossin.pl\/#website","url":"https:\/\/crossin.pl\/","name":"Crossin","description":"Izolacje Pian\u0105 PUR","publisher":{"@id":"https:\/\/crossin.pl\/#organization"},"potentialAction":[{"@type":"SearchAction","target":{"@type":"EntryPoint","urlTemplate":"https:\/\/crossin.pl\/?s={search_term_string}"},"query-input":{"@type":"PropertyValueSpecification","valueRequired":true,"valueName":"search_term_string"}}],"inLanguage":"cs"},{"@type":"Organization","@id":"https:\/\/crossin.pl\/#organization","name":"Crossin Insulations","alternateName":"Crossin","url":"https:\/\/crossin.pl\/","logo":{"@type":"ImageObject","inLanguage":"cs","@id":"https:\/\/crossin.pl\/#\/schema\/logo\/image\/","url":"https:\/\/crossin.pl\/wp-content\/uploads\/2026\/01\/crossin_logo.svg","contentUrl":"https:\/\/crossin.pl\/wp-content\/uploads\/2026\/01\/crossin_logo.svg","caption":"Crossin Insulations"},"image":{"@id":"https:\/\/crossin.pl\/#\/schema\/logo\/image\/"}}]}},"_links":{"self":[{"href":"https:\/\/crossin.pl\/cs\/wp-json\/wp\/v2\/pages\/2538","targetHints":{"allow":["GET"]}}],"collection":[{"href":"https:\/\/crossin.pl\/cs\/wp-json\/wp\/v2\/pages"}],"about":[{"href":"https:\/\/crossin.pl\/cs\/wp-json\/wp\/v2\/types\/page"}],"author":[{"embeddable":true,"href":"https:\/\/crossin.pl\/cs\/wp-json\/wp\/v2\/users\/1"}],"replies":[{"embeddable":true,"href":"https:\/\/crossin.pl\/cs\/wp-json\/wp\/v2\/comments?post=2538"}],"version-history":[{"count":14,"href":"https:\/\/crossin.pl\/cs\/wp-json\/wp\/v2\/pages\/2538\/revisions"}],"predecessor-version":[{"id":3381,"href":"https:\/\/crossin.pl\/cs\/wp-json\/wp\/v2\/pages\/2538\/revisions\/3381"}],"wp:featuredmedia":[{"embeddable":true,"href":"https:\/\/crossin.pl\/cs\/wp-json\/wp\/v2\/media\/3028"}],"wp:attachment":[{"href":"https:\/\/crossin.pl\/cs\/wp-json\/wp\/v2\/media?parent=2538"}],"curies":[{"name":"wp","href":"https:\/\/api.w.org\/{rel}","templated":true}]}}