{"id":2527,"date":"2023-08-14T18:12:14","date_gmt":"2023-08-14T16:12:14","guid":{"rendered":"https:\/\/crossin.pl\/nabidka\/izolace-plochych-strech\/"},"modified":"2024-01-06T17:16:26","modified_gmt":"2024-01-06T16:16:26","slug":"izolace-plochych-strech","status":"publish","type":"page","link":"https:\/\/crossin.pl\/cs\/nabidka\/izolace-plochych-strech\/","title":{"rendered":"Izolace ploch\u00fdch st\u0159ech"},"content":{"rendered":"\n<div style=\"height:20px\" aria-hidden=\"true\" class=\"wp-block-spacer\"><\/div>\n\n<div class=\"wp-block-columns is-layout-flex wp-container-core-columns-is-layout-9d6595d7 wp-block-columns-is-layout-flex\">\n<div class=\"wp-block-column is-layout-flow wp-block-column-is-layout-flow\">\n<div class=\"wp-block-columns is-layout-flex wp-container-core-columns-is-layout-9d6595d7 wp-block-columns-is-layout-flex\">\n<div class=\"wp-block-column is-layout-flow wp-block-column-is-layout-flow\" style=\"flex-basis:50%\">\n<div style=\"height:30px\" aria-hidden=\"true\" class=\"wp-block-spacer nomobile\"><\/div>\n\n\n\n<div class=\"pg__top__intro\">\n<div class=\"cr__head02\"><h2>Izolace ploch\u00fdch st\u0159ech  <br\/><span>PUR p\u011bna<\/span><\/h2><\/div>\n<p>Vysoce kvalitn\u00ed v\u00fdrobek a odborn\u00e1 realizace autorizovan\u00fdm dodavatelem je z\u00e1rukou \u0161pi\u010dkov\u00e9 kvality izolace.<\/p>\n<a class=\"link02 linkserv\" href=\"https:\/\/crossin.pl\/cs\/sjednejte-si-schuzku-na-konzultaci\/\">Po\u017e\u00e1dat o slu\u017ebu<\/a>\n<\/div>\n\n\n\n<div style=\"height:30px\" aria-hidden=\"true\" class=\"wp-block-spacer nomobile\"><\/div>\n\n\n\n<div class=\"bar__hori__wrap\"><div class=\"bar__hori__left01\"><div class=\"pg__top__bar__hori\"><p>Produkt | Crossin Hard 50<\/p><p class=\"pg__top__bar__hori__sub\">p\u011bna s uzav\u0159en\u00fdmi bu\u0148kami<\/p><\/div><\/div><\/div>\n<\/div>\n\n\n\n<div class=\"wp-block-column is-layout-flow wp-block-column-is-layout-flow\" style=\"flex-basis:40%\">\n<img decoding=\"async\" class=\"pg__top__intro__img\" src=\"\/wp-content\/uploads\/2023\/09\/pg-srv-izolacja-dachu-plaskiego-02.webp\" alt=\"Izolace ploch\u00fdch st\u0159ech\"\/>\n\n\n\n<div class=\"pg__top__bar__hori__mob onlymobile\"><p>Produkt | Crossin Hard 50<\/p><p class=\"pg__top__bar__hori__sub\">p\u011bna s uzav\u0159en\u00fdmi bu\u0148kami<\/p><\/div>\n<\/div>\n\n\n\n<div class=\"wp-block-column is-layout-flow wp-block-column-is-layout-flow\" style=\"flex-basis:10%\">\n<div style=\"height:30px\" aria-hidden=\"true\" class=\"wp-block-spacer nomobile\"><\/div>\n\n\n\n<div class=\"bar__hori__right01\"><\/div>\n<\/div>\n<\/div>\n<\/div>\n<\/div>\n\n<div class=\"wp-block-columns is-layout-flex wp-container-core-columns-is-layout-9d6595d7 wp-block-columns-is-layout-flex\">\n<div class=\"wp-block-column is-layout-flow wp-block-column-is-layout-flow\">\n<div style=\"height:20px\" aria-hidden=\"true\" class=\"wp-block-spacer nomobile\"><\/div>\n\n\n\n<p style=\"text-align: justify;\">Izolace ploch\u00e9 st\u0159echy PUR p\u011bnou je jednou z nej\u00fa\u010dinn\u011bj\u0161\u00edch metod izolace, kter\u00e1 zlep\u0161uje tepeln\u00e9 vlastnosti a podporuje hydroizolaci st\u0159echy, \u010d\u00edm\u017e pom\u00e1h\u00e1 chr\u00e1nit p\u0159ed vlhkost\u00ed a pov\u011btrnostn\u00edmi vlivy.\nVhodn\u011b zvolen\u00e1 izola\u010dn\u00ed vrstva sni\u017euje tepeln\u00e9 ztr\u00e1ty budovy a chr\u00e1n\u00ed ji p\u0159ed p\u0159eh\u0159\u00edv\u00e1n\u00edm v l\u00e9t\u011b.\nI mal\u00e1 tlou\u0161\u0165ka Pur p\u011bny chr\u00e1n\u00ed p\u0159ed kondenzac\u00ed vodn\u00ed p\u00e1ry pod sklonem st\u0159echy.  <\/p>\n<p style=\"text-align: justify;\">Izola\u010dn\u00ed vrstva z PUR p\u011bny na ploch\u00e9 st\u0159e\u0161e je lehk\u00e1, trvale spojen\u00e1 s podkladem a tvo\u0159\u00ed t\u011bsnou bari\u00e9ru bez tepeln\u00fdch most\u016f.\nJednou z v\u00fdhod t\u00e9to technologie je d\u016fkladn\u00e9 ut\u011bsn\u011bn\u00ed prvk\u016f, jako jsou kom\u00edny, po\u017e\u00e1rn\u00ed st\u011bny a v\u011btrac\u00ed infrastruktura. <\/p>\n<p style=\"text-align: justify;\">V z\u00e1vislosti na po\u017eadavc\u00edch na zateplovanou budovu se pou\u017e\u00edv\u00e1 izolace ploch\u00fdch st\u0159ech o tlou\u0161\u0165ce 3-12 cm.<\/p>\n<p style=\"text-align: justify;\">Izolace ploch\u00e9 st\u0159echy PUR p\u011bnou vy\u017eaduje velk\u00e9 zku\u0161enosti, proto by se v\u00fdb\u011br zhotovitele m\u011bl \u0159\u00eddit p\u0159edev\u0161\u00edm jeho kompetencemi, nikoli cenou.<\/p>\n\n\n\n<h3>Pro\u010d zvolit izolaci z PUR p\u011bny Crossin pro va\u0161i plochou st\u0159echu?<\/h3>\n<ul>\n<li>beze\u0161v\u00e1, souvisl\u00e1 izola\u010dn\u00ed vrstva &#8211; bez tepeln\u00fdch most\u016f<\/li>\n<li>V\u00fdjime\u010dn\u00e9 izola\u010dn\u00ed vlastnosti<\/li>\n<li>Sn\u00ed\u017een\u00e1 tlou\u0161\u0165ka izola\u010dn\u00ed vrstvy<\/li>\n<li>P\u0159ilnavost k jak\u00e9mukoli povrchu<\/li>\n<li>Kr\u00e1tk\u00e9 dodac\u00ed lh\u016fty<\/li>\n<li>Odoln\u00e9 a \u00fa\u010dinn\u00e9<\/li>\n<li>N\u00edzk\u00e1 hmotnost<\/li>\n<\/ul>\n<\/div>\n<\/div>\n\n<div class=\"wp-block-columns is-layout-flex wp-container-core-columns-is-layout-9d6595d7 wp-block-columns-is-layout-flex\">\n<div class=\"wp-block-column is-layout-flow wp-block-column-is-layout-flow\">\n<div style=\"height:60px\" aria-hidden=\"true\" class=\"wp-block-spacer nomobile\"><\/div>\n\n\n\n<div class=\"wp-block-columns nogap is-layout-flex wp-container-core-columns-is-layout-9d6595d7 wp-block-columns-is-layout-flex\">\n<div class=\"wp-block-column is-layout-flow wp-block-column-is-layout-flow\" style=\"flex-basis:2.5%\"><\/div>\n\n\n\n<div class=\"wp-block-column cta__aw01__video__sec is-layout-flow wp-block-column-is-layout-flow\" style=\"flex-basis:95%\">    <div id=\"bv-conspectusblock_ddf17f05bdb40c814014b8fa3b6ec431\" class=\"acf-html-block acf-html-desktop\">\r\n        <div class=\"cta__aw01__video__wrap\"><video class=\"cta__aw01__video\" autoplay=\"\" loop=\"\" muted=\"\" playsinline=\"\"><source src=\"\/wp-content\/uploads\/2023\/08\/cta-aw-desktop-01.webm\" type=\"video\/webm\"><\/source><\/video><\/div>\r\n    <\/div>\r\n\n\n\n<div class=\"wp-block-columns is-layout-flex wp-container-core-columns-is-layout-9d6595d7 wp-block-columns-is-layout-flex\">\n<div class=\"wp-block-column is-layout-flow wp-block-column-is-layout-flow\">    <div id=\"bv-conspectusblock_c477727502d1996518dffc8e492f9bd1\" class=\"acf-html-block acf-html-desktop\">\r\n        <div class=\"cta__aw01__bus\"><img decoding=\"async\" src=\"\/wp-content\/uploads\/2023\/09\/bus-crossin-04-cz.webp\" alt=\"Crossin Autorizovan\u00fd dodavatel Autobus\"><\/div>\r\n    <\/div>\r\n<\/div>\n\n\n\n<div class=\"wp-block-column is-layout-flow wp-block-column-is-layout-flow\">    <div id=\"bv-conspectusblock_fa1509df475b17948ff8758cb48cfb20\" class=\"acf-html-block acf-html-desktop\">\r\n        <div class=\"cta__aw01__txt\"><div><div class=\"cr__head03 bright\"><h3>S\u00ed\u0165 autorizovan\u00fdch <br><span>dodavatel\u016f Crossin<\/span><\/h3><\/div><p>Kl\u00ed\u010dem k \u00fa\u010dinn\u00e9 izolaci je spr\u00e1vn\u00e9 pou\u017eit\u00ed a\u00a0zpracov\u00e1n\u00ed v\u00fdrobku. Autorizovan\u00ed dodavatel\u00e9 zaru\u010duj\u00ed realizaci na nejvy\u0161\u0161\u00ed \u00farovni.<\/p><a class=\"link02\" href=\"https:\/\/crossin.pl\/cs\/autorizovani-dodavatele\/\">Vyhled\u00e1n\u00ed dodavatele<\/a><\/div><\/div>\r\n    <\/div>\r\n<\/div>\n<\/div>\n<\/div>\n\n\n\n<div class=\"wp-block-column is-layout-flow wp-block-column-is-layout-flow\" style=\"flex-basis:2.5%\"><\/div>\n<\/div>\n\n\n\n<div style=\"height:200px\" aria-hidden=\"true\" class=\"wp-block-spacer nomobile\"><\/div>\n<\/div>\n<\/div>\n\n<div class=\"wp-block-columns is-layout-flex wp-container-core-columns-is-layout-9d6595d7 wp-block-columns-is-layout-flex\">\n<div class=\"wp-block-column is-layout-flow wp-block-column-is-layout-flow\">\n<h3 class=\"prod__used\">Pou\u017eit\u00e9 produkty<\/h3>\n\n<p style=\"text-align: justify;\">PUR p\u011bna s uzav\u0159en\u00fdmi bu\u0148kami Crossin Hard 50 je ur\u010dena k izolaci ploch\u00fdch st\u0159ech. P\u011bna Crossin Hard 50 je nab\u00edzena pouze prost\u0159ednictv\u00edm autorizovan\u00fdch dodavatel\u016f. Izolace Crossin Hard 50 je ur\u010dena k vn\u011bj\u0161\u00edmu zateplen\u00ed velk\u00fdch ploch ploch\u00fdch a v\u00edcepodla\u017en\u00edch st\u0159ech n\u00e1st\u0159ikem. Je vhodn\u00e1 zejm\u00e9na pro izolaci st\u0159ech pr\u016fmyslov\u00fdch, zem\u011bd\u011blsk\u00fdch a zem\u011bd\u011blsk\u00fdch objekt\u016f a tak\u00e9 st\u0159ech obytn\u00fdch budov.<\/p>\n<\/div>\n<\/div>\n\n<div style=\"height:60px\" aria-hidden=\"true\" class=\"wp-block-spacer nomobile\"><\/div>\n\n<div class=\"wp-block-columns is-layout-flex wp-container-core-columns-is-layout-9d6595d7 wp-block-columns-is-layout-flex\">\n<div class=\"wp-block-column is-layout-flow wp-block-column-is-layout-flow\">\n<div class=\"cr__head03\"><h3>Realizace  <br\/><span>Crossin<\/span><\/h3><\/div>\n\n\n\n<div style=\"height:20px\" aria-hidden=\"true\" class=\"wp-block-spacer nomobile\"><\/div>\n\n\n<div id=\"post_grid-block_afe78986a71ada1c8a7af220349b699c\" class=\"acf-post_grid post-style-6\">\r\n    <div class=\"bv_post_grid_wrapper\">\r\n            <div class=\"bv_post_grid_item\">\r\n        <a class=\"bv_post_grid_item_wrapper\" href=\"https:\/\/crossin.pl\/cs\/realizacja\/izolace-neobvykle-budovy-ceske-budejovice\/\">\r\n                        <div class=\"realizacja-image\">\r\n                <img decoding=\"async\" src=\"https:\/\/crossin.pl\/wp-content\/uploads\/2023\/10\/cr-real-vavra-izolace-neobvykle-budovy-01-01-768x512.webp\">\r\n                            <\/div>\r\n            <h4>Izolace neobvykl\u00e9 budovy &#8211; \u010cesk\u00e9 Bud\u011bjovice<\/h4>\r\n            <p><\/p>\r\n                    <\/a>\r\n    <\/div>\r\n    <div class=\"bv_post_grid_item\">\r\n        <a class=\"bv_post_grid_item_wrapper\" href=\"https:\/\/crossin.pl\/cs\/realizacja\/izolace-mansardove-strechy\/\">\r\n                        <div class=\"realizacja-image\">\r\n                <img decoding=\"async\" src=\"https:\/\/crossin.pl\/wp-content\/uploads\/2023\/10\/cr-real-izopena-izolace-mansardove-strechy-01-06-768x512.webp\">\r\n                                    <div class=\"badge-product\">Crossin Hard 36<\/div>\r\n                            <\/div>\r\n            <h4>Izolace mansardov\u00e9 st\u0159echy<\/h4>\r\n            <p><\/p>\r\n                    <\/a>\r\n    <\/div>\r\n    <div class=\"bv_post_grid_item\">\r\n        <a class=\"bv_post_grid_item_wrapper\" href=\"https:\/\/crossin.pl\/cs\/realizacja\/izolace-skladiste-stara-boleslav\/\">\r\n                        <div class=\"realizacja-image\">\r\n                <img decoding=\"async\" src=\"https:\/\/crossin.pl\/wp-content\/uploads\/2023\/10\/cr-real-vavra-izolace-skladiste-01-01-768x512.webp\">\r\n                            <\/div>\r\n            <h4>Izolace skladi\u0161t\u011b &#8211; Star\u00e1 Boleslav<\/h4>\r\n            <p><\/p>\r\n                    <\/a>\r\n    <\/div>\r\n\r\n<style>\r\n    .bv_post_grid_wrapper {\r\n        display: flex;\r\n        gap: 3%;\r\n        flex-wrap: wrap;\r\n    }\r\n\r\n    .bv_post_grid_item {\r\n        flex-basis: 31.3%;\r\n        margin: 15px 0;\r\n        text-align: left;\r\n    }\r\n<\/style>    <\/div>\r\n<\/div><\/div>\n<\/div>\n\n<div style=\"height:100px\" aria-hidden=\"true\" class=\"wp-block-spacer nomobile\"><\/div>\n\n<div class=\"wp-block-columns alignwide cta__global__sec is-layout-flex wp-container-core-columns-is-layout-9d6595d7 wp-block-columns-is-layout-flex\">\n<div class=\"wp-block-column is-layout-flow wp-block-column-is-layout-flow\">\n<div class=\"wp-block-columns is-layout-flex wp-container-core-columns-is-layout-9d6595d7 wp-block-columns-is-layout-flex\">\n<div class=\"wp-block-column is-layout-flow wp-block-column-is-layout-flow\" style=\"flex-basis:16%\"><\/div>\n\n\n\n<div class=\"wp-block-column is-layout-flow wp-block-column-is-layout-flow\" style=\"flex-basis:39%\">\n<div class=\"cta__global__txt\"><div>\n<div class=\"cr__head03 bright\"><h3>Zavolejte, domluvte si sch\u016fzku  <br\/><span>bezplatn\u00e9 ocen\u011bn\u00ed<\/span><\/h3><\/div>\n<div class=\"cta__global__tel\"><p>linka d\u016fv\u011bry<\/p><a href=\"tel:+48665000888\"><span style=\"font-weight: lighter;font-size: 40px;\">+48<\/span> 665 000 888<\/a><\/div>\n<a class=\"link02\" href=\"https:\/\/crossin.pl\/cs\/sjednejte-si-schuzku-na-konzultaci\/\">Bezplatn\u00e1 nab\u00eddka<\/a>\n<\/div><\/div>\n<\/div>\n\n\n\n<div class=\"wp-block-column is-layout-flow wp-block-column-is-layout-flow\" style=\"flex-basis:45%\">\n<div style=\"height:30px\" aria-hidden=\"true\" class=\"wp-block-spacer\"><\/div>\n\n\n\n<div class=\"cta__global__inz\"><img decoding=\"async\" src=\"\/wp-content\/uploads\/2023\/08\/inzynier-01.webp\" alt=\"Stavebn\u00ed in\u017een\u00fdr\"\/><\/div>\n<\/div>\n<\/div>\n<\/div>\n<\/div>\n\n<div style=\"height:100px\" aria-hidden=\"true\" class=\"wp-block-spacer nomobile\"><\/div>\n\n<div style=\"height:30px\" aria-hidden=\"true\" class=\"wp-block-spacer onlymobile\"><\/div>\n\n<div class=\"wp-block-columns is-layout-flex wp-container-core-columns-is-layout-9d6595d7 wp-block-columns-is-layout-flex\">\n<div class=\"wp-block-column is-layout-flow wp-block-column-is-layout-flow\">\n<div class=\"cr__head03\"><h3>Dal\u0161\u00ed  <br\/><span>izola\u010dn\u00ed slu\u017eby<\/span><\/h3><\/div>\n\n\n\n<div style=\"height:20px\" aria-hidden=\"true\" class=\"wp-block-spacer\"><\/div>\n\n\n\n<div class=\"home__service__wrap\">\n   <div class=\"home__service\">\n      <a href=\"https:\/\/crossin.pl\/cs\/nabidka\/izolace-stropu\/\"><div class=\"home__service__item\">\n         <img decoding=\"async\" src=\"\/wp-content\/uploads\/2023\/08\/iko-domek-stropy-01.svg\" alt=\"Izolace stropu\"\/>\n         <h3>Stropy<\/h3>\n      <\/div><\/a>\n      <a href=\"https:\/\/crossin.pl\/cs\/nabidka\/izolace-sten-a-ramovych-domu\/\"><div class=\"home__service__item\">\n         <img decoding=\"async\" src=\"\/wp-content\/uploads\/2023\/08\/iko-domek-sciany-01.svg\" alt=\"Izolace st\u011bn\"\/>\n         <h3>St\u011bny<\/h3>\n      <\/div><\/a>\n      <a href=\"https:\/\/crossin.pl\/cs\/nabidka\/izolace-podlahy\/\"><div class=\"home__service__item\">\n         <img decoding=\"async\" src=\"\/wp-content\/uploads\/2023\/08\/iko-domek-posadzki-01.svg\" alt=\"Izolace podlahy\"\/>\n         <h3>Podlahy<\/h3>\n      <\/div><\/a>\n      <a href=\"https:\/\/crossin.pl\/cs\/nabidka\/izolace-zakladu\/\"><div class=\"home__service__item\">\n         <img decoding=\"async\" src=\"\/wp-content\/uploads\/2023\/08\/iko-domek-fundamenty-01.svg\" alt=\"Izolace z\u00e1klad\u016f\"\/>\n         <h3>Z\u00e1klady<\/h3>\n      <\/div><\/a>\n      <a href=\"https:\/\/crossin.pl\/cs\/nabidka\/izolace-terasy\/\"><div class=\"home__service__item\">\n         <img decoding=\"async\" src=\"\/wp-content\/uploads\/2023\/08\/iko-domek-tarasy-02.svg\" alt=\"Izolace terasy\"\/>\n         <h3>Terasy<\/h3>\n      <\/div><\/a>\n   <\/div>\n<\/div>\n<\/div>\n<\/div>\n\n<div style=\"height:100px\" aria-hidden=\"true\" class=\"wp-block-spacer nomobile\"><\/div>\n\n<div style=\"height:30px\" aria-hidden=\"true\" class=\"wp-block-spacer onlymobile\"><\/div>\n\n<div class=\"wp-block-columns alignwide pg__downloads__sec is-layout-flex wp-container-core-columns-is-layout-9d6595d7 wp-block-columns-is-layout-flex\">\n<div class=\"wp-block-column is-layout-flow wp-block-column-is-layout-flow\">\n<div style=\"height:80px\" aria-hidden=\"true\" class=\"wp-block-spacer\"><\/div>\n\n\n\n<div class=\"cr__head03\"><h3>Soubory  <br\/><span>ke sta\u017een\u00ed na<\/span><\/h3><\/div>\n\n\n\n\r\n\r\n    <div class=\"download__pdf__wrap\">\r\n\r\n                        <div class=\"download__pdf__item\">\r\n                    <a href=\"\/wp-content\/uploads\/2023\/10\/Izolace-strechy-na-betonovem-stropu-Hard-50.pdf\" target=\"_blank\" rel=\"noopener noreferrer\">\r\n                        <img decoding=\"async\" src=\"\/wp-content\/uploads\/2023\/08\/iko-pdf-01.svg\" alt=\"Plik Izolace st\u0159echy pro betonov\u00e9 podlahy\" title=\"Izolace ploch\u00fdch st\u0159ech - Izolace st\u0159echy pro betonov\u00e9 podlahy\">\r\n                        <h5>Izolace st\u0159echy pro betonov\u00e9 podlahy<\/h5>\r\n                    <\/a>\r\n                <\/div>\r\n                        <div class=\"download__pdf__item\">\r\n                    <a href=\"\/wp-content\/uploads\/2023\/10\/DOP_CROSSIN_HARD_50_CS_v3.pdf\" target=\"_blank\" rel=\"noopener noreferrer\">\r\n                        <img decoding=\"async\" src=\"\/wp-content\/uploads\/2023\/08\/iko-pdf-01.svg\" alt=\"Plik Prohl\u00e1\u0161en\u00ed o vlastnostech - Crossin Hard 50\" title=\"Izolace ploch\u00fdch st\u0159ech - Prohl\u00e1\u0161en\u00ed o vlastnostech - Crossin Hard 50\">\r\n                        <h5>Prohl\u00e1\u0161en\u00ed o vlastnostech - Crossin Hard 50<\/h5>\r\n                    <\/a>\r\n                <\/div>\r\n                        <div class=\"download__pdf__item\">\r\n                    <a href=\"\/wp-content\/uploads\/2024\/01\/TDS_CROSSIN_HARD_50_CZ_v2.pdf\" target=\"_blank\" rel=\"noopener noreferrer\">\r\n                        <img decoding=\"async\" src=\"\/wp-content\/uploads\/2023\/08\/iko-pdf-01.svg\" alt=\"Plik Technick\u00fd list - Crossin Hard 50\" title=\"Izolace ploch\u00fdch st\u0159ech - Technick\u00fd list - Crossin Hard 50\">\r\n                        <h5>Technick\u00fd list - Crossin Hard 50<\/h5>\r\n                    <\/a>\r\n                <\/div>\r\n        \r\n    <\/div>\r\n\r\n\n\n\n\n<div style=\"height:40px\" aria-hidden=\"true\" class=\"wp-block-spacer\"><\/div>\n<\/div>\n<\/div>\n","protected":false},"excerpt":{"rendered":"<p>Izolace ploch\u00fdch st\u0159ech PUR p\u011bna Vysoce kvalitn\u00ed v\u00fdrobek a odborn\u00e1 realizace autorizovan\u00fdm dodavatelem je z\u00e1rukou \u0161pi\u010dkov\u00e9 kvality izolace. Po\u017e\u00e1dat o slu\u017ebu Produkt | Crossin Hard 50 p\u011bna s uzav\u0159en\u00fdmi bu\u0148kami Produkt | Crossin Hard 50 p\u011bna s uzav\u0159en\u00fdmi bu\u0148kami Izolace ploch\u00e9 st\u0159echy PUR p\u011bnou je jednou z nej\u00fa\u010dinn\u011bj\u0161\u00edch metod izolace, kter\u00e1 zlep\u0161uje tepeln\u00e9 vlastnosti a [&hellip;]<\/p>\n","protected":false},"author":1,"featured_media":0,"parent":2502,"menu_order":70,"comment_status":"closed","ping_status":"closed","template":"page-fullwidth.php","meta":{"inline_featured_image":false,"footnotes":""},"class_list":["post-2527","page","type-page","status-publish","hentry"],"acf":[],"yoast_head":"<!-- This site is optimized with the Yoast SEO plugin v26.4 - https:\/\/yoast.com\/wordpress\/plugins\/seo\/ -->\n<title>Izolace ploch\u00fdch st\u0159ech PUR p\u011bnou - Crossin<\/title>\n<meta name=\"description\" content=\"Izolace ploch\u00fdch st\u0159ech PUR p\u011bnou je jednou z nej\u00fa\u010dinn\u011bj\u0161\u00edch metod izolace ploch\u00fdch st\u0159ech. Podporuje hydroizolaci st\u0159echy!\" \/>\n<meta name=\"robots\" content=\"index, follow, max-snippet:-1, max-image-preview:large, max-video-preview:-1\" \/>\n<link rel=\"canonical\" href=\"https:\/\/crossin.pl\/cs\/nabidka\/izolace-plochych-strech\/\" \/>\n<meta property=\"og:locale\" content=\"cs_CZ\" \/>\n<meta property=\"og:type\" content=\"article\" \/>\n<meta property=\"og:title\" content=\"Izolace ploch\u00fdch st\u0159ech PUR p\u011bnou - Crossin\" \/>\n<meta property=\"og:description\" content=\"Izolace ploch\u00fdch st\u0159ech PUR p\u011bnou je jednou z nej\u00fa\u010dinn\u011bj\u0161\u00edch metod izolace ploch\u00fdch st\u0159ech. Podporuje hydroizolaci st\u0159echy!\" \/>\n<meta property=\"og:url\" content=\"https:\/\/crossin.pl\/cs\/nabidka\/izolace-plochych-strech\/\" \/>\n<meta property=\"og:site_name\" content=\"Crossin\" \/>\n<meta property=\"article:modified_time\" content=\"2024-01-06T16:16:26+00:00\" \/>\n<meta property=\"og:image\" content=\"https:\/\/crossin.pl\/wp-content\/uploads\/2025\/05\/crossin-01.webp\" \/>\n\t<meta property=\"og:image:width\" content=\"1200\" \/>\n\t<meta property=\"og:image:height\" content=\"675\" \/>\n\t<meta property=\"og:image:type\" content=\"image\/webp\" \/>\n<meta name=\"twitter:card\" content=\"summary_large_image\" \/>\n<meta name=\"twitter:label1\" content=\"Odhadovan\u00e1 doba \u010dten\u00ed\" \/>\n\t<meta name=\"twitter:data1\" content=\"2 minuty\" \/>\n<script type=\"application\/ld+json\" class=\"yoast-schema-graph\">{\"@context\":\"https:\/\/schema.org\",\"@graph\":[{\"@type\":\"WebPage\",\"@id\":\"https:\/\/crossin.pl\/cs\/nabidka\/izolace-plochych-strech\/\",\"url\":\"https:\/\/crossin.pl\/cs\/nabidka\/izolace-plochych-strech\/\",\"name\":\"Izolace ploch\u00fdch st\u0159ech PUR p\u011bnou - Crossin\",\"isPartOf\":{\"@id\":\"https:\/\/crossin.pl\/#website\"},\"datePublished\":\"2023-08-14T16:12:14+00:00\",\"dateModified\":\"2024-01-06T16:16:26+00:00\",\"description\":\"Izolace ploch\u00fdch st\u0159ech PUR p\u011bnou je jednou z nej\u00fa\u010dinn\u011bj\u0161\u00edch metod izolace ploch\u00fdch st\u0159ech. Podporuje hydroizolaci st\u0159echy!\",\"breadcrumb\":{\"@id\":\"https:\/\/crossin.pl\/cs\/nabidka\/izolace-plochych-strech\/#breadcrumb\"},\"inLanguage\":\"cs\",\"potentialAction\":[{\"@type\":\"ReadAction\",\"target\":[\"https:\/\/crossin.pl\/cs\/nabidka\/izolace-plochych-strech\/\"]}]},{\"@type\":\"BreadcrumbList\",\"@id\":\"https:\/\/crossin.pl\/cs\/nabidka\/izolace-plochych-strech\/#breadcrumb\",\"itemListElement\":[{\"@type\":\"ListItem\",\"position\":1,\"name\":\"Strona g\u0142\u00f3wna\",\"item\":\"https:\/\/crossin.pl\/cs\/\"},{\"@type\":\"ListItem\",\"position\":2,\"name\":\"Nab\u00eddka\",\"item\":\"https:\/\/crossin.pl\/cs\/nabidka\/\"},{\"@type\":\"ListItem\",\"position\":3,\"name\":\"Izolace ploch\u00fdch st\u0159ech\"}]},{\"@type\":\"WebSite\",\"@id\":\"https:\/\/crossin.pl\/#website\",\"url\":\"https:\/\/crossin.pl\/\",\"name\":\"Crossin\",\"description\":\"Izolacje Pian\u0105 PUR\",\"publisher\":{\"@id\":\"https:\/\/crossin.pl\/#organization\"},\"potentialAction\":[{\"@type\":\"SearchAction\",\"target\":{\"@type\":\"EntryPoint\",\"urlTemplate\":\"https:\/\/crossin.pl\/?s={search_term_string}\"},\"query-input\":{\"@type\":\"PropertyValueSpecification\",\"valueRequired\":true,\"valueName\":\"search_term_string\"}}],\"inLanguage\":\"cs\"},{\"@type\":\"Organization\",\"@id\":\"https:\/\/crossin.pl\/#organization\",\"name\":\"Crossin Insulations\",\"alternateName\":\"Crossin\",\"url\":\"https:\/\/crossin.pl\/\",\"logo\":{\"@type\":\"ImageObject\",\"inLanguage\":\"cs\",\"@id\":\"https:\/\/crossin.pl\/#\/schema\/logo\/image\/\",\"url\":\"https:\/\/crossin.pl\/wp-content\/uploads\/2026\/01\/crossin_logo.svg\",\"contentUrl\":\"https:\/\/crossin.pl\/wp-content\/uploads\/2026\/01\/crossin_logo.svg\",\"caption\":\"Crossin Insulations\"},\"image\":{\"@id\":\"https:\/\/crossin.pl\/#\/schema\/logo\/image\/\"}}]}<\/script>\n<!-- \/ Yoast SEO plugin. -->","yoast_head_json":{"title":"Izolace ploch\u00fdch st\u0159ech PUR p\u011bnou - Crossin","description":"Izolace ploch\u00fdch st\u0159ech PUR p\u011bnou je jednou z nej\u00fa\u010dinn\u011bj\u0161\u00edch metod izolace ploch\u00fdch st\u0159ech. Podporuje hydroizolaci st\u0159echy!","robots":{"index":"index","follow":"follow","max-snippet":"max-snippet:-1","max-image-preview":"max-image-preview:large","max-video-preview":"max-video-preview:-1"},"canonical":"https:\/\/crossin.pl\/cs\/nabidka\/izolace-plochych-strech\/","og_locale":"cs_CZ","og_type":"article","og_title":"Izolace ploch\u00fdch st\u0159ech PUR p\u011bnou - Crossin","og_description":"Izolace ploch\u00fdch st\u0159ech PUR p\u011bnou je jednou z nej\u00fa\u010dinn\u011bj\u0161\u00edch metod izolace ploch\u00fdch st\u0159ech. Podporuje hydroizolaci st\u0159echy!","og_url":"https:\/\/crossin.pl\/cs\/nabidka\/izolace-plochych-strech\/","og_site_name":"Crossin","article_modified_time":"2024-01-06T16:16:26+00:00","og_image":[{"width":1200,"height":675,"url":"https:\/\/crossin.pl\/wp-content\/uploads\/2025\/05\/crossin-01.webp","type":"image\/webp"}],"twitter_card":"summary_large_image","twitter_misc":{"Odhadovan\u00e1 doba \u010dten\u00ed":"2 minuty"},"schema":{"@context":"https:\/\/schema.org","@graph":[{"@type":"WebPage","@id":"https:\/\/crossin.pl\/cs\/nabidka\/izolace-plochych-strech\/","url":"https:\/\/crossin.pl\/cs\/nabidka\/izolace-plochych-strech\/","name":"Izolace ploch\u00fdch st\u0159ech PUR p\u011bnou - Crossin","isPartOf":{"@id":"https:\/\/crossin.pl\/#website"},"datePublished":"2023-08-14T16:12:14+00:00","dateModified":"2024-01-06T16:16:26+00:00","description":"Izolace ploch\u00fdch st\u0159ech PUR p\u011bnou je jednou z nej\u00fa\u010dinn\u011bj\u0161\u00edch metod izolace ploch\u00fdch st\u0159ech. Podporuje hydroizolaci st\u0159echy!","breadcrumb":{"@id":"https:\/\/crossin.pl\/cs\/nabidka\/izolace-plochych-strech\/#breadcrumb"},"inLanguage":"cs","potentialAction":[{"@type":"ReadAction","target":["https:\/\/crossin.pl\/cs\/nabidka\/izolace-plochych-strech\/"]}]},{"@type":"BreadcrumbList","@id":"https:\/\/crossin.pl\/cs\/nabidka\/izolace-plochych-strech\/#breadcrumb","itemListElement":[{"@type":"ListItem","position":1,"name":"Strona g\u0142\u00f3wna","item":"https:\/\/crossin.pl\/cs\/"},{"@type":"ListItem","position":2,"name":"Nab\u00eddka","item":"https:\/\/crossin.pl\/cs\/nabidka\/"},{"@type":"ListItem","position":3,"name":"Izolace ploch\u00fdch st\u0159ech"}]},{"@type":"WebSite","@id":"https:\/\/crossin.pl\/#website","url":"https:\/\/crossin.pl\/","name":"Crossin","description":"Izolacje Pian\u0105 PUR","publisher":{"@id":"https:\/\/crossin.pl\/#organization"},"potentialAction":[{"@type":"SearchAction","target":{"@type":"EntryPoint","urlTemplate":"https:\/\/crossin.pl\/?s={search_term_string}"},"query-input":{"@type":"PropertyValueSpecification","valueRequired":true,"valueName":"search_term_string"}}],"inLanguage":"cs"},{"@type":"Organization","@id":"https:\/\/crossin.pl\/#organization","name":"Crossin Insulations","alternateName":"Crossin","url":"https:\/\/crossin.pl\/","logo":{"@type":"ImageObject","inLanguage":"cs","@id":"https:\/\/crossin.pl\/#\/schema\/logo\/image\/","url":"https:\/\/crossin.pl\/wp-content\/uploads\/2026\/01\/crossin_logo.svg","contentUrl":"https:\/\/crossin.pl\/wp-content\/uploads\/2026\/01\/crossin_logo.svg","caption":"Crossin Insulations"},"image":{"@id":"https:\/\/crossin.pl\/#\/schema\/logo\/image\/"}}]}},"_links":{"self":[{"href":"https:\/\/crossin.pl\/cs\/wp-json\/wp\/v2\/pages\/2527","targetHints":{"allow":["GET"]}}],"collection":[{"href":"https:\/\/crossin.pl\/cs\/wp-json\/wp\/v2\/pages"}],"about":[{"href":"https:\/\/crossin.pl\/cs\/wp-json\/wp\/v2\/types\/page"}],"author":[{"embeddable":true,"href":"https:\/\/crossin.pl\/cs\/wp-json\/wp\/v2\/users\/1"}],"replies":[{"embeddable":true,"href":"https:\/\/crossin.pl\/cs\/wp-json\/wp\/v2\/comments?post=2527"}],"version-history":[{"count":8,"href":"https:\/\/crossin.pl\/cs\/wp-json\/wp\/v2\/pages\/2527\/revisions"}],"predecessor-version":[{"id":3368,"href":"https:\/\/crossin.pl\/cs\/wp-json\/wp\/v2\/pages\/2527\/revisions\/3368"}],"up":[{"embeddable":true,"href":"https:\/\/crossin.pl\/cs\/wp-json\/wp\/v2\/pages\/2502"}],"wp:attachment":[{"href":"https:\/\/crossin.pl\/cs\/wp-json\/wp\/v2\/media?parent=2527"}],"curies":[{"name":"wp","href":"https:\/\/api.w.org\/{rel}","templated":true}]}}