{"id":2516,"date":"2023-08-14T18:08:38","date_gmt":"2023-08-14T16:08:38","guid":{"rendered":"https:\/\/crossin.pl\/nabidka\/izolace-podlahy\/"},"modified":"2024-01-06T17:12:48","modified_gmt":"2024-01-06T16:12:48","slug":"izolace-podlahy","status":"publish","type":"page","link":"https:\/\/crossin.pl\/cs\/nabidka\/izolace-podlahy\/","title":{"rendered":"Izolace podlahy"},"content":{"rendered":"\n<div style=\"height:20px\" aria-hidden=\"true\" class=\"wp-block-spacer\"><\/div>\n\n<div class=\"wp-block-columns is-layout-flex wp-container-core-columns-is-layout-9d6595d7 wp-block-columns-is-layout-flex\">\n<div class=\"wp-block-column is-layout-flow wp-block-column-is-layout-flow\">\n<div class=\"wp-block-columns is-layout-flex wp-container-core-columns-is-layout-9d6595d7 wp-block-columns-is-layout-flex\">\n<div class=\"wp-block-column is-layout-flow wp-block-column-is-layout-flow\" style=\"flex-basis:50%\">\n<div style=\"height:30px\" aria-hidden=\"true\" class=\"wp-block-spacer nomobile\"><\/div>\n\n\n\n<div class=\"pg__top__intro\">\n<div class=\"cr__head02\"><h2>Izolace podlahy  <br\/><span>PUR p\u011bna<\/span><\/h2><\/div>\n<p>Vysoce kvalitn\u00ed v\u00fdrobek a odborn\u00e1 realizace autorizovan\u00fdm dodavatelem je z\u00e1rukou \u0161pi\u010dkov\u00e9 kvality izolace.<\/p>\n<a class=\"link02 linkserv\" href=\"https:\/\/crossin.pl\/cs\/sjednejte-si-schuzku-na-konzultaci\/\">Po\u017e\u00e1dat o slu\u017ebu<\/a>\n<\/div>\n\n\n\n<div style=\"height:30px\" aria-hidden=\"true\" class=\"wp-block-spacer nomobile\"><\/div>\n\n\n\n<div class=\"bar__hori__wrap\"><div class=\"bar__hori__left01\"><div class=\"pg__top__bar__hori\"><p>Produkt | Crossin Hard 40<\/p><p class=\"pg__top__bar__hori__sub\">p\u011bna s uzav\u0159en\u00fdmi bu\u0148kami<\/p><\/div><\/div><\/div>\n<\/div>\n\n\n\n<div class=\"wp-block-column is-layout-flow wp-block-column-is-layout-flow\" style=\"flex-basis:40%\">\n<img decoding=\"async\" class=\"pg__top__intro__img\" src=\"\/wp-content\/uploads\/2023\/08\/pg-srv-izolacja-posadzki-01.webp\" alt=\"Izolace podlahy\"\/>\n\n\n\n<div class=\"pg__top__bar__hori__mob onlymobile\"><p>Produkt | Crossin Hard 40<\/p><p class=\"pg__top__bar__hori__sub\">p\u011bna s uzav\u0159en\u00fdmi bu\u0148kami<\/p><\/div>\n<\/div>\n\n\n\n<div class=\"wp-block-column is-layout-flow wp-block-column-is-layout-flow\" style=\"flex-basis:10%\">\n<div style=\"height:30px\" aria-hidden=\"true\" class=\"wp-block-spacer nomobile\"><\/div>\n\n\n\n<div class=\"bar__hori__right01\"><\/div>\n<\/div>\n<\/div>\n<\/div>\n<\/div>\n\n<div class=\"wp-block-columns is-layout-flex wp-container-core-columns-is-layout-9d6595d7 wp-block-columns-is-layout-flex\">\n<div class=\"wp-block-column is-layout-flow wp-block-column-is-layout-flow\">\n<div style=\"height:20px\" aria-hidden=\"true\" class=\"wp-block-spacer nomobile\"><\/div>\n\n\n\n<p style=\"text-align: justify;\">Izolaci podlah pomoc\u00ed PUR p\u011bny Crossin prov\u00e1d\u011bj\u00ed autorizovan\u00ed dodavatel\u00e9, kte\u0159\u00ed maj\u00ed certifik\u00e1t od v\u00fdrobce.\nZhotovitel\u00e9 Crossin zaru\u010duj\u00ed odbornou aplikaci a zpracov\u00e1n\u00ed v\u00fdrobku v souladu s technick\u00fdm listem. <\/p>\n<p style=\"text-align: justify;\">Podlahov\u00e1 izolace z PUR p\u011bny je modern\u00ed zp\u016fsob izolace, kter\u00fd se v modern\u00ed v\u00fdstavb\u011b pou\u017e\u00edv\u00e1 st\u00e1le \u010dast\u011bji.\nPodlahov\u00e1 izola\u010dn\u00ed vrstva je vzduchot\u011bsn\u00e1, bez tepeln\u00fdch most\u016f a odoln\u00e1 proti vlhkosti.\nVynikaj\u00edc\u00ed izola\u010dn\u00ed parametry materi\u00e1lu umo\u017e\u0148uj\u00ed sn\u00ed\u017eit tlou\u0161\u0165ku izola\u010dn\u00ed vrstvy na polovinu ve srovn\u00e1n\u00ed s tradi\u010dn\u011b pou\u017e\u00edvan\u00fdmi materi\u00e1ly.  <\/p>\n<p style=\"text-align: justify;\">Izola\u010dn\u00ed vrstva podlahov\u00e9 PUR p\u011bny t\u011bsn\u011b zakr\u00fdv\u00e1 v\u0161echny instalace a potrub\u00ed.\nJedn\u00e1 se o izola\u010dn\u00ed materi\u00e1l ide\u00e1ln\u00ed pro pou\u017eit\u00ed s podlahov\u00fdm vyt\u00e1p\u011bn\u00edm. <\/p>\n\n\n\n<h3>Pro\u010d si vybrat PUR izolaci podkrov\u00ed Crossin?<\/h3>\n<ul>\n<li>Vynikaj\u00edc\u00ed izolace s n\u00edzkou tlou\u0161\u0165kou<\/li>\n<li>Eliminace sed\u00e1n\u00ed podlahy d\u00edky vysok\u00e9 odolnosti proti tlaku<\/li>\n<li>Vysok\u00e1 vzduchot\u011bsnost bez tepeln\u00fdch most\u016f<\/li>\n<li>Velmi n\u00edzk\u00e1 absorpce vody<\/li>\n<\/ul>\n<\/div>\n<\/div>\n\n<div class=\"wp-block-columns is-layout-flex wp-container-core-columns-is-layout-9d6595d7 wp-block-columns-is-layout-flex\">\n<div class=\"wp-block-column is-layout-flow wp-block-column-is-layout-flow\">\n<div style=\"height:60px\" aria-hidden=\"true\" class=\"wp-block-spacer nomobile\"><\/div>\n\n\n\n<div class=\"wp-block-columns nogap is-layout-flex wp-container-core-columns-is-layout-9d6595d7 wp-block-columns-is-layout-flex\">\n<div class=\"wp-block-column is-layout-flow wp-block-column-is-layout-flow\" style=\"flex-basis:2.5%\"><\/div>\n\n\n\n<div class=\"wp-block-column cta__aw01__video__sec is-layout-flow wp-block-column-is-layout-flow\" style=\"flex-basis:95%\">    <div id=\"bv-conspectusblock_5a8a45f41eb270db5f3c77034010defa\" class=\"acf-html-block acf-html-desktop\">\r\n        <div class=\"cta__aw01__video__wrap\"><video class=\"cta__aw01__video\" autoplay=\"\" loop=\"\" muted=\"\" playsinline=\"\"><source src=\"\/wp-content\/uploads\/2023\/08\/cta-aw-desktop-01.webm\" type=\"video\/webm\"><\/source><\/video><\/div>\r\n    <\/div>\r\n\n\n\n<div class=\"wp-block-columns is-layout-flex wp-container-core-columns-is-layout-9d6595d7 wp-block-columns-is-layout-flex\">\n<div class=\"wp-block-column is-layout-flow wp-block-column-is-layout-flow\">    <div id=\"bv-conspectusblock_e01849fde7615165c5925076945eeac4\" class=\"acf-html-block acf-html-desktop\">\r\n        <div class=\"cta__aw01__bus\"><img decoding=\"async\" src=\"\/wp-content\/uploads\/2023\/09\/bus-crossin-04-cz.webp\" alt=\"Crossin Autorizovan\u00fd dodavatel Autobus\"><\/div>\r\n    <\/div>\r\n<\/div>\n\n\n\n<div class=\"wp-block-column is-layout-flow wp-block-column-is-layout-flow\">    <div id=\"bv-conspectusblock_2505802d571999d7bb74d3a188f39781\" class=\"acf-html-block acf-html-desktop\">\r\n        <div class=\"cta__aw01__txt\"><div><div class=\"cr__head03 bright\"><h3>S\u00ed\u0165 autorizovan\u00fdch <br><span>dodavatel\u016f Crossin<\/span><\/h3><\/div><p>Kl\u00ed\u010dem k \u00fa\u010dinn\u00e9 izolaci je spr\u00e1vn\u00e9 pou\u017eit\u00ed a\u00a0zpracov\u00e1n\u00ed v\u00fdrobku. Autorizovan\u00ed dodavatel\u00e9 zaru\u010duj\u00ed realizaci na nejvy\u0161\u0161\u00ed \u00farovni.<\/p><a class=\"link02\" href=\"https:\/\/crossin.pl\/cs\/autorizovani-dodavatele\/\">Vyhled\u00e1n\u00ed dodavatele<\/a><\/div><\/div>\r\n    <\/div>\r\n<\/div>\n<\/div>\n<\/div>\n\n\n\n<div class=\"wp-block-column is-layout-flow wp-block-column-is-layout-flow\" style=\"flex-basis:2.5%\"><\/div>\n<\/div>\n\n\n\n<div style=\"height:200px\" aria-hidden=\"true\" class=\"wp-block-spacer nomobile\"><\/div>\n<\/div>\n<\/div>\n\n<div class=\"wp-block-columns is-layout-flex wp-container-core-columns-is-layout-9d6595d7 wp-block-columns-is-layout-flex\">\n<div class=\"wp-block-column is-layout-flow wp-block-column-is-layout-flow\">\n<h3 class=\"prod__used\">Pou\u017eit\u00e9 produkty<\/h3>\n\n<p style=\"text-align: justify;\">PUR p\u011bna s uzav\u0159en\u00fdmi bu\u0148kami Crossin Hard 40 je ur\u010dena k izolaci podlah. P\u011bna Crossin Hard 40 je ur\u010dena k tepeln\u00e9 izolaci podlah (v\u010detn\u011b nepodsklepen\u00fdch a p\u0159\u00edzemn\u00edch), podlah a z\u00e1klad\u016f v r\u016fzn\u00fdch stavebn\u00edch konstrukc\u00edch. Doporu\u010duje se zejm\u00e9na pro izola\u010dn\u00ed povrchy, kter\u00e9 vy\u017eaduj\u00ed zv\u00fd\u0161enou odolnost v\u016f\u010di vn\u011bj\u0161\u00edmu zat\u00ed\u017een\u00ed. V\u00fdrobek se \u00fasp\u011b\u0161n\u011b pou\u017e\u00edv\u00e1 v bytov\u00e9 v\u00fdstavb\u011b, zejm\u00e9na v jedno- a v\u00edcerodinn\u00fdch domech a bytov\u00fdch domech.<\/p>\n<\/div>\n<\/div>\n\n<div style=\"height:60px\" aria-hidden=\"true\" class=\"wp-block-spacer nomobile\"><\/div>\n\n<div class=\"wp-block-columns is-layout-flex wp-container-core-columns-is-layout-9d6595d7 wp-block-columns-is-layout-flex\">\n<div class=\"wp-block-column is-layout-flow wp-block-column-is-layout-flow\">\n<div class=\"cr__head03\"><h3>Realizace  <br\/><span>Crossin<\/span><\/h3><\/div>\n\n\n\n<div style=\"height:20px\" aria-hidden=\"true\" class=\"wp-block-spacer nomobile\"><\/div>\n\n\n<div id=\"post_grid-block_70073db1f2caecb3efc71b3ec2f0108e\" class=\"acf-post_grid post-style-6\">\r\n    <div class=\"bv_post_grid_wrapper\">\r\n            <div class=\"bv_post_grid_item\">\r\n        <a class=\"bv_post_grid_item_wrapper\" href=\"https:\/\/crossin.pl\/cs\/realizacja\/izolace-neobvykle-budovy-ceske-budejovice\/\">\r\n                        <div class=\"realizacja-image\">\r\n                <img decoding=\"async\" src=\"https:\/\/crossin.pl\/wp-content\/uploads\/2023\/10\/cr-real-vavra-izolace-neobvykle-budovy-01-01-768x512.webp\">\r\n                            <\/div>\r\n            <h4>Izolace neobvykl\u00e9 budovy &#8211; \u010cesk\u00e9 Bud\u011bjovice<\/h4>\r\n            <p><\/p>\r\n                    <\/a>\r\n    <\/div>\r\n    <div class=\"bv_post_grid_item\">\r\n        <a class=\"bv_post_grid_item_wrapper\" href=\"https:\/\/crossin.pl\/cs\/realizacja\/izolace-mansardove-strechy\/\">\r\n                        <div class=\"realizacja-image\">\r\n                <img decoding=\"async\" src=\"https:\/\/crossin.pl\/wp-content\/uploads\/2023\/10\/cr-real-izopena-izolace-mansardove-strechy-01-06-768x512.webp\">\r\n                                    <div class=\"badge-product\">Crossin Hard 36<\/div>\r\n                            <\/div>\r\n            <h4>Izolace mansardov\u00e9 st\u0159echy<\/h4>\r\n            <p><\/p>\r\n                    <\/a>\r\n    <\/div>\r\n    <div class=\"bv_post_grid_item\">\r\n        <a class=\"bv_post_grid_item_wrapper\" href=\"https:\/\/crossin.pl\/cs\/realizacja\/izolace-skladiste-stara-boleslav\/\">\r\n                        <div class=\"realizacja-image\">\r\n                <img decoding=\"async\" src=\"https:\/\/crossin.pl\/wp-content\/uploads\/2023\/10\/cr-real-vavra-izolace-skladiste-01-01-768x512.webp\">\r\n                            <\/div>\r\n            <h4>Izolace skladi\u0161t\u011b &#8211; Star\u00e1 Boleslav<\/h4>\r\n            <p><\/p>\r\n                    <\/a>\r\n    <\/div>\r\n\r\n<style>\r\n    .bv_post_grid_wrapper {\r\n        display: flex;\r\n        gap: 3%;\r\n        flex-wrap: wrap;\r\n    }\r\n\r\n    .bv_post_grid_item {\r\n        flex-basis: 31.3%;\r\n        margin: 15px 0;\r\n        text-align: left;\r\n    }\r\n<\/style>    <\/div>\r\n<\/div><\/div>\n<\/div>\n\n<div style=\"height:100px\" aria-hidden=\"true\" class=\"wp-block-spacer nomobile\"><\/div>\n\n<div class=\"wp-block-columns alignwide cta__global__sec is-layout-flex wp-container-core-columns-is-layout-9d6595d7 wp-block-columns-is-layout-flex\">\n<div class=\"wp-block-column is-layout-flow wp-block-column-is-layout-flow\">\n<div class=\"wp-block-columns is-layout-flex wp-container-core-columns-is-layout-9d6595d7 wp-block-columns-is-layout-flex\">\n<div class=\"wp-block-column is-layout-flow wp-block-column-is-layout-flow\" style=\"flex-basis:16%\"><\/div>\n\n\n\n<div class=\"wp-block-column is-layout-flow wp-block-column-is-layout-flow\" style=\"flex-basis:39%\">\n<div class=\"cta__global__txt\"><div>\n<div class=\"cr__head03 bright\"><h3>Zavolejte, domluvte si sch\u016fzku  <br\/><span>bezplatn\u00e9 ocen\u011bn\u00ed<\/span><\/h3><\/div>\n<div class=\"cta__global__tel\"><p>linka d\u016fv\u011bry<\/p><a href=\"tel:+48665000888\"><span style=\"font-weight: lighter;font-size: 40px;\">+48<\/span> 665 000 888<\/a><\/div>\n<a class=\"link02\" href=\"https:\/\/crossin.pl\/cs\/sjednejte-si-schuzku-na-konzultaci\/\">Bezplatn\u00e1 nab\u00eddka<\/a>\n<\/div><\/div>\n<\/div>\n\n\n\n<div class=\"wp-block-column is-layout-flow wp-block-column-is-layout-flow\" style=\"flex-basis:45%\">\n<div style=\"height:30px\" aria-hidden=\"true\" class=\"wp-block-spacer\"><\/div>\n\n\n\n<div class=\"cta__global__inz\"><img decoding=\"async\" src=\"\/wp-content\/uploads\/2023\/08\/inzynier-01.webp\" alt=\"Stavebn\u00ed in\u017een\u00fdr\"\/><\/div>\n<\/div>\n<\/div>\n<\/div>\n<\/div>\n\n<div style=\"height:100px\" aria-hidden=\"true\" class=\"wp-block-spacer nomobile\"><\/div>\n\n<div style=\"height:30px\" aria-hidden=\"true\" class=\"wp-block-spacer onlymobile\"><\/div>\n\n<div class=\"wp-block-columns is-layout-flex wp-container-core-columns-is-layout-9d6595d7 wp-block-columns-is-layout-flex\">\n<div class=\"wp-block-column is-layout-flow wp-block-column-is-layout-flow\">\n<div class=\"cr__head03\"><h3>Dal\u0161\u00ed  <br\/><span>izola\u010dn\u00ed slu\u017eby<\/span><\/h3><\/div>\n\n\n\n<div style=\"height:20px\" aria-hidden=\"true\" class=\"wp-block-spacer\"><\/div>\n\n\n\n<div class=\"home__service__wrap\">\n   <div class=\"home__service\">\n      <a href=\"https:\/\/crossin.pl\/cs\/nabidka\/izolace-podkrovi\/\"><div class=\"home__service__item\">\n         <img decoding=\"async\" src=\"\/wp-content\/uploads\/2023\/08\/iko-domek-poddasza-01.svg\" alt=\"Izolace podkrov\u00ed\"\/>\n         <h3>Podkrov\u00ed<\/h3>\n      <\/div><\/a>\n      <a href=\"https:\/\/crossin.pl\/cs\/nabidka\/izolace-stropu\/\"><div class=\"home__service__item\">\n         <img decoding=\"async\" src=\"\/wp-content\/uploads\/2023\/08\/iko-domek-stropy-01.svg\" alt=\"Izolace stropu\"\/>\n         <h3>Stropy<\/h3>\n      <\/div><\/a>\n      <a href=\"https:\/\/crossin.pl\/cs\/nabidka\/izolace-sten-a-ramovych-domu\/\"><div class=\"home__service__item\">\n         <img decoding=\"async\" src=\"\/wp-content\/uploads\/2023\/08\/iko-domek-sciany-01.svg\" alt=\"Izolace st\u011bn\"\/>\n         <h3>St\u011bny<\/h3>\n      <\/div><\/a>\n      <a href=\"https:\/\/crossin.pl\/cs\/nabidka\/izolace-zakladu\/\"><div class=\"home__service__item\">\n         <img decoding=\"async\" src=\"\/wp-content\/uploads\/2023\/08\/iko-domek-fundamenty-01.svg\" alt=\"Izolace z\u00e1klad\u016f\"\/>\n         <h3>Z\u00e1klady<\/h3>\n      <\/div><\/a>\n      <a href=\"https:\/\/crossin.pl\/cs\/nabidka\/izolace-terasy\/\"><div class=\"home__service__item\">\n         <img decoding=\"async\" src=\"\/wp-content\/uploads\/2023\/08\/iko-domek-tarasy-02.svg\" alt=\"Izolace terasy\"\/>\n         <h3>Terasy<\/h3>\n      <\/div><\/a>\n   <\/div>\n<\/div>\n<\/div>\n<\/div>\n\n<div style=\"height:100px\" aria-hidden=\"true\" class=\"wp-block-spacer nomobile\"><\/div>\n\n<div style=\"height:30px\" aria-hidden=\"true\" class=\"wp-block-spacer onlymobile\"><\/div>\n\n<div class=\"wp-block-columns alignwide pg__downloads__sec is-layout-flex wp-container-core-columns-is-layout-9d6595d7 wp-block-columns-is-layout-flex\">\n<div class=\"wp-block-column is-layout-flow wp-block-column-is-layout-flow\">\n<div style=\"height:80px\" aria-hidden=\"true\" class=\"wp-block-spacer\"><\/div>\n\n\n\n<div class=\"cr__head03\"><h3>Soubory  <br\/><span>ke sta\u017een\u00ed na<\/span><\/h3><\/div>\n\n\n\n\r\n\r\n    <div class=\"download__pdf__wrap\">\r\n\r\n                        <div class=\"download__pdf__item\">\r\n                    <a href=\"\/wp-content\/uploads\/2023\/10\/Izolace-podlahy-Hard-40.pdf\" target=\"_blank\" rel=\"noopener noreferrer\">\r\n                        <img decoding=\"async\" src=\"\/wp-content\/uploads\/2023\/08\/iko-pdf-01.svg\" alt=\"Plik Izolace podlahy\" title=\"Izolace podlahy - Izolace podlahy\">\r\n                        <h5>Izolace podlahy<\/h5>\r\n                    <\/a>\r\n                <\/div>\r\n                        <div class=\"download__pdf__item\">\r\n                    <a href=\"\/wp-content\/uploads\/2023\/10\/DOP_CROSSIN_HARD_40_CS_v2.pdf\" target=\"_blank\" rel=\"noopener noreferrer\">\r\n                        <img decoding=\"async\" src=\"\/wp-content\/uploads\/2023\/08\/iko-pdf-01.svg\" alt=\"Plik Prohl\u00e1\u0161en\u00ed o vlastnostech - Crossin Hard 40\" title=\"Izolace podlahy - Prohl\u00e1\u0161en\u00ed o vlastnostech - Crossin Hard 40\">\r\n                        <h5>Prohl\u00e1\u0161en\u00ed o vlastnostech - Crossin Hard 40<\/h5>\r\n                    <\/a>\r\n                <\/div>\r\n                        <div class=\"download__pdf__item\">\r\n                    <a href=\"\/wp-content\/uploads\/2024\/01\/TDS_CROSSIN_HARD_40_CZ_v3.pdf\" target=\"_blank\" rel=\"noopener noreferrer\">\r\n                        <img decoding=\"async\" src=\"\/wp-content\/uploads\/2023\/08\/iko-pdf-01.svg\" alt=\"Plik Technick\u00fd list - Crossin Hard 40\" title=\"Izolace podlahy - Technick\u00fd list - Crossin Hard 40\">\r\n                        <h5>Technick\u00fd list - Crossin Hard 40<\/h5>\r\n                    <\/a>\r\n                <\/div>\r\n        \r\n    <\/div>\r\n\r\n\n\n\n\n<div style=\"height:40px\" aria-hidden=\"true\" class=\"wp-block-spacer\"><\/div>\n<\/div>\n<\/div>\n","protected":false},"excerpt":{"rendered":"<p>Izolace podlahy PUR p\u011bna Vysoce kvalitn\u00ed v\u00fdrobek a odborn\u00e1 realizace autorizovan\u00fdm dodavatelem je z\u00e1rukou \u0161pi\u010dkov\u00e9 kvality izolace. Po\u017e\u00e1dat o slu\u017ebu Produkt | Crossin Hard 40 p\u011bna s uzav\u0159en\u00fdmi bu\u0148kami Produkt | Crossin Hard 40 p\u011bna s uzav\u0159en\u00fdmi bu\u0148kami Izolaci podlah pomoc\u00ed PUR p\u011bny Crossin prov\u00e1d\u011bj\u00ed autorizovan\u00ed dodavatel\u00e9, kte\u0159\u00ed maj\u00ed certifik\u00e1t od v\u00fdrobce. Zhotovitel\u00e9 Crossin zaru\u010duj\u00ed [&hellip;]<\/p>\n","protected":false},"author":1,"featured_media":0,"parent":2502,"menu_order":55,"comment_status":"closed","ping_status":"closed","template":"page-fullwidth.php","meta":{"inline_featured_image":false,"footnotes":""},"class_list":["post-2516","page","type-page","status-publish","hentry"],"acf":[],"yoast_head":"<!-- This site is optimized with the Yoast SEO plugin v26.4 - https:\/\/yoast.com\/wordpress\/plugins\/seo\/ -->\n<title>Podlahov\u00e1 izolace z PUR p\u011bny - Crossin<\/title>\n<meta name=\"description\" content=\"Podlahov\u00e1 izolace z PUR p\u011bny je modern\u00ed zp\u016fsob izolace, kter\u00fd se v modern\u00ed v\u00fdstavb\u011b pou\u017e\u00edv\u00e1 st\u00e1le \u010dast\u011bji.\" \/>\n<meta name=\"robots\" content=\"index, follow, max-snippet:-1, max-image-preview:large, max-video-preview:-1\" \/>\n<link rel=\"canonical\" href=\"https:\/\/crossin.pl\/cs\/nabidka\/izolace-podlahy\/\" \/>\n<meta property=\"og:locale\" content=\"cs_CZ\" \/>\n<meta property=\"og:type\" content=\"article\" \/>\n<meta property=\"og:title\" content=\"Podlahov\u00e1 izolace z PUR p\u011bny - Crossin\" \/>\n<meta property=\"og:description\" content=\"Podlahov\u00e1 izolace z PUR p\u011bny je modern\u00ed zp\u016fsob izolace, kter\u00fd se v modern\u00ed v\u00fdstavb\u011b pou\u017e\u00edv\u00e1 st\u00e1le \u010dast\u011bji.\" \/>\n<meta property=\"og:url\" content=\"https:\/\/crossin.pl\/cs\/nabidka\/izolace-podlahy\/\" \/>\n<meta property=\"og:site_name\" content=\"Crossin\" \/>\n<meta property=\"article:modified_time\" content=\"2024-01-06T16:12:48+00:00\" \/>\n<meta property=\"og:image\" content=\"https:\/\/crossin.pl\/wp-content\/uploads\/2025\/05\/crossin-01.webp\" \/>\n\t<meta property=\"og:image:width\" content=\"1200\" \/>\n\t<meta property=\"og:image:height\" content=\"675\" \/>\n\t<meta property=\"og:image:type\" content=\"image\/webp\" \/>\n<meta name=\"twitter:card\" content=\"summary_large_image\" \/>\n<meta name=\"twitter:label1\" content=\"Odhadovan\u00e1 doba \u010dten\u00ed\" \/>\n\t<meta name=\"twitter:data1\" content=\"3 minuty\" \/>\n<script type=\"application\/ld+json\" class=\"yoast-schema-graph\">{\"@context\":\"https:\/\/schema.org\",\"@graph\":[{\"@type\":\"WebPage\",\"@id\":\"https:\/\/crossin.pl\/cs\/nabidka\/izolace-podlahy\/\",\"url\":\"https:\/\/crossin.pl\/cs\/nabidka\/izolace-podlahy\/\",\"name\":\"Podlahov\u00e1 izolace z PUR p\u011bny - Crossin\",\"isPartOf\":{\"@id\":\"https:\/\/crossin.pl\/#website\"},\"datePublished\":\"2023-08-14T16:08:38+00:00\",\"dateModified\":\"2024-01-06T16:12:48+00:00\",\"description\":\"Podlahov\u00e1 izolace z PUR p\u011bny je modern\u00ed zp\u016fsob izolace, kter\u00fd se v modern\u00ed v\u00fdstavb\u011b pou\u017e\u00edv\u00e1 st\u00e1le \u010dast\u011bji.\",\"breadcrumb\":{\"@id\":\"https:\/\/crossin.pl\/cs\/nabidka\/izolace-podlahy\/#breadcrumb\"},\"inLanguage\":\"cs\",\"potentialAction\":[{\"@type\":\"ReadAction\",\"target\":[\"https:\/\/crossin.pl\/cs\/nabidka\/izolace-podlahy\/\"]}]},{\"@type\":\"BreadcrumbList\",\"@id\":\"https:\/\/crossin.pl\/cs\/nabidka\/izolace-podlahy\/#breadcrumb\",\"itemListElement\":[{\"@type\":\"ListItem\",\"position\":1,\"name\":\"Strona g\u0142\u00f3wna\",\"item\":\"https:\/\/crossin.pl\/cs\/\"},{\"@type\":\"ListItem\",\"position\":2,\"name\":\"Nab\u00eddka\",\"item\":\"https:\/\/crossin.pl\/cs\/nabidka\/\"},{\"@type\":\"ListItem\",\"position\":3,\"name\":\"Izolace podlahy\"}]},{\"@type\":\"WebSite\",\"@id\":\"https:\/\/crossin.pl\/#website\",\"url\":\"https:\/\/crossin.pl\/\",\"name\":\"Crossin\",\"description\":\"Izolacje Pian\u0105 PUR\",\"publisher\":{\"@id\":\"https:\/\/crossin.pl\/#organization\"},\"potentialAction\":[{\"@type\":\"SearchAction\",\"target\":{\"@type\":\"EntryPoint\",\"urlTemplate\":\"https:\/\/crossin.pl\/?s={search_term_string}\"},\"query-input\":{\"@type\":\"PropertyValueSpecification\",\"valueRequired\":true,\"valueName\":\"search_term_string\"}}],\"inLanguage\":\"cs\"},{\"@type\":\"Organization\",\"@id\":\"https:\/\/crossin.pl\/#organization\",\"name\":\"Crossin Insulations\",\"alternateName\":\"Crossin\",\"url\":\"https:\/\/crossin.pl\/\",\"logo\":{\"@type\":\"ImageObject\",\"inLanguage\":\"cs\",\"@id\":\"https:\/\/crossin.pl\/#\/schema\/logo\/image\/\",\"url\":\"https:\/\/crossin.pl\/wp-content\/uploads\/2026\/01\/crossin_logo.svg\",\"contentUrl\":\"https:\/\/crossin.pl\/wp-content\/uploads\/2026\/01\/crossin_logo.svg\",\"caption\":\"Crossin Insulations\"},\"image\":{\"@id\":\"https:\/\/crossin.pl\/#\/schema\/logo\/image\/\"}}]}<\/script>\n<!-- \/ Yoast SEO plugin. -->","yoast_head_json":{"title":"Podlahov\u00e1 izolace z PUR p\u011bny - Crossin","description":"Podlahov\u00e1 izolace z PUR p\u011bny je modern\u00ed zp\u016fsob izolace, kter\u00fd se v modern\u00ed v\u00fdstavb\u011b pou\u017e\u00edv\u00e1 st\u00e1le \u010dast\u011bji.","robots":{"index":"index","follow":"follow","max-snippet":"max-snippet:-1","max-image-preview":"max-image-preview:large","max-video-preview":"max-video-preview:-1"},"canonical":"https:\/\/crossin.pl\/cs\/nabidka\/izolace-podlahy\/","og_locale":"cs_CZ","og_type":"article","og_title":"Podlahov\u00e1 izolace z PUR p\u011bny - Crossin","og_description":"Podlahov\u00e1 izolace z PUR p\u011bny je modern\u00ed zp\u016fsob izolace, kter\u00fd se v modern\u00ed v\u00fdstavb\u011b pou\u017e\u00edv\u00e1 st\u00e1le \u010dast\u011bji.","og_url":"https:\/\/crossin.pl\/cs\/nabidka\/izolace-podlahy\/","og_site_name":"Crossin","article_modified_time":"2024-01-06T16:12:48+00:00","og_image":[{"width":1200,"height":675,"url":"https:\/\/crossin.pl\/wp-content\/uploads\/2025\/05\/crossin-01.webp","type":"image\/webp"}],"twitter_card":"summary_large_image","twitter_misc":{"Odhadovan\u00e1 doba \u010dten\u00ed":"3 minuty"},"schema":{"@context":"https:\/\/schema.org","@graph":[{"@type":"WebPage","@id":"https:\/\/crossin.pl\/cs\/nabidka\/izolace-podlahy\/","url":"https:\/\/crossin.pl\/cs\/nabidka\/izolace-podlahy\/","name":"Podlahov\u00e1 izolace z PUR p\u011bny - Crossin","isPartOf":{"@id":"https:\/\/crossin.pl\/#website"},"datePublished":"2023-08-14T16:08:38+00:00","dateModified":"2024-01-06T16:12:48+00:00","description":"Podlahov\u00e1 izolace z PUR p\u011bny je modern\u00ed zp\u016fsob izolace, kter\u00fd se v modern\u00ed v\u00fdstavb\u011b pou\u017e\u00edv\u00e1 st\u00e1le \u010dast\u011bji.","breadcrumb":{"@id":"https:\/\/crossin.pl\/cs\/nabidka\/izolace-podlahy\/#breadcrumb"},"inLanguage":"cs","potentialAction":[{"@type":"ReadAction","target":["https:\/\/crossin.pl\/cs\/nabidka\/izolace-podlahy\/"]}]},{"@type":"BreadcrumbList","@id":"https:\/\/crossin.pl\/cs\/nabidka\/izolace-podlahy\/#breadcrumb","itemListElement":[{"@type":"ListItem","position":1,"name":"Strona g\u0142\u00f3wna","item":"https:\/\/crossin.pl\/cs\/"},{"@type":"ListItem","position":2,"name":"Nab\u00eddka","item":"https:\/\/crossin.pl\/cs\/nabidka\/"},{"@type":"ListItem","position":3,"name":"Izolace podlahy"}]},{"@type":"WebSite","@id":"https:\/\/crossin.pl\/#website","url":"https:\/\/crossin.pl\/","name":"Crossin","description":"Izolacje Pian\u0105 PUR","publisher":{"@id":"https:\/\/crossin.pl\/#organization"},"potentialAction":[{"@type":"SearchAction","target":{"@type":"EntryPoint","urlTemplate":"https:\/\/crossin.pl\/?s={search_term_string}"},"query-input":{"@type":"PropertyValueSpecification","valueRequired":true,"valueName":"search_term_string"}}],"inLanguage":"cs"},{"@type":"Organization","@id":"https:\/\/crossin.pl\/#organization","name":"Crossin Insulations","alternateName":"Crossin","url":"https:\/\/crossin.pl\/","logo":{"@type":"ImageObject","inLanguage":"cs","@id":"https:\/\/crossin.pl\/#\/schema\/logo\/image\/","url":"https:\/\/crossin.pl\/wp-content\/uploads\/2026\/01\/crossin_logo.svg","contentUrl":"https:\/\/crossin.pl\/wp-content\/uploads\/2026\/01\/crossin_logo.svg","caption":"Crossin Insulations"},"image":{"@id":"https:\/\/crossin.pl\/#\/schema\/logo\/image\/"}}]}},"_links":{"self":[{"href":"https:\/\/crossin.pl\/cs\/wp-json\/wp\/v2\/pages\/2516","targetHints":{"allow":["GET"]}}],"collection":[{"href":"https:\/\/crossin.pl\/cs\/wp-json\/wp\/v2\/pages"}],"about":[{"href":"https:\/\/crossin.pl\/cs\/wp-json\/wp\/v2\/types\/page"}],"author":[{"embeddable":true,"href":"https:\/\/crossin.pl\/cs\/wp-json\/wp\/v2\/users\/1"}],"replies":[{"embeddable":true,"href":"https:\/\/crossin.pl\/cs\/wp-json\/wp\/v2\/comments?post=2516"}],"version-history":[{"count":12,"href":"https:\/\/crossin.pl\/cs\/wp-json\/wp\/v2\/pages\/2516\/revisions"}],"predecessor-version":[{"id":3357,"href":"https:\/\/crossin.pl\/cs\/wp-json\/wp\/v2\/pages\/2516\/revisions\/3357"}],"up":[{"embeddable":true,"href":"https:\/\/crossin.pl\/cs\/wp-json\/wp\/v2\/pages\/2502"}],"wp:attachment":[{"href":"https:\/\/crossin.pl\/cs\/wp-json\/wp\/v2\/media?parent=2516"}],"curies":[{"name":"wp","href":"https:\/\/api.w.org\/{rel}","templated":true}]}}