{"id":2502,"date":"2023-08-14T17:55:24","date_gmt":"2023-08-14T15:55:24","guid":{"rendered":"https:\/\/crossin.pl\/nabidka\/"},"modified":"2023-11-08T09:39:31","modified_gmt":"2023-11-08T08:39:31","slug":"nabidka","status":"publish","type":"page","link":"https:\/\/crossin.pl\/cs\/nabidka\/","title":{"rendered":"Nab\u00eddka"},"content":{"rendered":"\n<div class=\"wp-block-columns is-layout-flex wp-container-core-columns-is-layout-9d6595d7 wp-block-columns-is-layout-flex\">\n<div class=\"wp-block-column is-layout-flow wp-block-column-is-layout-flow\" style=\"flex-basis:10%\"><\/div>\n\n\n\n<div class=\"wp-block-column is-layout-flow wp-block-column-is-layout-flow\" style=\"flex-basis:80%\">\n<p style=\"text-align: center;\">S\u00ed\u0165 Crossin nab\u00edz\u00ed izolaci PUR p\u011bnou prost\u0159ednictv\u00edm autorizovan\u00fdch dodavatel\u016f.  <br\/>Vysoce kvalitn\u00ed PUR p\u011bna Crossin a realizace zku\u0161enou, v\u00fdrobcem prov\u011b\u0159enou spole\u010dnost\u00ed zaru\u010duj\u00ed izolaci nejvy\u0161\u0161\u00edho standardu.<\/p>\n<\/div>\n\n\n\n<div class=\"wp-block-column is-layout-flow wp-block-column-is-layout-flow\" style=\"flex-basis:10%\"><\/div>\n<\/div>\n\n<div class=\"wp-block-columns is-layout-flex wp-container-core-columns-is-layout-9d6595d7 wp-block-columns-is-layout-flex\">\n<div class=\"wp-block-column is-layout-flow wp-block-column-is-layout-flow\">\n<div class=\"wp-block-columns is-layout-flex wp-container-core-columns-is-layout-9d6595d7 wp-block-columns-is-layout-flex\">\n<div class=\"wp-block-column is-layout-flow wp-block-column-is-layout-flow\">\n<div class=\"pg__offerlist__wrap\">\n  <div class=\"pg__offerlist__item\">\n      <div class=\"pg__offerlist__item__a\">\n        <h2>Izolace obytn\u00fdch budov<\/h2><h4>P\u011bny s otev\u0159en\u00fdmi a uzav\u0159en\u00fdmi bu\u0148kami<\/h4>\n<div class=\"offer__service__wrap\">\n   <div class=\"offer__service\">\n      <a href=\"https:\/\/crossin.pl\/cs\/nabidka\/izolace-podkrovi\/\"><div class=\"offer__service__item\">\n         <img decoding=\"async\" src=\"\/wp-content\/uploads\/2023\/08\/iko-domek-poddasza-01.svg\" alt=\"Izolace podkrov\u00ed\"\/>\n         <h3>Izolace  <br\/>Podkrov\u00ed<\/h3>\n      <\/div><\/a>\n      <a href=\"https:\/\/crossin.pl\/cs\/nabidka\/izolace-stropu\/\"><div class=\"offer__service__item\">\n         <img decoding=\"async\" src=\"\/wp-content\/uploads\/2023\/08\/iko-domek-stropy-01.svg\" alt=\"Izolace stropu\"\/>\n         <h3>Izolace  <br\/>Stropu<\/h3>\n      <\/div><\/a>\n      <a href=\"https:\/\/crossin.pl\/cs\/nabidka\/izolace-sten-a-ramovych-domu\/\"><div class=\"offer__service__item\">\n         <img decoding=\"async\" src=\"\/wp-content\/uploads\/2023\/09\/iko-domek-sciany-05.svg\" alt=\"Izolace st\u011bn\"\/>\n         <h3>Izolace  <br\/>St\u011bny<\/h3>\n      <\/div><\/a>\n      <a href=\"https:\/\/crossin.pl\/cs\/nabidka\/izolace-podlahy\/\"><div class=\"offer__service__item\">\n         <img decoding=\"async\" src=\"\/wp-content\/uploads\/2023\/08\/iko-domek-posadzki-01.svg\" alt=\"Izolace podlahy\"\/>\n         <h3>Izolace  <br\/>Podlahy<\/h3>\n      <\/div><\/a>\n      <a href=\"https:\/\/crossin.pl\/cs\/nabidka\/izolace-zakladu\/\"><div class=\"offer__service__item\">\n         <img decoding=\"async\" src=\"\/wp-content\/uploads\/2023\/08\/iko-domek-fundamenty-01.svg\" alt=\"Izolace z\u00e1klad\u016f\"\/>\n         <h3>Izolace  <br\/>z\u00e1klad\u016f<\/h3>\n      <\/div><\/a>\n      <a href=\"https:\/\/crossin.pl\/cs\/nabidka\/izolace-terasy\/\"><div class=\"offer__service__item\">\n         <img decoding=\"async\" src=\"\/wp-content\/uploads\/2023\/08\/iko-domek-tarasy-02.svg\" alt=\"Izolace terasy\"\/>\n         <h3>Izolace  <br\/>Terasa<\/h3>\n      <\/div><\/a>\n   <\/div>\n<\/div>\n      <\/div>\n  <\/div>\n<\/div>\n<\/div>\n<\/div>\n\n\n\n<div class=\"wp-block-columns is-layout-flex wp-container-core-columns-is-layout-9d6595d7 wp-block-columns-is-layout-flex\">\n<div class=\"wp-block-column is-layout-flow wp-block-column-is-layout-flow\">\n<div class=\"pg__offerlist__wrap\">\n  <div class=\"pg__offerlist__item\">\n    <a href=\"https:\/\/crossin.pl\/cs\/nabidka\/izolace-plochych-strech\/\">\n      <div class=\"pg__offerlist__item__a\">\n        <h2>Izolace ploch\u00fdch st\u0159ech<\/h2><h4>P\u011bna s uzav\u0159en\u00fdmi bu\u0148kami<\/h4><p class=\"pg__offerlist__zas\">izolace velkoplo\u0161n\u00fdch st\u0159ech, izolace plst\u011bn\u00fdch st\u0159ech, izolace betonov\u00fdch st\u0159ech<\/p><p>Izolace ploch\u00e9 st\u0159echy PUR p\u011bnou je jedn\u00edm z nej\u00fa\u010dinn\u011bj\u0161\u00edch zp\u016fsob\u016f izolace, kter\u00fd zlep\u0161uje tepeln\u00e9 vlastnosti a podporuje hydroizolaci st\u0159echy t\u00edm, \u017ee pom\u00e1h\u00e1 chr\u00e1nit p\u0159ed vlhkost\u00ed a pov\u011btrnostn\u00edmi vlivy.<\/p><div class=\"link03\">P\u0159e\u010dt\u011bte si v\u00edce<\/div>\n      <\/div>\n    <\/a>\n  <\/div>\n<\/div>\n<\/div>\n<\/div>\n\n\n\n<div class=\"wp-block-columns is-layout-flex wp-container-core-columns-is-layout-9d6595d7 wp-block-columns-is-layout-flex\">\n<div class=\"wp-block-column is-layout-flow wp-block-column-is-layout-flow\">\n<div class=\"pg__offerlist__wrap\">\n  <div class=\"pg__offerlist__item\">\n    <a href=\"https:\/\/crossin.pl\/cs\/nabidka\/izolace-pro-prumysl\/\">\n      <div class=\"pg__offerlist__item__a\">\n        <h2>Izolace pro pr\u016fmysl<\/h2><h4>P\u011bna s uzav\u0159en\u00fdmi bu\u0148kami<\/h4><p class=\"pg__offerlist__zas\">izolace velkoplo\u0161n\u00fdch st\u0159ech, izolace plst\u011bn\u00fdch st\u0159ech, izolace betonov\u00fdch st\u0159ech<\/p><p>V pr\u016fmyslu se PUR p\u011bna b\u011b\u017en\u011b pou\u017e\u00edv\u00e1 jako izolace sklad\u016f, v\u00fdrobn\u00edch hal, skladovac\u00edch prostor a n\u00e1dr\u017e\u00ed.\nIzolace PUR p\u011bnou nab\u00edz\u00ed \u0159adu v\u00fdhod, zlep\u0161uje energetickou \u00fa\u010dinnost a poskytuje ochranu p\u0159ed extr\u00e9mn\u00edmi pov\u011btrnostn\u00edmi podm\u00ednkami, vlhkost\u00ed a hlukem. <\/p><div class=\"link03\">P\u0159e\u010dt\u011bte si v\u00edce<\/div>\n      <\/div>\n    <\/a>\n  <\/div>\n<\/div>\n<\/div>\n<\/div>\n\n\n\n<div class=\"wp-block-columns is-layout-flex wp-container-core-columns-is-layout-9d6595d7 wp-block-columns-is-layout-flex\">\n<div class=\"wp-block-column is-layout-flow wp-block-column-is-layout-flow\">\n<div class=\"pg__offerlist__wrap\">\n  <div class=\"pg__offerlist__item\">\n    <a href=\"https:\/\/crossin.pl\/cs\/nabidka\/izolace-pro-zemedelstvi\/\">\n      <div class=\"pg__offerlist__item__a\">\n        <h2>Izolace pro zem\u011bd\u011blstv\u00ed<\/h2><h4>P\u011bna s uzav\u0159en\u00fdmi bu\u0148kami<\/h4><p class=\"pg__offerlist__zas\">izolace pro sklady a sila, izolace pro chlad\u00edrny, izolace pro dr\u016fbe\u017e\u00e1rny a vep\u0159\u00edny.<\/p><p>V zem\u011bd\u011blstv\u00ed se PUR p\u011bna b\u011b\u017en\u011b pou\u017e\u00edv\u00e1 jako izolace stodol, sklad\u016f, chlad\u00edren a sklad\u016f ovoce, zeleniny a kv\u011btin.\n\u010casto se pou\u017e\u00edv\u00e1 jako izolace pro dr\u016fbe\u017e\u00e1rnu nebo st\u00e1j. <\/p><div class=\"link03\">P\u0159e\u010dt\u011bte si v\u00edce<\/div>\n      <\/div>\n    <\/a>\n  <\/div>\n<\/div>\n<\/div>\n<\/div>\n<\/div>\n<\/div>\n","protected":false},"excerpt":{"rendered":"<p>S\u00ed\u0165 Crossin nab\u00edz\u00ed izolaci PUR p\u011bnou prost\u0159ednictv\u00edm autorizovan\u00fdch dodavatel\u016f. Vysoce kvalitn\u00ed PUR p\u011bna Crossin a realizace zku\u0161enou, v\u00fdrobcem prov\u011b\u0159enou spole\u010dnost\u00ed zaru\u010duj\u00ed izolaci nejvy\u0161\u0161\u00edho standardu. Izolace obytn\u00fdch budov P\u011bny s otev\u0159en\u00fdmi a uzav\u0159en\u00fdmi bu\u0148kami Izolace Podkrov\u00ed Izolace Stropu Izolace St\u011bny Izolace Podlahy Izolace z\u00e1klad\u016f Izolace Terasa Izolace ploch\u00fdch st\u0159ech P\u011bna s uzav\u0159en\u00fdmi bu\u0148kami izolace velkoplo\u0161n\u00fdch st\u0159ech, [&hellip;]<\/p>\n","protected":false},"author":1,"featured_media":3028,"parent":0,"menu_order":20,"comment_status":"closed","ping_status":"closed","template":"page-fullwidth.php","meta":{"inline_featured_image":false,"footnotes":""},"class_list":["post-2502","page","type-page","status-publish","has-post-thumbnail","hentry"],"acf":[],"yoast_head":"<!-- This site is optimized with the Yoast SEO plugin v26.4 - https:\/\/yoast.com\/wordpress\/plugins\/seo\/ -->\n<title>Nab\u00eddka | Izola\u010dn\u00ed slu\u017eby PUR p\u011bnou - Crossin<\/title>\n<meta name=\"description\" content=\"Profesion\u00e1ln\u00ed izolace z PUR st\u0159\u00edkanou p\u011bnou. Vynikaj\u00edc\u00ed kvalita, odolnost a tepeln\u00e1 \u00fa\u010dinnost. Pod\u00edvejte se na na\u0161i nab\u00eddku!\" \/>\n<meta name=\"robots\" content=\"index, follow, max-snippet:-1, max-image-preview:large, max-video-preview:-1\" \/>\n<link rel=\"canonical\" href=\"https:\/\/crossin.pl\/cs\/nabidka\/\" \/>\n<meta property=\"og:locale\" content=\"cs_CZ\" \/>\n<meta property=\"og:type\" content=\"article\" \/>\n<meta property=\"og:title\" content=\"Nab\u00eddka | Izola\u010dn\u00ed slu\u017eby PUR p\u011bnou - Crossin\" \/>\n<meta property=\"og:description\" content=\"Profesion\u00e1ln\u00ed izolace z PUR st\u0159\u00edkanou p\u011bnou. Vynikaj\u00edc\u00ed kvalita, odolnost a tepeln\u00e1 \u00fa\u010dinnost. Pod\u00edvejte se na na\u0161i nab\u00eddku!\" \/>\n<meta property=\"og:url\" content=\"https:\/\/crossin.pl\/cs\/nabidka\/\" \/>\n<meta property=\"og:site_name\" content=\"Crossin\" \/>\n<meta property=\"article:modified_time\" content=\"2023-11-08T08:39:31+00:00\" \/>\n<meta property=\"og:image\" content=\"https:\/\/crossin.pl\/wp-content\/uploads\/2023\/10\/cr-post-ogolny-izolacja-pianka-pur-01.webp\" \/>\n\t<meta property=\"og:image:width\" content=\"1200\" \/>\n\t<meta property=\"og:image:height\" content=\"800\" \/>\n\t<meta property=\"og:image:type\" content=\"image\/webp\" \/>\n<meta name=\"twitter:card\" content=\"summary_large_image\" \/>\n<meta name=\"twitter:label1\" content=\"Odhadovan\u00e1 doba \u010dten\u00ed\" \/>\n\t<meta name=\"twitter:data1\" content=\"2 minuty\" \/>\n<script type=\"application\/ld+json\" class=\"yoast-schema-graph\">{\"@context\":\"https:\/\/schema.org\",\"@graph\":[{\"@type\":\"WebPage\",\"@id\":\"https:\/\/crossin.pl\/cs\/nabidka\/\",\"url\":\"https:\/\/crossin.pl\/cs\/nabidka\/\",\"name\":\"Nab\u00eddka | Izola\u010dn\u00ed slu\u017eby PUR p\u011bnou - Crossin\",\"isPartOf\":{\"@id\":\"https:\/\/crossin.pl\/#website\"},\"primaryImageOfPage\":{\"@id\":\"https:\/\/crossin.pl\/cs\/nabidka\/#primaryimage\"},\"image\":{\"@id\":\"https:\/\/crossin.pl\/cs\/nabidka\/#primaryimage\"},\"thumbnailUrl\":\"https:\/\/crossin.pl\/wp-content\/uploads\/2023\/10\/cr-post-ogolny-izolacja-pianka-pur-01.webp\",\"datePublished\":\"2023-08-14T15:55:24+00:00\",\"dateModified\":\"2023-11-08T08:39:31+00:00\",\"description\":\"Profesion\u00e1ln\u00ed izolace z PUR st\u0159\u00edkanou p\u011bnou. Vynikaj\u00edc\u00ed kvalita, odolnost a tepeln\u00e1 \u00fa\u010dinnost. Pod\u00edvejte se na na\u0161i nab\u00eddku!\",\"breadcrumb\":{\"@id\":\"https:\/\/crossin.pl\/cs\/nabidka\/#breadcrumb\"},\"inLanguage\":\"cs\",\"potentialAction\":[{\"@type\":\"ReadAction\",\"target\":[\"https:\/\/crossin.pl\/cs\/nabidka\/\"]}]},{\"@type\":\"ImageObject\",\"inLanguage\":\"cs\",\"@id\":\"https:\/\/crossin.pl\/cs\/nabidka\/#primaryimage\",\"url\":\"https:\/\/crossin.pl\/wp-content\/uploads\/2023\/10\/cr-post-ogolny-izolacja-pianka-pur-01.webp\",\"contentUrl\":\"https:\/\/crossin.pl\/wp-content\/uploads\/2023\/10\/cr-post-ogolny-izolacja-pianka-pur-01.webp\",\"width\":1200,\"height\":800},{\"@type\":\"BreadcrumbList\",\"@id\":\"https:\/\/crossin.pl\/cs\/nabidka\/#breadcrumb\",\"itemListElement\":[{\"@type\":\"ListItem\",\"position\":1,\"name\":\"Strona g\u0142\u00f3wna\",\"item\":\"https:\/\/crossin.pl\/cs\/\"},{\"@type\":\"ListItem\",\"position\":2,\"name\":\"Nab\u00eddka\"}]},{\"@type\":\"WebSite\",\"@id\":\"https:\/\/crossin.pl\/#website\",\"url\":\"https:\/\/crossin.pl\/\",\"name\":\"Crossin\",\"description\":\"Izolacje Pian\u0105 PUR\",\"publisher\":{\"@id\":\"https:\/\/crossin.pl\/#organization\"},\"potentialAction\":[{\"@type\":\"SearchAction\",\"target\":{\"@type\":\"EntryPoint\",\"urlTemplate\":\"https:\/\/crossin.pl\/?s={search_term_string}\"},\"query-input\":{\"@type\":\"PropertyValueSpecification\",\"valueRequired\":true,\"valueName\":\"search_term_string\"}}],\"inLanguage\":\"cs\"},{\"@type\":\"Organization\",\"@id\":\"https:\/\/crossin.pl\/#organization\",\"name\":\"Crossin Insulations\",\"alternateName\":\"Crossin\",\"url\":\"https:\/\/crossin.pl\/\",\"logo\":{\"@type\":\"ImageObject\",\"inLanguage\":\"cs\",\"@id\":\"https:\/\/crossin.pl\/#\/schema\/logo\/image\/\",\"url\":\"https:\/\/crossin.pl\/wp-content\/uploads\/2026\/01\/crossin_logo.svg\",\"contentUrl\":\"https:\/\/crossin.pl\/wp-content\/uploads\/2026\/01\/crossin_logo.svg\",\"caption\":\"Crossin Insulations\"},\"image\":{\"@id\":\"https:\/\/crossin.pl\/#\/schema\/logo\/image\/\"}}]}<\/script>\n<!-- \/ Yoast SEO plugin. -->","yoast_head_json":{"title":"Nab\u00eddka | Izola\u010dn\u00ed slu\u017eby PUR p\u011bnou - Crossin","description":"Profesion\u00e1ln\u00ed izolace z PUR st\u0159\u00edkanou p\u011bnou. Vynikaj\u00edc\u00ed kvalita, odolnost a tepeln\u00e1 \u00fa\u010dinnost. Pod\u00edvejte se na na\u0161i nab\u00eddku!","robots":{"index":"index","follow":"follow","max-snippet":"max-snippet:-1","max-image-preview":"max-image-preview:large","max-video-preview":"max-video-preview:-1"},"canonical":"https:\/\/crossin.pl\/cs\/nabidka\/","og_locale":"cs_CZ","og_type":"article","og_title":"Nab\u00eddka | Izola\u010dn\u00ed slu\u017eby PUR p\u011bnou - Crossin","og_description":"Profesion\u00e1ln\u00ed izolace z PUR st\u0159\u00edkanou p\u011bnou. Vynikaj\u00edc\u00ed kvalita, odolnost a tepeln\u00e1 \u00fa\u010dinnost. Pod\u00edvejte se na na\u0161i nab\u00eddku!","og_url":"https:\/\/crossin.pl\/cs\/nabidka\/","og_site_name":"Crossin","article_modified_time":"2023-11-08T08:39:31+00:00","og_image":[{"width":1200,"height":800,"url":"https:\/\/crossin.pl\/wp-content\/uploads\/2023\/10\/cr-post-ogolny-izolacja-pianka-pur-01.webp","type":"image\/webp"}],"twitter_card":"summary_large_image","twitter_misc":{"Odhadovan\u00e1 doba \u010dten\u00ed":"2 minuty"},"schema":{"@context":"https:\/\/schema.org","@graph":[{"@type":"WebPage","@id":"https:\/\/crossin.pl\/cs\/nabidka\/","url":"https:\/\/crossin.pl\/cs\/nabidka\/","name":"Nab\u00eddka | Izola\u010dn\u00ed slu\u017eby PUR p\u011bnou - Crossin","isPartOf":{"@id":"https:\/\/crossin.pl\/#website"},"primaryImageOfPage":{"@id":"https:\/\/crossin.pl\/cs\/nabidka\/#primaryimage"},"image":{"@id":"https:\/\/crossin.pl\/cs\/nabidka\/#primaryimage"},"thumbnailUrl":"https:\/\/crossin.pl\/wp-content\/uploads\/2023\/10\/cr-post-ogolny-izolacja-pianka-pur-01.webp","datePublished":"2023-08-14T15:55:24+00:00","dateModified":"2023-11-08T08:39:31+00:00","description":"Profesion\u00e1ln\u00ed izolace z PUR st\u0159\u00edkanou p\u011bnou. Vynikaj\u00edc\u00ed kvalita, odolnost a tepeln\u00e1 \u00fa\u010dinnost. Pod\u00edvejte se na na\u0161i nab\u00eddku!","breadcrumb":{"@id":"https:\/\/crossin.pl\/cs\/nabidka\/#breadcrumb"},"inLanguage":"cs","potentialAction":[{"@type":"ReadAction","target":["https:\/\/crossin.pl\/cs\/nabidka\/"]}]},{"@type":"ImageObject","inLanguage":"cs","@id":"https:\/\/crossin.pl\/cs\/nabidka\/#primaryimage","url":"https:\/\/crossin.pl\/wp-content\/uploads\/2023\/10\/cr-post-ogolny-izolacja-pianka-pur-01.webp","contentUrl":"https:\/\/crossin.pl\/wp-content\/uploads\/2023\/10\/cr-post-ogolny-izolacja-pianka-pur-01.webp","width":1200,"height":800},{"@type":"BreadcrumbList","@id":"https:\/\/crossin.pl\/cs\/nabidka\/#breadcrumb","itemListElement":[{"@type":"ListItem","position":1,"name":"Strona g\u0142\u00f3wna","item":"https:\/\/crossin.pl\/cs\/"},{"@type":"ListItem","position":2,"name":"Nab\u00eddka"}]},{"@type":"WebSite","@id":"https:\/\/crossin.pl\/#website","url":"https:\/\/crossin.pl\/","name":"Crossin","description":"Izolacje Pian\u0105 PUR","publisher":{"@id":"https:\/\/crossin.pl\/#organization"},"potentialAction":[{"@type":"SearchAction","target":{"@type":"EntryPoint","urlTemplate":"https:\/\/crossin.pl\/?s={search_term_string}"},"query-input":{"@type":"PropertyValueSpecification","valueRequired":true,"valueName":"search_term_string"}}],"inLanguage":"cs"},{"@type":"Organization","@id":"https:\/\/crossin.pl\/#organization","name":"Crossin Insulations","alternateName":"Crossin","url":"https:\/\/crossin.pl\/","logo":{"@type":"ImageObject","inLanguage":"cs","@id":"https:\/\/crossin.pl\/#\/schema\/logo\/image\/","url":"https:\/\/crossin.pl\/wp-content\/uploads\/2026\/01\/crossin_logo.svg","contentUrl":"https:\/\/crossin.pl\/wp-content\/uploads\/2026\/01\/crossin_logo.svg","caption":"Crossin Insulations"},"image":{"@id":"https:\/\/crossin.pl\/#\/schema\/logo\/image\/"}}]}},"_links":{"self":[{"href":"https:\/\/crossin.pl\/cs\/wp-json\/wp\/v2\/pages\/2502","targetHints":{"allow":["GET"]}}],"collection":[{"href":"https:\/\/crossin.pl\/cs\/wp-json\/wp\/v2\/pages"}],"about":[{"href":"https:\/\/crossin.pl\/cs\/wp-json\/wp\/v2\/types\/page"}],"author":[{"embeddable":true,"href":"https:\/\/crossin.pl\/cs\/wp-json\/wp\/v2\/users\/1"}],"replies":[{"embeddable":true,"href":"https:\/\/crossin.pl\/cs\/wp-json\/wp\/v2\/comments?post=2502"}],"version-history":[{"count":8,"href":"https:\/\/crossin.pl\/cs\/wp-json\/wp\/v2\/pages\/2502\/revisions"}],"predecessor-version":[{"id":4338,"href":"https:\/\/crossin.pl\/cs\/wp-json\/wp\/v2\/pages\/2502\/revisions\/4338"}],"wp:featuredmedia":[{"embeddable":true,"href":"https:\/\/crossin.pl\/cs\/wp-json\/wp\/v2\/media\/3028"}],"wp:attachment":[{"href":"https:\/\/crossin.pl\/cs\/wp-json\/wp\/v2\/media?parent=2502"}],"curies":[{"name":"wp","href":"https:\/\/api.w.org\/{rel}","templated":true}]}}